{"id":996,"date":"2019-09-11T18:25:42","date_gmt":"2019-09-11T16:25:42","guid":{"rendered":"https:\/\/nekotsuki-studio.com\/Blog\/?page_id=996"},"modified":"2020-02-19T13:01:33","modified_gmt":"2020-02-19T12:01:33","slug":"996-2","status":"publish","type":"page","link":"https:\/\/nekotsuki-studio.com\/Blog\/996-2\/","title":{"rendered":"BO-2019-W-35"},"content":{"rendered":"<p style=\"text-align: center;\" align=\"CENTER\"><span style=\"font-size: large; color: #99ccff;\"><b>Box Office Mondial Animation \/ VFX :<\/b><\/span><\/p>\n<p style=\"text-align: center;\" align=\"CENTER\"><span style=\"font-size: large; color: #99ccff;\"><b>2019 &#8211; Semaine 35 (30\/08 \u2013 05\/09)<\/b><\/span><\/p>\n<p style=\"text-align: center;\" align=\"CENTER\"><strong>\u21d0\u00a0Semaine pr\u00e9c\u00e9dente<\/strong><span style=\"color: #ccffff;\"> &#8211; (<a style=\"color: #ccffff;\" href=\"https:\/\/nekotsuki-studio.com\/Blog\/box-office-accueil\/\">Retour \u00e0 l&rsquo;accueil \u21b5<\/a>) &#8211; <a style=\"color: #ccffff;\" href=\"https:\/\/nekotsuki-studio.com\/Blog\/bo-2019-w-36\/\"><strong>Semaine Suivante \u21d2<\/strong><\/a><\/span><\/p>\n<p align=\"CENTER\"><span style=\"color: #99ccff;\">Pour lire l&rsquo;analyse des chiffres, cliquez sur les titres de film suivis d&rsquo;un <strong><span style=\"color: #ccffff;\">[\u21b5]<\/span><\/strong><\/span><\/p>\n<table class=\"alignleft\" border=\"1\" width=\"642\" cellspacing=\"0\" cellpadding=\"4\">\n<colgroup>\n<col width=\"17\" \/>\n<col width=\"251\" \/>\n<col width=\"67\" \/>\n<col width=\"99\" \/>\n<col width=\"167\" \/> <\/colgroup>\n<tbody>\n<tr valign=\"TOP\">\n<td bgcolor=\"#00b8ff\" width=\"17\">\n<p align=\"CENTER\"><span style=\"color: #000000;\"><b>n\u00b0<\/b><\/span><\/p>\n<\/td>\n<td bgcolor=\"#00b8ff\" width=\"251\">\n<p align=\"CENTER\"><span style=\"color: #000000;\"><b>Titre<\/b><\/span><\/p>\n<\/td>\n<td bgcolor=\"#00b8ff\" width=\"67\">\n<p align=\"CENTER\"><span style=\"color: #000000;\"><b>Semaine<\/b><\/span><\/p>\n<\/td>\n<td bgcolor=\"#00b8ff\" width=\"99\">\n<p align=\"CENTER\"><span style=\"color: #000000;\"><b>\u00c9volution<\/b><\/span><\/p>\n<p align=\"CENTER\"><span style=\"color: #000000;\"><b>(millions de $)<\/b><\/span><\/p>\n<\/td>\n<td bgcolor=\"#00b8ff\" width=\"167\">\n<p align=\"CENTER\"><span style=\"color: #000000;\"><b>Score mondial<\/b><\/span><\/p>\n<\/td>\n<\/tr>\n<tr valign=\"TOP\">\n<td bgcolor=\"#99ccff\" width=\"17\">\n<p align=\"CENTER\"><span style=\"color: #000000;\">1<\/span><\/p>\n<\/td>\n<td bgcolor=\"#99ccff\" width=\"251\">\n<p align=\"CENTER\"><span style=\"color: #000000;\"><b><span style=\"color: #000000;\"><a href=\"https:\/\/nekotsuki-studio.com\/Blog\/wp-content\/uploads\/2019\/09\/Le-Roi-Lion-3D.jpg\"><img loading=\"lazy\" decoding=\"async\" class=\"alignleft wp-image-1002\" src=\"https:\/\/nekotsuki-studio.com\/Blog\/wp-content\/uploads\/2019\/09\/Le-Roi-Lion-3D-202x300.jpg\" alt=\"\" width=\"101\" height=\"150\" srcset=\"https:\/\/nekotsuki-studio.com\/Blog\/wp-content\/uploads\/2019\/09\/Le-Roi-Lion-3D-202x300.jpg 202w, https:\/\/nekotsuki-studio.com\/Blog\/wp-content\/uploads\/2019\/09\/Le-Roi-Lion-3D-768x1138.jpg 768w, https:\/\/nekotsuki-studio.com\/Blog\/wp-content\/uploads\/2019\/09\/Le-Roi-Lion-3D-691x1024.jpg 691w, https:\/\/nekotsuki-studio.com\/Blog\/wp-content\/uploads\/2019\/09\/Le-Roi-Lion-3D.jpg 1382w\" sizes=\"auto, (max-width: 101px) 100vw, 101px\" \/><\/a><\/span><\/b><\/span><strong>\u00a0<a href=\"https:\/\/nekotsuki-studio.com\/Blog\/forum\/box-office\/le-roi-lion-3d-succes-inutile-mais-succes-quand-meme-p\/#p9183\">Le Roi Lion\u21b5<\/a><\/strong> <span style=\"color: #000000;\"><b>3D (2019)<\/b><\/span><\/p>\n<\/td>\n<td bgcolor=\"#99ccff\" width=\"67\">\n<p align=\"CENTER\"><span style=\"color: #000000;\">8<\/span><\/p>\n<\/td>\n<td bgcolor=\"#99ccff\" width=\"99\">\n<p align=\"CENTER\"><span style=\"color: #000000;\">+35<\/span><\/p>\n<\/td>\n<td bgcolor=\"#99ccff\" width=\"167\">\n<p align=\"CENTER\"><span style=\"color: #000000;\">1.600.490.982$<\/span><\/p>\n<\/td>\n<\/tr>\n<tr valign=\"TOP\">\n<td bgcolor=\"#ccffff\" width=\"17\">\n<p align=\"CENTER\"><span style=\"color: #000000;\">2<\/span><\/p>\n<\/td>\n<td bgcolor=\"#ccffff\" width=\"251\">\n<p align=\"CENTER\"><span style=\"color: #000000;\"><b><a href=\"https:\/\/nekotsuki-studio.com\/Blog\/wp-content\/uploads\/2019\/09\/Angry-Birds-2.jpg\"><img loading=\"lazy\" decoding=\"async\" class=\"alignleft wp-image-1005\" src=\"https:\/\/nekotsuki-studio.com\/Blog\/wp-content\/uploads\/2019\/09\/Angry-Birds-2-202x300.jpg\" alt=\"\" width=\"101\" height=\"150\" srcset=\"https:\/\/nekotsuki-studio.com\/Blog\/wp-content\/uploads\/2019\/09\/Angry-Birds-2-202x300.jpg 202w, https:\/\/nekotsuki-studio.com\/Blog\/wp-content\/uploads\/2019\/09\/Angry-Birds-2.jpg 674w\" sizes=\"auto, (max-width: 101px) 100vw, 101px\" \/><\/a>\u00a0<\/b><\/span><a href=\"https:\/\/nekotsuki-studio.com\/Blog\/forum\/box-office\/the-angry-birds-2-un-flop-de-plus-pour-le-cinema-danimation-us-cette-annee-p\/#p9182\"><b>The Angry Birds 2\u21b5<\/b><\/a><\/p>\n<\/td>\n<td bgcolor=\"#ccffff\" width=\"67\">\n<p align=\"CENTER\"><span style=\"color: #000000;\">4<\/span><\/p>\n<\/td>\n<td bgcolor=\"#ccffff\" width=\"99\">\n<p align=\"CENTER\"><span style=\"color: #000000;\">+11<\/span><\/p>\n<\/td>\n<td bgcolor=\"#ccffff\" width=\"167\">\n<p align=\"CENTER\"><span style=\"color: #000000;\">104 millions de $<\/span><\/p>\n<\/td>\n<\/tr>\n<tr valign=\"TOP\">\n<td bgcolor=\"#99ccff\" width=\"17\">\n<p align=\"CENTER\"><span style=\"color: #000000;\">3<\/span><\/p>\n<\/td>\n<td bgcolor=\"#99ccff\" width=\"251\">\n<p align=\"CENTER\"><span style=\"color: #000000;\"><b><a href=\"https:\/\/nekotsuki-studio.com\/Blog\/wp-content\/uploads\/2019\/09\/Toy-Story-4.jpg\"><img loading=\"lazy\" decoding=\"async\" class=\"alignleft wp-image-1006\" src=\"https:\/\/nekotsuki-studio.com\/Blog\/wp-content\/uploads\/2019\/09\/Toy-Story-4-202x300.jpg\" alt=\"\" width=\"101\" height=\"150\" srcset=\"https:\/\/nekotsuki-studio.com\/Blog\/wp-content\/uploads\/2019\/09\/Toy-Story-4-202x300.jpg 202w, https:\/\/nekotsuki-studio.com\/Blog\/wp-content\/uploads\/2019\/09\/Toy-Story-4-768x1138.jpg 768w, https:\/\/nekotsuki-studio.com\/Blog\/wp-content\/uploads\/2019\/09\/Toy-Story-4-691x1024.jpg 691w, https:\/\/nekotsuki-studio.com\/Blog\/wp-content\/uploads\/2019\/09\/Toy-Story-4.jpg 1086w\" sizes=\"auto, (max-width: 101px) 100vw, 101px\" \/><\/a><\/b><\/span><b>\u00a0<\/b><a href=\"https:\/\/nekotsuki-studio.com\/Blog\/forum\/box-office\/toy-story-4-demarre-tres-fort-_\/#p9180\"><b>Toy Story 4\u21b5<\/b><\/a><\/p>\n<\/td>\n<td bgcolor=\"#99ccff\" width=\"67\">\n<p align=\"CENTER\"><span style=\"color: #000000;\">12<\/span><\/p>\n<\/td>\n<td bgcolor=\"#99ccff\" width=\"99\">\n<p align=\"CENTER\"><span style=\"color: #000000;\">+9<\/span><\/p>\n<\/td>\n<td bgcolor=\"#99ccff\" width=\"167\">\n<p align=\"CENTER\"><span style=\"color: #000000;\">1.056.379.471$<\/span><\/p>\n<\/td>\n<\/tr>\n<tr valign=\"TOP\">\n<td bgcolor=\"#ccffff\" width=\"17\">\n<p align=\"CENTER\"><span style=\"color: #000000;\">4<\/span><\/p>\n<\/td>\n<td bgcolor=\"#ccffff\" width=\"251\">\n<p align=\"CENTER\"><span style=\"color: #000000;\"><b><a href=\"https:\/\/nekotsuki-studio.com\/Blog\/wp-content\/uploads\/2019\/09\/Spider-Man-Far-From-Home.jpg\"><img loading=\"lazy\" decoding=\"async\" class=\"alignleft wp-image-1007\" src=\"https:\/\/nekotsuki-studio.com\/Blog\/wp-content\/uploads\/2019\/09\/Spider-Man-Far-From-Home-202x300.jpg\" alt=\"\" width=\"101\" height=\"150\" srcset=\"https:\/\/nekotsuki-studio.com\/Blog\/wp-content\/uploads\/2019\/09\/Spider-Man-Far-From-Home-202x300.jpg 202w, https:\/\/nekotsuki-studio.com\/Blog\/wp-content\/uploads\/2019\/09\/Spider-Man-Far-From-Home.jpg 674w\" sizes=\"auto, (max-width: 101px) 100vw, 101px\" \/><\/a>\u00a0<\/b><\/span><a href=\"https:\/\/nekotsuki-studio.com\/Blog\/forum\/box-office\/spider-man-far-from-home-le-mcu-en-pleine-forme-p\/#p9181\"><b>Spider-man Far From Home\u21b5<\/b><\/a><\/p>\n<\/td>\n<td bgcolor=\"#ccffff\" width=\"67\">\n<p align=\"CENTER\"><span style=\"color: #000000;\">10<\/span><\/p>\n<\/td>\n<td bgcolor=\"#ccffff\" width=\"99\">\n<p align=\"CENTER\"><span style=\"color: #000000;\">+5<\/span><\/p>\n<\/td>\n<td bgcolor=\"#ccffff\" width=\"167\">\n<p align=\"CENTER\"><span style=\"color: #000000;\">1.127.292.429$<\/span><\/p>\n<\/td>\n<\/tr>\n<tr valign=\"TOP\">\n<td bgcolor=\"#99ccff\" width=\"17\">\n<p align=\"CENTER\"><span style=\"color: #000000;\">5<\/span><\/p>\n<\/td>\n<td bgcolor=\"#99ccff\" width=\"251\">\n<p align=\"CENTER\"><span style=\"color: #000000;\"><b><a href=\"https:\/\/nekotsuki-studio.com\/Blog\/wp-content\/uploads\/2019\/09\/Ne-Zha.jpg\"><img loading=\"lazy\" decoding=\"async\" class=\"alignleft wp-image-1009\" src=\"https:\/\/nekotsuki-studio.com\/Blog\/wp-content\/uploads\/2019\/09\/Ne-Zha-214x300.jpg\" alt=\"\" width=\"107\" height=\"150\" srcset=\"https:\/\/nekotsuki-studio.com\/Blog\/wp-content\/uploads\/2019\/09\/Ne-Zha-214x300.jpg 214w, https:\/\/nekotsuki-studio.com\/Blog\/wp-content\/uploads\/2019\/09\/Ne-Zha-768x1074.jpg 768w, https:\/\/nekotsuki-studio.com\/Blog\/wp-content\/uploads\/2019\/09\/Ne-Zha-732x1024.jpg 732w, https:\/\/nekotsuki-studio.com\/Blog\/wp-content\/uploads\/2019\/09\/Ne-Zha.jpg 1080w\" sizes=\"auto, (max-width: 107px) 100vw, 107px\" \/><\/a><\/b><\/span><b>\u00a0<\/b><a href=\"https:\/\/nekotsuki-studio.com\/Blog\/forum\/box-office\/ne-zha-ou-la-chine-se-suffit-a-elle-meme-p\/#p9184\"><b>Ne Zha\u21b5<\/b><\/a><\/p>\n<\/td>\n<td bgcolor=\"#99ccff\" width=\"67\">\n<p align=\"CENTER\"><span style=\"color: #000000;\">2<\/span><\/p>\n<\/td>\n<td bgcolor=\"#99ccff\" width=\"99\">\n<p align=\"CENTER\"><span style=\"color: #000000;\">+4<\/span><\/p>\n<\/td>\n<td bgcolor=\"#99ccff\" width=\"167\">\n<p align=\"CENTER\"><span style=\"color: #000000;\">679 millions de $<\/span><\/p>\n<\/td>\n<\/tr>\n<tr valign=\"TOP\">\n<td bgcolor=\"#ccffff\" width=\"17\">\n<p align=\"CENTER\"><span style=\"color: #000000;\">6<\/span><\/p>\n<\/td>\n<td bgcolor=\"#ccffff\" width=\"251\">\n<p align=\"CENTER\"><span style=\"color: #000000;\"><b><a href=\"https:\/\/nekotsuki-studio.com\/Blog\/wp-content\/uploads\/2019\/09\/Secret-life-of-pets-2.jpg\"><img loading=\"lazy\" decoding=\"async\" class=\"alignleft wp-image-1010\" src=\"https:\/\/nekotsuki-studio.com\/Blog\/wp-content\/uploads\/2019\/09\/Secret-life-of-pets-2-189x300.jpg\" alt=\"\" width=\"95\" height=\"150\" srcset=\"https:\/\/nekotsuki-studio.com\/Blog\/wp-content\/uploads\/2019\/09\/Secret-life-of-pets-2-189x300.jpg 189w, https:\/\/nekotsuki-studio.com\/Blog\/wp-content\/uploads\/2019\/09\/Secret-life-of-pets-2-768x1216.jpg 768w, https:\/\/nekotsuki-studio.com\/Blog\/wp-content\/uploads\/2019\/09\/Secret-life-of-pets-2-647x1024.jpg 647w, https:\/\/nekotsuki-studio.com\/Blog\/wp-content\/uploads\/2019\/09\/Secret-life-of-pets-2.jpg 1293w\" sizes=\"auto, (max-width: 95px) 100vw, 95px\" \/><\/a>\u00a0<\/b><\/span><a href=\"https:\/\/nekotsuki-studio.com\/Blog\/forum\/box-office\/the-secret-life-of-pets-2-demi-succes-en-devenir\/#p9179\"><b>The Secret Life of Pets 2\u21b5<\/b><\/a><\/p>\n<\/td>\n<td bgcolor=\"#ccffff\" width=\"67\">\n<p align=\"CENTER\"><span style=\"color: #000000;\">14<\/span><\/p>\n<\/td>\n<td bgcolor=\"#ccffff\" width=\"99\">\n<p align=\"CENTER\"><span style=\"color: #000000;\">+4<\/span><\/p>\n<\/td>\n<td bgcolor=\"#ccffff\" width=\"167\">\n<p align=\"CENTER\"><span style=\"color: #000000;\">425 millions de $<\/span><\/p>\n<\/td>\n<\/tr>\n<tr valign=\"TOP\">\n<td bgcolor=\"#99ccff\" width=\"17\">\n<p align=\"CENTER\"><span style=\"color: #000000;\">7<\/span><\/p>\n<\/td>\n<td bgcolor=\"#99ccff\" width=\"251\">\n<p align=\"CENTER\"><span style=\"color: #000000;\"><b><a href=\"https:\/\/nekotsuki-studio.com\/Blog\/wp-content\/uploads\/2019\/09\/Aladdin-2019.jpg\"><img loading=\"lazy\" decoding=\"async\" class=\"alignleft wp-image-1011\" src=\"https:\/\/nekotsuki-studio.com\/Blog\/wp-content\/uploads\/2019\/09\/Aladdin-2019-202x300.jpg\" alt=\"\" width=\"101\" height=\"150\" srcset=\"https:\/\/nekotsuki-studio.com\/Blog\/wp-content\/uploads\/2019\/09\/Aladdin-2019-202x300.jpg 202w, https:\/\/nekotsuki-studio.com\/Blog\/wp-content\/uploads\/2019\/09\/Aladdin-2019-768x1138.jpg 768w, https:\/\/nekotsuki-studio.com\/Blog\/wp-content\/uploads\/2019\/09\/Aladdin-2019-691x1024.jpg 691w, https:\/\/nekotsuki-studio.com\/Blog\/wp-content\/uploads\/2019\/09\/Aladdin-2019.jpg 1382w\" sizes=\"auto, (max-width: 101px) 100vw, 101px\" \/><\/a><\/b><\/span><b>\u00a0<\/b><a href=\"https:\/\/nekotsuki-studio.com\/Blog\/forum\/box-office\/aladdin-action-live-un-rare-succes-pour-les-reboot-disney-p\/page-2\/#p9178\"><b>Aladdin\u21b5<\/b><\/a><\/p>\n<\/td>\n<td bgcolor=\"#99ccff\" width=\"67\">\n<p align=\"CENTER\"><span style=\"color: #000000;\">16<\/span><\/p>\n<\/td>\n<td bgcolor=\"#99ccff\" width=\"99\">\n<p align=\"CENTER\"><span style=\"color: #000000;\">+2.5<\/span><\/p>\n<\/td>\n<td bgcolor=\"#99ccff\" width=\"167\">\n<p align=\"CENTER\"><span style=\"color: #000000;\">1.046.651.007$<\/span><\/p>\n<\/td>\n<\/tr>\n<\/tbody>\n<\/table>\n","protected":false},"excerpt":{"rendered":"<p>Box Office Mondial Animation \/ VFX : 2019 &#8211; Semaine 35 (30\/08 \u2013 05\/09) \u21d0\u00a0Semaine pr\u00e9c\u00e9dente &#8211; (Retour \u00e0 l&rsquo;accueil \u21b5) &#8211; Semaine Suivante \u21d2 Pour lire l&rsquo;analyse des chiffres, cliquez sur les titres de film suivis d&rsquo;un [\u21b5] n\u00b0 &hellip; <a href=\"https:\/\/nekotsuki-studio.com\/Blog\/996-2\/\">Continued<\/a><\/p>\n","protected":false},"author":1,"featured_media":0,"parent":0,"menu_order":0,"comment_status":"closed","ping_status":"closed","template":"","meta":{"footnotes":""},"class_list":["post-996","page","type-page","status-publish","hentry"],"jetpack_sharing_enabled":true,"_links":{"self":[{"href":"https:\/\/nekotsuki-studio.com\/Blog\/wp-json\/wp\/v2\/pages\/996","targetHints":{"allow":["GET"]}}],"collection":[{"href":"https:\/\/nekotsuki-studio.com\/Blog\/wp-json\/wp\/v2\/pages"}],"about":[{"href":"https:\/\/nekotsuki-studio.com\/Blog\/wp-json\/wp\/v2\/types\/page"}],"author":[{"embeddable":true,"href":"https:\/\/nekotsuki-studio.com\/Blog\/wp-json\/wp\/v2\/users\/1"}],"replies":[{"embeddable":true,"href":"https:\/\/nekotsuki-studio.com\/Blog\/wp-json\/wp\/v2\/comments?post=996"}],"version-history":[{"count":16,"href":"https:\/\/nekotsuki-studio.com\/Blog\/wp-json\/wp\/v2\/pages\/996\/revisions"}],"predecessor-version":[{"id":1555,"href":"https:\/\/nekotsuki-studio.com\/Blog\/wp-json\/wp\/v2\/pages\/996\/revisions\/1555"}],"wp:attachment":[{"href":"https:\/\/nekotsuki-studio.com\/Blog\/wp-json\/wp\/v2\/media?parent=996"}],"curies":[{"name":"wp","href":"https:\/\/api.w.org\/{rel}","templated":true}]}}