{"id":9913,"date":"2024-11-19T16:38:47","date_gmt":"2024-11-19T15:38:47","guid":{"rendered":"https:\/\/nekotsuki-studio.com\/Blog\/?page_id=9913"},"modified":"2024-11-26T15:53:29","modified_gmt":"2024-11-26T14:53:29","slug":"bo-2024-w-46","status":"publish","type":"page","link":"https:\/\/nekotsuki-studio.com\/Blog\/bo-2024-w-46\/","title":{"rendered":"BO-2024-W-46"},"content":{"rendered":"<p style=\"text-align: center;\" align=\"CENTER\"><span style=\"font-size: large; color: #99ccff;\"><b>Box Office Mondial Animation \/ VFX :<\/b><\/span><\/p>\n<p style=\"text-align: center;\" align=\"CENTER\"><span style=\"font-size: large; color: #99ccff;\"><b>2024 &#8211; Semaine 46 (11\/11 \u2013 17\/11<\/b><\/span><span style=\"font-size: large; color: #99ccff;\"><b>)<\/b><\/span><\/p>\n<p style=\"text-align: center;\" align=\"CENTER\"><span style=\"color: #ccffff;\"><a style=\"color: #ccffff;\" href=\"https:\/\/nekotsuki-studio.com\/Blog\/bo-2024-w-45\/\"><strong>\u21d0\u00a0Semaine pr\u00e9c\u00e9dente<\/strong><\/a> &#8211; (<a style=\"color: #ccffff;\" href=\"https:\/\/nekotsuki-studio.com\/Blog\/box-office-accueil\/\">Retour \u00e0 l&rsquo;accueil \u21b5<\/a>) &#8211; <a style=\"color: #ccffff;\" href=\"https:\/\/nekotsuki-studio.com\/Blog\/bo-2024-w-47\/\"><strong>Semaine Suivante \u21d2<\/strong><\/a><\/span><\/p>\n<p align=\"CENTER\"><span style=\"color: #99ccff;\">Pour lire l&rsquo;analyse des chiffres, cliquez sur les titres de film suivis d&rsquo;un <strong><span style=\"color: #ccffff;\">[\u21b5]<\/span><\/strong><\/span><\/p>\n<table width=\"642\" cellspacing=\"0\" cellpadding=\"4\">\n<tbody>\n<tr valign=\"top\">\n<td bgcolor=\"#00b8ff\" width=\"17\">\n<p align=\"center\"><span style=\"color: #000000;\"><b>n\u00b0<\/b><\/span><\/p>\n<\/td>\n<td bgcolor=\"#00b8ff\" width=\"251\">\n<p align=\"center\"><span style=\"color: #000000;\"><b>Titre<\/b><\/span><\/p>\n<\/td>\n<td bgcolor=\"#00b8ff\" width=\"67\">\n<p align=\"center\"><span style=\"color: #000000;\"><b>Semaine<\/b><\/span><\/p>\n<\/td>\n<td bgcolor=\"#00b8ff\" width=\"99\">\n<p align=\"center\"><span style=\"color: #000000;\"><b>\u00c9volution<\/b><\/span><\/p>\n<p align=\"center\"><span style=\"color: #000000;\"><b>(millions de $)<\/b><\/span><\/p>\n<\/td>\n<td bgcolor=\"#00b8ff\" width=\"167\">\n<p align=\"center\"><span style=\"color: #000000;\"><b>Score mondial<\/b><\/span><\/p>\n<\/td>\n<\/tr>\n<tr valign=\"top\">\n<td bgcolor=\"#ffffcc\" width=\"17\">\n<p align=\"center\"><span style=\"color: #000000;\">1<\/span><\/p>\n<\/td>\n<td bgcolor=\"#ffffcc\" width=\"251\">\n<p align=\"center\"><span style=\"color: #000000;\"><b><a href=\"https:\/\/nekotsuki-studio.com\/Blog\/wp-content\/uploads\/2024\/11\/Red_One.jpg\"><img loading=\"lazy\" decoding=\"async\" class=\"alignleft wp-image-9914\" src=\"https:\/\/nekotsuki-studio.com\/Blog\/wp-content\/uploads\/2024\/11\/Red_One-203x300.jpg\" alt=\"\" width=\"101\" height=\"150\" srcset=\"https:\/\/nekotsuki-studio.com\/Blog\/wp-content\/uploads\/2024\/11\/Red_One-203x300.jpg 203w, https:\/\/nekotsuki-studio.com\/Blog\/wp-content\/uploads\/2024\/11\/Red_One-692x1024.jpg 692w, https:\/\/nekotsuki-studio.com\/Blog\/wp-content\/uploads\/2024\/11\/Red_One-768x1137.jpg 768w, https:\/\/nekotsuki-studio.com\/Blog\/wp-content\/uploads\/2024\/11\/Red_One.jpg 1013w\" sizes=\"auto, (max-width: 101px) 100vw, 101px\" \/><\/a>\u00a0<a href=\"https:\/\/nekotsuki-studio.com\/Blog\/forum\/box-office\/red-one-qui-ne-sera-pas-noel-en-avance-p\/#p15118\">Red One [\u21b5]<\/a><\/b><\/span><\/p>\n<\/td>\n<td bgcolor=\"#ffffcc\" width=\"67\">\n<p align=\"center\"><span style=\"color: #000000;\">1<\/span><\/p>\n<\/td>\n<td bgcolor=\"#ffffcc\" width=\"99\">\n<p align=\"center\"><span style=\"color: #000000;\">+83.2<\/span><\/p>\n<\/td>\n<td bgcolor=\"#ffffcc\" width=\"167\">\n<p align=\"center\"><span style=\"color: #000000;\">83.2 millions de $<\/span><\/p>\n<\/td>\n<\/tr>\n<tr valign=\"top\">\n<td bgcolor=\"#ccffff\" width=\"17\">\n<p align=\"center\"><span style=\"color: #000000;\">2<\/span><\/p>\n<\/td>\n<td bgcolor=\"#ccffff\" width=\"251\">\n<p align=\"center\"><span style=\"color: #000000;\"><b><a href=\"https:\/\/nekotsuki-studio.com\/Blog\/wp-content\/uploads\/2024\/10\/Venom_The_Last_Dance.jpg\"><img loading=\"lazy\" decoding=\"async\" class=\"alignleft wp-image-9854\" src=\"https:\/\/nekotsuki-studio.com\/Blog\/wp-content\/uploads\/2024\/10\/Venom_The_Last_Dance-202x300.jpg\" alt=\"\" width=\"101\" height=\"150\" srcset=\"https:\/\/nekotsuki-studio.com\/Blog\/wp-content\/uploads\/2024\/10\/Venom_The_Last_Dance-202x300.jpg 202w, https:\/\/nekotsuki-studio.com\/Blog\/wp-content\/uploads\/2024\/10\/Venom_The_Last_Dance-691x1024.jpg 691w, https:\/\/nekotsuki-studio.com\/Blog\/wp-content\/uploads\/2024\/10\/Venom_The_Last_Dance-768x1138.jpg 768w, https:\/\/nekotsuki-studio.com\/Blog\/wp-content\/uploads\/2024\/10\/Venom_The_Last_Dance.jpg 1012w\" sizes=\"auto, (max-width: 101px) 100vw, 101px\" \/><\/a>\u00a0<a href=\"https:\/\/nekotsuki-studio.com\/Blog\/forum\/box-office\/venom-the-last-dance-vrai-ou-faux-succes-p\/#p15117\">Venom : The Last Dance [\u21b5]<\/a><\/b><\/span><\/p>\n<\/td>\n<td bgcolor=\"#ccffff\" width=\"67\">\n<p align=\"center\"><span style=\"color: #000000;\">4<\/span><\/p>\n<\/td>\n<td bgcolor=\"#ccffff\" width=\"99\">\n<p align=\"center\"><span style=\"color: #000000;\">+42.2<\/span><\/p>\n<\/td>\n<td bgcolor=\"#ccffff\" width=\"167\">\n<p align=\"center\"><span style=\"color: #000000;\">436.1 millions de $<\/span><\/p>\n<\/td>\n<\/tr>\n<tr valign=\"top\">\n<td bgcolor=\"#99ccff\" width=\"17\">\n<p align=\"center\"><span style=\"color: #000000;\">3<\/span><\/p>\n<\/td>\n<td bgcolor=\"#99ccff\" width=\"251\">\n<p align=\"center\"><span style=\"color: #000000;\"><b><a href=\"https:\/\/nekotsuki-studio.com\/Blog\/wp-content\/uploads\/2024\/10\/The_Wild_Robot.jpg\"><img loading=\"lazy\" decoding=\"async\" class=\"alignleft wp-image-9735\" src=\"https:\/\/nekotsuki-studio.com\/Blog\/wp-content\/uploads\/2024\/10\/The_Wild_Robot-189x300.jpg\" alt=\"\" width=\"101\" height=\"160\" srcset=\"https:\/\/nekotsuki-studio.com\/Blog\/wp-content\/uploads\/2024\/10\/The_Wild_Robot-189x300.jpg 189w, https:\/\/nekotsuki-studio.com\/Blog\/wp-content\/uploads\/2024\/10\/The_Wild_Robot-646x1024.jpg 646w, https:\/\/nekotsuki-studio.com\/Blog\/wp-content\/uploads\/2024\/10\/The_Wild_Robot-768x1216.jpg 768w, https:\/\/nekotsuki-studio.com\/Blog\/wp-content\/uploads\/2024\/10\/The_Wild_Robot.jpg 947w\" sizes=\"auto, (max-width: 101px) 100vw, 101px\" \/><\/a>\u00a0<a href=\"https:\/\/nekotsuki-studio.com\/Blog\/forum\/box-office\/the-wild-robot-se-lance-d\/#p15116\">The Wild Robot [\u21b5]<\/a><\/b><\/span><\/p>\n<\/td>\n<td bgcolor=\"#99ccff\" width=\"67\">\n<p align=\"center\"><span style=\"color: #000000;\">8<\/span><\/p>\n<\/td>\n<td bgcolor=\"#99ccff\" width=\"99\">\n<p align=\"center\"><span style=\"color: #000000;\">+16.6<\/span><\/p>\n<\/td>\n<td bgcolor=\"#99ccff\" width=\"167\">\n<p align=\"center\"><span style=\"color: #000000;\">308.8 millions de $<\/span><\/p>\n<\/td>\n<\/tr>\n<tr valign=\"top\">\n<td bgcolor=\"#ccffff\" width=\"17\">\n<p align=\"center\"><span style=\"color: #000000;\">4<\/span><\/p>\n<\/td>\n<td bgcolor=\"#ccffff\" width=\"251\">\n<p align=\"center\"><span style=\"color: #000000;\"><b><a href=\"https:\/\/nekotsuki-studio.com\/Blog\/wp-content\/uploads\/2024\/09\/Beetlejuice_Beetlejuice.jpg\"><img loading=\"lazy\" decoding=\"async\" class=\"alignleft wp-image-9648\" src=\"https:\/\/nekotsuki-studio.com\/Blog\/wp-content\/uploads\/2024\/09\/Beetlejuice_Beetlejuice-202x300.jpg\" alt=\"\" width=\"101\" height=\"150\" srcset=\"https:\/\/nekotsuki-studio.com\/Blog\/wp-content\/uploads\/2024\/09\/Beetlejuice_Beetlejuice-202x300.jpg 202w, https:\/\/nekotsuki-studio.com\/Blog\/wp-content\/uploads\/2024\/09\/Beetlejuice_Beetlejuice-691x1024.jpg 691w, https:\/\/nekotsuki-studio.com\/Blog\/wp-content\/uploads\/2024\/09\/Beetlejuice_Beetlejuice-768x1138.jpg 768w, https:\/\/nekotsuki-studio.com\/Blog\/wp-content\/uploads\/2024\/09\/Beetlejuice_Beetlejuice.jpg 1012w\" sizes=\"auto, (max-width: 101px) 100vw, 101px\" \/><\/a>\u00a0Beetlejuice Beetlejuice<\/b><\/span><\/p>\n<\/td>\n<td bgcolor=\"#ccffff\" width=\"67\">\n<p align=\"center\"><span style=\"color: #000000;\">10<\/span><\/p>\n<\/td>\n<td bgcolor=\"#ccffff\" width=\"99\">\n<p align=\"center\"><span style=\"color: #000000;\">+0.5<\/span><\/p>\n<\/td>\n<td bgcolor=\"#ccffff\" width=\"167\">\n<p align=\"center\"><span style=\"color: #000000;\">451 millions de $<\/span><\/p>\n<\/td>\n<\/tr>\n<tr valign=\"top\">\n<td bgcolor=\"#99ccff\" width=\"17\">\n<p align=\"center\"><span style=\"color: #000000;\">5<\/span><\/p>\n<\/td>\n<td bgcolor=\"#99ccff\" width=\"251\">\n<p align=\"center\"><span style=\"color: #000000;\"><b><a href=\"https:\/\/nekotsuki-studio.com\/Blog\/wp-content\/uploads\/2024\/11\/Overlord-The-Sacred-Kingdom.jpg\"><img loading=\"lazy\" decoding=\"async\" class=\"alignleft wp-image-9893\" src=\"https:\/\/nekotsuki-studio.com\/Blog\/wp-content\/uploads\/2024\/11\/Overlord-The-Sacred-Kingdom-203x300.jpg\" alt=\"\" width=\"101\" height=\"149\" srcset=\"https:\/\/nekotsuki-studio.com\/Blog\/wp-content\/uploads\/2024\/11\/Overlord-The-Sacred-Kingdom-203x300.jpg 203w, https:\/\/nekotsuki-studio.com\/Blog\/wp-content\/uploads\/2024\/11\/Overlord-The-Sacred-Kingdom-693x1024.jpg 693w, https:\/\/nekotsuki-studio.com\/Blog\/wp-content\/uploads\/2024\/11\/Overlord-The-Sacred-Kingdom-768x1134.jpg 768w, https:\/\/nekotsuki-studio.com\/Blog\/wp-content\/uploads\/2024\/11\/Overlord-The-Sacred-Kingdom-1040x1536.jpg 1040w, https:\/\/nekotsuki-studio.com\/Blog\/wp-content\/uploads\/2024\/11\/Overlord-The-Sacred-Kingdom.jpg 1050w\" sizes=\"auto, (max-width: 101px) 100vw, 101px\" \/><\/a>\u00a0Overlord : The Sacred Kingdom<\/b><\/span><\/p>\n<\/td>\n<td bgcolor=\"#99ccff\" width=\"67\">\n<p align=\"center\"><span style=\"color: #000000;\">2<\/span><\/p>\n<p align=\"center\"><span style=\"color: #000000;\">(USA)<\/span><\/p>\n<\/td>\n<td bgcolor=\"#99ccff\" width=\"99\">\n<p align=\"center\"><span style=\"color: #000000;\">+0.5<\/span><\/p>\n<\/td>\n<td bgcolor=\"#99ccff\" width=\"167\">\n<p align=\"center\"><span style=\"color: #000000;\">7.3 millions de $<\/span><\/p>\n<\/td>\n<\/tr>\n<tr valign=\"top\">\n<td bgcolor=\"#ccffff\" width=\"17\">\n<p align=\"center\"><span style=\"color: #000000;\">6<\/span><\/p>\n<\/td>\n<td bgcolor=\"#ccffff\" width=\"251\">\n<p align=\"center\"><span style=\"color: #000000;\"><b><a href=\"https:\/\/nekotsuki-studio.com\/Blog\/wp-content\/uploads\/2024\/11\/Hitpig.jpg\"><img loading=\"lazy\" decoding=\"async\" class=\"alignleft wp-image-9874\" src=\"https:\/\/nekotsuki-studio.com\/Blog\/wp-content\/uploads\/2024\/11\/Hitpig-204x300.jpg\" alt=\"\" width=\"101\" height=\"149\" srcset=\"https:\/\/nekotsuki-studio.com\/Blog\/wp-content\/uploads\/2024\/11\/Hitpig-204x300.jpg 204w, https:\/\/nekotsuki-studio.com\/Blog\/wp-content\/uploads\/2024\/11\/Hitpig-696x1024.jpg 696w, https:\/\/nekotsuki-studio.com\/Blog\/wp-content\/uploads\/2024\/11\/Hitpig-768x1131.jpg 768w, https:\/\/nekotsuki-studio.com\/Blog\/wp-content\/uploads\/2024\/11\/Hitpig.jpg 1019w\" sizes=\"auto, (max-width: 101px) 100vw, 101px\" \/><\/a>\u00a0Hitpig<\/b><\/span><\/p>\n<\/td>\n<td bgcolor=\"#ccffff\" width=\"67\">\n<p align=\"center\"><span style=\"color: #000000;\">3<\/span><\/p>\n<\/td>\n<td bgcolor=\"#ccffff\" width=\"99\">\n<p align=\"center\"><span style=\"color: #000000;\">+0.3<\/span><\/p>\n<\/td>\n<td bgcolor=\"#ccffff\" width=\"167\">\n<p align=\"center\"><span style=\"color: #000000;\">2.3 millions de $<\/span><\/p>\n<\/td>\n<\/tr>\n<tr valign=\"top\">\n<td bgcolor=\"#99ccff\" width=\"17\">\n<p align=\"center\"><span style=\"color: #000000;\">7<\/span><\/p>\n<\/td>\n<td bgcolor=\"#99ccff\" width=\"251\">\n<p align=\"center\"><span style=\"color: #000000;\"><b><a href=\"https:\/\/nekotsuki-studio.com\/Blog\/wp-content\/uploads\/2024\/06\/Inside_Out_2.jpg\"><img loading=\"lazy\" decoding=\"async\" class=\"alignleft wp-image-9079\" src=\"https:\/\/nekotsuki-studio.com\/Blog\/wp-content\/uploads\/2024\/06\/Inside_Out_2-203x300.jpg\" alt=\"\" width=\"101\" height=\"150\" srcset=\"https:\/\/nekotsuki-studio.com\/Blog\/wp-content\/uploads\/2024\/06\/Inside_Out_2-203x300.jpg 203w, https:\/\/nekotsuki-studio.com\/Blog\/wp-content\/uploads\/2024\/06\/Inside_Out_2-692x1024.jpg 692w, https:\/\/nekotsuki-studio.com\/Blog\/wp-content\/uploads\/2024\/06\/Inside_Out_2-768x1137.jpg 768w, https:\/\/nekotsuki-studio.com\/Blog\/wp-content\/uploads\/2024\/06\/Inside_Out_2.jpg 1013w\" sizes=\"auto, (max-width: 101px) 100vw, 101px\" \/><\/a>\u00a0Inside Out 2<\/b><\/span><\/p>\n<\/td>\n<td bgcolor=\"#99ccff\" width=\"67\">\n<p align=\"center\"><span style=\"color: #000000;\">21<\/span><\/p>\n<\/td>\n<td bgcolor=\"#99ccff\" width=\"99\">\n<p align=\"center\"><span style=\"color: #000000;\">+0.2<\/span><\/p>\n<\/td>\n<td bgcolor=\"#99ccff\" width=\"167\">\n<p align=\"center\"><span style=\"color: #000000;\">1.698.217.953 $<\/span><\/p>\n<\/td>\n<\/tr>\n<tr valign=\"top\">\n<td bgcolor=\"#ccffff\" width=\"17\">\n<p align=\"center\"><span style=\"color: #000000;\">8<\/span><\/p>\n<\/td>\n<td bgcolor=\"#ccffff\" width=\"251\">\n<p align=\"center\"><span style=\"color: #000000;\"><b><a href=\"https:\/\/nekotsuki-studio.com\/Blog\/wp-content\/uploads\/2024\/08\/Harold_and_the_Purple_Crayon.jpg\"><img loading=\"lazy\" decoding=\"async\" class=\"alignleft wp-image-9413\" src=\"https:\/\/nekotsuki-studio.com\/Blog\/wp-content\/uploads\/2024\/08\/Harold_and_the_Purple_Crayon-200x300.jpg\" alt=\"\" width=\"101\" height=\"152\" srcset=\"https:\/\/nekotsuki-studio.com\/Blog\/wp-content\/uploads\/2024\/08\/Harold_and_the_Purple_Crayon-200x300.jpg 200w, https:\/\/nekotsuki-studio.com\/Blog\/wp-content\/uploads\/2024\/08\/Harold_and_the_Purple_Crayon-683x1024.jpg 683w, https:\/\/nekotsuki-studio.com\/Blog\/wp-content\/uploads\/2024\/08\/Harold_and_the_Purple_Crayon-768x1152.jpg 768w, https:\/\/nekotsuki-studio.com\/Blog\/wp-content\/uploads\/2024\/08\/Harold_and_the_Purple_Crayon.jpg 1000w\" sizes=\"auto, (max-width: 101px) 100vw, 101px\" \/><\/a>\u00a0Harold and the Purple Crayon<\/b><\/span><\/p>\n<\/td>\n<td bgcolor=\"#ccffff\" width=\"67\">\n<p align=\"center\"><span style=\"color: #000000;\">14<\/span><\/p>\n<\/td>\n<td bgcolor=\"#ccffff\" width=\"99\">\n<p align=\"center\"><span style=\"color: #000000;\">+0.2<\/span><\/p>\n<\/td>\n<td bgcolor=\"#ccffff\" width=\"167\">\n<p align=\"center\"><span style=\"color: #000000;\">31.8 millions de $<\/span><\/p>\n<\/td>\n<\/tr>\n<tr valign=\"top\">\n<td bgcolor=\"#99ccff\" width=\"17\">\n<p align=\"center\"><span style=\"color: #000000;\">9<\/span><\/p>\n<\/td>\n<td bgcolor=\"#99ccff\" width=\"251\">\n<p align=\"center\"><span style=\"color: #000000;\"><b><a href=\"https:\/\/nekotsuki-studio.com\/Blog\/wp-content\/uploads\/2024\/09\/Transformers_One.jpg\"><img loading=\"lazy\" decoding=\"async\" class=\"alignleft wp-image-9716\" src=\"https:\/\/nekotsuki-studio.com\/Blog\/wp-content\/uploads\/2024\/09\/Transformers_One-203x300.jpg\" alt=\"\" width=\"101\" height=\"150\" srcset=\"https:\/\/nekotsuki-studio.com\/Blog\/wp-content\/uploads\/2024\/09\/Transformers_One-203x300.jpg 203w, https:\/\/nekotsuki-studio.com\/Blog\/wp-content\/uploads\/2024\/09\/Transformers_One-692x1024.jpg 692w, https:\/\/nekotsuki-studio.com\/Blog\/wp-content\/uploads\/2024\/09\/Transformers_One-768x1137.jpg 768w, https:\/\/nekotsuki-studio.com\/Blog\/wp-content\/uploads\/2024\/09\/Transformers_One.jpg 1013w\" sizes=\"auto, (max-width: 101px) 100vw, 101px\" \/><\/a>\u00a0Transformers One<\/b><\/span><\/p>\n<\/td>\n<td bgcolor=\"#99ccff\" width=\"67\">\n<p align=\"center\"><span style=\"color: #000000;\">9<\/span><\/p>\n<\/td>\n<td bgcolor=\"#99ccff\" width=\"99\">\n<p align=\"center\"><span style=\"color: #000000;\">+0.2<\/span><\/p>\n<\/td>\n<td bgcolor=\"#99ccff\" width=\"167\">\n<p align=\"center\"><span style=\"color: #000000;\">128.9 millions de $<\/span><\/p>\n<\/td>\n<\/tr>\n<tr valign=\"top\">\n<td bgcolor=\"#ccffff\" width=\"17\">\n<p align=\"center\"><span style=\"color: #000000;\">10<\/span><\/p>\n<\/td>\n<td bgcolor=\"#ccffff\" width=\"251\">\n<p align=\"center\"><span style=\"color: #000000;\"><b><a href=\"https:\/\/nekotsuki-studio.com\/Blog\/wp-content\/uploads\/2024\/10\/Look_Back.jpg\"><img loading=\"lazy\" decoding=\"async\" class=\"alignleft wp-image-9757\" src=\"https:\/\/nekotsuki-studio.com\/Blog\/wp-content\/uploads\/2024\/10\/Look_Back-215x300.jpg\" alt=\"\" width=\"101\" height=\"141\" srcset=\"https:\/\/nekotsuki-studio.com\/Blog\/wp-content\/uploads\/2024\/10\/Look_Back-215x300.jpg 215w, https:\/\/nekotsuki-studio.com\/Blog\/wp-content\/uploads\/2024\/10\/Look_Back-735x1024.jpg 735w, https:\/\/nekotsuki-studio.com\/Blog\/wp-content\/uploads\/2024\/10\/Look_Back-768x1071.jpg 768w, https:\/\/nekotsuki-studio.com\/Blog\/wp-content\/uploads\/2024\/10\/Look_Back.jpg 1076w\" sizes=\"auto, (max-width: 101px) 100vw, 101px\" \/><\/a>\u00a0Look Back<\/b><\/span><\/p>\n<\/td>\n<td bgcolor=\"#ccffff\" width=\"67\">\n<p align=\"center\"><span style=\"color: #000000;\">7<\/span><\/p>\n<\/td>\n<td bgcolor=\"#ccffff\" width=\"99\">\n<p align=\"center\"><span style=\"color: #000000;\">+0.2<\/span><\/p>\n<\/td>\n<td bgcolor=\"#ccffff\" width=\"167\">\n<p align=\"center\"><span style=\"color: #000000;\">12.6 millions de $<\/span><\/p>\n<\/td>\n<\/tr>\n<tr valign=\"top\">\n<td bgcolor=\"#99ccff\" width=\"17\">\n<p align=\"center\"><span style=\"color: #000000;\">11<\/span><\/p>\n<\/td>\n<td bgcolor=\"#99ccff\" width=\"251\">\n<p align=\"center\"><span style=\"color: #000000;\"><b><a href=\"https:\/\/nekotsuki-studio.com\/Blog\/wp-content\/uploads\/2024\/10\/Memoir_of_a_Snail.jpg\"><img loading=\"lazy\" decoding=\"async\" class=\"alignleft wp-image-9855\" src=\"https:\/\/nekotsuki-studio.com\/Blog\/wp-content\/uploads\/2024\/10\/Memoir_of_a_Snail-210x300.jpg\" alt=\"\" width=\"101\" height=\"144\" srcset=\"https:\/\/nekotsuki-studio.com\/Blog\/wp-content\/uploads\/2024\/10\/Memoir_of_a_Snail-210x300.jpg 210w, https:\/\/nekotsuki-studio.com\/Blog\/wp-content\/uploads\/2024\/10\/Memoir_of_a_Snail-717x1024.jpg 717w, https:\/\/nekotsuki-studio.com\/Blog\/wp-content\/uploads\/2024\/10\/Memoir_of_a_Snail-768x1097.jpg 768w, https:\/\/nekotsuki-studio.com\/Blog\/wp-content\/uploads\/2024\/10\/Memoir_of_a_Snail.jpg 1050w\" sizes=\"auto, (max-width: 101px) 100vw, 101px\" \/><\/a>\u00a0Memoir of a Snail<\/b><\/span><\/p>\n<\/td>\n<td bgcolor=\"#99ccff\" width=\"67\">\n<p align=\"center\"><span style=\"color: #000000;\">4<\/span><\/p>\n<\/td>\n<td bgcolor=\"#99ccff\" width=\"99\">\n<p align=\"center\"><span style=\"color: #000000;\">+0.2<\/span><\/p>\n<\/td>\n<td bgcolor=\"#99ccff\" width=\"167\">\n<p align=\"center\"><span style=\"color: #000000;\">987.962 $<\/span><\/p>\n<\/td>\n<\/tr>\n<tr valign=\"top\">\n<td bgcolor=\"#ffffcc\" width=\"17\">\n<p align=\"center\"><span style=\"color: #000000;\">12<\/span><\/p>\n<\/td>\n<td bgcolor=\"#ffffcc\" width=\"251\">\n<p align=\"center\"><span style=\"color: #000000;\"><b><a href=\"https:\/\/nekotsuki-studio.com\/Blog\/wp-content\/uploads\/2024\/11\/Bakeneko_Anzuchan_Ghost_Cat_Anzu.jpg\"><img loading=\"lazy\" decoding=\"async\" class=\"alignleft wp-image-9915\" src=\"https:\/\/nekotsuki-studio.com\/Blog\/wp-content\/uploads\/2024\/11\/Bakeneko_Anzuchan_Ghost_Cat_Anzu-212x300.jpg\" alt=\"\" width=\"101\" height=\"143\" srcset=\"https:\/\/nekotsuki-studio.com\/Blog\/wp-content\/uploads\/2024\/11\/Bakeneko_Anzuchan_Ghost_Cat_Anzu-212x300.jpg 212w, https:\/\/nekotsuki-studio.com\/Blog\/wp-content\/uploads\/2024\/11\/Bakeneko_Anzuchan_Ghost_Cat_Anzu-724x1024.jpg 724w, https:\/\/nekotsuki-studio.com\/Blog\/wp-content\/uploads\/2024\/11\/Bakeneko_Anzuchan_Ghost_Cat_Anzu-768x1087.jpg 768w, https:\/\/nekotsuki-studio.com\/Blog\/wp-content\/uploads\/2024\/11\/Bakeneko_Anzuchan_Ghost_Cat_Anzu.jpg 1060w\" sizes=\"auto, (max-width: 101px) 100vw, 101px\" \/><\/a>\u00a0Ghost Cat Anzu<\/b><\/span><\/p>\n<\/td>\n<td bgcolor=\"#ffffcc\" width=\"67\">\n<p align=\"center\"><span style=\"color: #000000;\">1<\/span><\/p>\n<p align=\"center\"><span style=\"color: #000000;\">(USA)<\/span><\/p>\n<\/td>\n<td bgcolor=\"#ffffcc\" width=\"99\">\n<p align=\"center\"><span style=\"color: #000000;\">+0.1<\/span><\/p>\n<\/td>\n<td bgcolor=\"#ffffcc\" width=\"167\">\n<p align=\"center\"><span style=\"color: #000000;\">340.682 $<\/span><\/p>\n<\/td>\n<\/tr>\n<tr valign=\"top\">\n<td bgcolor=\"#99ccff\" width=\"17\">\n<p align=\"center\"><span style=\"color: #000000;\">13<\/span><\/p>\n<\/td>\n<td bgcolor=\"#99ccff\" width=\"251\">\n<p align=\"center\"><span style=\"color: #000000;\"><b><a href=\"https:\/\/nekotsuki-studio.com\/Blog\/wp-content\/uploads\/2024\/07\/Despicable_Me_4.jpg\"><img loading=\"lazy\" decoding=\"async\" class=\"alignleft wp-image-9205\" src=\"https:\/\/nekotsuki-studio.com\/Blog\/wp-content\/uploads\/2024\/07\/Despicable_Me_4-189x300.jpg\" alt=\"\" width=\"101\" height=\"160\" srcset=\"https:\/\/nekotsuki-studio.com\/Blog\/wp-content\/uploads\/2024\/07\/Despicable_Me_4-189x300.jpg 189w, https:\/\/nekotsuki-studio.com\/Blog\/wp-content\/uploads\/2024\/07\/Despicable_Me_4-646x1024.jpg 646w, https:\/\/nekotsuki-studio.com\/Blog\/wp-content\/uploads\/2024\/07\/Despicable_Me_4-768x1216.jpg 768w, https:\/\/nekotsuki-studio.com\/Blog\/wp-content\/uploads\/2024\/07\/Despicable_Me_4.jpg 947w\" sizes=\"auto, (max-width: 101px) 100vw, 101px\" \/><\/a>\u00a0Despicable Me 4<\/b><\/span><\/p>\n<\/td>\n<td bgcolor=\"#99ccff\" width=\"67\">\n<p align=\"center\"><span style=\"color: #000000;\">18<\/span><\/p>\n<\/td>\n<td bgcolor=\"#99ccff\" width=\"99\">\n<p align=\"center\"><span style=\"color: #000000;\">(?)<\/span><\/p>\n<\/td>\n<td bgcolor=\"#99ccff\" width=\"167\">\n<p align=\"center\"><span style=\"color: #000000;\">969 millions de $<\/span><\/p>\n<\/td>\n<\/tr>\n<\/tbody>\n<\/table>\n\n\n<p><\/p>\n","protected":false},"excerpt":{"rendered":"<p>Box Office Mondial Animation \/ VFX : 2024 &#8211; Semaine 46 (11\/11 \u2013 17\/11) \u21d0\u00a0Semaine pr\u00e9c\u00e9dente &#8211; (Retour \u00e0 l&rsquo;accueil \u21b5) &#8211; Semaine Suivante \u21d2 Pour lire l&rsquo;analyse des chiffres, cliquez sur les titres de film suivis d&rsquo;un [\u21b5] n\u00b0 &hellip; <a href=\"https:\/\/nekotsuki-studio.com\/Blog\/bo-2024-w-46\/\">Continued<\/a><\/p>\n","protected":false},"author":1,"featured_media":0,"parent":0,"menu_order":0,"comment_status":"closed","ping_status":"closed","template":"","meta":{"footnotes":""},"class_list":["post-9913","page","type-page","status-publish","hentry"],"jetpack_sharing_enabled":true,"_links":{"self":[{"href":"https:\/\/nekotsuki-studio.com\/Blog\/wp-json\/wp\/v2\/pages\/9913","targetHints":{"allow":["GET"]}}],"collection":[{"href":"https:\/\/nekotsuki-studio.com\/Blog\/wp-json\/wp\/v2\/pages"}],"about":[{"href":"https:\/\/nekotsuki-studio.com\/Blog\/wp-json\/wp\/v2\/types\/page"}],"author":[{"embeddable":true,"href":"https:\/\/nekotsuki-studio.com\/Blog\/wp-json\/wp\/v2\/users\/1"}],"replies":[{"embeddable":true,"href":"https:\/\/nekotsuki-studio.com\/Blog\/wp-json\/wp\/v2\/comments?post=9913"}],"version-history":[{"count":5,"href":"https:\/\/nekotsuki-studio.com\/Blog\/wp-json\/wp\/v2\/pages\/9913\/revisions"}],"predecessor-version":[{"id":9946,"href":"https:\/\/nekotsuki-studio.com\/Blog\/wp-json\/wp\/v2\/pages\/9913\/revisions\/9946"}],"wp:attachment":[{"href":"https:\/\/nekotsuki-studio.com\/Blog\/wp-json\/wp\/v2\/media?parent=9913"}],"curies":[{"name":"wp","href":"https:\/\/api.w.org\/{rel}","templated":true}]}}