{"id":9699,"date":"2024-09-21T17:32:44","date_gmt":"2024-09-21T15:32:44","guid":{"rendered":"https:\/\/nekotsuki-studio.com\/Blog\/?page_id=9699"},"modified":"2025-08-29T16:22:46","modified_gmt":"2025-08-29T14:22:46","slug":"lunadraconisacademyatlas","status":"publish","type":"page","link":"https:\/\/nekotsuki-studio.com\/Blog\/lunadraconisacademyatlas\/","title":{"rendered":"LunaDraconisAcademyAtlas"},"content":{"rendered":"<p style=\"text-align: center;\"><span style=\"color: #ffffff; font-family: Gabriola, fantasy; font-size: xx-large;\">L&rsquo;Atlas de l&rsquo;Univers Luna Draconis Academy !<\/span><\/p>\n<p><a href=\"https:\/\/nekotsuki-studio.com\/Blog\/wp-content\/uploads\/2024\/09\/Europe-Map-Simple-Mode-protected-intensity-LOW-V2.jpg\"><img loading=\"lazy\" decoding=\"async\" class=\"aligncenter wp-image-9701 size-large\" src=\"https:\/\/nekotsuki-studio.com\/Blog\/wp-content\/uploads\/2024\/09\/Europe-Map-Simple-Mode-protected-intensity-LOW-V2-1024x842.jpg\" alt=\"\" width=\"940\" height=\"773\" srcset=\"https:\/\/nekotsuki-studio.com\/Blog\/wp-content\/uploads\/2024\/09\/Europe-Map-Simple-Mode-protected-intensity-LOW-V2-1024x842.jpg 1024w, https:\/\/nekotsuki-studio.com\/Blog\/wp-content\/uploads\/2024\/09\/Europe-Map-Simple-Mode-protected-intensity-LOW-V2-300x247.jpg 300w, https:\/\/nekotsuki-studio.com\/Blog\/wp-content\/uploads\/2024\/09\/Europe-Map-Simple-Mode-protected-intensity-LOW-V2-768x632.jpg 768w, https:\/\/nekotsuki-studio.com\/Blog\/wp-content\/uploads\/2024\/09\/Europe-Map-Simple-Mode-protected-intensity-LOW-V2-1536x1263.jpg 1536w, https:\/\/nekotsuki-studio.com\/Blog\/wp-content\/uploads\/2024\/09\/Europe-Map-Simple-Mode-protected-intensity-LOW-V2-2048x1684.jpg 2048w\" sizes=\"auto, (max-width: 940px) 100vw, 940px\" \/><\/a><\/p>\n<p style=\"text-align: center;\" align=\"justify\">(Page provisoire)<\/p>\n<p style=\"text-align: center;\" align=\"justify\"><a href=\"https:\/\/nekotsuki-studio.com\/Blog\/ldaencyclopedia\/\"><img loading=\"lazy\" decoding=\"async\" class=\"alignnone wp-image-10373\" src=\"https:\/\/nekotsuki-studio.com\/Blog\/wp-content\/uploads\/2025\/08\/Page-precedente.png\" alt=\"\" width=\"150\" height=\"50\" srcset=\"https:\/\/nekotsuki-studio.com\/Blog\/wp-content\/uploads\/2025\/08\/Page-precedente.png 450w, https:\/\/nekotsuki-studio.com\/Blog\/wp-content\/uploads\/2025\/08\/Page-precedente-300x100.png 300w\" sizes=\"auto, (max-width: 150px) 100vw, 150px\" \/><\/a>\u00a0 \u00a0<a href=\"https:\/\/nekotsuki-studio.com\/Blog\/lunadraconisacademy\/\"><img loading=\"lazy\" decoding=\"async\" class=\"alignnone wp-image-10370\" src=\"https:\/\/nekotsuki-studio.com\/Blog\/wp-content\/uploads\/2025\/08\/Page-daccueil.png\" alt=\"\" width=\"150\" height=\"50\" srcset=\"https:\/\/nekotsuki-studio.com\/Blog\/wp-content\/uploads\/2025\/08\/Page-daccueil.png 450w, https:\/\/nekotsuki-studio.com\/Blog\/wp-content\/uploads\/2025\/08\/Page-daccueil-300x100.png 300w\" sizes=\"auto, (max-width: 150px) 100vw, 150px\" \/><\/a><\/p>\n<p style=\"text-align: center;\" align=\"justify\"><strong><span style=\"color: #ccffff;\"><a style=\"color: #ccffff;\" href=\"https:\/\/nekotsuki-studio.com\/Blog\/ldaencyclopedia\/\">Retour \u00e0 la page pr\u00e9c\u00e9dente [\u21b5]<\/a><\/span><\/strong> <span style=\"color: #ffffff;\">&#8211;<\/span> <strong><span style=\"color: #ccffcc;\"><a style=\"color: #ccffcc;\" href=\"https:\/\/nekotsuki-studio.com\/Blog\/lunadraconisacademy\/\">Retour \u00e0 la page d&rsquo;acceuil [\u21b5]<\/a><\/span><\/strong><\/p>\n<p style=\"text-align: center;\" align=\"justify\">~<\/p>\n<p align=\"justify\"><span style=\"color: #ffffff;\">Cette partie abritera les diff\u00e9rentes cartes de l&rsquo;Univers de <strong>Luna Draconis Academy<\/strong>. Pour commencer, la carte de l&rsquo;Europe en 2175, qui comme vous pouvez le constater, a subit pas mal de modifications. Cette carte est destin\u00e9e \u00e0 \u00eatre interactive : vous pourrez th\u00e9oriquement cliquer sur les \u00e9l\u00e9ments pour avoir plus d&rsquo;information ou pour Zoomer sur une autre carte plus d\u00e9taill\u00e9e de tu pays ou de la zone voulue&#8230; Mais bon, nous n&rsquo;en sommes h\u00e9las pas encore l\u00e0 (il va falloir \u00eatre patient, je ne vous le cache pas).<\/span><\/p>\n<p style=\"text-align: center;\" align=\"justify\">~<\/p>\n<p><span style=\"color: #ffffff;\">En attendant, voici la l\u00e9gende de la carte :<\/span><\/p>\n<table width=\"100%\" cellspacing=\"0\" cellpadding=\"4\">\n<tbody>\n<tr valign=\"top\">\n<td width=\"19%\"><img loading=\"lazy\" decoding=\"async\" class=\"aligncenter wp-image-9702 size-full\" src=\"https:\/\/nekotsuki-studio.com\/Blog\/wp-content\/uploads\/2024\/09\/Cities.jpg\" alt=\"\" width=\"90\" height=\"90\" srcset=\"https:\/\/nekotsuki-studio.com\/Blog\/wp-content\/uploads\/2024\/09\/Cities.jpg 90w, https:\/\/nekotsuki-studio.com\/Blog\/wp-content\/uploads\/2024\/09\/Cities-150x150.jpg 150w\" sizes=\"auto, (max-width: 90px) 100vw, 90px\" \/><\/td>\n<td width=\"81%\"><span style=\"color: #ffffff;\">Ce symbole repr\u00e9sente les Capitales ou Haut Lieux de certains Pays \/ F\u00e9d\u00e9rations \/ Alliances.<\/span><\/td>\n<\/tr>\n<tr valign=\"top\">\n<td width=\"19%\"><img loading=\"lazy\" decoding=\"async\" class=\"aligncenter wp-image-9703 size-full\" src=\"https:\/\/nekotsuki-studio.com\/Blog\/wp-content\/uploads\/2024\/09\/Magic-School.jpg\" alt=\"\" width=\"90\" height=\"90\" srcset=\"https:\/\/nekotsuki-studio.com\/Blog\/wp-content\/uploads\/2024\/09\/Magic-School.jpg 90w, https:\/\/nekotsuki-studio.com\/Blog\/wp-content\/uploads\/2024\/09\/Magic-School-150x150.jpg 150w\" sizes=\"auto, (max-width: 90px) 100vw, 90px\" \/><\/td>\n<td width=\"81%\"><span style=\"color: #ffffff;\">Il s&rsquo;agit l\u00e0 de l&#8217;emplacement des plus importantes \u00e9coles de Magie situ\u00e9es en Europe. Il existe beaucoup d&rsquo;autres \u00e9coles plus petites, mais celles-ci sortent largement du lot : leurs cursus peut parfois avoir un aspect unique, des sp\u00e9cialisations particuli\u00e8res, un acc\u00e8s \u00e0 des connaissances tr\u00e8s pointues ou anciennes au point d&rsquo;\u00eatre l\u00e9gendaire,&#8230; C&rsquo;est le cas de Luna Draconis, dont l&rsquo;entr\u00e9e se situe dans la For\u00eat Noire (\u00e0 la fronti\u00e8re entre la VII\u00e8me R\u00e9publique Multiculturelle de France et la F\u00e9d\u00e9ration Technomancienne d&rsquo;Allemagne).<\/span><\/td>\n<\/tr>\n<tr valign=\"top\">\n<td width=\"19%\"><img loading=\"lazy\" decoding=\"async\" class=\"aligncenter wp-image-9704 size-full\" src=\"https:\/\/nekotsuki-studio.com\/Blog\/wp-content\/uploads\/2024\/09\/Calamity-Kaiju.jpg\" alt=\"\" width=\"90\" height=\"90\" srcset=\"https:\/\/nekotsuki-studio.com\/Blog\/wp-content\/uploads\/2024\/09\/Calamity-Kaiju.jpg 90w, https:\/\/nekotsuki-studio.com\/Blog\/wp-content\/uploads\/2024\/09\/Calamity-Kaiju-150x150.jpg 150w\" sizes=\"auto, (max-width: 90px) 100vw, 90px\" \/><\/td>\n<td width=\"81%\"><span style=\"color: #ffffff;\">Ceci repr\u00e9sente les Entit\u00e9s de type Calamit\u00e9 \/ Kaiju dont la pr\u00e9sence est connue de longue date (et qui sont l\u00e0 pour rester). Il peut y avoir des manifestations sporadiques d&rsquo;autres Entit\u00e9s de ce type un peu partout dans le Monde, d&rsquo;un niveau de dangerosit\u00e9 plus ou moins \u00e9lev\u00e9 selon les cas, mais celles-ci ont un territoire relativement fixe, ce qui permet leur observation quasi permanente par les autorit\u00e9s de chaque Nation (quand elles ne sont pas carr\u00e9ment sous leur contr\u00f4le).<\/span><\/td>\n<\/tr>\n<\/tbody>\n<\/table>\n","protected":false},"excerpt":{"rendered":"<p>L&rsquo;Atlas de l&rsquo;Univers Luna Draconis Academy ! (Page provisoire) \u00a0 \u00a0 Retour \u00e0 la page pr\u00e9c\u00e9dente [\u21b5] &#8211; Retour \u00e0 la page d&rsquo;acceuil [\u21b5] ~ Cette partie abritera les diff\u00e9rentes cartes de l&rsquo;Univers de Luna Draconis Academy. Pour commencer, la &hellip; <a href=\"https:\/\/nekotsuki-studio.com\/Blog\/lunadraconisacademyatlas\/\">Continued<\/a><\/p>\n","protected":false},"author":1,"featured_media":0,"parent":0,"menu_order":0,"comment_status":"closed","ping_status":"closed","template":"","meta":{"footnotes":""},"class_list":["post-9699","page","type-page","status-publish","hentry"],"jetpack_sharing_enabled":true,"_links":{"self":[{"href":"https:\/\/nekotsuki-studio.com\/Blog\/wp-json\/wp\/v2\/pages\/9699","targetHints":{"allow":["GET"]}}],"collection":[{"href":"https:\/\/nekotsuki-studio.com\/Blog\/wp-json\/wp\/v2\/pages"}],"about":[{"href":"https:\/\/nekotsuki-studio.com\/Blog\/wp-json\/wp\/v2\/types\/page"}],"author":[{"embeddable":true,"href":"https:\/\/nekotsuki-studio.com\/Blog\/wp-json\/wp\/v2\/users\/1"}],"replies":[{"embeddable":true,"href":"https:\/\/nekotsuki-studio.com\/Blog\/wp-json\/wp\/v2\/comments?post=9699"}],"version-history":[{"count":5,"href":"https:\/\/nekotsuki-studio.com\/Blog\/wp-json\/wp\/v2\/pages\/9699\/revisions"}],"predecessor-version":[{"id":10381,"href":"https:\/\/nekotsuki-studio.com\/Blog\/wp-json\/wp\/v2\/pages\/9699\/revisions\/10381"}],"wp:attachment":[{"href":"https:\/\/nekotsuki-studio.com\/Blog\/wp-json\/wp\/v2\/media?parent=9699"}],"curies":[{"name":"wp","href":"https:\/\/api.w.org\/{rel}","templated":true}]}}