{"id":9486,"date":"2024-08-15T15:15:22","date_gmt":"2024-08-15T13:15:22","guid":{"rendered":"https:\/\/nekotsuki-studio.com\/Blog\/?page_id=9486"},"modified":"2024-08-23T11:04:35","modified_gmt":"2024-08-23T09:04:35","slug":"bo-2024-f-32","status":"publish","type":"page","link":"https:\/\/nekotsuki-studio.com\/Blog\/bo-2024-f-32\/","title":{"rendered":"BO-2024-F-32"},"content":{"rendered":"<p style=\"text-align: center;\" align=\"CENTER\"><span style=\"font-size: large; color: #99ccff;\"><b>Box Office France Animation \/ VFX :<\/b><\/span><\/p>\n<p style=\"text-align: center;\" align=\"CENTER\"><span style=\"font-size: large; color: #99ccff;\"><b>2024 &#8211; Semaine 32 (07\/08 &#8211; 13<\/b><\/span><span style=\"font-size: large; color: #99ccff;\"><b>\/08)<\/b><\/span><\/p>\n<p style=\"text-align: center;\" align=\"CENTER\"><span style=\"color: #ccffff;\"><a style=\"color: #ccffff;\" href=\"https:\/\/nekotsuki-studio.com\/Blog\/bo-2024-f-31\/\"><strong>\u21d0\u00a0Semai<\/strong><strong>ne pr\u00e9c\u00e9de<\/strong><strong>nte<\/strong><\/a> &#8211; (<a style=\"color: #ccffff;\" href=\"https:\/\/nekotsuki-studio.com\/Blog\/box-office-accueil\/\">Retour \u00e0 l&rsquo;accueil \u21b5<\/a>) &#8211; <a style=\"color: #ccffff;\" href=\"https:\/\/nekotsuki-studio.com\/Blog\/bo-2024-f-33\/\"><strong>Semaine Suivante \u21d2<\/strong><\/a><\/span><\/p>\n<p align=\"CENTER\"><span style=\"color: #99ccff;\">Pour lire l&rsquo;analyse des chiffres, cliquez sur les titres de film suivis d&rsquo;un <strong><span style=\"color: #ccffff;\">[\u21b5]<\/span><\/strong><\/span><\/p>\n<table width=\"100%\" cellspacing=\"0\" cellpadding=\"4\">\n<tbody>\n<tr valign=\"top\">\n<td bgcolor=\"#00b8ff\" width=\"4%\" height=\"35\">\n<p align=\"center\"><span style=\"color: #000000;\"><b>n\u00b0<\/b><\/span><\/p>\n<\/td>\n<td bgcolor=\"#00b8ff\" width=\"7%\">\n<p align=\"center\"><span style=\"color: #000000;\"><b>Top<\/b><\/span><\/p>\n<p align=\"center\"><span style=\"color: #000000;\"><b>100<\/b><\/span><\/p>\n<\/td>\n<td bgcolor=\"#00b8ff\" width=\"39%\">\n<p align=\"center\"><span style=\"color: #000000;\"><b>Titre<\/b><\/span><\/p>\n<\/td>\n<td bgcolor=\"#00b8ff\" width=\"11%\">\n<p align=\"center\"><span style=\"color: #000000;\"><b>Semaine<\/b><\/span><\/p>\n<\/td>\n<td bgcolor=\"#00b8ff\" width=\"9%\">\n<p align=\"center\"><span style=\"color: #000000;\"><b>Copies<\/b><\/span><\/p>\n<\/td>\n<td bgcolor=\"#00b8ff\" width=\"16%\">\n<p align=\"center\"><span style=\"color: #000000;\"><b>\u00c9volution<\/b><\/span><\/p>\n<p align=\"center\"><span style=\"color: #000000;\"><b>(spectateurs)<\/b><\/span><\/p>\n<\/td>\n<td bgcolor=\"#00b8ff\" width=\"13%\">\n<p align=\"center\"><span style=\"color: #000000;\"><b>Score total<\/b><\/span><\/p>\n<\/td>\n<\/tr>\n<tr valign=\"top\">\n<td bgcolor=\"#99ccff\" width=\"4%\" height=\"36\">\n<p align=\"center\"><span style=\"color: #000000;\"><b>1<\/b><\/span><\/p>\n<\/td>\n<td bgcolor=\"#99ccff\" width=\"7%\">\n<p align=\"center\"><span style=\"color: #000000;\">1<\/span><\/p>\n<\/td>\n<td bgcolor=\"#99ccff\" width=\"39%\">\n<p align=\"center\"><span style=\"color: #000000;\"><b><a href=\"https:\/\/nekotsuki-studio.com\/Blog\/wp-content\/uploads\/2024\/08\/Deadpool-Wolverine-FR-scaled.jpg\"><img loading=\"lazy\" decoding=\"async\" class=\"alignleft wp-image-9386\" src=\"https:\/\/nekotsuki-studio.com\/Blog\/wp-content\/uploads\/2024\/08\/Deadpool-Wolverine-FR-210x300.jpg\" alt=\"\" width=\"101\" height=\"144\" srcset=\"https:\/\/nekotsuki-studio.com\/Blog\/wp-content\/uploads\/2024\/08\/Deadpool-Wolverine-FR-210x300.jpg 210w, https:\/\/nekotsuki-studio.com\/Blog\/wp-content\/uploads\/2024\/08\/Deadpool-Wolverine-FR-717x1024.jpg 717w, https:\/\/nekotsuki-studio.com\/Blog\/wp-content\/uploads\/2024\/08\/Deadpool-Wolverine-FR-768x1097.jpg 768w, https:\/\/nekotsuki-studio.com\/Blog\/wp-content\/uploads\/2024\/08\/Deadpool-Wolverine-FR-1075x1536.jpg 1075w, https:\/\/nekotsuki-studio.com\/Blog\/wp-content\/uploads\/2024\/08\/Deadpool-Wolverine-FR-1434x2048.jpg 1434w, https:\/\/nekotsuki-studio.com\/Blog\/wp-content\/uploads\/2024\/08\/Deadpool-Wolverine-FR-scaled.jpg 1792w\" sizes=\"auto, (max-width: 101px) 100vw, 101px\" \/><\/a>\u00a0<a href=\"https:\/\/nekotsuki-studio.com\/Blog\/forum\/box-office\/deadpool-wolverine-le-carton-r-rated-o_o\/#p14945\">Deadpool &amp; Wolverine [\u21b5]<\/a><\/b><\/span><\/p>\n<\/td>\n<td bgcolor=\"#99ccff\" width=\"11%\">\n<p align=\"center\"><span style=\"color: #000000;\">3<\/span><\/p>\n<\/td>\n<td bgcolor=\"#99ccff\" width=\"9%\">\n<p align=\"center\"><span style=\"color: #000000;\">785<\/span><\/p>\n<\/td>\n<td bgcolor=\"#99ccff\" width=\"16%\">\n<p align=\"center\"><span style=\"color: #000000;\">+526.152<\/span><\/p>\n<p align=\"center\"><span style=\"color: #000000;\">(-34%<\/span> <span style=\"color: #dc2300;\">\u25bc<\/span><span style=\"color: #000000;\">)<\/span><\/p>\n<\/td>\n<td bgcolor=\"#99ccff\" width=\"13%\">\n<p align=\"center\"><span style=\"color: #000000;\">2.520.834<\/span><\/p>\n<\/td>\n<\/tr>\n<tr valign=\"top\">\n<td bgcolor=\"#ccffff\" width=\"4%\" height=\"36\">\n<p align=\"center\"><span style=\"color: #000000;\"><b>2<\/b><\/span><\/p>\n<\/td>\n<td bgcolor=\"#ccffff\" width=\"7%\">\n<p align=\"center\"><span style=\"color: #000000;\">4<\/span><\/p>\n<p align=\"center\"><strong><span style=\"color: #000000;\">(-1)<\/span><\/strong><\/p>\n<\/td>\n<td bgcolor=\"#ccffff\" width=\"39%\">\n<p align=\"center\"><span style=\"color: #000000;\"><b><a href=\"https:\/\/nekotsuki-studio.com\/Blog\/wp-content\/uploads\/2024\/07\/Moi_Moche_et_Mechant_4.jpeg\"><img loading=\"lazy\" decoding=\"async\" class=\"alignleft wp-image-9275\" src=\"https:\/\/nekotsuki-studio.com\/Blog\/wp-content\/uploads\/2024\/07\/Moi_Moche_et_Mechant_4-169x300.jpeg\" alt=\"\" width=\"101\" height=\"180\" srcset=\"https:\/\/nekotsuki-studio.com\/Blog\/wp-content\/uploads\/2024\/07\/Moi_Moche_et_Mechant_4-169x300.jpeg 169w, https:\/\/nekotsuki-studio.com\/Blog\/wp-content\/uploads\/2024\/07\/Moi_Moche_et_Mechant_4-576x1024.jpeg 576w, https:\/\/nekotsuki-studio.com\/Blog\/wp-content\/uploads\/2024\/07\/Moi_Moche_et_Mechant_4-768x1365.jpeg 768w, https:\/\/nekotsuki-studio.com\/Blog\/wp-content\/uploads\/2024\/07\/Moi_Moche_et_Mechant_4.jpeg 800w\" sizes=\"auto, (max-width: 101px) 100vw, 101px\" \/><\/a>\u00a0<a href=\"https:\/\/nekotsuki-studio.com\/Blog\/forum\/box-office\/despicable-me-4-ca-marche-toujours-p\/#p14944\">Moi, Moche et M\u00e9chant 4 [\u21b5]<\/a><\/b><\/span><\/p>\n<\/td>\n<td bgcolor=\"#ccffff\" width=\"11%\">\n<p align=\"center\"><span style=\"color: #000000;\">5<\/span><\/p>\n<\/td>\n<td bgcolor=\"#ccffff\" width=\"9%\">\n<p align=\"center\"><span style=\"color: #000000;\">1110<\/span><\/p>\n<\/td>\n<td bgcolor=\"#ccffff\" width=\"16%\">\n<p align=\"center\"><span style=\"color: #000000;\">+305.424<\/span><\/p>\n<p align=\"center\"><span style=\"color: #000000;\">(-33%<\/span> <span style=\"color: #dc2300;\">\u25bc<\/span><span style=\"color: #000000;\">)<\/span><\/p>\n<\/td>\n<td bgcolor=\"#ccffff\" width=\"13%\">\n<p align=\"center\"><span style=\"color: #000000;\">3.526.782<\/span><\/p>\n<\/td>\n<\/tr>\n<tr valign=\"top\">\n<td bgcolor=\"#99ccff\" width=\"4%\" height=\"36\">\n<p align=\"center\"><span style=\"color: #000000;\"><b>3<\/b><\/span><\/p>\n<\/td>\n<td bgcolor=\"#99ccff\" width=\"7%\">\n<p align=\"center\"><span style=\"color: #000000;\">5<\/span><\/p>\n<p align=\"center\"><strong><span style=\"color: #000000;\">(-1)<\/span><\/strong><\/p>\n<\/td>\n<td bgcolor=\"#99ccff\" width=\"39%\">\n<p align=\"center\"><span style=\"color: #000000;\"><b><a href=\"https:\/\/nekotsuki-studio.com\/Blog\/wp-content\/uploads\/2024\/06\/Vice-Versa-2-scaled.jpg\"><img loading=\"lazy\" decoding=\"async\" class=\"alignleft wp-image-9133\" src=\"https:\/\/nekotsuki-studio.com\/Blog\/wp-content\/uploads\/2024\/06\/Vice-Versa-2-203x300.jpg\" alt=\"\" width=\"101\" height=\"150\" srcset=\"https:\/\/nekotsuki-studio.com\/Blog\/wp-content\/uploads\/2024\/06\/Vice-Versa-2-203x300.jpg 203w, https:\/\/nekotsuki-studio.com\/Blog\/wp-content\/uploads\/2024\/06\/Vice-Versa-2-691x1024.jpg 691w, https:\/\/nekotsuki-studio.com\/Blog\/wp-content\/uploads\/2024\/06\/Vice-Versa-2-768x1138.jpg 768w, https:\/\/nekotsuki-studio.com\/Blog\/wp-content\/uploads\/2024\/06\/Vice-Versa-2-1037x1536.jpg 1037w, https:\/\/nekotsuki-studio.com\/Blog\/wp-content\/uploads\/2024\/06\/Vice-Versa-2-1383x2048.jpg 1383w, https:\/\/nekotsuki-studio.com\/Blog\/wp-content\/uploads\/2024\/06\/Vice-Versa-2-scaled.jpg 1728w\" sizes=\"auto, (max-width: 101px) 100vw, 101px\" \/><\/a>\u00a0<a href=\"https:\/\/nekotsuki-studio.com\/Blog\/forum\/box-office\/inside-out-2-potentiel-sauveur-de-pixar-d\/#p14943\">Vice Versa 2 [\u21b5]<\/a><\/b><\/span><\/p>\n<\/td>\n<td bgcolor=\"#99ccff\" width=\"11%\">\n<p align=\"center\"><span style=\"color: #000000;\">8<\/span><\/p>\n<\/td>\n<td bgcolor=\"#99ccff\" width=\"9%\">\n<p align=\"center\"><span style=\"color: #000000;\">848<\/span><\/p>\n<\/td>\n<td bgcolor=\"#99ccff\" width=\"16%\">\n<p align=\"center\"><span style=\"color: #000000;\">+225.912<\/span><\/p>\n<p align=\"center\"><span style=\"color: #000000;\">(-24%<\/span> <span style=\"color: #ff950e;\">\u25bc<\/span><span style=\"color: #000000;\">)<\/span><\/p>\n<\/td>\n<td bgcolor=\"#99ccff\" width=\"13%\">\n<p align=\"center\"><span style=\"color: #000000;\">7.779.117<\/span><\/p>\n<\/td>\n<\/tr>\n<tr valign=\"top\">\n<td bgcolor=\"#ccffff\" width=\"4%\" height=\"36\">\n<p align=\"center\"><span style=\"color: #000000;\"><b>4<\/b><\/span><\/p>\n<\/td>\n<td bgcolor=\"#ccffff\" width=\"7%\">\n<p align=\"center\"><span style=\"color: #000000;\">6<\/span><\/p>\n<p align=\"center\"><strong><span style=\"color: #000000;\">(-1)<\/span><\/strong><\/p>\n<\/td>\n<td bgcolor=\"#ccffff\" width=\"39%\">\n<p align=\"center\"><span style=\"color: #000000;\"><b><a href=\"https:\/\/nekotsuki-studio.com\/Blog\/wp-content\/uploads\/2024\/08\/Garfield-Heros-Malgre-Lui.png\"><img loading=\"lazy\" decoding=\"async\" class=\"alignleft wp-image-9436\" src=\"https:\/\/nekotsuki-studio.com\/Blog\/wp-content\/uploads\/2024\/08\/Garfield-Heros-Malgre-Lui-225x300.png\" alt=\"\" width=\"101\" height=\"135\" srcset=\"https:\/\/nekotsuki-studio.com\/Blog\/wp-content\/uploads\/2024\/08\/Garfield-Heros-Malgre-Lui-225x300.png 225w, https:\/\/nekotsuki-studio.com\/Blog\/wp-content\/uploads\/2024\/08\/Garfield-Heros-Malgre-Lui-768x1024.png 768w, https:\/\/nekotsuki-studio.com\/Blog\/wp-content\/uploads\/2024\/08\/Garfield-Heros-Malgre-Lui-1152x1536.png 1152w, https:\/\/nekotsuki-studio.com\/Blog\/wp-content\/uploads\/2024\/08\/Garfield-Heros-Malgre-Lui.png 1200w\" sizes=\"auto, (max-width: 101px) 100vw, 101px\" \/><\/a>\u00a0<a href=\"https:\/\/nekotsuki-studio.com\/Blog\/forum\/box-office\/the-garfield-movie-sans-doute-parti-pour-un-score-correct-mais-pas-un-carton-p\/#p14942\">Garfield \u2013 H\u00e9ros Malgr\u00e9 Lui [\u21b5]<\/a><\/b><\/span><\/p>\n<\/td>\n<td bgcolor=\"#ccffff\" width=\"11%\">\n<p align=\"center\"><span style=\"color: #000000;\">2<\/span><\/p>\n<\/td>\n<td bgcolor=\"#ccffff\" width=\"9%\">\n<p align=\"center\"><span style=\"color: #000000;\">611<\/span><\/p>\n<\/td>\n<td bgcolor=\"#ccffff\" width=\"16%\">\n<p align=\"center\"><span style=\"color: #000000;\">+158.747<\/span><\/p>\n<p align=\"center\"><span style=\"color: #000000;\">(-44%<\/span> <span style=\"color: #dc2300;\">\u25bc<\/span><span style=\"color: #000000;\">)<\/span><\/p>\n<\/td>\n<td bgcolor=\"#ccffff\" width=\"13%\">\n<p align=\"center\"><span style=\"color: #000000;\">442.918<\/span><\/p>\n<\/td>\n<\/tr>\n<tr valign=\"top\">\n<td bgcolor=\"#ffffcc\" width=\"4%\" height=\"36\">\n<p align=\"center\"><span style=\"color: #000000;\"><b>5<\/b><\/span><\/p>\n<\/td>\n<td bgcolor=\"#ffffcc\" width=\"7%\">\n<p align=\"center\"><span style=\"color: #000000;\">7<\/span><\/p>\n<\/td>\n<td bgcolor=\"#ffffcc\" width=\"39%\">\n<p align=\"center\"><span style=\"color: #000000;\"><b><a href=\"https:\/\/nekotsuki-studio.com\/Blog\/wp-content\/uploads\/2024\/08\/Borderlands_FR.png\"><img loading=\"lazy\" decoding=\"async\" class=\"alignleft wp-image-9487\" src=\"https:\/\/nekotsuki-studio.com\/Blog\/wp-content\/uploads\/2024\/08\/Borderlands_FR-225x300.png\" alt=\"\" width=\"101\" height=\"135\" srcset=\"https:\/\/nekotsuki-studio.com\/Blog\/wp-content\/uploads\/2024\/08\/Borderlands_FR-225x300.png 225w, https:\/\/nekotsuki-studio.com\/Blog\/wp-content\/uploads\/2024\/08\/Borderlands_FR-768x1024.png 768w, https:\/\/nekotsuki-studio.com\/Blog\/wp-content\/uploads\/2024\/08\/Borderlands_FR-1152x1536.png 1152w, https:\/\/nekotsuki-studio.com\/Blog\/wp-content\/uploads\/2024\/08\/Borderlands_FR.png 1200w\" sizes=\"auto, (max-width: 101px) 100vw, 101px\" \/><\/a>\u00a0<a href=\"https:\/\/nekotsuki-studio.com\/Blog\/forum\/box-office\/borderlands-le-flop-avec-un-f-majuscule-_\/#p14941\">Borderlands [\u21b5]<\/a><\/b><\/span><\/p>\n<\/td>\n<td bgcolor=\"#ffffcc\" width=\"11%\">\n<p align=\"center\"><span style=\"color: #000000;\">1<\/span><\/p>\n<\/td>\n<td bgcolor=\"#ffffcc\" width=\"9%\">\n<p align=\"center\"><span style=\"color: #000000;\">514<\/span><\/p>\n<\/td>\n<td bgcolor=\"#ffffcc\" width=\"16%\">\n<p align=\"center\"><span style=\"color: #000000;\">+154.322<\/span><\/p>\n<\/td>\n<td bgcolor=\"#ffffcc\" width=\"13%\">\n<p align=\"center\"><span style=\"color: #000000;\">154.322<\/span><\/p>\n<\/td>\n<\/tr>\n<tr valign=\"top\">\n<td bgcolor=\"#ccffff\" width=\"4%\" height=\"36\">\n<p align=\"center\"><span style=\"color: #000000;\"><b>6<\/b><\/span><\/p>\n<\/td>\n<td bgcolor=\"#ccffff\" width=\"7%\">\n<p align=\"center\"><span style=\"color: #000000;\">19<\/span><\/p>\n<p align=\"center\"><strong><span style=\"color: #ff0000;\">(-7)<\/span><\/strong><\/p>\n<\/td>\n<td bgcolor=\"#ccffff\" width=\"39%\">\n<p align=\"center\"><span style=\"color: #000000;\"><b><a href=\"https:\/\/nekotsuki-studio.com\/Blog\/wp-content\/uploads\/2024\/07\/Sans-un-Bruit-Jour-1.jpg\"><img loading=\"lazy\" decoding=\"async\" class=\"alignleft wp-image-9218\" src=\"https:\/\/nekotsuki-studio.com\/Blog\/wp-content\/uploads\/2024\/07\/Sans-un-Bruit-Jour-1-221x300.jpg\" alt=\"\" width=\"101\" height=\"137\" srcset=\"https:\/\/nekotsuki-studio.com\/Blog\/wp-content\/uploads\/2024\/07\/Sans-un-Bruit-Jour-1-221x300.jpg 221w, https:\/\/nekotsuki-studio.com\/Blog\/wp-content\/uploads\/2024\/07\/Sans-un-Bruit-Jour-1-753x1024.jpg 753w, https:\/\/nekotsuki-studio.com\/Blog\/wp-content\/uploads\/2024\/07\/Sans-un-Bruit-Jour-1-768x1044.jpg 768w, https:\/\/nekotsuki-studio.com\/Blog\/wp-content\/uploads\/2024\/07\/Sans-un-Bruit-Jour-1-1130x1536.jpg 1130w, https:\/\/nekotsuki-studio.com\/Blog\/wp-content\/uploads\/2024\/07\/Sans-un-Bruit-Jour-1.jpg 1324w\" sizes=\"auto, (max-width: 101px) 100vw, 101px\" \/><\/a>\u00a0<a href=\"https:\/\/nekotsuki-studio.com\/Blog\/forum\/box-office\/a-quiet-place-day-1-la-sf-dangoisse-a-encore-sa-place-au-cine-_\/#p14940\">Sans un Bruit : Jour 1 [\u21b5]<\/a><\/b><\/span><\/p>\n<\/td>\n<td bgcolor=\"#ccffff\" width=\"11%\">\n<p align=\"center\"><span style=\"color: #000000;\">7<\/span><\/p>\n<\/td>\n<td bgcolor=\"#ccffff\" width=\"9%\">\n<p align=\"center\"><span style=\"color: #000000;\">89<\/span><\/p>\n<\/td>\n<td bgcolor=\"#ccffff\" width=\"16%\">\n<p align=\"center\"><span style=\"color: #000000;\">+6833<\/span><\/p>\n<p align=\"center\"><span style=\"color: #000000;\">(-68%<\/span> <span style=\"color: #dc2300;\">\u25bc<\/span><span style=\"color: #000000;\">)<\/span><\/p>\n<\/td>\n<td bgcolor=\"#ccffff\" width=\"13%\">\n<p align=\"center\"><span style=\"color: #000000;\">868.113<\/span><\/p>\n<\/td>\n<\/tr>\n<tr valign=\"top\">\n<td bgcolor=\"#ffffcc\" width=\"4%\" height=\"36\">\n<p align=\"center\"><span style=\"color: #000000;\"><b>7<\/b><\/span><\/p>\n<\/td>\n<td bgcolor=\"#ffffcc\" width=\"7%\">\n<p align=\"center\"><span style=\"color: #000000;\">45<\/span><\/p>\n<\/td>\n<td bgcolor=\"#ffffcc\" width=\"39%\">\n<p align=\"center\"><span style=\"color: #000000;\"><b><a href=\"https:\/\/nekotsuki-studio.com\/Blog\/wp-content\/uploads\/2024\/08\/Super-Wings-Vitesse-Maximum.jpg\"><img loading=\"lazy\" decoding=\"async\" class=\"alignleft wp-image-9488\" src=\"https:\/\/nekotsuki-studio.com\/Blog\/wp-content\/uploads\/2024\/08\/Super-Wings-Vitesse-Maximum-212x300.jpg\" alt=\"\" width=\"101\" height=\"143\" srcset=\"https:\/\/nekotsuki-studio.com\/Blog\/wp-content\/uploads\/2024\/08\/Super-Wings-Vitesse-Maximum-212x300.jpg 212w, https:\/\/nekotsuki-studio.com\/Blog\/wp-content\/uploads\/2024\/08\/Super-Wings-Vitesse-Maximum-724x1024.jpg 724w, https:\/\/nekotsuki-studio.com\/Blog\/wp-content\/uploads\/2024\/08\/Super-Wings-Vitesse-Maximum-768x1086.jpg 768w, https:\/\/nekotsuki-studio.com\/Blog\/wp-content\/uploads\/2024\/08\/Super-Wings-Vitesse-Maximum.jpg 1000w\" sizes=\"auto, (max-width: 101px) 100vw, 101px\" \/><\/a>\u00a0Super Wings : Vitesse Maximum<\/b><\/span><\/p>\n<\/td>\n<td bgcolor=\"#ffffcc\" width=\"11%\">\n<p align=\"center\"><span style=\"color: #000000;\">1<\/span><\/p>\n<\/td>\n<td bgcolor=\"#ffffcc\" width=\"9%\">\n<p align=\"center\"><span style=\"color: #000000;\">16<\/span><\/p>\n<\/td>\n<td bgcolor=\"#ffffcc\" width=\"16%\">\n<p align=\"center\"><span style=\"color: #000000;\">+890<\/span><\/p>\n<\/td>\n<td bgcolor=\"#ffffcc\" width=\"13%\">\n<p align=\"center\"><span style=\"color: #000000;\">890<\/span><\/p>\n<\/td>\n<\/tr>\n<tr valign=\"top\">\n<td bgcolor=\"#ccffff\" width=\"4%\" height=\"36\">\n<p align=\"center\"><span style=\"color: #000000;\"><b>8<\/b><\/span><\/p>\n<\/td>\n<td bgcolor=\"#ccffff\" width=\"7%\">\n<p align=\"center\"><span style=\"color: #000000;\">58<\/span><\/p>\n<p align=\"center\"><strong><span style=\"color: #ff0000;\">(-4)<\/span><\/strong><\/p>\n<\/td>\n<td bgcolor=\"#ccffff\" width=\"39%\">\n<p align=\"center\"><span style=\"color: #000000;\"><b><a href=\"https:\/\/nekotsuki-studio.com\/Blog\/wp-content\/uploads\/2024\/05\/Super-Lion.png\"><img loading=\"lazy\" decoding=\"async\" class=\"alignleft wp-image-8900\" src=\"https:\/\/nekotsuki-studio.com\/Blog\/wp-content\/uploads\/2024\/05\/Super-Lion-220x300.png\" alt=\"\" width=\"101\" height=\"138\" srcset=\"https:\/\/nekotsuki-studio.com\/Blog\/wp-content\/uploads\/2024\/05\/Super-Lion-220x300.png 220w, https:\/\/nekotsuki-studio.com\/Blog\/wp-content\/uploads\/2024\/05\/Super-Lion-752x1024.png 752w, https:\/\/nekotsuki-studio.com\/Blog\/wp-content\/uploads\/2024\/05\/Super-Lion-768x1046.png 768w, https:\/\/nekotsuki-studio.com\/Blog\/wp-content\/uploads\/2024\/05\/Super-Lion-1128x1536.png 1128w, https:\/\/nekotsuki-studio.com\/Blog\/wp-content\/uploads\/2024\/05\/Super-Lion.png 1175w\" sizes=\"auto, (max-width: 101px) 100vw, 101px\" \/><\/a>\u00a0Super Lion<\/b><\/span><\/p>\n<\/td>\n<td bgcolor=\"#ccffff\" width=\"11%\">\n<p align=\"center\"><span style=\"color: #000000;\">14<\/span><\/p>\n<\/td>\n<td bgcolor=\"#ccffff\" width=\"9%\">\n<p align=\"center\"><span style=\"color: #000000;\">9<\/span><\/p>\n<\/td>\n<td bgcolor=\"#ccffff\" width=\"16%\">\n<p align=\"center\"><span style=\"color: #000000;\">+262<\/span><\/p>\n<p align=\"center\"><span style=\"color: #000000;\">(-24%<\/span> <span style=\"color: #ff950e;\">\u25bc<\/span><span style=\"color: #000000;\">)<\/span><\/p>\n<\/td>\n<td bgcolor=\"#ccffff\" width=\"13%\">\n<p align=\"center\"><span style=\"color: #000000;\">90.546<\/span><\/p>\n<\/td>\n<\/tr>\n<tr valign=\"top\">\n<td bgcolor=\"#99ccff\" width=\"4%\" height=\"36\">\n<p align=\"center\"><span style=\"color: #000000;\"><b>9<\/b><\/span><\/p>\n<\/td>\n<td bgcolor=\"#99ccff\" width=\"7%\">\n<p align=\"center\"><span style=\"color: #000000;\">80<\/span><\/p>\n<p align=\"center\"><strong><span style=\"color: #ff0000;\">(-14)<\/span><\/strong><\/p>\n<\/td>\n<td bgcolor=\"#99ccff\" width=\"39%\">\n<p align=\"center\"><span style=\"color: #000000;\"><b><a href=\"https:\/\/nekotsuki-studio.com\/Blog\/wp-content\/uploads\/2024\/06\/Haikyu-La-Guerre-des-Poubelles.jpg\"><img loading=\"lazy\" decoding=\"async\" class=\"alignleft wp-image-9102\" src=\"https:\/\/nekotsuki-studio.com\/Blog\/wp-content\/uploads\/2024\/06\/Haikyu-La-Guerre-des-Poubelles-225x300.jpg\" alt=\"\" width=\"101\" height=\"135\" srcset=\"https:\/\/nekotsuki-studio.com\/Blog\/wp-content\/uploads\/2024\/06\/Haikyu-La-Guerre-des-Poubelles-225x300.jpg 225w, https:\/\/nekotsuki-studio.com\/Blog\/wp-content\/uploads\/2024\/06\/Haikyu-La-Guerre-des-Poubelles-768x1024.jpg 768w, https:\/\/nekotsuki-studio.com\/Blog\/wp-content\/uploads\/2024\/06\/Haikyu-La-Guerre-des-Poubelles-1152x1536.jpg 1152w, https:\/\/nekotsuki-studio.com\/Blog\/wp-content\/uploads\/2024\/06\/Haikyu-La-Guerre-des-Poubelles.jpg 1200w\" sizes=\"auto, (max-width: 101px) 100vw, 101px\" \/><\/a>\u00a0<a href=\"https:\/\/nekotsuki-studio.com\/Blog\/forum\/box-office\/pompo-the-cinephile-ou-quand-les-cinemas-naiment-pas-les-films-sur-le-cinema-p\/#p14939\">Haikyu !! La Guerre des Poubelles [\u21b5]<\/a><\/b><\/span><\/p>\n<\/td>\n<td bgcolor=\"#99ccff\" width=\"11%\">\n<p align=\"center\"><span style=\"color: #000000;\">9<\/span><\/p>\n<\/td>\n<td bgcolor=\"#99ccff\" width=\"9%\">\n<p align=\"center\"><span style=\"color: #000000;\">2<\/span><\/p>\n<\/td>\n<td bgcolor=\"#99ccff\" width=\"16%\">\n<p align=\"center\"><span style=\"color: #000000;\">+54<\/span><\/p>\n<p align=\"center\"><span style=\"color: #000000;\">(-57%<\/span> <span style=\"color: #dc2300;\">\u25bc<\/span><span style=\"color: #000000;\">)<\/span><\/p>\n<\/td>\n<td bgcolor=\"#99ccff\" width=\"13%\">\n<p align=\"center\"><span style=\"color: #000000;\">108.082<\/span><\/p>\n<\/td>\n<\/tr>\n<tr valign=\"top\">\n<td bgcolor=\"#ccffff\" width=\"4%\" height=\"36\">\n<p align=\"center\"><span style=\"color: #000000;\"><b>10<\/b><\/span><\/p>\n<\/td>\n<td bgcolor=\"#ccffff\" width=\"7%\">\n<p align=\"center\"><span style=\"color: #000000;\">86<\/span><\/p>\n<p align=\"center\"><strong><span style=\"color: #339966;\">(+5)<\/span><\/strong><\/p>\n<\/td>\n<td bgcolor=\"#ccffff\" width=\"39%\">\n<p align=\"center\"><span style=\"color: #000000;\"><b><a href=\"https:\/\/nekotsuki-studio.com\/Blog\/wp-content\/uploads\/2024\/03\/DUNE_2.jpg\"><img loading=\"lazy\" decoding=\"async\" class=\"alignleft wp-image-8409\" src=\"https:\/\/nekotsuki-studio.com\/Blog\/wp-content\/uploads\/2024\/03\/DUNE_2-240x300.jpg\" alt=\"\" width=\"101\" height=\"126\" srcset=\"https:\/\/nekotsuki-studio.com\/Blog\/wp-content\/uploads\/2024\/03\/DUNE_2-240x300.jpg 240w, https:\/\/nekotsuki-studio.com\/Blog\/wp-content\/uploads\/2024\/03\/DUNE_2-819x1024.jpg 819w, https:\/\/nekotsuki-studio.com\/Blog\/wp-content\/uploads\/2024\/03\/DUNE_2-768x960.jpg 768w, https:\/\/nekotsuki-studio.com\/Blog\/wp-content\/uploads\/2024\/03\/DUNE_2-1229x1536.jpg 1229w, https:\/\/nekotsuki-studio.com\/Blog\/wp-content\/uploads\/2024\/03\/DUNE_2.jpg 1638w\" sizes=\"auto, (max-width: 101px) 100vw, 101px\" \/><\/a>\u00a0Dune &#8211; Deuxi\u00e8me Partie<\/b><\/span><\/p>\n<\/td>\n<td bgcolor=\"#ccffff\" width=\"11%\">\n<p align=\"center\"><span style=\"color: #000000;\">24<\/span><\/p>\n<\/td>\n<td bgcolor=\"#ccffff\" width=\"9%\">\n<p align=\"center\"><span style=\"color: #000000;\">1<\/span><\/p>\n<\/td>\n<td bgcolor=\"#ccffff\" width=\"16%\">\n<p align=\"center\"><span style=\"color: #000000;\">+38<\/span><\/p>\n<p align=\"center\"><span style=\"color: #000000;\">(-5%<\/span> <span style=\"color: #ff950e;\">\u25bc<\/span><span style=\"color: #000000;\">)<\/span><\/p>\n<\/td>\n<td bgcolor=\"#ccffff\" width=\"13%\">\n<p align=\"center\"><span style=\"color: #000000;\">4.108.733<\/span><\/p>\n<\/td>\n<\/tr>\n<tr valign=\"top\">\n<td bgcolor=\"#99ccff\" width=\"4%\" height=\"35\">\n<p align=\"center\"><span style=\"color: #000000;\"><b>11<\/b><\/span><\/p>\n<\/td>\n<td bgcolor=\"#99ccff\" width=\"7%\">\n<p align=\"center\"><span style=\"color: #000000;\">95<\/span><\/p>\n<p align=\"center\"><strong><span style=\"color: #ff0000;\">(-40)<\/span><\/strong><\/p>\n<\/td>\n<td bgcolor=\"#99ccff\" width=\"39%\">\n<p align=\"center\"><span style=\"color: #000000;\"><b><a href=\"https:\/\/nekotsuki-studio.com\/Blog\/wp-content\/uploads\/2024\/07\/Pompo-The-Cinephile.jpg\"><img loading=\"lazy\" decoding=\"async\" class=\"alignleft wp-image-9220\" src=\"https:\/\/nekotsuki-studio.com\/Blog\/wp-content\/uploads\/2024\/07\/Pompo-The-Cinephile-220x300.jpg\" alt=\"\" width=\"101\" height=\"138\" srcset=\"https:\/\/nekotsuki-studio.com\/Blog\/wp-content\/uploads\/2024\/07\/Pompo-The-Cinephile-220x300.jpg 220w, https:\/\/nekotsuki-studio.com\/Blog\/wp-content\/uploads\/2024\/07\/Pompo-The-Cinephile-752x1024.jpg 752w, https:\/\/nekotsuki-studio.com\/Blog\/wp-content\/uploads\/2024\/07\/Pompo-The-Cinephile-768x1046.jpg 768w, https:\/\/nekotsuki-studio.com\/Blog\/wp-content\/uploads\/2024\/07\/Pompo-The-Cinephile-1128x1536.jpg 1128w, https:\/\/nekotsuki-studio.com\/Blog\/wp-content\/uploads\/2024\/07\/Pompo-The-Cinephile.jpg 1175w\" sizes=\"auto, (max-width: 101px) 100vw, 101px\" \/><\/a>\u00a0Pompo The Cinephile [\u21b5]<\/b><\/span><\/p>\n<\/td>\n<td bgcolor=\"#99ccff\" width=\"11%\">\n<p align=\"center\"><span style=\"color: #000000;\">6<\/span><\/p>\n<\/td>\n<td bgcolor=\"#99ccff\" width=\"9%\">\n<p align=\"center\"><span style=\"color: #000000;\">2<\/span><\/p>\n<\/td>\n<td bgcolor=\"#99ccff\" width=\"16%\">\n<p align=\"center\"><span style=\"color: #000000;\">+25<\/span><\/p>\n<p align=\"center\"><span style=\"color: #000000;\">(-92%<\/span> <span style=\"color: #dc2300;\">\u25bc<\/span><span style=\"color: #000000;\">)<\/span><\/p>\n<\/td>\n<td bgcolor=\"#99ccff\" width=\"13%\">\n<p align=\"center\"><span style=\"color: #000000;\">9683<\/span><\/p>\n<\/td>\n<\/tr>\n<\/tbody>\n<\/table>\n","protected":false},"excerpt":{"rendered":"<p>Box Office France Animation \/ VFX : 2024 &#8211; Semaine 32 (07\/08 &#8211; 13\/08) \u21d0\u00a0Semaine pr\u00e9c\u00e9dente &#8211; (Retour \u00e0 l&rsquo;accueil \u21b5) &#8211; Semaine Suivante \u21d2 Pour lire l&rsquo;analyse des chiffres, cliquez sur les titres de film suivis d&rsquo;un [\u21b5] n\u00b0 &hellip; <a href=\"https:\/\/nekotsuki-studio.com\/Blog\/bo-2024-f-32\/\">Continued<\/a><\/p>\n","protected":false},"author":1,"featured_media":0,"parent":0,"menu_order":0,"comment_status":"closed","ping_status":"closed","template":"","meta":{"footnotes":""},"class_list":["post-9486","page","type-page","status-publish","hentry"],"jetpack_sharing_enabled":true,"_links":{"self":[{"href":"https:\/\/nekotsuki-studio.com\/Blog\/wp-json\/wp\/v2\/pages\/9486","targetHints":{"allow":["GET"]}}],"collection":[{"href":"https:\/\/nekotsuki-studio.com\/Blog\/wp-json\/wp\/v2\/pages"}],"about":[{"href":"https:\/\/nekotsuki-studio.com\/Blog\/wp-json\/wp\/v2\/types\/page"}],"author":[{"embeddable":true,"href":"https:\/\/nekotsuki-studio.com\/Blog\/wp-json\/wp\/v2\/users\/1"}],"replies":[{"embeddable":true,"href":"https:\/\/nekotsuki-studio.com\/Blog\/wp-json\/wp\/v2\/comments?post=9486"}],"version-history":[{"count":9,"href":"https:\/\/nekotsuki-studio.com\/Blog\/wp-json\/wp\/v2\/pages\/9486\/revisions"}],"predecessor-version":[{"id":9539,"href":"https:\/\/nekotsuki-studio.com\/Blog\/wp-json\/wp\/v2\/pages\/9486\/revisions\/9539"}],"wp:attachment":[{"href":"https:\/\/nekotsuki-studio.com\/Blog\/wp-json\/wp\/v2\/media?parent=9486"}],"curies":[{"name":"wp","href":"https:\/\/api.w.org\/{rel}","templated":true}]}}