{"id":8610,"date":"2024-04-09T17:48:12","date_gmt":"2024-04-09T15:48:12","guid":{"rendered":"https:\/\/nekotsuki-studio.com\/Blog\/?page_id=8610"},"modified":"2024-04-17T12:03:11","modified_gmt":"2024-04-17T10:03:11","slug":"bo-2024-w-14","status":"publish","type":"page","link":"https:\/\/nekotsuki-studio.com\/Blog\/bo-2024-w-14\/","title":{"rendered":"BO-2024-W-14"},"content":{"rendered":"<p style=\"text-align: center;\" align=\"CENTER\"><span style=\"font-size: large; color: #99ccff;\"><b>Box Office Mondial Animation \/ VFX :<\/b><\/span><\/p>\n<p style=\"text-align: center;\" align=\"CENTER\"><span style=\"font-size: large; color: #99ccff;\"><b>2024 &#8211; Semaine 14 (01\/04 \u2013 07\/04<\/b><\/span><span style=\"font-size: large; color: #99ccff;\"><b>)<\/b><\/span><\/p>\n<p style=\"text-align: center;\" align=\"CENTER\"><span style=\"color: #ccffff;\"><a style=\"color: #ccffff;\" href=\"https:\/\/nekotsuki-studio.com\/Blog\/bo-2024-w-13\/\"><strong>\u21d0\u00a0Semaine pr\u00e9c\u00e9dente<\/strong><\/a> &#8211; (<a style=\"color: #ccffff;\" href=\"https:\/\/nekotsuki-studio.com\/Blog\/box-office-accueil\/\">Retour \u00e0 l&rsquo;accueil \u21b5<\/a>) &#8211; <a style=\"color: #ccffff;\" href=\"https:\/\/nekotsuki-studio.com\/Blog\/bo-2024-w-15\/\"><strong>Semaine Suivante \u21d2<\/strong><\/a><\/span><\/p>\n<p align=\"CENTER\"><span style=\"color: #99ccff;\">Pour lire l&rsquo;analyse des chiffres, cliquez sur les titres de film suivis d&rsquo;un <strong><span style=\"color: #ccffff;\">[\u21b5]<\/span><\/strong><\/span><\/p>\n<table width=\"642\" cellspacing=\"0\" cellpadding=\"4\">\n<tbody>\n<tr valign=\"top\">\n<td bgcolor=\"#00b8ff\" width=\"17\">\n<p align=\"center\"><span style=\"color: #000000;\"><b>n\u00b0<\/b><\/span><\/p>\n<\/td>\n<td bgcolor=\"#00b8ff\" width=\"251\">\n<p align=\"center\"><span style=\"color: #000000;\"><b>Titre<\/b><\/span><\/p>\n<\/td>\n<td bgcolor=\"#00b8ff\" width=\"67\">\n<p align=\"center\"><span style=\"color: #000000;\"><b>Semaine<\/b><\/span><\/p>\n<\/td>\n<td bgcolor=\"#00b8ff\" width=\"99\">\n<p align=\"center\"><span style=\"color: #000000;\"><b>\u00c9volution<\/b><\/span><\/p>\n<p align=\"center\"><span style=\"color: #000000;\"><b>(millions de $)<\/b><\/span><\/p>\n<\/td>\n<td bgcolor=\"#00b8ff\" width=\"167\">\n<p align=\"center\"><span style=\"color: #000000;\"><b>Score mondial<\/b><\/span><\/p>\n<\/td>\n<\/tr>\n<tr valign=\"top\">\n<td bgcolor=\"#99ccff\" width=\"17\">\n<p align=\"center\"><span style=\"color: #000000;\">1<\/span><\/p>\n<\/td>\n<td bgcolor=\"#99ccff\" width=\"251\">\n<p align=\"center\"><span style=\"color: #000000;\"><b><a href=\"https:\/\/nekotsuki-studio.com\/Blog\/wp-content\/uploads\/2024\/04\/Godzilla_x_Kong_The_New_Empire.jpg\"><img loading=\"lazy\" decoding=\"async\" class=\"alignleft wp-image-8574\" src=\"https:\/\/nekotsuki-studio.com\/Blog\/wp-content\/uploads\/2024\/04\/Godzilla_x_Kong_The_New_Empire-202x300.jpg\" alt=\"\" width=\"101\" height=\"150\" srcset=\"https:\/\/nekotsuki-studio.com\/Blog\/wp-content\/uploads\/2024\/04\/Godzilla_x_Kong_The_New_Empire-202x300.jpg 202w, https:\/\/nekotsuki-studio.com\/Blog\/wp-content\/uploads\/2024\/04\/Godzilla_x_Kong_The_New_Empire-691x1024.jpg 691w, https:\/\/nekotsuki-studio.com\/Blog\/wp-content\/uploads\/2024\/04\/Godzilla_x_Kong_The_New_Empire-768x1138.jpg 768w, https:\/\/nekotsuki-studio.com\/Blog\/wp-content\/uploads\/2024\/04\/Godzilla_x_Kong_The_New_Empire.jpg 1012w\" sizes=\"auto, (max-width: 101px) 100vw, 101px\" \/><\/a>\u00a0<a href=\"https:\/\/nekotsuki-studio.com\/Blog\/forum\/box-office\/godzilla-x-kong-the-new-empire-parti-pour-taper-gros-d\/#p14588\">Godzilla x Kong : The New Empire [\u21b5]<\/a><\/b><\/span><\/p>\n<\/td>\n<td bgcolor=\"#99ccff\" width=\"67\">\n<p align=\"center\"><span style=\"color: #000000;\">2<\/span><\/p>\n<\/td>\n<td bgcolor=\"#99ccff\" width=\"99\">\n<p align=\"center\"><span style=\"color: #000000;\">+166<\/span><\/p>\n<\/td>\n<td bgcolor=\"#99ccff\" width=\"167\">\n<p align=\"center\"><span style=\"color: #000000;\">361.1millions de $<\/span><\/p>\n<\/td>\n<\/tr>\n<tr valign=\"top\">\n<td bgcolor=\"#ccffff\" width=\"17\">\n<p align=\"center\"><span style=\"color: #000000;\">2<\/span><\/p>\n<\/td>\n<td bgcolor=\"#ccffff\" width=\"251\">\n<p align=\"center\"><span style=\"color: #000000;\"><b><a href=\"https:\/\/nekotsuki-studio.com\/Blog\/wp-content\/uploads\/2023\/11\/Kimitachi_wa_do_Ikiru_ka_The_Boy_and_The_Heron.jpg\"><img loading=\"lazy\" decoding=\"async\" class=\"alignleft wp-image-7414\" src=\"https:\/\/nekotsuki-studio.com\/Blog\/wp-content\/uploads\/2023\/11\/Kimitachi_wa_do_Ikiru_ka_The_Boy_and_The_Heron-212x300.jpg\" alt=\"\" width=\"101\" height=\"143\" srcset=\"https:\/\/nekotsuki-studio.com\/Blog\/wp-content\/uploads\/2023\/11\/Kimitachi_wa_do_Ikiru_ka_The_Boy_and_The_Heron-212x300.jpg 212w, https:\/\/nekotsuki-studio.com\/Blog\/wp-content\/uploads\/2023\/11\/Kimitachi_wa_do_Ikiru_ka_The_Boy_and_The_Heron-724x1024.jpg 724w, https:\/\/nekotsuki-studio.com\/Blog\/wp-content\/uploads\/2023\/11\/Kimitachi_wa_do_Ikiru_ka_The_Boy_and_The_Heron-768x1087.jpg 768w, https:\/\/nekotsuki-studio.com\/Blog\/wp-content\/uploads\/2023\/11\/Kimitachi_wa_do_Ikiru_ka_The_Boy_and_The_Heron.jpg 1060w\" sizes=\"auto, (max-width: 101px) 100vw, 101px\" \/><\/a>\u00a0<a href=\"https:\/\/nekotsuki-studio.com\/Blog\/forum\/box-office\/kimitachi-ha-dou-ikiru-ka-the-boy-and-the-heron-tres-bien-parti-_\/page-3\/#p14587\">Kimitachi ha dou Ikiru ka \/ The Boy and The Heron [\u21b5]<\/a><\/b><\/span><\/p>\n<\/td>\n<td bgcolor=\"#ccffff\" width=\"67\">\n<p align=\"center\"><span style=\"color: #000000;\">38<\/span><\/p>\n<\/td>\n<td bgcolor=\"#ccffff\" width=\"99\">\n<p align=\"center\"><span style=\"color: #000000;\">+74.5<\/span><\/p>\n<\/td>\n<td bgcolor=\"#ccffff\" width=\"167\">\n<p align=\"center\"><span style=\"color: #000000;\">258.6 millions de $<\/span><\/p>\n<p align=\"center\"><span style=\"color: #000000;\">(273.2 millions de $)<\/span><\/p>\n<\/td>\n<\/tr>\n<tr valign=\"top\">\n<td bgcolor=\"#99ccff\" width=\"17\">\n<p align=\"center\"><span style=\"color: #000000;\">3<\/span><\/p>\n<\/td>\n<td bgcolor=\"#99ccff\" width=\"251\">\n<p align=\"center\"><span style=\"color: #000000;\"><b><a href=\"https:\/\/nekotsuki-studio.com\/Blog\/wp-content\/uploads\/2024\/03\/Kung_Fu_Panda_4.jpg\"><img loading=\"lazy\" decoding=\"async\" class=\"alignleft wp-image-8434\" src=\"https:\/\/nekotsuki-studio.com\/Blog\/wp-content\/uploads\/2024\/03\/Kung_Fu_Panda_4-189x300.jpg\" alt=\"\" width=\"101\" height=\"160\" srcset=\"https:\/\/nekotsuki-studio.com\/Blog\/wp-content\/uploads\/2024\/03\/Kung_Fu_Panda_4-189x300.jpg 189w, https:\/\/nekotsuki-studio.com\/Blog\/wp-content\/uploads\/2024\/03\/Kung_Fu_Panda_4-646x1024.jpg 646w, https:\/\/nekotsuki-studio.com\/Blog\/wp-content\/uploads\/2024\/03\/Kung_Fu_Panda_4-768x1216.jpg 768w, https:\/\/nekotsuki-studio.com\/Blog\/wp-content\/uploads\/2024\/03\/Kung_Fu_Panda_4.jpg 947w\" sizes=\"auto, (max-width: 101px) 100vw, 101px\" \/><\/a>\u00a0<a href=\"https:\/\/nekotsuki-studio.com\/Blog\/forum\/box-office\/kung-fu-panda-4-la-relance\/#p14586\">Kung Fu Panda 4 [\u21b5]<\/a><\/b><\/span><\/p>\n<\/td>\n<td bgcolor=\"#99ccff\" width=\"67\">\n<p align=\"center\"><span style=\"color: #000000;\">5<\/span><\/p>\n<\/td>\n<td bgcolor=\"#99ccff\" width=\"99\">\n<p align=\"center\"><span style=\"color: #000000;\">+63.4<\/span><\/p>\n<\/td>\n<td bgcolor=\"#99ccff\" width=\"167\">\n<p align=\"center\"><span style=\"color: #000000;\">409.5millions de $<\/span><\/p>\n<\/td>\n<\/tr>\n<tr valign=\"top\">\n<td bgcolor=\"#ccffff\" width=\"17\">\n<p align=\"center\"><span style=\"color: #000000;\">4<\/span><\/p>\n<\/td>\n<td bgcolor=\"#ccffff\" width=\"251\">\n<p align=\"center\"><span style=\"color: #000000;\"><b><a href=\"https:\/\/nekotsuki-studio.com\/Blog\/wp-content\/uploads\/2024\/03\/Dune_Part_Two.jpg\"><img loading=\"lazy\" decoding=\"async\" class=\"alignleft wp-image-8378\" src=\"https:\/\/nekotsuki-studio.com\/Blog\/wp-content\/uploads\/2024\/03\/Dune_Part_Two-206x300.jpg\" alt=\"\" width=\"101\" height=\"147\" srcset=\"https:\/\/nekotsuki-studio.com\/Blog\/wp-content\/uploads\/2024\/03\/Dune_Part_Two-206x300.jpg 206w, https:\/\/nekotsuki-studio.com\/Blog\/wp-content\/uploads\/2024\/03\/Dune_Part_Two-702x1024.jpg 702w, https:\/\/nekotsuki-studio.com\/Blog\/wp-content\/uploads\/2024\/03\/Dune_Part_Two-768x1120.jpg 768w, https:\/\/nekotsuki-studio.com\/Blog\/wp-content\/uploads\/2024\/03\/Dune_Part_Two.jpg 1029w\" sizes=\"auto, (max-width: 101px) 100vw, 101px\" \/><\/a>\u00a0<a href=\"https:\/\/nekotsuki-studio.com\/Blog\/forum\/box-office\/dune-part-two-blockbuster-previsible-p\/#p14585\">Dune : Part Two [\u21b5]<\/a><\/b><\/span><\/p>\n<\/td>\n<td bgcolor=\"#ccffff\" width=\"67\">\n<p align=\"center\"><span style=\"color: #000000;\">6<\/span><\/p>\n<\/td>\n<td bgcolor=\"#ccffff\" width=\"99\">\n<p align=\"center\"><span style=\"color: #000000;\">+38.2<\/span><\/p>\n<\/td>\n<td bgcolor=\"#ccffff\" width=\"167\">\n<p align=\"center\"><span style=\"color: #000000;\">665.5millions de $<\/span><\/p>\n<\/td>\n<\/tr>\n<tr valign=\"top\">\n<td bgcolor=\"#99ccff\" width=\"17\">\n<p align=\"center\"><span style=\"color: #000000;\">5<\/span><\/p>\n<\/td>\n<td bgcolor=\"#99ccff\" width=\"251\">\n<p align=\"center\"><span style=\"color: #000000;\"><b><a href=\"https:\/\/nekotsuki-studio.com\/Blog\/wp-content\/uploads\/2024\/03\/Ghostbusters_Frozen_Empire.jpg\"><img loading=\"lazy\" decoding=\"async\" class=\"alignleft wp-image-8516\" src=\"https:\/\/nekotsuki-studio.com\/Blog\/wp-content\/uploads\/2024\/03\/Ghostbusters_Frozen_Empire-202x300.jpg\" alt=\"\" width=\"101\" height=\"150\" srcset=\"https:\/\/nekotsuki-studio.com\/Blog\/wp-content\/uploads\/2024\/03\/Ghostbusters_Frozen_Empire-202x300.jpg 202w, https:\/\/nekotsuki-studio.com\/Blog\/wp-content\/uploads\/2024\/03\/Ghostbusters_Frozen_Empire-689x1024.jpg 689w, https:\/\/nekotsuki-studio.com\/Blog\/wp-content\/uploads\/2024\/03\/Ghostbusters_Frozen_Empire-768x1141.jpg 768w, https:\/\/nekotsuki-studio.com\/Blog\/wp-content\/uploads\/2024\/03\/Ghostbusters_Frozen_Empire.jpg 1010w\" sizes=\"auto, (max-width: 101px) 100vw, 101px\" \/><\/a>\u00a0<a href=\"https:\/\/nekotsuki-studio.com\/Blog\/forum\/box-office\/ghostbusters-frozen-empire-le-renouveau-de-la-licence\/#p14584\">Ghostbusters : Frozen Empire [\u21b5]<\/a><\/b><\/span><\/p>\n<\/td>\n<td bgcolor=\"#99ccff\" width=\"67\">\n<p align=\"center\"><span style=\"color: #000000;\">3<\/span><\/p>\n<\/td>\n<td bgcolor=\"#99ccff\" width=\"99\">\n<p align=\"center\"><span style=\"color: #000000;\">+29.8<\/span><\/p>\n<\/td>\n<td bgcolor=\"#99ccff\" width=\"167\">\n<p align=\"center\"><span style=\"color: #000000;\">138.8millions de $<\/span><\/p>\n<\/td>\n<\/tr>\n<tr valign=\"top\">\n<td bgcolor=\"#ffffcc\" width=\"17\">\n<p align=\"center\"><span style=\"color: #000000;\">6<\/span><\/p>\n<\/td>\n<td bgcolor=\"#ffffcc\" width=\"251\">\n<p align=\"center\"><span style=\"color: #000000;\"><b><a href=\"https:\/\/nekotsuki-studio.com\/Blog\/wp-content\/uploads\/2023\/03\/Epic_Tails.jpg\"><img loading=\"lazy\" decoding=\"async\" class=\"alignleft wp-image-5918\" src=\"https:\/\/nekotsuki-studio.com\/Blog\/wp-content\/uploads\/2023\/03\/Epic_Tails-203x300.jpg\" alt=\"\" width=\"101\" height=\"150\" srcset=\"https:\/\/nekotsuki-studio.com\/Blog\/wp-content\/uploads\/2023\/03\/Epic_Tails-203x300.jpg 203w, https:\/\/nekotsuki-studio.com\/Blog\/wp-content\/uploads\/2023\/03\/Epic_Tails-691x1024.jpg 691w, https:\/\/nekotsuki-studio.com\/Blog\/wp-content\/uploads\/2023\/03\/Epic_Tails-768x1138.jpg 768w, https:\/\/nekotsuki-studio.com\/Blog\/wp-content\/uploads\/2023\/03\/Epic_Tails-1037x1536.jpg 1037w, https:\/\/nekotsuki-studio.com\/Blog\/wp-content\/uploads\/2023\/03\/Epic_Tails-1382x2048.jpg 1382w, https:\/\/nekotsuki-studio.com\/Blog\/wp-content\/uploads\/2023\/03\/Epic_Tails.jpg 1728w\" sizes=\"auto, (max-width: 101px) 100vw, 101px\" \/><\/a>\u00a0<a href=\"https:\/\/nekotsuki-studio.com\/Blog\/forum\/box-office\/pattie-et-la-colere-de-poseidon-demarre-bien-_\/#p14583\">Epic Tails \/ Argonuts (2023) [\u21b5]<\/a><\/b><\/span><\/p>\n<\/td>\n<td bgcolor=\"#ffffcc\" width=\"67\">\n<p align=\"center\"><span style=\"color: #000000;\">(20)<\/span><\/p>\n<\/td>\n<td bgcolor=\"#ffffcc\" width=\"99\">\n<p align=\"center\"><span style=\"color: #000000;\">+2.4<\/span><\/p>\n<\/td>\n<td bgcolor=\"#ffffcc\" width=\"167\">\n<p align=\"center\"><span style=\"color: #000000;\">14.8 millions de $<\/span><\/p>\n<\/td>\n<\/tr>\n<tr valign=\"top\">\n<td bgcolor=\"#99ccff\" width=\"17\">\n<p align=\"center\"><span style=\"color: #000000;\">7<\/span><\/p>\n<\/td>\n<td bgcolor=\"#99ccff\" width=\"251\">\n<p align=\"center\"><span style=\"color: #000000;\"><b><a href=\"https:\/\/nekotsuki-studio.com\/Blog\/wp-content\/uploads\/2024\/02\/Madame_Web.jpg\"><img loading=\"lazy\" decoding=\"async\" class=\"alignleft wp-image-8282\" src=\"https:\/\/nekotsuki-studio.com\/Blog\/wp-content\/uploads\/2024\/02\/Madame_Web-202x300.jpg\" alt=\"\" width=\"101\" height=\"150\" srcset=\"https:\/\/nekotsuki-studio.com\/Blog\/wp-content\/uploads\/2024\/02\/Madame_Web-202x300.jpg 202w, https:\/\/nekotsuki-studio.com\/Blog\/wp-content\/uploads\/2024\/02\/Madame_Web-691x1024.jpg 691w, https:\/\/nekotsuki-studio.com\/Blog\/wp-content\/uploads\/2024\/02\/Madame_Web-768x1138.jpg 768w, https:\/\/nekotsuki-studio.com\/Blog\/wp-content\/uploads\/2024\/02\/Madame_Web.jpg 1012w\" sizes=\"auto, (max-width: 101px) 100vw, 101px\" \/><\/a>\u00a0Madame Web<\/b><\/span><\/p>\n<\/td>\n<td bgcolor=\"#99ccff\" width=\"67\">\n<p align=\"center\"><span style=\"color: #000000;\">8<\/span><\/p>\n<\/td>\n<td bgcolor=\"#99ccff\" width=\"99\">\n<p align=\"center\"><span style=\"color: #000000;\">+0.5<\/span><\/p>\n<\/td>\n<td bgcolor=\"#99ccff\" width=\"167\">\n<p align=\"center\"><span style=\"color: #000000;\">99.8millions de $<\/span><\/p>\n<\/td>\n<\/tr>\n<tr valign=\"top\">\n<td bgcolor=\"#ccffff\" width=\"17\">\n<p align=\"center\"><span style=\"color: #000000;\">8<\/span><\/p>\n<\/td>\n<td bgcolor=\"#ccffff\" width=\"251\">\n<p align=\"center\"><span style=\"color: #000000;\"><b><a href=\"https:\/\/nekotsuki-studio.com\/Blog\/wp-content\/uploads\/2023\/12\/Migration_US.jpg\"><img loading=\"lazy\" decoding=\"async\" class=\"alignleft wp-image-7816\" src=\"https:\/\/nekotsuki-studio.com\/Blog\/wp-content\/uploads\/2023\/12\/Migration_US-189x300.jpg\" alt=\"\" width=\"101\" height=\"160\" srcset=\"https:\/\/nekotsuki-studio.com\/Blog\/wp-content\/uploads\/2023\/12\/Migration_US-189x300.jpg 189w, https:\/\/nekotsuki-studio.com\/Blog\/wp-content\/uploads\/2023\/12\/Migration_US-646x1024.jpg 646w, https:\/\/nekotsuki-studio.com\/Blog\/wp-content\/uploads\/2023\/12\/Migration_US-768x1216.jpg 768w, https:\/\/nekotsuki-studio.com\/Blog\/wp-content\/uploads\/2023\/12\/Migration_US.jpg 947w\" sizes=\"auto, (max-width: 101px) 100vw, 101px\" \/><\/a>\u00a0Migration<\/b><\/span><\/p>\n<\/td>\n<td bgcolor=\"#ccffff\" width=\"67\">\n<p align=\"center\"><span style=\"color: #000000;\">15<\/span><\/p>\n<\/td>\n<td bgcolor=\"#ccffff\" width=\"99\">\n<p align=\"center\"><span style=\"color: #000000;\">+0.1<\/span><\/p>\n<\/td>\n<td bgcolor=\"#ccffff\" width=\"167\">\n<p align=\"center\"><span style=\"color: #000000;\">292.2millions de $<\/span><\/p>\n<\/td>\n<\/tr>\n<\/tbody>\n<\/table>\n","protected":false},"excerpt":{"rendered":"<p>Box Office Mondial Animation \/ VFX : 2024 &#8211; Semaine 14 (01\/04 \u2013 07\/04) \u21d0\u00a0Semaine pr\u00e9c\u00e9dente &#8211; (Retour \u00e0 l&rsquo;accueil \u21b5) &#8211; Semaine Suivante \u21d2 Pour lire l&rsquo;analyse des chiffres, cliquez sur les titres de film suivis d&rsquo;un [\u21b5] n\u00b0 &hellip; <a href=\"https:\/\/nekotsuki-studio.com\/Blog\/bo-2024-w-14\/\">Continued<\/a><\/p>\n","protected":false},"author":1,"featured_media":0,"parent":0,"menu_order":0,"comment_status":"closed","ping_status":"closed","template":"","meta":{"footnotes":""},"class_list":["post-8610","page","type-page","status-publish","hentry"],"jetpack_sharing_enabled":true,"_links":{"self":[{"href":"https:\/\/nekotsuki-studio.com\/Blog\/wp-json\/wp\/v2\/pages\/8610","targetHints":{"allow":["GET"]}}],"collection":[{"href":"https:\/\/nekotsuki-studio.com\/Blog\/wp-json\/wp\/v2\/pages"}],"about":[{"href":"https:\/\/nekotsuki-studio.com\/Blog\/wp-json\/wp\/v2\/types\/page"}],"author":[{"embeddable":true,"href":"https:\/\/nekotsuki-studio.com\/Blog\/wp-json\/wp\/v2\/users\/1"}],"replies":[{"embeddable":true,"href":"https:\/\/nekotsuki-studio.com\/Blog\/wp-json\/wp\/v2\/comments?post=8610"}],"version-history":[{"count":9,"href":"https:\/\/nekotsuki-studio.com\/Blog\/wp-json\/wp\/v2\/pages\/8610\/revisions"}],"predecessor-version":[{"id":8672,"href":"https:\/\/nekotsuki-studio.com\/Blog\/wp-json\/wp\/v2\/pages\/8610\/revisions\/8672"}],"wp:attachment":[{"href":"https:\/\/nekotsuki-studio.com\/Blog\/wp-json\/wp\/v2\/media?parent=8610"}],"curies":[{"name":"wp","href":"https:\/\/api.w.org\/{rel}","templated":true}]}}