{"id":7555,"date":"2023-11-23T16:00:26","date_gmt":"2023-11-23T15:00:26","guid":{"rendered":"https:\/\/nekotsuki-studio.com\/Blog\/?page_id=7555"},"modified":"2023-12-01T11:47:25","modified_gmt":"2023-12-01T10:47:25","slug":"bo-2023-f-46","status":"publish","type":"page","link":"https:\/\/nekotsuki-studio.com\/Blog\/bo-2023-f-46\/","title":{"rendered":"BO-2023-F-46"},"content":{"rendered":"<p style=\"text-align: center;\" align=\"CENTER\"><span style=\"font-size: large; color: #99ccff;\"><b>Box Office France Animation \/ VFX :<\/b><\/span><\/p>\n<p style=\"text-align: center;\" align=\"CENTER\"><span style=\"font-size: large; color: #99ccff;\"><b>2023 &#8211; Semaine 46 (15\/11 &#8211; 21<\/b><\/span><span style=\"font-size: large; color: #99ccff;\"><b>\/11)<\/b><\/span><\/p>\n<p style=\"text-align: center;\" align=\"CENTER\"><span style=\"color: #ccffff;\"><a style=\"color: #ccffff;\" href=\"https:\/\/nekotsuki-studio.com\/Blog\/bo-2023-f-45\/\"><strong>\u21d0\u00a0Semai<\/strong><strong>ne pr\u00e9c\u00e9de<\/strong><strong>nte<\/strong><\/a> &#8211; (<a style=\"color: #ccffff;\" href=\"https:\/\/nekotsuki-studio.com\/Blog\/box-office-accueil\/\">Retour \u00e0 l&rsquo;accueil \u21b5<\/a>) &#8211; <a style=\"color: #ccffff;\" href=\"https:\/\/nekotsuki-studio.com\/Blog\/bo-2023-f-47\/\"><strong>Semaine Suivante \u21d2<\/strong><\/a><\/span><\/p>\n<p align=\"CENTER\"><span style=\"color: #99ccff;\">Pour lire l&rsquo;analyse des chiffres, cliquez sur les titres de film suivis d&rsquo;un <strong><span style=\"color: #ccffff;\">[\u21b5]<\/span><\/strong><\/span><\/p>\n<table width=\"100%\" cellspacing=\"0\" cellpadding=\"4\">\n<tbody>\n<tr valign=\"top\">\n<td bgcolor=\"#00b8ff\" width=\"4%\" height=\"35\">\n<p align=\"center\"><span style=\"color: #000000;\"><b>n\u00b0<\/b><\/span><\/p>\n<\/td>\n<td bgcolor=\"#00b8ff\" width=\"7%\">\n<p align=\"center\"><span style=\"color: #000000;\"><b>Top<\/b><\/span><\/p>\n<p align=\"center\"><span style=\"color: #000000;\"><b>100<\/b><\/span><\/p>\n<\/td>\n<td bgcolor=\"#00b8ff\" width=\"39%\">\n<p align=\"center\"><span style=\"color: #000000;\"><b>Titre<\/b><\/span><\/p>\n<\/td>\n<td bgcolor=\"#00b8ff\" width=\"11%\">\n<p align=\"center\"><span style=\"color: #000000;\"><b>Semaine<\/b><\/span><\/p>\n<\/td>\n<td bgcolor=\"#00b8ff\" width=\"9%\">\n<p align=\"center\"><span style=\"color: #000000;\"><b>Copies<\/b><\/span><\/p>\n<\/td>\n<td bgcolor=\"#00b8ff\" width=\"16%\">\n<p align=\"center\"><span style=\"color: #000000;\"><b>\u00c9volution<\/b><\/span><\/p>\n<p align=\"center\"><span style=\"color: #000000;\"><b>(spectateurs)<\/b><\/span><\/p>\n<\/td>\n<td bgcolor=\"#00b8ff\" width=\"13%\">\n<p align=\"center\"><span style=\"color: #000000;\"><b>Score total<\/b><\/span><\/p>\n<\/td>\n<\/tr>\n<tr valign=\"top\">\n<td bgcolor=\"#99ccff\" width=\"4%\" height=\"36\">\n<p align=\"center\"><span style=\"color: #000000;\"><b>1<\/b><\/span><\/p>\n<\/td>\n<td bgcolor=\"#99ccff\" width=\"7%\">\n<p align=\"center\"><span style=\"color: #000000;\">2<\/span><\/p>\n<p align=\"center\"><strong><span style=\"color: #339966;\">(+2)<\/span><\/strong><\/p>\n<\/td>\n<td bgcolor=\"#99ccff\" width=\"39%\">\n<p align=\"center\"><span style=\"color: #000000;\"><b><a href=\"https:\/\/nekotsuki-studio.com\/Blog\/wp-content\/uploads\/2023\/11\/Le-Garcon-et-le-Heron.jpg\"><img loading=\"lazy\" decoding=\"async\" class=\"alignleft wp-image-7450\" src=\"https:\/\/nekotsuki-studio.com\/Blog\/wp-content\/uploads\/2023\/11\/Le-Garcon-et-le-Heron-221x300.jpg\" alt=\"\" width=\"101\" height=\"137\" srcset=\"https:\/\/nekotsuki-studio.com\/Blog\/wp-content\/uploads\/2023\/11\/Le-Garcon-et-le-Heron-221x300.jpg 221w, https:\/\/nekotsuki-studio.com\/Blog\/wp-content\/uploads\/2023\/11\/Le-Garcon-et-le-Heron-753x1024.jpg 753w, https:\/\/nekotsuki-studio.com\/Blog\/wp-content\/uploads\/2023\/11\/Le-Garcon-et-le-Heron-768x1044.jpg 768w, https:\/\/nekotsuki-studio.com\/Blog\/wp-content\/uploads\/2023\/11\/Le-Garcon-et-le-Heron-1130x1536.jpg 1130w, https:\/\/nekotsuki-studio.com\/Blog\/wp-content\/uploads\/2023\/11\/Le-Garcon-et-le-Heron.jpg 1471w\" sizes=\"auto, (max-width: 101px) 100vw, 101px\" \/><\/a>\u00a0<a href=\"https:\/\/nekotsuki-studio.com\/Blog\/forum\/box-office\/kimitachi-ha-dou-ikiru-ka-the-boy-and-the-heron-tres-bien-parti-_\/#p14161\">Le Gar\u00e7on et le H\u00e9ron [\u21b5]<\/a><\/b><\/span><\/p>\n<\/td>\n<td bgcolor=\"#99ccff\" width=\"11%\">\n<p align=\"center\"><span style=\"color: #000000;\">3<\/span><\/p>\n<\/td>\n<td bgcolor=\"#99ccff\" width=\"9%\">\n<p align=\"center\"><span style=\"color: #000000;\">744<\/span><\/p>\n<\/td>\n<td bgcolor=\"#99ccff\" width=\"16%\">\n<p align=\"center\"><span style=\"color: #000000;\">+211.402<\/span><\/p>\n<p align=\"center\"><span style=\"color: #000000;\">(-33%<\/span> <span style=\"color: #dc2300;\">\u25bc<\/span><span style=\"color: #000000;\">)<\/span><\/p>\n<\/td>\n<td bgcolor=\"#99ccff\" width=\"13%\">\n<p align=\"center\"><span style=\"color: #000000;\">1.230.940<\/span><\/p>\n<\/td>\n<\/tr>\n<tr valign=\"top\">\n<td bgcolor=\"#ccffff\" width=\"4%\" height=\"36\">\n<p align=\"center\"><span style=\"color: #000000;\"><b>2<\/b><\/span><\/p>\n<\/td>\n<td bgcolor=\"#ccffff\" width=\"7%\">\n<p align=\"center\"><span style=\"color: #000000;\">4<\/span><\/p>\n<p align=\"center\"><strong><span style=\"color: #000000;\">(-2)<\/span><\/strong><\/p>\n<\/td>\n<td bgcolor=\"#ccffff\" width=\"39%\">\n<p align=\"center\"><span style=\"color: #000000;\"><b><a href=\"https:\/\/nekotsuki-studio.com\/Blog\/wp-content\/uploads\/2023\/11\/The_Marvels_VF.jpg\"><img loading=\"lazy\" decoding=\"async\" class=\"alignleft wp-image-7498\" src=\"https:\/\/nekotsuki-studio.com\/Blog\/wp-content\/uploads\/2023\/11\/The_Marvels_VF-220x300.jpg\" alt=\"\" width=\"101\" height=\"138\" srcset=\"https:\/\/nekotsuki-studio.com\/Blog\/wp-content\/uploads\/2023\/11\/The_Marvels_VF-220x300.jpg 220w, https:\/\/nekotsuki-studio.com\/Blog\/wp-content\/uploads\/2023\/11\/The_Marvels_VF.jpg 658w\" sizes=\"auto, (max-width: 101px) 100vw, 101px\" \/><\/a>\u00a0<a href=\"https:\/\/nekotsuki-studio.com\/Blog\/forum\/box-office\/the-marvels-et-les-potentielles-raison-de-son-echec\/#p14160\">The Marvels [\u21b5]<\/a><\/b><\/span><\/p>\n<\/td>\n<td bgcolor=\"#ccffff\" width=\"11%\">\n<p align=\"center\"><span style=\"color: #000000;\">2<\/span><\/p>\n<\/td>\n<td bgcolor=\"#ccffff\" width=\"9%\">\n<p align=\"center\"><span style=\"color: #000000;\">543<\/span><\/p>\n<\/td>\n<td bgcolor=\"#ccffff\" width=\"16%\">\n<p align=\"center\"><span style=\"color: #000000;\">+183.845<\/span><\/p>\n<p align=\"center\"><span style=\"color: #000000;\">(-50%<\/span> <span style=\"color: #dc2300;\">\u25bc<\/span><span style=\"color: #000000;\">)<\/span><\/p>\n<\/td>\n<td bgcolor=\"#ccffff\" width=\"13%\">\n<p align=\"center\"><span style=\"color: #000000;\">552.852<\/span><\/p>\n<\/td>\n<\/tr>\n<tr valign=\"top\">\n<td bgcolor=\"#99ccff\" width=\"4%\" height=\"36\">\n<p align=\"center\"><span style=\"color: #000000;\"><b>3<\/b><\/span><\/p>\n<\/td>\n<td bgcolor=\"#99ccff\" width=\"7%\">\n<p align=\"center\"><span style=\"color: #000000;\">15<\/span><\/p>\n<p align=\"center\"><strong><span style=\"color: #ff0000;\">(-4)<\/span><\/strong><\/p>\n<\/td>\n<td bgcolor=\"#99ccff\" width=\"39%\">\n<p align=\"center\"><span style=\"color: #000000;\"><b><a href=\"https:\/\/nekotsuki-studio.com\/Blog\/wp-content\/uploads\/2023\/10\/Les-Trolls-3.jpeg\"><img loading=\"lazy\" decoding=\"async\" class=\"alignleft wp-image-7348\" src=\"https:\/\/nekotsuki-studio.com\/Blog\/wp-content\/uploads\/2023\/10\/Les-Trolls-3-221x300.jpeg\" alt=\"\" width=\"101\" height=\"137\" srcset=\"https:\/\/nekotsuki-studio.com\/Blog\/wp-content\/uploads\/2023\/10\/Les-Trolls-3-221x300.jpeg 221w, https:\/\/nekotsuki-studio.com\/Blog\/wp-content\/uploads\/2023\/10\/Les-Trolls-3-754x1024.jpeg 754w, https:\/\/nekotsuki-studio.com\/Blog\/wp-content\/uploads\/2023\/10\/Les-Trolls-3-768x1043.jpeg 768w, https:\/\/nekotsuki-studio.com\/Blog\/wp-content\/uploads\/2023\/10\/Les-Trolls-3.jpeg 900w\" sizes=\"auto, (max-width: 101px) 100vw, 101px\" \/><\/a>\u00a0<a href=\"https:\/\/nekotsuki-studio.com\/Blog\/forum\/box-office\/trolls-band-together-one-last-time-p\/#p14159\">Les Trolls 3 [\u21b5]<\/a><\/b><\/span><\/p>\n<\/td>\n<td bgcolor=\"#99ccff\" width=\"11%\">\n<p align=\"center\"><span style=\"color: #000000;\">5<\/span><\/p>\n<\/td>\n<td bgcolor=\"#99ccff\" width=\"9%\">\n<p align=\"center\"><span style=\"color: #000000;\">625<\/span><\/p>\n<\/td>\n<td bgcolor=\"#99ccff\" width=\"16%\">\n<p align=\"center\"><span style=\"color: #000000;\">+44.297<\/span><\/p>\n<p align=\"center\"><span style=\"color: #000000;\">(-42%<\/span> <span style=\"color: #dc2300;\">\u25bc<\/span><span style=\"color: #000000;\">)<\/span><\/p>\n<\/td>\n<td bgcolor=\"#99ccff\" width=\"13%\">\n<p align=\"center\"><span style=\"color: #000000;\">1.407.438<\/span><\/p>\n<\/td>\n<\/tr>\n<tr valign=\"top\">\n<td bgcolor=\"#ccffff\" width=\"4%\" height=\"36\">\n<p align=\"center\"><span style=\"color: #000000;\"><b>4<\/b><\/span><\/p>\n<\/td>\n<td bgcolor=\"#ccffff\" width=\"7%\">\n<p align=\"center\"><span style=\"color: #000000;\">18<\/span><\/p>\n<p align=\"center\"><strong><span style=\"color: #ff0000;\">(-6)<\/span><\/strong><\/p>\n<\/td>\n<td bgcolor=\"#ccffff\" width=\"39%\">\n<p align=\"center\"><span style=\"color: #000000;\"><b><a href=\"https:\/\/nekotsuki-studio.com\/Blog\/wp-content\/uploads\/2023\/10\/La-Pat-Patrouille-2.jpeg\"><img loading=\"lazy\" decoding=\"async\" class=\"alignleft wp-image-7306\" src=\"https:\/\/nekotsuki-studio.com\/Blog\/wp-content\/uploads\/2023\/10\/La-Pat-Patrouille-2-225x300.jpeg\" alt=\"\" width=\"101\" height=\"135\" srcset=\"https:\/\/nekotsuki-studio.com\/Blog\/wp-content\/uploads\/2023\/10\/La-Pat-Patrouille-2-225x300.jpeg 225w, https:\/\/nekotsuki-studio.com\/Blog\/wp-content\/uploads\/2023\/10\/La-Pat-Patrouille-2-768x1024.jpeg 768w, https:\/\/nekotsuki-studio.com\/Blog\/wp-content\/uploads\/2023\/10\/La-Pat-Patrouille-2.jpeg 810w\" sizes=\"auto, (max-width: 101px) 100vw, 101px\" \/><\/a>\u00a0<a href=\"https:\/\/nekotsuki-studio.com\/Blog\/forum\/box-office\/paw-patrol-the-mighty-movie-qui-sera-plus-fort-que-la-pat-patrouille-personne-p\/#p14158\">La Pat Patrouille : La Super Patrouille [\u21b5]<\/a><\/b><\/span><\/p>\n<\/td>\n<td bgcolor=\"#ccffff\" width=\"11%\">\n<p align=\"center\"><span style=\"color: #000000;\">6<\/span><\/p>\n<\/td>\n<td bgcolor=\"#ccffff\" width=\"9%\">\n<p align=\"center\"><span style=\"color: #000000;\">520<\/span><\/p>\n<\/td>\n<td bgcolor=\"#ccffff\" width=\"16%\">\n<p align=\"center\"><span style=\"color: #000000;\">+40.089<\/span><\/p>\n<p align=\"center\"><span style=\"color: #000000;\">(-47%<\/span> <span style=\"color: #dc2300;\">\u25bc<\/span><span style=\"color: #000000;\">)<\/span><\/p>\n<\/td>\n<td bgcolor=\"#ccffff\" width=\"13%\">\n<p align=\"center\"><span style=\"color: #000000;\">2.273.691<\/span><\/p>\n<\/td>\n<\/tr>\n<tr valign=\"top\">\n<td bgcolor=\"#99ccff\" width=\"4%\" height=\"36\">\n<p align=\"center\"><span style=\"color: #000000;\"><b>5<\/b><\/span><\/p>\n<\/td>\n<td bgcolor=\"#99ccff\" width=\"7%\">\n<p align=\"center\"><span style=\"color: #000000;\">44<\/span><\/p>\n<p align=\"center\"><strong><span style=\"color: #ff0000;\">(-12)<\/span><\/strong><\/p>\n<\/td>\n<td bgcolor=\"#99ccff\" width=\"39%\">\n<p align=\"center\"><span style=\"color: #000000;\"><b><a href=\"https:\/\/nekotsuki-studio.com\/Blog\/wp-content\/uploads\/2023\/11\/Katak-le-Brave-Beluga.jpg\"><img loading=\"lazy\" decoding=\"async\" class=\"alignleft wp-image-7388\" src=\"https:\/\/nekotsuki-studio.com\/Blog\/wp-content\/uploads\/2023\/11\/Katak-le-Brave-Beluga-203x300.jpg\" alt=\"\" width=\"101\" height=\"150\" srcset=\"https:\/\/nekotsuki-studio.com\/Blog\/wp-content\/uploads\/2023\/11\/Katak-le-Brave-Beluga-203x300.jpg 203w, https:\/\/nekotsuki-studio.com\/Blog\/wp-content\/uploads\/2023\/11\/Katak-le-Brave-Beluga-691x1024.jpg 691w, https:\/\/nekotsuki-studio.com\/Blog\/wp-content\/uploads\/2023\/11\/Katak-le-Brave-Beluga.jpg 729w\" sizes=\"auto, (max-width: 101px) 100vw, 101px\" \/><\/a>\u00a0Katak Le Brave B\u00e9luga<\/b><\/span><\/p>\n<\/td>\n<td bgcolor=\"#99ccff\" width=\"11%\">\n<p align=\"center\"><span style=\"color: #000000;\">4<\/span><\/p>\n<\/td>\n<td bgcolor=\"#99ccff\" width=\"9%\">\n<p align=\"center\"><span style=\"color: #000000;\">170<\/span><\/p>\n<\/td>\n<td bgcolor=\"#99ccff\" width=\"16%\">\n<p align=\"center\"><span style=\"color: #000000;\">+4691<\/span><\/p>\n<p align=\"center\"><span style=\"color: #000000;\">(-29%<\/span> <span style=\"color: #ff950e;\">\u25bc<\/span><span style=\"color: #000000;\">)<\/span><\/p>\n<\/td>\n<td bgcolor=\"#99ccff\" width=\"13%\">\n<p align=\"center\"><span style=\"color: #000000;\">101.847<\/span><\/p>\n<\/td>\n<\/tr>\n<tr valign=\"top\">\n<td bgcolor=\"#ccffff\" width=\"4%\" height=\"36\">\n<p align=\"center\"><span style=\"color: #000000;\"><b>6<\/b><\/span><\/p>\n<\/td>\n<td bgcolor=\"#ccffff\" width=\"7%\">\n<p align=\"center\"><span style=\"color: #000000;\">46<\/span><\/p>\n<p align=\"center\"><strong><span style=\"color: #ff0000;\">(-13)<\/span><\/strong><\/p>\n<\/td>\n<td bgcolor=\"#ccffff\" width=\"39%\">\n<p align=\"center\"><span style=\"color: #000000;\"><b><a href=\"https:\/\/nekotsuki-studio.com\/Blog\/wp-content\/uploads\/2023\/10\/Linda-Veut-du-Poulet.jpg\"><img loading=\"lazy\" decoding=\"async\" class=\"alignleft wp-image-7349\" src=\"https:\/\/nekotsuki-studio.com\/Blog\/wp-content\/uploads\/2023\/10\/Linda-Veut-du-Poulet-225x300.jpg\" alt=\"\" width=\"101\" height=\"135\" srcset=\"https:\/\/nekotsuki-studio.com\/Blog\/wp-content\/uploads\/2023\/10\/Linda-Veut-du-Poulet-225x300.jpg 225w, https:\/\/nekotsuki-studio.com\/Blog\/wp-content\/uploads\/2023\/10\/Linda-Veut-du-Poulet-768x1024.jpg 768w, https:\/\/nekotsuki-studio.com\/Blog\/wp-content\/uploads\/2023\/10\/Linda-Veut-du-Poulet-1152x1536.jpg 1152w, https:\/\/nekotsuki-studio.com\/Blog\/wp-content\/uploads\/2023\/10\/Linda-Veut-du-Poulet-1536x2048.jpg 1536w, https:\/\/nekotsuki-studio.com\/Blog\/wp-content\/uploads\/2023\/10\/Linda-Veut-du-Poulet.jpg 1920w\" sizes=\"auto, (max-width: 101px) 100vw, 101px\" \/><\/a>\u00a0<a href=\"https:\/\/nekotsuki-studio.com\/Blog\/forum\/box-office\/linda-veut-du-poulet-et-des-spectateurs-aussi-ca-serait-pas-de-trop-p\/#p14157\">Linda Veut du Poulet [\u21b5]<\/a><\/b><\/span><\/p>\n<\/td>\n<td bgcolor=\"#ccffff\" width=\"11%\">\n<p align=\"center\"><span style=\"color: #000000;\">5<\/span><\/p>\n<\/td>\n<td bgcolor=\"#ccffff\" width=\"9%\">\n<p align=\"center\"><span style=\"color: #000000;\">153<\/span><\/p>\n<\/td>\n<td bgcolor=\"#ccffff\" width=\"16%\">\n<p align=\"center\"><span style=\"color: #000000;\">+3896<\/span><\/p>\n<p align=\"center\"><span style=\"color: #000000;\">(-35%<\/span> <span style=\"color: #dc2300;\">\u25bc<\/span><span style=\"color: #000000;\">)<\/span><\/p>\n<\/td>\n<td bgcolor=\"#ccffff\" width=\"13%\">\n<p align=\"center\"><span style=\"color: #000000;\">90.948<\/span><\/p>\n<\/td>\n<\/tr>\n<tr valign=\"top\">\n<td bgcolor=\"#99ccff\" width=\"4%\" height=\"36\">\n<p align=\"center\"><span style=\"color: #000000;\"><b>7<\/b><\/span><\/p>\n<\/td>\n<td bgcolor=\"#99ccff\" width=\"7%\">\n<p align=\"center\"><span style=\"color: #000000;\">48<\/span><\/p>\n<p align=\"center\"><strong><span style=\"color: #ff0000;\">(-9)<\/span><\/strong><\/p>\n<\/td>\n<td bgcolor=\"#99ccff\" width=\"39%\">\n<p align=\"center\"><span style=\"color: #000000;\"><b><a href=\"https:\/\/nekotsuki-studio.com\/Blog\/wp-content\/uploads\/2023\/10\/Nina-et-le-Secret-du-Herisson.jpeg\"><img loading=\"lazy\" decoding=\"async\" class=\"alignleft wp-image-7307\" src=\"https:\/\/nekotsuki-studio.com\/Blog\/wp-content\/uploads\/2023\/10\/Nina-et-le-Secret-du-Herisson-220x300.jpeg\" alt=\"\" width=\"101\" height=\"138\" srcset=\"https:\/\/nekotsuki-studio.com\/Blog\/wp-content\/uploads\/2023\/10\/Nina-et-le-Secret-du-Herisson-220x300.jpeg 220w, https:\/\/nekotsuki-studio.com\/Blog\/wp-content\/uploads\/2023\/10\/Nina-et-le-Secret-du-Herisson-751x1024.jpeg 751w, https:\/\/nekotsuki-studio.com\/Blog\/wp-content\/uploads\/2023\/10\/Nina-et-le-Secret-du-Herisson-768x1047.jpeg 768w, https:\/\/nekotsuki-studio.com\/Blog\/wp-content\/uploads\/2023\/10\/Nina-et-le-Secret-du-Herisson.jpeg 904w\" sizes=\"auto, (max-width: 101px) 100vw, 101px\" \/><\/a>\u00a0<a href=\"https:\/\/nekotsuki-studio.com\/Blog\/forum\/box-office\/nina-et-le-secret-du-herisson\/#p14156\">Nina et le Secret du H\u00e9risson [\u21b5]<\/a><\/b><\/span><\/p>\n<\/td>\n<td bgcolor=\"#99ccff\" width=\"11%\">\n<p align=\"center\"><span style=\"color: #000000;\">6<\/span><\/p>\n<\/td>\n<td bgcolor=\"#99ccff\" width=\"9%\">\n<p align=\"center\"><span style=\"color: #000000;\">91<\/span><\/p>\n<\/td>\n<td bgcolor=\"#99ccff\" width=\"16%\">\n<p align=\"center\"><span style=\"color: #000000;\">+3700<\/span><\/p>\n<p align=\"center\"><span style=\"color: #000000;\">(-30%<\/span> <span style=\"color: #ff950e;\">\u25bc<\/span><span style=\"color: #000000;\">)<\/span><\/p>\n<\/td>\n<td bgcolor=\"#99ccff\" width=\"13%\">\n<p align=\"center\"><span style=\"color: #000000;\">112.180<\/span><\/p>\n<\/td>\n<\/tr>\n<tr valign=\"top\">\n<td bgcolor=\"#ccffff\" width=\"4%\" height=\"36\">\n<p align=\"center\"><span style=\"color: #000000;\"><b>8<\/b><\/span><\/p>\n<\/td>\n<td bgcolor=\"#ccffff\" width=\"7%\">\n<p align=\"center\"><span style=\"color: #000000;\">50<\/span><\/p>\n<p align=\"center\"><strong><span style=\"color: #ff0000;\">(-8)<\/span><\/strong><\/p>\n<\/td>\n<td bgcolor=\"#ccffff\" width=\"39%\">\n<p align=\"center\"><span style=\"color: #000000;\"><b><a href=\"https:\/\/nekotsuki-studio.com\/Blog\/wp-content\/uploads\/2023\/09\/Le-Chateau-Solitaire-dans-le-Miroir.jpg\"><img loading=\"lazy\" decoding=\"async\" class=\"alignleft wp-image-7074\" src=\"https:\/\/nekotsuki-studio.com\/Blog\/wp-content\/uploads\/2023\/09\/Le-Chateau-Solitaire-dans-le-Miroir-225x300.jpg\" alt=\"\" width=\"101\" height=\"135\" srcset=\"https:\/\/nekotsuki-studio.com\/Blog\/wp-content\/uploads\/2023\/09\/Le-Chateau-Solitaire-dans-le-Miroir-225x300.jpg 225w, https:\/\/nekotsuki-studio.com\/Blog\/wp-content\/uploads\/2023\/09\/Le-Chateau-Solitaire-dans-le-Miroir-768x1024.jpg 768w, https:\/\/nekotsuki-studio.com\/Blog\/wp-content\/uploads\/2023\/09\/Le-Chateau-Solitaire-dans-le-Miroir-1152x1536.jpg 1152w, https:\/\/nekotsuki-studio.com\/Blog\/wp-content\/uploads\/2023\/09\/Le-Chateau-Solitaire-dans-le-Miroir.jpg 1200w\" sizes=\"auto, (max-width: 101px) 100vw, 101px\" \/><\/a>\u00a0<a href=\"https:\/\/nekotsuki-studio.com\/Blog\/forum\/box-office\/le-chateau-solitaire-dans-le-miroir-ou-la-lutte-pour-exister-en-septembre-dans-les-salles-_\/#p14155\">Le Ch\u00e2teau Solitaire dans le Miroir [\u21b5]<\/a><\/b><\/span><\/p>\n<\/td>\n<td bgcolor=\"#ccffff\" width=\"11%\">\n<p align=\"center\"><span style=\"color: #000000;\">11<\/span><\/p>\n<\/td>\n<td bgcolor=\"#ccffff\" width=\"9%\">\n<p align=\"center\"><span style=\"color: #000000;\">30<\/span><\/p>\n<\/td>\n<td bgcolor=\"#ccffff\" width=\"16%\">\n<p align=\"center\"><span style=\"color: #000000;\">+2402<\/span><\/p>\n<p align=\"center\"><span style=\"color: #000000;\">(-47%<\/span> <span style=\"color: #dc2300;\">\u25bc<\/span><span style=\"color: #000000;\">)<\/span><\/p>\n<\/td>\n<td bgcolor=\"#ccffff\" width=\"13%\">\n<p align=\"center\"><span style=\"color: #000000;\">68.085<\/span><\/p>\n<\/td>\n<\/tr>\n<tr valign=\"top\">\n<td bgcolor=\"#99ccff\" width=\"4%\" height=\"36\">\n<p align=\"center\"><span style=\"color: #000000;\"><b>9<\/b><\/span><\/p>\n<\/td>\n<td bgcolor=\"#99ccff\" width=\"7%\">\n<p align=\"center\"><span style=\"color: #000000;\">66<\/span><\/p>\n<p align=\"center\"><strong><span style=\"color: #ff0000;\">(-29)<\/span><\/strong><\/p>\n<\/td>\n<td bgcolor=\"#99ccff\" width=\"39%\">\n<p align=\"center\"><span style=\"color: #000000;\"><b><a href=\"https:\/\/nekotsuki-studio.com\/Blog\/wp-content\/uploads\/2023\/06\/Elemental_VF.png\"><img loading=\"lazy\" decoding=\"async\" class=\"alignleft wp-image-6480\" src=\"https:\/\/nekotsuki-studio.com\/Blog\/wp-content\/uploads\/2023\/06\/Elemental_VF-240x300.png\" alt=\"\" width=\"101\" height=\"126\" srcset=\"https:\/\/nekotsuki-studio.com\/Blog\/wp-content\/uploads\/2023\/06\/Elemental_VF-240x300.png 240w, https:\/\/nekotsuki-studio.com\/Blog\/wp-content\/uploads\/2023\/06\/Elemental_VF-819x1024.png 819w, https:\/\/nekotsuki-studio.com\/Blog\/wp-content\/uploads\/2023\/06\/Elemental_VF-768x960.png 768w, https:\/\/nekotsuki-studio.com\/Blog\/wp-content\/uploads\/2023\/06\/Elemental_VF.png 1080w\" sizes=\"auto, (max-width: 101px) 100vw, 101px\" \/><\/a>\u00a0\u00c9l\u00e9mentaire<\/b><\/span><\/p>\n<\/td>\n<td bgcolor=\"#99ccff\" width=\"11%\">\n<p align=\"center\"><span style=\"color: #000000;\">22<\/span><\/p>\n<\/td>\n<td bgcolor=\"#99ccff\" width=\"9%\">\n<p align=\"center\"><span style=\"color: #000000;\">10<\/span><\/p>\n<\/td>\n<td bgcolor=\"#99ccff\" width=\"16%\">\n<p align=\"center\"><span style=\"color: #000000;\">+825<\/span><\/p>\n<p align=\"center\"><span style=\"color: #000000;\">(-85%<\/span> <span style=\"color: #dc2300;\">\u25bc<\/span><span style=\"color: #000000;\">)<\/span><\/p>\n<\/td>\n<td bgcolor=\"#99ccff\" width=\"13%\">\n<p align=\"center\"><span style=\"color: #000000;\">3.189.684<\/span><\/p>\n<\/td>\n<\/tr>\n<tr valign=\"top\">\n<td bgcolor=\"#ccffff\" width=\"4%\" height=\"35\">\n<p align=\"center\"><span style=\"color: #000000;\"><b>10<\/b><\/span><\/p>\n<\/td>\n<td bgcolor=\"#ccffff\" width=\"7%\">\n<p align=\"center\"><span style=\"color: #000000;\">67<\/span><\/p>\n<p align=\"center\"><strong><span style=\"color: #ff0000;\">(-38)<\/span><\/strong><\/p>\n<\/td>\n<td bgcolor=\"#ccffff\" width=\"39%\">\n<p align=\"center\"><span style=\"color: #000000;\"><b><a href=\"https:\/\/nekotsuki-studio.com\/Blog\/wp-content\/uploads\/2023\/10\/The_Creator_VF-scaled.jpg\"><img loading=\"lazy\" decoding=\"async\" class=\"alignleft wp-image-7210\" src=\"https:\/\/nekotsuki-studio.com\/Blog\/wp-content\/uploads\/2023\/10\/The_Creator_VF-203x300.jpg\" alt=\"\" width=\"101\" height=\"150\" srcset=\"https:\/\/nekotsuki-studio.com\/Blog\/wp-content\/uploads\/2023\/10\/The_Creator_VF-203x300.jpg 203w, https:\/\/nekotsuki-studio.com\/Blog\/wp-content\/uploads\/2023\/10\/The_Creator_VF-691x1024.jpg 691w, https:\/\/nekotsuki-studio.com\/Blog\/wp-content\/uploads\/2023\/10\/The_Creator_VF-768x1138.jpg 768w, https:\/\/nekotsuki-studio.com\/Blog\/wp-content\/uploads\/2023\/10\/The_Creator_VF-1037x1536.jpg 1037w, https:\/\/nekotsuki-studio.com\/Blog\/wp-content\/uploads\/2023\/10\/The_Creator_VF-1383x2048.jpg 1383w, https:\/\/nekotsuki-studio.com\/Blog\/wp-content\/uploads\/2023\/10\/The_Creator_VF-scaled.jpg 1728w\" sizes=\"auto, (max-width: 101px) 100vw, 101px\" \/><\/a>\u00a0The Creator<\/b><\/span><\/p>\n<\/td>\n<td bgcolor=\"#ccffff\" width=\"11%\">\n<p align=\"center\"><span style=\"color: #000000;\">8<\/span><\/p>\n<\/td>\n<td bgcolor=\"#ccffff\" width=\"9%\">\n<p align=\"center\"><span style=\"color: #000000;\">6<\/span><\/p>\n<\/td>\n<td bgcolor=\"#ccffff\" width=\"16%\">\n<p align=\"center\"><span style=\"color: #000000;\">+820<\/span><\/p>\n<p align=\"center\"><span style=\"color: #000000;\">(-92%<\/span> <span style=\"color: #dc2300;\">\u25bc<\/span><span style=\"color: #000000;\">)<\/span><\/p>\n<\/td>\n<td bgcolor=\"#ccffff\" width=\"13%\">\n<p align=\"center\"><span style=\"color: #000000;\">754.570<\/span><\/p>\n<\/td>\n<\/tr>\n<\/tbody>\n<\/table>\n","protected":false},"excerpt":{"rendered":"<p>Box Office France Animation \/ VFX : 2023 &#8211; Semaine 46 (15\/11 &#8211; 21\/11) \u21d0\u00a0Semaine pr\u00e9c\u00e9dente &#8211; (Retour \u00e0 l&rsquo;accueil \u21b5) &#8211; Semaine Suivante \u21d2 Pour lire l&rsquo;analyse des chiffres, cliquez sur les titres de film suivis d&rsquo;un [\u21b5] n\u00b0 &hellip; <a href=\"https:\/\/nekotsuki-studio.com\/Blog\/bo-2023-f-46\/\">Continued<\/a><\/p>\n","protected":false},"author":1,"featured_media":0,"parent":0,"menu_order":0,"comment_status":"closed","ping_status":"closed","template":"","meta":{"footnotes":""},"class_list":["post-7555","page","type-page","status-publish","hentry"],"jetpack_sharing_enabled":true,"_links":{"self":[{"href":"https:\/\/nekotsuki-studio.com\/Blog\/wp-json\/wp\/v2\/pages\/7555","targetHints":{"allow":["GET"]}}],"collection":[{"href":"https:\/\/nekotsuki-studio.com\/Blog\/wp-json\/wp\/v2\/pages"}],"about":[{"href":"https:\/\/nekotsuki-studio.com\/Blog\/wp-json\/wp\/v2\/types\/page"}],"author":[{"embeddable":true,"href":"https:\/\/nekotsuki-studio.com\/Blog\/wp-json\/wp\/v2\/users\/1"}],"replies":[{"embeddable":true,"href":"https:\/\/nekotsuki-studio.com\/Blog\/wp-json\/wp\/v2\/comments?post=7555"}],"version-history":[{"count":9,"href":"https:\/\/nekotsuki-studio.com\/Blog\/wp-json\/wp\/v2\/pages\/7555\/revisions"}],"predecessor-version":[{"id":7611,"href":"https:\/\/nekotsuki-studio.com\/Blog\/wp-json\/wp\/v2\/pages\/7555\/revisions\/7611"}],"wp:attachment":[{"href":"https:\/\/nekotsuki-studio.com\/Blog\/wp-json\/wp\/v2\/media?parent=7555"}],"curies":[{"name":"wp","href":"https:\/\/api.w.org\/{rel}","templated":true}]}}