{"id":6707,"date":"2023-08-02T12:09:21","date_gmt":"2023-08-02T10:09:21","guid":{"rendered":"https:\/\/nekotsuki-studio.com\/Blog\/?page_id=6707"},"modified":"2023-08-08T14:11:52","modified_gmt":"2023-08-08T12:11:52","slug":"bo-2023-w-30","status":"publish","type":"page","link":"https:\/\/nekotsuki-studio.com\/Blog\/bo-2023-w-30\/","title":{"rendered":"BO-2023-W-30"},"content":{"rendered":"<p style=\"text-align: center;\" align=\"CENTER\"><span style=\"font-size: large; color: #99ccff;\"><b>Box Office Mondial Animation \/ VFX :<\/b><\/span><\/p>\n<p style=\"text-align: center;\" align=\"CENTER\"><span style=\"font-size: large; color: #99ccff;\"><b>2023 &#8211; Semaine 30 (24\/07 \u2013 30\/07<\/b><\/span><span style=\"font-size: large; color: #99ccff;\"><b>)<\/b><\/span><\/p>\n<p style=\"text-align: center;\" align=\"CENTER\"><span style=\"color: #ccffff;\"><a style=\"color: #ccffff;\" href=\"https:\/\/nekotsuki-studio.com\/Blog\/bo-2023-w-29\/\"><strong>\u21d0\u00a0Semaine pr\u00e9c\u00e9dente<\/strong><\/a> &#8211; (<a style=\"color: #ccffff;\" href=\"https:\/\/nekotsuki-studio.com\/Blog\/box-office-accueil\/\">Retour \u00e0 l&rsquo;accueil \u21b5<\/a>) &#8211; <a style=\"color: #ccffff;\" href=\"https:\/\/nekotsuki-studio.com\/Blog\/bo-2023-w-31\/\"><strong>Semaine Suivante \u21d2<\/strong><\/a><\/span><\/p>\n<p align=\"CENTER\"><span style=\"color: #99ccff;\">Pour lire l&rsquo;analyse des chiffres, cliquez sur les titres de film suivis d&rsquo;un <strong><span style=\"color: #ccffff;\">[\u21b5]<\/span><\/strong><\/span><\/p>\n<table width=\"642\" cellspacing=\"0\" cellpadding=\"4\">\n<tbody>\n<tr valign=\"top\">\n<td bgcolor=\"#00b8ff\" width=\"17\">\n<p align=\"center\"><span style=\"color: #000000;\"><b>n\u00b0<\/b><\/span><\/p>\n<\/td>\n<td bgcolor=\"#00b8ff\" width=\"251\">\n<p align=\"center\"><span style=\"color: #000000;\"><b>Titre<\/b><\/span><\/p>\n<\/td>\n<td bgcolor=\"#00b8ff\" width=\"67\">\n<p align=\"center\"><span style=\"color: #000000;\"><b>Semaine<\/b><\/span><\/p>\n<\/td>\n<td bgcolor=\"#00b8ff\" width=\"99\">\n<p align=\"center\"><span style=\"color: #000000;\"><b>\u00c9volution<\/b><\/span><\/p>\n<p align=\"center\"><span style=\"color: #000000;\"><b>(millions de $)<\/b><\/span><\/p>\n<\/td>\n<td bgcolor=\"#00b8ff\" width=\"167\">\n<p align=\"center\"><span style=\"color: #000000;\"><b>Score mondial<\/b><\/span><\/p>\n<\/td>\n<\/tr>\n<tr valign=\"top\">\n<td bgcolor=\"#99ccff\" width=\"17\">\n<p align=\"center\"><span style=\"color: #000000;\">1<\/span><\/p>\n<\/td>\n<td bgcolor=\"#99ccff\" width=\"251\">\n<p align=\"center\"><span style=\"color: #000000;\"><b><a href=\"https:\/\/nekotsuki-studio.com\/Blog\/wp-content\/uploads\/2023\/06\/Elemental.jpg\"><img loading=\"lazy\" decoding=\"async\" class=\"alignleft wp-image-6427\" src=\"https:\/\/nekotsuki-studio.com\/Blog\/wp-content\/uploads\/2023\/06\/Elemental-203x300.jpg\" alt=\"\" width=\"101\" height=\"150\" srcset=\"https:\/\/nekotsuki-studio.com\/Blog\/wp-content\/uploads\/2023\/06\/Elemental-203x300.jpg 203w, https:\/\/nekotsuki-studio.com\/Blog\/wp-content\/uploads\/2023\/06\/Elemental-692x1024.jpg 692w, https:\/\/nekotsuki-studio.com\/Blog\/wp-content\/uploads\/2023\/06\/Elemental-768x1137.jpg 768w, https:\/\/nekotsuki-studio.com\/Blog\/wp-content\/uploads\/2023\/06\/Elemental.jpg 1013w\" sizes=\"auto, (max-width: 101px) 100vw, 101px\" \/><\/a>\u00a0<a href=\"https:\/\/nekotsuki-studio.com\/Blog\/forum\/box-office\/elemental-est-deja-le-plus-gros-flop-de-lhistoire-de-pixar-o_o\/#p13779\">Elemental [\u21b5]<\/a><\/b><\/span><\/p>\n<\/td>\n<td bgcolor=\"#99ccff\" width=\"67\">\n<p align=\"center\"><span style=\"color: #000000;\">7<\/span><\/p>\n<\/td>\n<td bgcolor=\"#99ccff\" width=\"99\">\n<p align=\"center\"><span style=\"color: #000000;\">+37.5<\/span><\/p>\n<\/td>\n<td bgcolor=\"#99ccff\" width=\"167\">\n<p align=\"center\"><span style=\"color: #000000;\">395.9 millions de $<\/span><\/p>\n<\/td>\n<\/tr>\n<tr valign=\"top\">\n<td bgcolor=\"#ffffcc\" width=\"17\">\n<p align=\"center\"><span style=\"color: #000000;\">2<\/span><\/p>\n<\/td>\n<td bgcolor=\"#ffffcc\" width=\"251\">\n<p align=\"center\"><span style=\"color: #000000;\"><b><a href=\"https:\/\/nekotsuki-studio.com\/Blog\/wp-content\/uploads\/2023\/08\/Haunted_Mansion.jpg\"><img loading=\"lazy\" decoding=\"async\" class=\"alignleft wp-image-6708\" src=\"https:\/\/nekotsuki-studio.com\/Blog\/wp-content\/uploads\/2023\/08\/Haunted_Mansion-203x300.jpg\" alt=\"\" width=\"101\" height=\"150\" srcset=\"https:\/\/nekotsuki-studio.com\/Blog\/wp-content\/uploads\/2023\/08\/Haunted_Mansion-203x300.jpg 203w, https:\/\/nekotsuki-studio.com\/Blog\/wp-content\/uploads\/2023\/08\/Haunted_Mansion-692x1024.jpg 692w, https:\/\/nekotsuki-studio.com\/Blog\/wp-content\/uploads\/2023\/08\/Haunted_Mansion-768x1137.jpg 768w, https:\/\/nekotsuki-studio.com\/Blog\/wp-content\/uploads\/2023\/08\/Haunted_Mansion.jpg 1013w\" sizes=\"auto, (max-width: 101px) 100vw, 101px\" \/><\/a>\u00a0<a href=\"https:\/\/nekotsuki-studio.com\/Blog\/forum\/box-office\/haunted-mansion-hors-saison-vraiment\/#p13778\">Haunted Mansion [\u21b5]<\/a><\/b><\/span><\/p>\n<\/td>\n<td bgcolor=\"#ffffcc\" width=\"67\">\n<p align=\"center\"><span style=\"color: #000000;\">1<\/span><\/p>\n<\/td>\n<td bgcolor=\"#ffffcc\" width=\"99\">\n<p align=\"center\"><span style=\"color: #000000;\">+33.2<\/span><\/p>\n<\/td>\n<td bgcolor=\"#ffffcc\" width=\"167\">\n<p align=\"center\"><span style=\"color: #000000;\">33.2 millions de $<\/span><\/p>\n<\/td>\n<\/tr>\n<tr valign=\"top\">\n<td bgcolor=\"#99ccff\" width=\"17\">\n<p align=\"center\"><span style=\"color: #000000;\">3<\/span><\/p>\n<\/td>\n<td bgcolor=\"#99ccff\" width=\"251\">\n<p align=\"center\"><span style=\"color: #000000;\"><b><a href=\"https:\/\/nekotsuki-studio.com\/Blog\/wp-content\/uploads\/2023\/07\/Indiana_Jones_and_the_Dial_of_Destiny.jpg\"><img loading=\"lazy\" decoding=\"async\" class=\"alignleft wp-image-6499\" src=\"https:\/\/nekotsuki-studio.com\/Blog\/wp-content\/uploads\/2023\/07\/Indiana_Jones_and_the_Dial_of_Destiny-195x300.jpg\" alt=\"\" width=\"101\" height=\"155\" srcset=\"https:\/\/nekotsuki-studio.com\/Blog\/wp-content\/uploads\/2023\/07\/Indiana_Jones_and_the_Dial_of_Destiny-195x300.jpg 195w, https:\/\/nekotsuki-studio.com\/Blog\/wp-content\/uploads\/2023\/07\/Indiana_Jones_and_the_Dial_of_Destiny-666x1024.jpg 666w, https:\/\/nekotsuki-studio.com\/Blog\/wp-content\/uploads\/2023\/07\/Indiana_Jones_and_the_Dial_of_Destiny-768x1180.jpg 768w, https:\/\/nekotsuki-studio.com\/Blog\/wp-content\/uploads\/2023\/07\/Indiana_Jones_and_the_Dial_of_Destiny.jpg 976w\" sizes=\"auto, (max-width: 101px) 100vw, 101px\" \/><\/a>\u00a0<a href=\"https:\/\/nekotsuki-studio.com\/Blog\/forum\/box-office\/indiana-jones-and-the-dial-of-destiny-la-der-des-der-p\/#p13777\">Indiana Jones and the Dial of Destiny [\u21b5]<\/a><\/b><\/span><\/p>\n<\/td>\n<td bgcolor=\"#99ccff\" width=\"67\">\n<p align=\"center\"><span style=\"color: #000000;\">5<\/span><\/p>\n<\/td>\n<td bgcolor=\"#99ccff\" width=\"99\">\n<p align=\"center\"><span style=\"color: #000000;\">+20.3<\/span><\/p>\n<\/td>\n<td bgcolor=\"#99ccff\" width=\"167\">\n<p align=\"center\"><span style=\"color: #000000;\">356.2 millions de $<\/span><\/p>\n<\/td>\n<\/tr>\n<tr valign=\"top\">\n<td bgcolor=\"#ccffff\" width=\"17\">\n<p align=\"center\"><span style=\"color: #000000;\">4<\/span><\/p>\n<\/td>\n<td bgcolor=\"#ccffff\" width=\"251\">\n<p align=\"center\"><span style=\"color: #000000;\"><b><a href=\"https:\/\/nekotsuki-studio.com\/Blog\/wp-content\/uploads\/2023\/07\/Miraculous_the_Movie_Netflix.jpg\"><img loading=\"lazy\" decoding=\"async\" class=\"alignleft wp-image-6608\" src=\"https:\/\/nekotsuki-studio.com\/Blog\/wp-content\/uploads\/2023\/07\/Miraculous_the_Movie_Netflix-203x300.jpg\" alt=\"\" width=\"101\" height=\"150\" srcset=\"https:\/\/nekotsuki-studio.com\/Blog\/wp-content\/uploads\/2023\/07\/Miraculous_the_Movie_Netflix-203x300.jpg 203w, https:\/\/nekotsuki-studio.com\/Blog\/wp-content\/uploads\/2023\/07\/Miraculous_the_Movie_Netflix-692x1024.jpg 692w, https:\/\/nekotsuki-studio.com\/Blog\/wp-content\/uploads\/2023\/07\/Miraculous_the_Movie_Netflix-768x1137.jpg 768w, https:\/\/nekotsuki-studio.com\/Blog\/wp-content\/uploads\/2023\/07\/Miraculous_the_Movie_Netflix.jpg 1013w\" sizes=\"auto, (max-width: 101px) 100vw, 101px\" \/><\/a>\u00a0<a href=\"https:\/\/nekotsuki-studio.com\/Blog\/forum\/box-office\/pas-de-miracle-pour-miraculous-le-film-p\/#p13776\">Ladybug &amp; Cat Noir : The Movie [\u21b5]<\/a><\/b><\/span><\/p>\n<\/td>\n<td bgcolor=\"#ccffff\" width=\"67\">\n<p align=\"center\"><span style=\"color: #000000;\">3<\/span><\/p>\n<\/td>\n<td bgcolor=\"#ccffff\" width=\"99\">\n<p align=\"center\"><span style=\"color: #000000;\">+7<\/span><\/p>\n<\/td>\n<td bgcolor=\"#ccffff\" width=\"167\">\n<p align=\"center\"><span style=\"color: #000000;\">17.4 millions de $<\/span><\/p>\n<\/td>\n<\/tr>\n<tr valign=\"top\">\n<td bgcolor=\"#99ccff\" width=\"17\">\n<p align=\"center\"><span style=\"color: #000000;\">5<\/span><\/p>\n<\/td>\n<td bgcolor=\"#99ccff\" width=\"251\">\n<p align=\"center\"><span style=\"color: #000000;\"><b><a href=\"https:\/\/nekotsuki-studio.com\/Blog\/wp-content\/uploads\/2023\/06\/Spiderman_Across_The_Spiderverse.jpg\"><img loading=\"lazy\" decoding=\"async\" class=\"alignleft wp-image-6328\" src=\"https:\/\/nekotsuki-studio.com\/Blog\/wp-content\/uploads\/2023\/06\/Spiderman_Across_The_Spiderverse-208x300.jpg\" alt=\"\" width=\"101\" height=\"145\" srcset=\"https:\/\/nekotsuki-studio.com\/Blog\/wp-content\/uploads\/2023\/06\/Spiderman_Across_The_Spiderverse-208x300.jpg 208w, https:\/\/nekotsuki-studio.com\/Blog\/wp-content\/uploads\/2023\/06\/Spiderman_Across_The_Spiderverse-711x1024.jpg 711w, https:\/\/nekotsuki-studio.com\/Blog\/wp-content\/uploads\/2023\/06\/Spiderman_Across_The_Spiderverse-768x1106.jpg 768w, https:\/\/nekotsuki-studio.com\/Blog\/wp-content\/uploads\/2023\/06\/Spiderman_Across_The_Spiderverse.jpg 1042w\" sizes=\"auto, (max-width: 101px) 100vw, 101px\" \/><\/a>\u00a0<a href=\"https:\/\/nekotsuki-studio.com\/Blog\/forum\/box-office\/spider-man-across-the-spider-verse-confirme-leffet-locomotive-du-premier-film-d\/#p13775\">Spider-Man : Across The Spider-Verse [\u21b5]<\/a><\/b><\/span><\/p>\n<\/td>\n<td bgcolor=\"#99ccff\" width=\"67\">\n<p align=\"center\"><span style=\"color: #000000;\">9<\/span><\/p>\n<\/td>\n<td bgcolor=\"#99ccff\" width=\"99\">\n<p align=\"center\"><span style=\"color: #000000;\">+6.9<\/span><\/p>\n<\/td>\n<td bgcolor=\"#99ccff\" width=\"167\">\n<p align=\"center\"><span style=\"color: #000000;\">682.4 millions de $<\/span><\/p>\n<\/td>\n<\/tr>\n<tr valign=\"top\">\n<td bgcolor=\"#ccffff\" width=\"17\">\n<p align=\"center\"><span style=\"color: #000000;\">6<\/span><\/p>\n<\/td>\n<td bgcolor=\"#ccffff\" width=\"251\">\n<p align=\"center\"><span style=\"color: #000000;\"><b><a href=\"https:\/\/nekotsuki-studio.com\/Blog\/wp-content\/uploads\/2023\/04\/Super-Mario-Bros-The-Movie.jpg\"><img loading=\"lazy\" decoding=\"async\" class=\"alignleft wp-image-6070\" src=\"https:\/\/nekotsuki-studio.com\/Blog\/wp-content\/uploads\/2023\/04\/Super-Mario-Bros-The-Movie-189x300.jpg\" alt=\"\" width=\"101\" height=\"160\" srcset=\"https:\/\/nekotsuki-studio.com\/Blog\/wp-content\/uploads\/2023\/04\/Super-Mario-Bros-The-Movie-189x300.jpg 189w, https:\/\/nekotsuki-studio.com\/Blog\/wp-content\/uploads\/2023\/04\/Super-Mario-Bros-The-Movie-646x1024.jpg 646w, https:\/\/nekotsuki-studio.com\/Blog\/wp-content\/uploads\/2023\/04\/Super-Mario-Bros-The-Movie-768x1216.jpg 768w, https:\/\/nekotsuki-studio.com\/Blog\/wp-content\/uploads\/2023\/04\/Super-Mario-Bros-The-Movie.jpg 947w\" sizes=\"auto, (max-width: 101px) 100vw, 101px\" \/><\/a>\u00a0<a href=\"https:\/\/nekotsuki-studio.com\/Blog\/forum\/box-office\/the-super-mario-bros-movie-futur-n1-de-lanimation-au-cinema-mondial-p\/page-2\/#p13774\">The Super Mario Bros. Movie [\u21b5]<\/a><\/b><\/span><\/p>\n<\/td>\n<td bgcolor=\"#ccffff\" width=\"67\">\n<p align=\"center\"><span style=\"color: #000000;\">17<\/span><\/p>\n<\/td>\n<td bgcolor=\"#ccffff\" width=\"99\">\n<p align=\"center\"><span style=\"color: #000000;\">+4.8<\/span><\/p>\n<\/td>\n<td bgcolor=\"#ccffff\" width=\"167\">\n<p align=\"center\"><span style=\"color: #000000;\">1.351.266.849 $<\/span><\/p>\n<\/td>\n<\/tr>\n<tr valign=\"top\">\n<td bgcolor=\"#99ccff\" width=\"17\">\n<p align=\"center\"><span style=\"color: #000000;\">7<\/span><\/p>\n<\/td>\n<td bgcolor=\"#99ccff\" width=\"251\">\n<p align=\"center\"><span style=\"color: #000000;\"><b><a href=\"https:\/\/nekotsuki-studio.com\/Blog\/wp-content\/uploads\/2023\/07\/Ruby_Gillman_Teenage_Kraken.jpg\"><img loading=\"lazy\" decoding=\"async\" class=\"alignleft wp-image-6500\" src=\"https:\/\/nekotsuki-studio.com\/Blog\/wp-content\/uploads\/2023\/07\/Ruby_Gillman_Teenage_Kraken-200x300.jpg\" alt=\"\" width=\"101\" height=\"152\" srcset=\"https:\/\/nekotsuki-studio.com\/Blog\/wp-content\/uploads\/2023\/07\/Ruby_Gillman_Teenage_Kraken-200x300.jpg 200w, https:\/\/nekotsuki-studio.com\/Blog\/wp-content\/uploads\/2023\/07\/Ruby_Gillman_Teenage_Kraken-683x1024.jpg 683w, https:\/\/nekotsuki-studio.com\/Blog\/wp-content\/uploads\/2023\/07\/Ruby_Gillman_Teenage_Kraken-768x1152.jpg 768w, https:\/\/nekotsuki-studio.com\/Blog\/wp-content\/uploads\/2023\/07\/Ruby_Gillman_Teenage_Kraken.jpg 1000w\" sizes=\"auto, (max-width: 101px) 100vw, 101px\" \/><\/a>\u00a0<a href=\"https:\/\/nekotsuki-studio.com\/Blog\/forum\/box-office\/ruby-gillman-teenage-kraken-le-flop-dentree-de-jeu\/#p13773\">Ruby Gillman, Teenage Kraken [\u21b5]<\/a><\/b><\/span><\/p>\n<\/td>\n<td bgcolor=\"#99ccff\" width=\"67\">\n<p align=\"center\"><span style=\"color: #000000;\">5<\/span><\/p>\n<\/td>\n<td bgcolor=\"#99ccff\" width=\"99\">\n<p align=\"center\"><span style=\"color: #000000;\">+4.5<\/span><\/p>\n<\/td>\n<td bgcolor=\"#99ccff\" width=\"167\">\n<p align=\"center\"><span style=\"color: #000000;\">40 millions de $<\/span><\/p>\n<\/td>\n<\/tr>\n<tr valign=\"top\">\n<td bgcolor=\"#ccffff\" width=\"17\">\n<p align=\"center\"><span style=\"color: #000000;\">8<\/span><\/p>\n<\/td>\n<td bgcolor=\"#ccffff\" width=\"251\">\n<p align=\"center\"><span style=\"color: #000000;\"><b><a href=\"https:\/\/nekotsuki-studio.com\/Blog\/wp-content\/uploads\/2023\/05\/Little_Mermaid_Action_Live.jpg\"><img loading=\"lazy\" decoding=\"async\" class=\"alignleft wp-image-6301\" src=\"https:\/\/nekotsuki-studio.com\/Blog\/wp-content\/uploads\/2023\/05\/Little_Mermaid_Action_Live-203x300.jpg\" alt=\"\" width=\"101\" height=\"150\" srcset=\"https:\/\/nekotsuki-studio.com\/Blog\/wp-content\/uploads\/2023\/05\/Little_Mermaid_Action_Live-203x300.jpg 203w, https:\/\/nekotsuki-studio.com\/Blog\/wp-content\/uploads\/2023\/05\/Little_Mermaid_Action_Live-692x1024.jpg 692w, https:\/\/nekotsuki-studio.com\/Blog\/wp-content\/uploads\/2023\/05\/Little_Mermaid_Action_Live-768x1137.jpg 768w, https:\/\/nekotsuki-studio.com\/Blog\/wp-content\/uploads\/2023\/05\/Little_Mermaid_Action_Live.jpg 1013w\" sizes=\"auto, (max-width: 101px) 100vw, 101px\" \/><\/a>\u00a0<a href=\"https:\/\/nekotsuki-studio.com\/Blog\/forum\/box-office\/la-petite-sirene-action-live-ou-comment-etre-en-difficulte-meme-quand-on-est-n1-_\/#p13772\">The Little Mermaid (Action Live) [\u21b5]<\/a><\/b><\/span><\/p>\n<\/td>\n<td bgcolor=\"#ccffff\" width=\"67\">\n<p align=\"center\"><span style=\"color: #000000;\">10<\/span><\/p>\n<\/td>\n<td bgcolor=\"#ccffff\" width=\"99\">\n<p align=\"center\"><span style=\"color: #000000;\">+3.5<\/span><\/p>\n<\/td>\n<td bgcolor=\"#ccffff\" width=\"167\">\n<p align=\"center\"><span style=\"color: #000000;\">560.6 millions de $<\/span><\/p>\n<\/td>\n<\/tr>\n<tr valign=\"top\">\n<td bgcolor=\"#99ccff\" width=\"17\">\n<p align=\"center\"><span style=\"color: #000000;\">9<\/span><\/p>\n<\/td>\n<td bgcolor=\"#99ccff\" width=\"251\">\n<p align=\"center\"><span style=\"color: #000000;\"><b><a href=\"https:\/\/nekotsuki-studio.com\/Blog\/wp-content\/uploads\/2023\/06\/Transformers_Rise_of_the_Beasts.jpg\"><img loading=\"lazy\" decoding=\"async\" class=\"alignleft wp-image-6356\" src=\"https:\/\/nekotsuki-studio.com\/Blog\/wp-content\/uploads\/2023\/06\/Transformers_Rise_of_the_Beasts-203x300.jpg\" alt=\"\" width=\"101\" height=\"150\" srcset=\"https:\/\/nekotsuki-studio.com\/Blog\/wp-content\/uploads\/2023\/06\/Transformers_Rise_of_the_Beasts-203x300.jpg 203w, https:\/\/nekotsuki-studio.com\/Blog\/wp-content\/uploads\/2023\/06\/Transformers_Rise_of_the_Beasts-692x1024.jpg 692w, https:\/\/nekotsuki-studio.com\/Blog\/wp-content\/uploads\/2023\/06\/Transformers_Rise_of_the_Beasts-768x1137.jpg 768w, https:\/\/nekotsuki-studio.com\/Blog\/wp-content\/uploads\/2023\/06\/Transformers_Rise_of_the_Beasts.jpg 1013w\" sizes=\"auto, (max-width: 101px) 100vw, 101px\" \/><\/a>\u00a0<a href=\"https:\/\/nekotsuki-studio.com\/Blog\/forum\/box-office\/transformers-rise-of-the-beasts-le-transformer-de-trop\/#p13771\">Transformers : Rise of the Beasts [\u21b5]<\/a><\/b><\/span><\/p>\n<\/td>\n<td bgcolor=\"#99ccff\" width=\"67\">\n<p align=\"center\"><span style=\"color: #000000;\">8<\/span><\/p>\n<\/td>\n<td bgcolor=\"#99ccff\" width=\"99\">\n<p align=\"center\"><span style=\"color: #000000;\">+2.5<\/span><\/p>\n<\/td>\n<td bgcolor=\"#99ccff\" width=\"167\">\n<p align=\"center\"><span style=\"color: #000000;\">429.7 millions de $<\/span><\/p>\n<\/td>\n<\/tr>\n<tr valign=\"top\">\n<td bgcolor=\"#ffffcc\" width=\"17\">\n<p align=\"center\"><span style=\"color: #000000;\">10<\/span><\/p>\n<\/td>\n<td bgcolor=\"#ffffcc\" width=\"251\">\n<p align=\"center\"><span style=\"color: #000000;\"><b><a href=\"https:\/\/nekotsuki-studio.com\/Blog\/wp-content\/uploads\/2023\/02\/The_First_Slam_Dunk.jpg\"><img loading=\"lazy\" decoding=\"async\" class=\"alignleft wp-image-5724\" src=\"https:\/\/nekotsuki-studio.com\/Blog\/wp-content\/uploads\/2023\/02\/The_First_Slam_Dunk-212x300.jpg\" alt=\"\" width=\"101\" height=\"143\" srcset=\"https:\/\/nekotsuki-studio.com\/Blog\/wp-content\/uploads\/2023\/02\/The_First_Slam_Dunk-212x300.jpg 212w, https:\/\/nekotsuki-studio.com\/Blog\/wp-content\/uploads\/2023\/02\/The_First_Slam_Dunk-724x1024.jpg 724w, https:\/\/nekotsuki-studio.com\/Blog\/wp-content\/uploads\/2023\/02\/The_First_Slam_Dunk-768x1086.jpg 768w, https:\/\/nekotsuki-studio.com\/Blog\/wp-content\/uploads\/2023\/02\/The_First_Slam_Dunk.jpg 849w\" sizes=\"auto, (max-width: 101px) 100vw, 101px\" \/><\/a>\u00a0<a href=\"https:\/\/nekotsuki-studio.com\/Blog\/forum\/box-office\/the-first-slam-dunk-lanime-japonaise-en-forme-ces-derniers-temps-d\/page-2\/#p13770\">The First Slam Dunk [\u21b5]<\/a><\/b><\/span><\/p>\n<\/td>\n<td bgcolor=\"#ffffcc\" width=\"67\">\n<p align=\"center\"><span style=\"color: #000000;\">34<\/span><\/p>\n<\/td>\n<td bgcolor=\"#ffffcc\" width=\"99\">\n<p align=\"center\"><span style=\"color: #000000;\">+1.6<\/span><\/p>\n<\/td>\n<td bgcolor=\"#ffffcc\" width=\"167\">\n<p align=\"center\"><span style=\"color: #000000;\">275 millions de $<\/span><\/p>\n<\/td>\n<\/tr>\n<tr valign=\"top\">\n<td bgcolor=\"#99ccff\" width=\"17\">\n<p align=\"center\"><span style=\"color: #000000;\">11<\/span><\/p>\n<\/td>\n<td bgcolor=\"#99ccff\" width=\"251\">\n<p align=\"center\"><span style=\"color: #000000;\"><b><a href=\"https:\/\/nekotsuki-studio.com\/Blog\/wp-content\/uploads\/2023\/05\/Guardians_of_the_Galaxy_Vol_3.jpg\"><img loading=\"lazy\" decoding=\"async\" class=\"alignleft wp-image-6208\" src=\"https:\/\/nekotsuki-studio.com\/Blog\/wp-content\/uploads\/2023\/05\/Guardians_of_the_Galaxy_Vol_3-203x300.jpg\" alt=\"\" width=\"101\" height=\"150\" srcset=\"https:\/\/nekotsuki-studio.com\/Blog\/wp-content\/uploads\/2023\/05\/Guardians_of_the_Galaxy_Vol_3-203x300.jpg 203w, https:\/\/nekotsuki-studio.com\/Blog\/wp-content\/uploads\/2023\/05\/Guardians_of_the_Galaxy_Vol_3-692x1024.jpg 692w, https:\/\/nekotsuki-studio.com\/Blog\/wp-content\/uploads\/2023\/05\/Guardians_of_the_Galaxy_Vol_3-768x1137.jpg 768w, https:\/\/nekotsuki-studio.com\/Blog\/wp-content\/uploads\/2023\/05\/Guardians_of_the_Galaxy_Vol_3.jpg 1013w\" sizes=\"auto, (max-width: 101px) 100vw, 101px\" \/><\/a>\u00a0Guardians of the Galaxy Vol. 3<\/b><\/span><\/p>\n<\/td>\n<td bgcolor=\"#99ccff\" width=\"67\">\n<p align=\"center\"><span style=\"color: #000000;\">13<\/span><\/p>\n<\/td>\n<td bgcolor=\"#99ccff\" width=\"99\">\n<p align=\"center\"><span style=\"color: #000000;\">+0.5<\/span><\/p>\n<\/td>\n<td bgcolor=\"#99ccff\" width=\"167\">\n<p align=\"center\"><span style=\"color: #000000;\">845.3 millions de $<\/span><\/p>\n<\/td>\n<\/tr>\n<tr valign=\"top\">\n<td bgcolor=\"#ccffff\" width=\"17\">\n<p align=\"center\"><span style=\"color: #000000;\">12<\/span><\/p>\n<\/td>\n<td bgcolor=\"#ccffff\" width=\"251\">\n<p align=\"center\"><span style=\"color: #000000;\"><b><a href=\"https:\/\/nekotsuki-studio.com\/Blog\/wp-content\/uploads\/2023\/06\/The_Flash.jpg\"><img loading=\"lazy\" decoding=\"async\" class=\"alignleft wp-image-6426\" src=\"https:\/\/nekotsuki-studio.com\/Blog\/wp-content\/uploads\/2023\/06\/The_Flash-202x300.jpg\" alt=\"\" width=\"101\" height=\"150\" srcset=\"https:\/\/nekotsuki-studio.com\/Blog\/wp-content\/uploads\/2023\/06\/The_Flash-202x300.jpg 202w, https:\/\/nekotsuki-studio.com\/Blog\/wp-content\/uploads\/2023\/06\/The_Flash-691x1024.jpg 691w, https:\/\/nekotsuki-studio.com\/Blog\/wp-content\/uploads\/2023\/06\/The_Flash-768x1138.jpg 768w, https:\/\/nekotsuki-studio.com\/Blog\/wp-content\/uploads\/2023\/06\/The_Flash.jpg 1012w\" sizes=\"auto, (max-width: 101px) 100vw, 101px\" \/><\/a>\u00a0The Flash<\/b><\/span><\/p>\n<\/td>\n<td bgcolor=\"#ccffff\" width=\"67\">\n<p align=\"center\"><span style=\"color: #000000;\">7<\/span><\/p>\n<\/td>\n<td bgcolor=\"#ccffff\" width=\"99\">\n<p align=\"center\"><span style=\"color: #000000;\">+0.4<\/span><\/p>\n<\/td>\n<td bgcolor=\"#ccffff\" width=\"167\">\n<p align=\"center\"><span style=\"color: #000000;\">268.3 millions de $<\/span><\/p>\n<\/td>\n<\/tr>\n<\/tbody>\n<\/table>\n","protected":false},"excerpt":{"rendered":"<p>Box Office Mondial Animation \/ VFX : 2023 &#8211; Semaine 30 (24\/07 \u2013 30\/07) \u21d0\u00a0Semaine pr\u00e9c\u00e9dente &#8211; (Retour \u00e0 l&rsquo;accueil \u21b5) &#8211; Semaine Suivante \u21d2 Pour lire l&rsquo;analyse des chiffres, cliquez sur les titres de film suivis d&rsquo;un [\u21b5] n\u00b0 &hellip; <a href=\"https:\/\/nekotsuki-studio.com\/Blog\/bo-2023-w-30\/\">Continued<\/a><\/p>\n","protected":false},"author":1,"featured_media":0,"parent":0,"menu_order":0,"comment_status":"closed","ping_status":"closed","template":"","meta":{"footnotes":""},"class_list":["post-6707","page","type-page","status-publish","hentry"],"jetpack_sharing_enabled":true,"_links":{"self":[{"href":"https:\/\/nekotsuki-studio.com\/Blog\/wp-json\/wp\/v2\/pages\/6707","targetHints":{"allow":["GET"]}}],"collection":[{"href":"https:\/\/nekotsuki-studio.com\/Blog\/wp-json\/wp\/v2\/pages"}],"about":[{"href":"https:\/\/nekotsuki-studio.com\/Blog\/wp-json\/wp\/v2\/types\/page"}],"author":[{"embeddable":true,"href":"https:\/\/nekotsuki-studio.com\/Blog\/wp-json\/wp\/v2\/users\/1"}],"replies":[{"embeddable":true,"href":"https:\/\/nekotsuki-studio.com\/Blog\/wp-json\/wp\/v2\/comments?post=6707"}],"version-history":[{"count":12,"href":"https:\/\/nekotsuki-studio.com\/Blog\/wp-json\/wp\/v2\/pages\/6707\/revisions"}],"predecessor-version":[{"id":6763,"href":"https:\/\/nekotsuki-studio.com\/Blog\/wp-json\/wp\/v2\/pages\/6707\/revisions\/6763"}],"wp:attachment":[{"href":"https:\/\/nekotsuki-studio.com\/Blog\/wp-json\/wp\/v2\/media?parent=6707"}],"curies":[{"name":"wp","href":"https:\/\/api.w.org\/{rel}","templated":true}]}}