{"id":6413,"date":"2023-06-20T17:58:27","date_gmt":"2023-06-20T15:58:27","guid":{"rendered":"https:\/\/nekotsuki-studio.com\/Blog\/?page_id=6413"},"modified":"2025-08-29T16:17:40","modified_gmt":"2025-08-29T14:17:40","slug":"lunadraconisacademyhistory","status":"publish","type":"page","link":"https:\/\/nekotsuki-studio.com\/Blog\/lunadraconisacademyhistory\/","title":{"rendered":"LunaDraconisAcademyHistory"},"content":{"rendered":"<p style=\"text-align: center;\" align=\"justify\"><img loading=\"lazy\" decoding=\"async\" class=\"aligncenter wp-image-9084 size-full\" src=\"https:\/\/nekotsuki-studio.com\/Blog\/wp-content\/uploads\/2024\/06\/Lore-Book.png\" alt=\"\" width=\"920\" height=\"400\" srcset=\"https:\/\/nekotsuki-studio.com\/Blog\/wp-content\/uploads\/2024\/06\/Lore-Book.png 920w, https:\/\/nekotsuki-studio.com\/Blog\/wp-content\/uploads\/2024\/06\/Lore-Book-300x130.png 300w, https:\/\/nekotsuki-studio.com\/Blog\/wp-content\/uploads\/2024\/06\/Lore-Book-768x334.png 768w\" sizes=\"auto, (max-width: 920px) 100vw, 920px\" \/><\/p>\n<p style=\"text-align: center;\" align=\"justify\">(Page provisoire)<\/p>\n<p style=\"text-align: center;\" align=\"justify\"><a href=\"https:\/\/nekotsuki-studio.com\/Blog\/ldaencyclopedia\/\"><img loading=\"lazy\" decoding=\"async\" class=\"alignnone wp-image-10373\" src=\"https:\/\/nekotsuki-studio.com\/Blog\/wp-content\/uploads\/2025\/08\/Page-precedente.png\" alt=\"\" width=\"150\" height=\"50\" srcset=\"https:\/\/nekotsuki-studio.com\/Blog\/wp-content\/uploads\/2025\/08\/Page-precedente.png 450w, https:\/\/nekotsuki-studio.com\/Blog\/wp-content\/uploads\/2025\/08\/Page-precedente-300x100.png 300w\" sizes=\"auto, (max-width: 150px) 100vw, 150px\" \/><\/a>\u00a0 \u00a0<a href=\"https:\/\/nekotsuki-studio.com\/Blog\/lunadraconisacademy\/\"><img loading=\"lazy\" decoding=\"async\" class=\"alignnone wp-image-10370\" src=\"https:\/\/nekotsuki-studio.com\/Blog\/wp-content\/uploads\/2025\/08\/Page-daccueil.png\" alt=\"\" width=\"150\" height=\"50\" srcset=\"https:\/\/nekotsuki-studio.com\/Blog\/wp-content\/uploads\/2025\/08\/Page-daccueil.png 450w, https:\/\/nekotsuki-studio.com\/Blog\/wp-content\/uploads\/2025\/08\/Page-daccueil-300x100.png 300w\" sizes=\"auto, (max-width: 150px) 100vw, 150px\" \/><\/a><\/p>\n<p style=\"text-align: center;\" align=\"justify\"><strong><span style=\"color: #ccffff;\"><a style=\"color: #ccffff;\" href=\"https:\/\/nekotsuki-studio.com\/Blog\/ldaencyclopedia\/\">Retour \u00e0 la page pr\u00e9c\u00e9dente [\u21b5]<\/a><\/span><\/strong> <span style=\"color: #ffffff;\">&#8211;<\/span> <strong><span style=\"color: #ccffcc;\"><a style=\"color: #ccffcc;\" href=\"https:\/\/nekotsuki-studio.com\/Blog\/lunadraconisacademy\/\">Retour \u00e0 la page d&rsquo;acceuil [\u21b5]<\/a><\/span><\/strong><\/p>\n<p style=\"text-align: center;\" align=\"justify\">~<\/p>\n<p style=\"font-size: medium;\" align=\"justify\"><span style=\"color: #fcffff;\">En 2072, apr\u00e8s qu&rsquo;une entit\u00e9 appel\u00e9e \u00ab\u00a0Le Fils du N\u00e9ant\u00a0\u00bb, aux motivations finales encore inconnues \u00e0 ce jour, ait attaqu\u00e9 la ville de Tokyo au Japon, l&rsquo;humanit\u00e9 a pris conscience qu&rsquo;elle \u00e9tait en grande partie victime d&rsquo;un mensonge vieux de plusieurs si\u00e8cles : depuis plus de 800 ans, certaines cr\u00e9atures et races \u00ab\u00a0mythologique\u00a0\u00bb qui pourtant partageaient le m\u00eame monde que les humains, avaient d\u00e9cid\u00e9 de se dissimuler petit \u00e0 petit aux yeux de ces derniers.<\/span><\/p>\n<p style=\"text-align: center;\" align=\"justify\">~<\/p>\n<p style=\"font-size: medium;\" align=\"justify\"><span style=\"color: #ffffff;\">Bon nombre de ces groupes ont pris cette d\u00e9cision par protectionnisme, pour \u00e9viter la \u00ab\u00a0contamination\u00a0\u00bb de leur propre culture, ou tout simplement par peur d&rsquo;un \u00ab\u00a0in\u00e9vitable\u00a0\u00bb conflit avec la race humaine en perp\u00e9tuelle expansion. Certains ont \u00e9t\u00e9 r\u00e9ellement amen\u00e9 au bord de l&rsquo;extinction, alors que d&rsquo;autres pensaient tout simplement que leur temps \u00e9tait \u00ab\u00a0r\u00e9volu\u00a0\u00bb.<\/span><\/p>\n<p style=\"text-align: center;\" align=\"justify\">~<\/p>\n<p style=\"font-size: medium;\" align=\"justify\"><span style=\"color: #ffffff;\">Cette grande op\u00e9ration de dissimulation aura pris des formes aussi diverses que les cultures et les peuples qui composaient cette intrigante partie de la population mondiale : certains se sont fondus avec la population humaine sans que ces derniers ne soient conscients de leur pr\u00e9sence, d&rsquo;autres se sont r\u00e9fugi\u00e9s \u00e0 de rares endroits totalement hors d&rsquo;atteinte de l&rsquo;humanit\u00e9&#8230; Et ce qui aura rendu possible cette grande supercherie qui aura fait d&rsquo;une partie de la population d&rsquo;une plan\u00e8te enti\u00e8re des \u00ab\u00a0cr\u00e9atures de l\u00e9gendes\u00a0\u00bb, n&rsquo;est autre que la science la plus \u00e9trange de toutes : la science occulte, ou plut\u00f4t les sciences occultes, regroup\u00e9es commun\u00e9ment sous le nom de \u00ab\u00a0Magie\u00a0\u00bb.<\/span><\/p>\n<p style=\"text-align: center;\" align=\"justify\">~<\/p>\n<p style=\"font-size: medium;\" align=\"justify\"><span style=\"color: #ffffff;\">C&rsquo;est cette Magie qui aura permis la \u00ab\u00a0disparition\u00a0\u00bb de ces peuples et cr\u00e9atures, mais ce f\u00fbt aussi cette magie qui aura en partie aid\u00e9 \u00e0 d\u00e9faire Le Fils du N\u00e9ant. M\u00eame si les d\u00e9tails de cet \u00e9v\u00e9nement ne sont pas tous connus, on sait que ce f\u00fbt le premier signal de r\u00e9surgence de la Magie dans notre monde. A la suite de cela, plusieurs races \/ cultures \/ cr\u00e9atures oubli\u00e9s se sont ouvertement manifest\u00e9es aupr\u00e8s du reste de l&rsquo;humanit\u00e9. Certains \u00e9taient conscients qu&rsquo;il n&rsquo;\u00e9tait plus possible de maintenir la supercherie, et d&rsquo;autres (y compris, bien s\u00fbr, dans l&rsquo;humanit\u00e9) y ont vu une magnifique opportunit\u00e9 pour tented de prendre le pouvoir&#8230; Tout cela sans compter le petit paquet de cr\u00e9atures mythiques \u00e0 classer au rang de \u00ab\u00a0catastrophes naturelles\u00a0\u00bb qui se sont vues perturb\u00e9es dans leur tr\u00e8s long sommeil.<\/span><\/p>\n<p style=\"text-align: center;\" align=\"justify\">~<\/p>\n<p style=\"font-size: medium;\" align=\"justify\"><span style=\"color: #ffffff;\">Suivra une p\u00e9riode qui durera presque 10 ans, avec des premiers ajustements, des paniques, des conflits et m\u00eame des guerres \u00e0 plus ou moins grandes \u00e9chelles (causant la mort de pratiquement 12% de la population globale de l&rsquo;\u00e9poque, tous peuples confondus). Et pourtant, tout cela s&rsquo;est pass\u00e9 sans pour autant que la situation ne vire \u00e0 l&rsquo;apocalypse ou m\u00eame au chaos mondial car, aussi bien dans le camp de la Technologie et des Sciences plus traditionnelles \u00e0 l&rsquo;humanit\u00e9 que dans celui de la Magie, les personnes raisonnables \u00e9taient fort heureusement sup\u00e9rieures en nombre, plus organis\u00e9es et ce parfois depuis des si\u00e8cles. En effet, certains avaient pr\u00e9vu que tout cela arriverait \u00e0 un moment ou un autre, d&rsquo;une fa\u00e7on ou d&rsquo;une autre, et s&rsquo;y \u00e9taient rigoureusement pr\u00e9par\u00e9s.<\/span><\/p>\n<p style=\"text-align: center;\" align=\"justify\">~<\/p>\n<p style=\"font-size: medium;\" align=\"justify\"><span style=\"color: #ffffff;\">Ceci \u00e9tant dit, cette p\u00e9riode ne s&rsquo;est pas faites sans bouleversement majeurs sur la carte de la plan\u00e8te, et sur la g\u00e9opolitique en elle-m\u00eame. Ces \u00e9l\u00e9ments seront d\u00e9velopp\u00e9s plus en d\u00e9tails ult\u00e9rieurement, mais pour le moment consacrons-nous a l&rsquo;une des nouveaut\u00e9s de ce monde : les \u00e9coles de Magie, et plus pr\u00e9cis\u00e9ment, Luna Draconis.<\/span><\/p>\n<p style=\"text-align: center;\" align=\"justify\">~<\/p>\n<p style=\"font-size: medium;\" align=\"justify\"><span style=\"color: #ffffff;\">Nous voil\u00e0 en 2175, et l&rsquo;\u00e9cole fond\u00e9e vers le d\u00e9but de \u00ab\u00a0l\u2019\u00c9veil\u00a0\u00bb (nom parfaitement descriptif mais tr\u00e8s peu original donn\u00e9 par l&rsquo;humanit\u00e9 \u00e0 cette fameuse p\u00e9riode de r\u00e9surgence de la Magie) f\u00eates bient\u00f4t ses 95 ans. Celle-ci se situe dans une zone magiquement prot\u00e9g\u00e9e de la For\u00eat Noire, en F\u00e9d\u00e9ration Technomancienne d&rsquo;Allemagne. Elle constitue la plus grosse \u00e9cole d&rsquo;Europe, regroupant des \u00e9l\u00e8ves de toutes races et toutes cultures, de tout le continent et parfois m\u00eame plus loin. Le but de l&rsquo;\u00e9cole est autant de former ses \u00e9l\u00e8ves aux diff\u00e9rentes sciences occultes mais aussi aux diff\u00e9rents nouveaux m\u00e9tiers, nouveaux besoins ainsi que les nouvelles menaces que l\u2019\u00c9veil aura apport\u00e9 avec lui.<\/span><\/p>\n<p style=\"text-align: center;\" align=\"justify\">~<\/p>\n<p style=\"font-size: medium;\" align=\"justify\"><span style=\"color: #ffffff;\">L&rsquo;histoire que nous allons suivre se focalise principalement sur les aventures de la jeune No\u00e9mie Lafleur, et de la classe 4F de l&rsquo;Acad\u00e9mie.<\/span><\/p>\n","protected":false},"excerpt":{"rendered":"<p>(Page provisoire) \u00a0 \u00a0 Retour \u00e0 la page pr\u00e9c\u00e9dente [\u21b5] &#8211; Retour \u00e0 la page d&rsquo;acceuil [\u21b5] ~ En 2072, apr\u00e8s qu&rsquo;une entit\u00e9 appel\u00e9e \u00ab\u00a0Le Fils du N\u00e9ant\u00a0\u00bb, aux motivations finales encore inconnues \u00e0 ce jour, ait attaqu\u00e9 la ville &hellip; <a href=\"https:\/\/nekotsuki-studio.com\/Blog\/lunadraconisacademyhistory\/\">Continued<\/a><\/p>\n","protected":false},"author":1,"featured_media":0,"parent":0,"menu_order":0,"comment_status":"closed","ping_status":"closed","template":"","meta":{"footnotes":""},"class_list":["post-6413","page","type-page","status-publish","hentry"],"jetpack_sharing_enabled":true,"_links":{"self":[{"href":"https:\/\/nekotsuki-studio.com\/Blog\/wp-json\/wp\/v2\/pages\/6413","targetHints":{"allow":["GET"]}}],"collection":[{"href":"https:\/\/nekotsuki-studio.com\/Blog\/wp-json\/wp\/v2\/pages"}],"about":[{"href":"https:\/\/nekotsuki-studio.com\/Blog\/wp-json\/wp\/v2\/types\/page"}],"author":[{"embeddable":true,"href":"https:\/\/nekotsuki-studio.com\/Blog\/wp-json\/wp\/v2\/users\/1"}],"replies":[{"embeddable":true,"href":"https:\/\/nekotsuki-studio.com\/Blog\/wp-json\/wp\/v2\/comments?post=6413"}],"version-history":[{"count":15,"href":"https:\/\/nekotsuki-studio.com\/Blog\/wp-json\/wp\/v2\/pages\/6413\/revisions"}],"predecessor-version":[{"id":10379,"href":"https:\/\/nekotsuki-studio.com\/Blog\/wp-json\/wp\/v2\/pages\/6413\/revisions\/10379"}],"wp:attachment":[{"href":"https:\/\/nekotsuki-studio.com\/Blog\/wp-json\/wp\/v2\/media?parent=6413"}],"curies":[{"name":"wp","href":"https:\/\/api.w.org\/{rel}","templated":true}]}}