{"id":6404,"date":"2023-06-20T17:40:25","date_gmt":"2023-06-20T15:40:25","guid":{"rendered":"https:\/\/nekotsuki-studio.com\/Blog\/?page_id=6404"},"modified":"2025-12-31T15:28:49","modified_gmt":"2025-12-31T14:28:49","slug":"lunadraconisacademy","status":"publish","type":"page","link":"https:\/\/nekotsuki-studio.com\/Blog\/lunadraconisacademy\/","title":{"rendered":"LunaDraconisAcademy"},"content":{"rendered":"<p><img loading=\"lazy\" decoding=\"async\" class=\"aligncenter wp-image-6398\" src=\"https:\/\/nekotsuki-studio.com\/Blog\/wp-content\/uploads\/2023\/06\/Luna-Draconis-Academy-Full-Logo-1024x914.png\" alt=\"\" width=\"480\" height=\"428\" srcset=\"https:\/\/nekotsuki-studio.com\/Blog\/wp-content\/uploads\/2023\/06\/Luna-Draconis-Academy-Full-Logo-1024x914.png 1024w, https:\/\/nekotsuki-studio.com\/Blog\/wp-content\/uploads\/2023\/06\/Luna-Draconis-Academy-Full-Logo-300x268.png 300w, https:\/\/nekotsuki-studio.com\/Blog\/wp-content\/uploads\/2023\/06\/Luna-Draconis-Academy-Full-Logo-768x685.png 768w, https:\/\/nekotsuki-studio.com\/Blog\/wp-content\/uploads\/2023\/06\/Luna-Draconis-Academy-Full-Logo-1536x1370.png 1536w, https:\/\/nekotsuki-studio.com\/Blog\/wp-content\/uploads\/2023\/06\/Luna-Draconis-Academy-Full-Logo.png 1762w\" sizes=\"auto, (max-width: 480px) 100vw, 480px\" \/><\/p>\n<p style=\"text-align: center; font-family: Gabriola, fantasy; font-size: xx-large;\"><span style=\"color: #ccffff;\"><strong>R\u00e9sum\u00e9 du projet :<\/strong><\/span><\/p>\n<p style=\"text-align: justify;\"><span style=\"color: #ffffff;\">Ce projet trans-m\u00e9dia se d\u00e9roule dans un univers Science-Fantasy, sur une Terre du futur ou la Magie a connue une r\u00e9surgence, menant \u00e0 la r\u00e9apparition de cr\u00e9atures consid\u00e9r\u00e9es comme \u00ab\u00a0l\u00e9gendaires\u00a0\u00bb. Sur cette Terre \u00e0 la g\u00e9opolitique, et parfois m\u00eame la g\u00e9ographie, boulevers\u00e9e, ou se croisent \u00e0 la fois Haute Technologie et Science Occulte, nous suivrons les aventures des \u00e9l\u00e8ves de <span style=\"color: #ccffff;\"><strong>Luna Draconis, Academy for Witches and Wizards<\/strong><\/span>, la plus grande \u00e9cole de Magie d&rsquo;Europe.<\/span><\/p>\n<p style=\"text-align: justify;\"><span style=\"color: #ffffff;\">La base du projet est actuellement en cours de d\u00e9veloppement, \u00e0 commencer par certains visuels de personnages, d\u00e9clin\u00e9s en Goodies pour ceux qui aimeraient aider \u00e0 financer la suite. Le premier gros projet sera probablement un jeu de plateau. N&rsquo;h\u00e9sitez donc pas \u00e0 repasser par ici pour Check l&rsquo;avanc\u00e9e du projet !<\/span><\/p>\n<p><span style=\"color: #ffffff;\">Sont pr\u00e9vus pour le moment :<\/span><\/p>\n<p style=\"text-align: justify;\"><span style=\"color: #ffffff;\">&#8211; Des Goodies de type, Badges, Porte-cl\u00e9s, Standee des diff\u00e9rents personnages (dispo sur notre stand en Convention, et bient\u00f4t sur la Boutique Online).<\/span><\/p>\n<p style=\"text-align: justify;\"><span style=\"color: #ffffff;\">&#8211; Un petit WebComic suivant les aventures d&rsquo;un des personnages principaux de l&rsquo;Univers, No\u00e9mie Lafleur, \u00e9l\u00e8ve en 4\u00e8me ann\u00e9e de Luna Draconis (d\u00e9but pr\u00e9vu pour Octobre 2024, sur Instagram, Twitter et BlueSky, puis mise en archive sur le site).<\/span><\/p>\n<p style=\"text-align: justify;\"><span style=\"color: #ffffff;\">&#8211; un jeu de plateau de type Dungeon Crawler, avec un syst\u00e8me de jeu pouvant aller d&rsquo;une version simplifi\u00e9e pour les Joueurs Occasionnels, jusqu&rsquo;\u00e0 une version plus complexe pour ce qui voudraient se rapprocher de l&rsquo;exp\u00e9rience d&rsquo;un jeu de R\u00f4le.<\/span><\/p>\n<p style=\"text-align: right;\"><strong><span style=\"color: #ffffff;\">Marco Sensei.<\/span><\/strong><\/p>\n<p style=\"text-align: center; font-size: x-large;\">~<\/p>\n<table width=\"100%\" cellspacing=\"0\" cellpadding=\"4\">\n<tbody>\n<tr>\n<td valign=\"top\" width=\"100%\"><a href=\"https:\/\/nekotsuki-studio.com\/Blog\/ldaencyclopedia\/\"><img loading=\"lazy\" decoding=\"async\" class=\"aligncenter wp-image-10309\" src=\"https:\/\/nekotsuki-studio.com\/Blog\/wp-content\/uploads\/2025\/08\/Encyclopedia.png\" alt=\"\" width=\"640\" height=\"267\" srcset=\"https:\/\/nekotsuki-studio.com\/Blog\/wp-content\/uploads\/2025\/08\/Encyclopedia.png 960w, https:\/\/nekotsuki-studio.com\/Blog\/wp-content\/uploads\/2025\/08\/Encyclopedia-300x125.png 300w, https:\/\/nekotsuki-studio.com\/Blog\/wp-content\/uploads\/2025\/08\/Encyclopedia-768x320.png 768w\" sizes=\"auto, (max-width: 640px) 100vw, 640px\" \/><\/a><\/td>\n<\/tr>\n<tr>\n<td style=\"text-align: center;\" valign=\"top\" width=\"100%\"><span style=\"font-family: Gabriola, fantasy; color: #ffffff;\"><span style=\"font-size: xx-large;\"><b>~ Webcomic ~<a href=\"https:\/\/bsky.app\/profile\/marcosensei-art.bsky.social\/post\/3la6vjylsrf2n\"><img loading=\"lazy\" decoding=\"async\" class=\"aligncenter wp-image-10357\" src=\"https:\/\/nekotsuki-studio.com\/Blog\/wp-content\/uploads\/2025\/08\/LDA-Bluesky.png\" alt=\"\" width=\"75\" height=\"75\" srcset=\"https:\/\/nekotsuki-studio.com\/Blog\/wp-content\/uploads\/2025\/08\/LDA-Bluesky.png 300w, https:\/\/nekotsuki-studio.com\/Blog\/wp-content\/uploads\/2025\/08\/LDA-Bluesky-150x150.png 150w\" sizes=\"auto, (max-width: 75px) 100vw, 75px\" \/><\/a><\/b><\/span><\/span><\/p>\n<p><a href=\"https:\/\/bsky.app\/profile\/marcosensei-art.bsky.social\/post\/3m4iynsm7zc2e\"><strong><span style=\"color: #ccffcc;\">Version Bluesky [\u21b5]<\/span><\/strong><\/a><\/td>\n<\/tr>\n<tr>\n<td style=\"text-align: center;\" valign=\"top\" width=\"100%\"><span style=\"color: #999999;\"><strong>Jeu de Plateau<\/strong><\/span><\/td>\n<\/tr>\n<tr>\n<td valign=\"top\" width=\"100%\"><a href=\"https:\/\/nekotsuki-studio.com\/Blog\/lunadraconisacademychecklist\/\"><img loading=\"lazy\" decoding=\"async\" class=\"aligncenter wp-image-8861 size-full\" src=\"https:\/\/nekotsuki-studio.com\/Blog\/wp-content\/uploads\/2024\/05\/Checklist.png\" alt=\"\" width=\"500\" height=\"150\" srcset=\"https:\/\/nekotsuki-studio.com\/Blog\/wp-content\/uploads\/2024\/05\/Checklist.png 500w, https:\/\/nekotsuki-studio.com\/Blog\/wp-content\/uploads\/2024\/05\/Checklist-300x90.png 300w\" sizes=\"auto, (max-width: 500px) 100vw, 500px\" \/><\/a><\/td>\n<\/tr>\n<\/tbody>\n<\/table>\n<p style=\"text-align: center; font-size: x-large;\">~<\/p>\n<p>&nbsp;<\/p>\n","protected":false},"excerpt":{"rendered":"<p>R\u00e9sum\u00e9 du projet : Ce projet trans-m\u00e9dia se d\u00e9roule dans un univers Science-Fantasy, sur une Terre du futur ou la Magie a connue une r\u00e9surgence, menant \u00e0 la r\u00e9apparition de cr\u00e9atures consid\u00e9r\u00e9es comme \u00ab\u00a0l\u00e9gendaires\u00a0\u00bb. Sur cette Terre \u00e0 la g\u00e9opolitique, &hellip; <a href=\"https:\/\/nekotsuki-studio.com\/Blog\/lunadraconisacademy\/\">Continued<\/a><\/p>\n","protected":false},"author":1,"featured_media":0,"parent":0,"menu_order":0,"comment_status":"closed","ping_status":"closed","template":"","meta":{"footnotes":""},"class_list":["post-6404","page","type-page","status-publish","hentry"],"jetpack_sharing_enabled":true,"_links":{"self":[{"href":"https:\/\/nekotsuki-studio.com\/Blog\/wp-json\/wp\/v2\/pages\/6404","targetHints":{"allow":["GET"]}}],"collection":[{"href":"https:\/\/nekotsuki-studio.com\/Blog\/wp-json\/wp\/v2\/pages"}],"about":[{"href":"https:\/\/nekotsuki-studio.com\/Blog\/wp-json\/wp\/v2\/types\/page"}],"author":[{"embeddable":true,"href":"https:\/\/nekotsuki-studio.com\/Blog\/wp-json\/wp\/v2\/users\/1"}],"replies":[{"embeddable":true,"href":"https:\/\/nekotsuki-studio.com\/Blog\/wp-json\/wp\/v2\/comments?post=6404"}],"version-history":[{"count":28,"href":"https:\/\/nekotsuki-studio.com\/Blog\/wp-json\/wp\/v2\/pages\/6404\/revisions"}],"predecessor-version":[{"id":10434,"href":"https:\/\/nekotsuki-studio.com\/Blog\/wp-json\/wp\/v2\/pages\/6404\/revisions\/10434"}],"wp:attachment":[{"href":"https:\/\/nekotsuki-studio.com\/Blog\/wp-json\/wp\/v2\/media?parent=6404"}],"curies":[{"name":"wp","href":"https:\/\/api.w.org\/{rel}","templated":true}]}}