{"id":6265,"date":"2023-05-24T09:59:59","date_gmt":"2023-05-24T07:59:59","guid":{"rendered":"https:\/\/nekotsuki-studio.com\/Blog\/?page_id=6265"},"modified":"2023-05-31T08:16:50","modified_gmt":"2023-05-31T06:16:50","slug":"bo-2023-w-20","status":"publish","type":"page","link":"https:\/\/nekotsuki-studio.com\/Blog\/bo-2023-w-20\/","title":{"rendered":"BO-2023-W-20"},"content":{"rendered":"<p style=\"text-align: center;\" align=\"CENTER\"><span style=\"font-size: large; color: #99ccff;\"><b>Box Office Mondial Animation \/ VFX :<\/b><\/span><\/p>\n<p style=\"text-align: center;\" align=\"CENTER\"><span style=\"font-size: large; color: #99ccff;\"><b>2023 &#8211; Semaine 20 (15\/05 \u2013 21\/05<\/b><\/span><span style=\"font-size: large; color: #99ccff;\"><b>)<\/b><\/span><\/p>\n<p style=\"text-align: center;\" align=\"CENTER\"><span style=\"color: #ccffff;\"><a style=\"color: #ccffff;\" href=\"https:\/\/nekotsuki-studio.com\/Blog\/bo-2023-w-19\/\"><strong>\u21d0\u00a0Semaine pr\u00e9c\u00e9dente<\/strong><\/a> &#8211; (<a style=\"color: #ccffff;\" href=\"https:\/\/nekotsuki-studio.com\/Blog\/box-office-accueil\/\">Retour \u00e0 l&rsquo;accueil \u21b5<\/a>) &#8211; <a style=\"color: #ccffff;\" href=\"https:\/\/nekotsuki-studio.com\/Blog\/bo-2023-w-21\/\"><strong>Semaine Suivante \u21d2<\/strong><\/a><\/span><\/p>\n<p align=\"CENTER\"><span style=\"color: #99ccff;\">Pour lire l&rsquo;analyse des chiffres, cliquez sur les titres de film suivis d&rsquo;un <strong><span style=\"color: #ccffff;\">[\u21b5]<\/span><\/strong><\/span><\/p>\n<table width=\"642\" cellspacing=\"0\" cellpadding=\"4\">\n<tbody>\n<tr valign=\"top\">\n<td bgcolor=\"#00b8ff\" width=\"17\">\n<p align=\"center\"><span style=\"color: #000000;\"><b>n\u00b0<\/b><\/span><\/p>\n<\/td>\n<td bgcolor=\"#00b8ff\" width=\"251\">\n<p align=\"center\"><span style=\"color: #000000;\"><b>Titre<\/b><\/span><\/p>\n<\/td>\n<td bgcolor=\"#00b8ff\" width=\"67\">\n<p align=\"center\"><span style=\"color: #000000;\"><b>Semaine<\/b><\/span><\/p>\n<\/td>\n<td bgcolor=\"#00b8ff\" width=\"99\">\n<p align=\"center\"><span style=\"color: #000000;\"><b>\u00c9volution<\/b><\/span><\/p>\n<p align=\"center\"><span style=\"color: #000000;\"><b>(millions de $)<\/b><\/span><\/p>\n<\/td>\n<td bgcolor=\"#00b8ff\" width=\"167\">\n<p align=\"center\"><span style=\"color: #000000;\"><b>Score mondial<\/b><\/span><\/p>\n<\/td>\n<\/tr>\n<tr valign=\"top\">\n<td bgcolor=\"#99ccff\" width=\"17\">\n<p align=\"center\"><span style=\"color: #000000;\">1<\/span><\/p>\n<\/td>\n<td bgcolor=\"#99ccff\" width=\"251\">\n<p align=\"center\"><span style=\"color: #000000;\"><b><a href=\"https:\/\/nekotsuki-studio.com\/Blog\/wp-content\/uploads\/2023\/05\/Guardians_of_the_Galaxy_Vol_3.jpg\"><img loading=\"lazy\" decoding=\"async\" class=\"alignleft wp-image-6208\" src=\"https:\/\/nekotsuki-studio.com\/Blog\/wp-content\/uploads\/2023\/05\/Guardians_of_the_Galaxy_Vol_3-203x300.jpg\" alt=\"\" width=\"101\" height=\"150\" srcset=\"https:\/\/nekotsuki-studio.com\/Blog\/wp-content\/uploads\/2023\/05\/Guardians_of_the_Galaxy_Vol_3-203x300.jpg 203w, https:\/\/nekotsuki-studio.com\/Blog\/wp-content\/uploads\/2023\/05\/Guardians_of_the_Galaxy_Vol_3-692x1024.jpg 692w, https:\/\/nekotsuki-studio.com\/Blog\/wp-content\/uploads\/2023\/05\/Guardians_of_the_Galaxy_Vol_3-768x1137.jpg 768w, https:\/\/nekotsuki-studio.com\/Blog\/wp-content\/uploads\/2023\/05\/Guardians_of_the_Galaxy_Vol_3.jpg 1013w\" sizes=\"auto, (max-width: 101px) 100vw, 101px\" \/><\/a>\u00a0<a href=\"https:\/\/nekotsuki-studio.com\/Blog\/forum\/box-office\/guardians-of-the-galaxy-vol-3-nenterrez-pas-le-mcu-trop-vite-en-terme-de-box-office-p\/#p13560\">Guardians of the Galaxy Vol. 3 [\u21b5]<\/a><\/b><\/span><\/p>\n<\/td>\n<td bgcolor=\"#99ccff\" width=\"67\">\n<p align=\"center\"><span style=\"color: #000000;\">3<\/span><\/p>\n<\/td>\n<td bgcolor=\"#99ccff\" width=\"99\">\n<p align=\"center\"><span style=\"color: #000000;\">+129.7<\/span><\/p>\n<\/td>\n<td bgcolor=\"#99ccff\" width=\"167\">\n<p align=\"center\"><span style=\"color: #000000;\">660.6 millions de $<\/span><\/p>\n<\/td>\n<\/tr>\n<tr valign=\"top\">\n<td bgcolor=\"#ccffff\" width=\"17\">\n<p align=\"center\"><span style=\"color: #000000;\">2<\/span><\/p>\n<\/td>\n<td bgcolor=\"#ccffff\" width=\"251\">\n<p align=\"center\"><span style=\"color: #000000;\"><b><a href=\"https:\/\/nekotsuki-studio.com\/Blog\/wp-content\/uploads\/2023\/04\/Super-Mario-Bros-The-Movie.jpg\"><img loading=\"lazy\" decoding=\"async\" class=\"alignleft wp-image-6070\" src=\"https:\/\/nekotsuki-studio.com\/Blog\/wp-content\/uploads\/2023\/04\/Super-Mario-Bros-The-Movie-189x300.jpg\" alt=\"\" width=\"101\" height=\"160\" srcset=\"https:\/\/nekotsuki-studio.com\/Blog\/wp-content\/uploads\/2023\/04\/Super-Mario-Bros-The-Movie-189x300.jpg 189w, https:\/\/nekotsuki-studio.com\/Blog\/wp-content\/uploads\/2023\/04\/Super-Mario-Bros-The-Movie-646x1024.jpg 646w, https:\/\/nekotsuki-studio.com\/Blog\/wp-content\/uploads\/2023\/04\/Super-Mario-Bros-The-Movie-768x1216.jpg 768w, https:\/\/nekotsuki-studio.com\/Blog\/wp-content\/uploads\/2023\/04\/Super-Mario-Bros-The-Movie.jpg 947w\" sizes=\"auto, (max-width: 101px) 100vw, 101px\" \/><\/a>\u00a0<a href=\"https:\/\/nekotsuki-studio.com\/Blog\/forum\/box-office\/the-super-mario-bros-movie-futur-n1-de-lanimation-au-cinema-mondial-p\/#p13559\">The Super Mario Bros. Movie [\u21b5]<\/a><\/b><\/span><\/p>\n<\/td>\n<td bgcolor=\"#ccffff\" width=\"67\">\n<p align=\"center\"><span style=\"color: #000000;\">7<\/span><\/p>\n<\/td>\n<td bgcolor=\"#ccffff\" width=\"99\">\n<p align=\"center\"><span style=\"color: #000000;\">+39.5<\/span><\/p>\n<\/td>\n<td bgcolor=\"#ccffff\" width=\"167\">\n<p align=\"center\"><span style=\"color: #000000;\">1.249.158.920$<\/span><\/p>\n<\/td>\n<\/tr>\n<tr valign=\"top\">\n<td bgcolor=\"#99ccff\" width=\"17\">\n<p align=\"center\"><span style=\"color: #000000;\">3<\/span><\/p>\n<\/td>\n<td bgcolor=\"#99ccff\" width=\"251\">\n<p align=\"center\"><span style=\"color: #000000;\"><b><a href=\"https:\/\/nekotsuki-studio.com\/Blog\/wp-content\/uploads\/2023\/04\/Dungeons_And_Dragons_Honor_Among_Thieves.jpg\"><img loading=\"lazy\" decoding=\"async\" class=\"alignleft wp-image-6030\" src=\"https:\/\/nekotsuki-studio.com\/Blog\/wp-content\/uploads\/2023\/04\/Dungeons_And_Dragons_Honor_Among_Thieves-206x300.jpg\" alt=\"\" width=\"101\" height=\"147\" srcset=\"https:\/\/nekotsuki-studio.com\/Blog\/wp-content\/uploads\/2023\/04\/Dungeons_And_Dragons_Honor_Among_Thieves-206x300.jpg 206w, https:\/\/nekotsuki-studio.com\/Blog\/wp-content\/uploads\/2023\/04\/Dungeons_And_Dragons_Honor_Among_Thieves-702x1024.jpg 702w, https:\/\/nekotsuki-studio.com\/Blog\/wp-content\/uploads\/2023\/04\/Dungeons_And_Dragons_Honor_Among_Thieves-768x1120.jpg 768w, https:\/\/nekotsuki-studio.com\/Blog\/wp-content\/uploads\/2023\/04\/Dungeons_And_Dragons_Honor_Among_Thieves.jpg 1029w\" sizes=\"auto, (max-width: 101px) 100vw, 101px\" \/><\/a>\u00a0<a href=\"https:\/\/nekotsuki-studio.com\/Blog\/forum\/box-office\/dungeons-dragons-honor-among-thieves-le-cinema-daventure-fun-a-toujours-la-cote-p\/#p13558\">Dungeons &amp; Dragons: Honor Among Thieves [\u21b5]<\/a><\/b><\/span><\/p>\n<\/td>\n<td bgcolor=\"#99ccff\" width=\"67\">\n<p align=\"center\"><span style=\"color: #000000;\">8<\/span><\/p>\n<\/td>\n<td bgcolor=\"#99ccff\" width=\"99\">\n<p align=\"center\"><span style=\"color: #000000;\">+3.6<\/span><\/p>\n<\/td>\n<td bgcolor=\"#99ccff\" width=\"167\">\n<p align=\"center\"><span style=\"color: #000000;\">207.4 millions de $<\/span><\/p>\n<\/td>\n<\/tr>\n<tr valign=\"top\">\n<td bgcolor=\"#ccffff\" width=\"17\">\n<p align=\"center\"><span style=\"color: #000000;\">4<\/span><\/p>\n<\/td>\n<td bgcolor=\"#ccffff\" width=\"251\">\n<p align=\"center\"><span style=\"color: #000000;\"><b><a href=\"https:\/\/nekotsuki-studio.com\/Blog\/wp-content\/uploads\/2022\/11\/Suzume_No_Tojimari.jpg\"><img loading=\"lazy\" decoding=\"async\" class=\"alignleft wp-image-5244\" src=\"https:\/\/nekotsuki-studio.com\/Blog\/wp-content\/uploads\/2022\/11\/Suzume_No_Tojimari-212x300.jpg\" alt=\"\" width=\"101\" height=\"143\" srcset=\"https:\/\/nekotsuki-studio.com\/Blog\/wp-content\/uploads\/2022\/11\/Suzume_No_Tojimari-212x300.jpg 212w, https:\/\/nekotsuki-studio.com\/Blog\/wp-content\/uploads\/2022\/11\/Suzume_No_Tojimari-724x1024.jpg 724w, https:\/\/nekotsuki-studio.com\/Blog\/wp-content\/uploads\/2022\/11\/Suzume_No_Tojimari-768x1087.jpg 768w, https:\/\/nekotsuki-studio.com\/Blog\/wp-content\/uploads\/2022\/11\/Suzume_No_Tojimari-1086x1536.jpg 1086w, https:\/\/nekotsuki-studio.com\/Blog\/wp-content\/uploads\/2022\/11\/Suzume_No_Tojimari-1447x2048.jpg 1447w, https:\/\/nekotsuki-studio.com\/Blog\/wp-content\/uploads\/2022\/11\/Suzume_No_Tojimari.jpg 1600w\" sizes=\"auto, (max-width: 101px) 100vw, 101px\" \/><\/a>\u00a0<a href=\"https:\/\/nekotsuki-studio.com\/Blog\/forum\/box-office\/suzume-no-tojimari-bien-parti-pour-faire-un-gros-score-p\/page-2\/#p13557\">Suzume No Tojimari [\u21b5]<\/a><\/b><\/span><\/p>\n<\/td>\n<td bgcolor=\"#ccffff\" width=\"67\">\n<p align=\"center\"><span style=\"color: #000000;\">28<\/span><\/p>\n<\/td>\n<td bgcolor=\"#ccffff\" width=\"99\">\n<p align=\"center\"><span style=\"color: #000000;\">+2.5<\/span><\/p>\n<\/td>\n<td bgcolor=\"#ccffff\" width=\"167\">\n<p align=\"center\"><span style=\"color: #000000;\">323.3 millions de $<\/span><\/p>\n<\/td>\n<\/tr>\n<tr valign=\"top\">\n<td bgcolor=\"#99ccff\" width=\"17\">\n<p align=\"center\"><span style=\"color: #000000;\">5<\/span><\/p>\n<\/td>\n<td bgcolor=\"#99ccff\" width=\"251\">\n<p align=\"center\"><span style=\"color: #000000;\"><b><a href=\"https:\/\/nekotsuki-studio.com\/Blog\/wp-content\/uploads\/2023\/02\/The_First_Slam_Dunk.jpg\"><img loading=\"lazy\" decoding=\"async\" class=\"alignleft wp-image-5724\" src=\"https:\/\/nekotsuki-studio.com\/Blog\/wp-content\/uploads\/2023\/02\/The_First_Slam_Dunk-212x300.jpg\" alt=\"\" width=\"101\" height=\"143\" srcset=\"https:\/\/nekotsuki-studio.com\/Blog\/wp-content\/uploads\/2023\/02\/The_First_Slam_Dunk-212x300.jpg 212w, https:\/\/nekotsuki-studio.com\/Blog\/wp-content\/uploads\/2023\/02\/The_First_Slam_Dunk-724x1024.jpg 724w, https:\/\/nekotsuki-studio.com\/Blog\/wp-content\/uploads\/2023\/02\/The_First_Slam_Dunk-768x1086.jpg 768w, https:\/\/nekotsuki-studio.com\/Blog\/wp-content\/uploads\/2023\/02\/The_First_Slam_Dunk.jpg 849w\" sizes=\"auto, (max-width: 101px) 100vw, 101px\" \/><\/a>\u00a0<a href=\"https:\/\/nekotsuki-studio.com\/Blog\/forum\/box-office\/the-first-slam-dunk-lanime-japonaise-en-forme-ces-derniers-temps-d\/#p13556\">The First Slam Dunk [\u21b5]<\/a><\/b><\/span><\/p>\n<\/td>\n<td bgcolor=\"#99ccff\" width=\"67\">\n<p align=\"center\"><span style=\"color: #000000;\">20<\/span><\/p>\n<\/td>\n<td bgcolor=\"#99ccff\" width=\"99\">\n<p align=\"center\"><span style=\"color: #000000;\">+2.3<\/span><\/p>\n<\/td>\n<td bgcolor=\"#99ccff\" width=\"167\">\n<p align=\"center\"><span style=\"color: #000000;\">268.5 millions de $<\/span><\/p>\n<\/td>\n<\/tr>\n<tr valign=\"top\">\n<td bgcolor=\"#ccffff\" width=\"17\">\n<p align=\"center\"><span style=\"color: #000000;\">6<\/span><\/p>\n<\/td>\n<td bgcolor=\"#ccffff\" width=\"251\">\n<p align=\"center\"><span style=\"color: #000000;\"><b><a href=\"https:\/\/nekotsuki-studio.com\/Blog\/wp-content\/uploads\/2023\/03\/Epic_Tails.jpg\"><img loading=\"lazy\" decoding=\"async\" class=\"alignleft wp-image-5918\" src=\"https:\/\/nekotsuki-studio.com\/Blog\/wp-content\/uploads\/2023\/03\/Epic_Tails-203x300.jpg\" alt=\"\" width=\"101\" height=\"150\" srcset=\"https:\/\/nekotsuki-studio.com\/Blog\/wp-content\/uploads\/2023\/03\/Epic_Tails-203x300.jpg 203w, https:\/\/nekotsuki-studio.com\/Blog\/wp-content\/uploads\/2023\/03\/Epic_Tails-691x1024.jpg 691w, https:\/\/nekotsuki-studio.com\/Blog\/wp-content\/uploads\/2023\/03\/Epic_Tails-768x1138.jpg 768w, https:\/\/nekotsuki-studio.com\/Blog\/wp-content\/uploads\/2023\/03\/Epic_Tails-1037x1536.jpg 1037w, https:\/\/nekotsuki-studio.com\/Blog\/wp-content\/uploads\/2023\/03\/Epic_Tails-1382x2048.jpg 1382w, https:\/\/nekotsuki-studio.com\/Blog\/wp-content\/uploads\/2023\/03\/Epic_Tails.jpg 1728w\" sizes=\"auto, (max-width: 101px) 100vw, 101px\" \/><\/a>\u00a0Epic Tails \/ Argonuts<\/b><\/span><\/p>\n<\/td>\n<td bgcolor=\"#ccffff\" width=\"67\">\n<p align=\"center\"><span style=\"color: #000000;\">17<\/span><\/p>\n<\/td>\n<td bgcolor=\"#ccffff\" width=\"99\">\n<p align=\"center\"><span style=\"color: #000000;\">+0.4<\/span><\/p>\n<\/td>\n<td bgcolor=\"#ccffff\" width=\"167\">\n<p align=\"center\"><span style=\"color: #000000;\">11.9 millions de $<\/span><\/p>\n<\/td>\n<\/tr>\n<tr valign=\"top\">\n<td bgcolor=\"#99ccff\" width=\"17\">\n<p align=\"center\"><span style=\"color: #000000;\">7<\/span><\/p>\n<\/td>\n<td bgcolor=\"#99ccff\" width=\"251\">\n<p align=\"center\"><span style=\"color: #000000;\"><b><a href=\"https:\/\/nekotsuki-studio.com\/Blog\/wp-content\/uploads\/2022\/12\/Avatar_the_Way_of_Water.jpg\"><img loading=\"lazy\" decoding=\"async\" class=\"alignleft wp-image-5413\" src=\"https:\/\/nekotsuki-studio.com\/Blog\/wp-content\/uploads\/2022\/12\/Avatar_the_Way_of_Water-192x300.jpg\" alt=\"\" width=\"101\" height=\"158\" srcset=\"https:\/\/nekotsuki-studio.com\/Blog\/wp-content\/uploads\/2022\/12\/Avatar_the_Way_of_Water-192x300.jpg 192w, https:\/\/nekotsuki-studio.com\/Blog\/wp-content\/uploads\/2022\/12\/Avatar_the_Way_of_Water-656x1024.jpg 656w, https:\/\/nekotsuki-studio.com\/Blog\/wp-content\/uploads\/2022\/12\/Avatar_the_Way_of_Water-768x1199.jpg 768w, https:\/\/nekotsuki-studio.com\/Blog\/wp-content\/uploads\/2022\/12\/Avatar_the_Way_of_Water.jpg 961w\" sizes=\"auto, (max-width: 101px) 100vw, 101px\" \/><\/a>\u00a0Avatar : The <span lang=\"fr-FR\">Way of Water<\/span><\/b><\/span><\/p>\n<\/td>\n<td bgcolor=\"#99ccff\" width=\"67\">\n<p align=\"center\"><span style=\"color: #000000;\">23<\/span><\/p>\n<\/td>\n<td bgcolor=\"#99ccff\" width=\"99\">\n<p align=\"center\"><span style=\"color: #000000;\">+0.3<\/span><\/p>\n<\/td>\n<td bgcolor=\"#99ccff\" width=\"167\">\n<p align=\"center\"><span style=\"color: #000000;\">2.320.246.732 $<\/span><\/p>\n<\/td>\n<\/tr>\n<tr valign=\"top\">\n<td bgcolor=\"#ccffff\" width=\"17\">\n<p align=\"center\"><span style=\"color: #000000;\">8<\/span><\/p>\n<\/td>\n<td bgcolor=\"#ccffff\" width=\"251\"><a href=\"https:\/\/nekotsuki-studio.com\/Blog\/wp-content\/uploads\/2023\/02\/Antman_And_The_Wasp_Quantumania.jpg\"><img loading=\"lazy\" decoding=\"async\" class=\"alignleft wp-image-5805\" src=\"https:\/\/nekotsuki-studio.com\/Blog\/wp-content\/uploads\/2023\/02\/Antman_And_The_Wasp_Quantumania-203x300.jpg\" alt=\"\" width=\"101\" height=\"150\" srcset=\"https:\/\/nekotsuki-studio.com\/Blog\/wp-content\/uploads\/2023\/02\/Antman_And_The_Wasp_Quantumania-203x300.jpg 203w, https:\/\/nekotsuki-studio.com\/Blog\/wp-content\/uploads\/2023\/02\/Antman_And_The_Wasp_Quantumania-692x1024.jpg 692w, https:\/\/nekotsuki-studio.com\/Blog\/wp-content\/uploads\/2023\/02\/Antman_And_The_Wasp_Quantumania-768x1137.jpg 768w, https:\/\/nekotsuki-studio.com\/Blog\/wp-content\/uploads\/2023\/02\/Antman_And_The_Wasp_Quantumania.jpg 1013w\" sizes=\"auto, (max-width: 101px) 100vw, 101px\" \/><\/a><\/p>\n<p align=\"center\"><span style=\"color: #000000;\"><b>\u00a0Ant-Man and the Wasp: Quantumania<\/b><\/span><\/p>\n<\/td>\n<td bgcolor=\"#ccffff\" width=\"67\">\n<p align=\"center\"><span style=\"color: #000000;\">14<\/span><\/p>\n<\/td>\n<td bgcolor=\"#ccffff\" width=\"99\">\n<p align=\"center\"><span style=\"color: #000000;\">+0.1<\/span><\/p>\n<\/td>\n<td bgcolor=\"#ccffff\" width=\"167\">\n<p align=\"center\"><span style=\"color: #000000;\">475.9 millions de $<\/span><\/p>\n<\/td>\n<\/tr>\n<tr valign=\"top\">\n<td bgcolor=\"#ffffcc\" width=\"17\">\n<p align=\"center\"><span style=\"color: #000000;\">9<\/span><\/p>\n<\/td>\n<td bgcolor=\"#ffffcc\" width=\"251\">\n<p align=\"center\"><span style=\"color: #000000;\"><b><a href=\"https:\/\/nekotsuki-studio.com\/Blog\/wp-content\/uploads\/2023\/05\/Knights_of_the_Zodiac_Action_Live.jpg\"><img loading=\"lazy\" decoding=\"async\" class=\"alignleft wp-image-6266\" src=\"https:\/\/nekotsuki-studio.com\/Blog\/wp-content\/uploads\/2023\/05\/Knights_of_the_Zodiac_Action_Live-240x300.jpg\" alt=\"\" width=\"101\" height=\"126\" srcset=\"https:\/\/nekotsuki-studio.com\/Blog\/wp-content\/uploads\/2023\/05\/Knights_of_the_Zodiac_Action_Live-240x300.jpg 240w, https:\/\/nekotsuki-studio.com\/Blog\/wp-content\/uploads\/2023\/05\/Knights_of_the_Zodiac_Action_Live-819x1024.jpg 819w, https:\/\/nekotsuki-studio.com\/Blog\/wp-content\/uploads\/2023\/05\/Knights_of_the_Zodiac_Action_Live-768x960.jpg 768w, https:\/\/nekotsuki-studio.com\/Blog\/wp-content\/uploads\/2023\/05\/Knights_of_the_Zodiac_Action_Live.jpg 1080w\" sizes=\"auto, (max-width: 101px) 100vw, 101px\" \/><\/a>\u00a0<a href=\"https:\/\/nekotsuki-studio.com\/Blog\/forum\/box-office\/les-chevaliers-du-zodiaque-action-live-un-tres-tres-gros-flop-p\/#p13555\">Knights of the Zodiac (Action Live) [\u21b5]<\/a><\/b><\/span><\/p>\n<\/td>\n<td bgcolor=\"#ffffcc\" width=\"67\">\n<p align=\"center\"><span style=\"color: #000000;\">3<\/span><\/p>\n<\/td>\n<td bgcolor=\"#ffffcc\" width=\"99\">\n<p align=\"center\"><span style=\"color: #000000;\">+5.5<\/span><\/p>\n<p align=\"center\"><span style=\"color: #000000;\">(rattrapage)<\/span><\/p>\n<\/td>\n<td bgcolor=\"#ffffcc\" width=\"167\">\n<p align=\"center\"><span style=\"color: #000000;\">5.5 millions de $<\/span><\/p>\n<\/td>\n<\/tr>\n<\/tbody>\n<\/table>\n","protected":false},"excerpt":{"rendered":"<p>Box Office Mondial Animation \/ VFX : 2023 &#8211; Semaine 20 (15\/05 \u2013 21\/05) \u21d0\u00a0Semaine pr\u00e9c\u00e9dente &#8211; (Retour \u00e0 l&rsquo;accueil \u21b5) &#8211; Semaine Suivante \u21d2 Pour lire l&rsquo;analyse des chiffres, cliquez sur les titres de film suivis d&rsquo;un [\u21b5] n\u00b0 &hellip; <a href=\"https:\/\/nekotsuki-studio.com\/Blog\/bo-2023-w-20\/\">Continued<\/a><\/p>\n","protected":false},"author":1,"featured_media":0,"parent":0,"menu_order":0,"comment_status":"closed","ping_status":"closed","template":"","meta":{"footnotes":""},"class_list":["post-6265","page","type-page","status-publish","hentry"],"jetpack_sharing_enabled":true,"_links":{"self":[{"href":"https:\/\/nekotsuki-studio.com\/Blog\/wp-json\/wp\/v2\/pages\/6265","targetHints":{"allow":["GET"]}}],"collection":[{"href":"https:\/\/nekotsuki-studio.com\/Blog\/wp-json\/wp\/v2\/pages"}],"about":[{"href":"https:\/\/nekotsuki-studio.com\/Blog\/wp-json\/wp\/v2\/types\/page"}],"author":[{"embeddable":true,"href":"https:\/\/nekotsuki-studio.com\/Blog\/wp-json\/wp\/v2\/users\/1"}],"replies":[{"embeddable":true,"href":"https:\/\/nekotsuki-studio.com\/Blog\/wp-json\/wp\/v2\/comments?post=6265"}],"version-history":[{"count":8,"href":"https:\/\/nekotsuki-studio.com\/Blog\/wp-json\/wp\/v2\/pages\/6265\/revisions"}],"predecessor-version":[{"id":6303,"href":"https:\/\/nekotsuki-studio.com\/Blog\/wp-json\/wp\/v2\/pages\/6265\/revisions\/6303"}],"wp:attachment":[{"href":"https:\/\/nekotsuki-studio.com\/Blog\/wp-json\/wp\/v2\/media?parent=6265"}],"curies":[{"name":"wp","href":"https:\/\/api.w.org\/{rel}","templated":true}]}}