{"id":5107,"date":"2022-10-18T18:40:42","date_gmt":"2022-10-18T16:40:42","guid":{"rendered":"https:\/\/nekotsuki-studio.com\/Blog\/?page_id=5107"},"modified":"2022-10-25T15:57:30","modified_gmt":"2022-10-25T13:57:30","slug":"bo-2022-w-41","status":"publish","type":"page","link":"https:\/\/nekotsuki-studio.com\/Blog\/bo-2022-w-41\/","title":{"rendered":"BO-2022-W-41"},"content":{"rendered":"<p style=\"text-align: center;\" align=\"CENTER\"><span style=\"font-size: large; color: #99ccff;\"><b>Box Office Mondial Animation \/ VFX :<\/b><\/span><\/p>\n<p style=\"text-align: center;\" align=\"CENTER\"><span style=\"font-size: large; color: #99ccff;\"><b>2022 &#8211; Semaine 41 (10\/10 \u2013 16\/10<\/b><\/span><span style=\"font-size: large; color: #99ccff;\"><b>)<\/b><\/span><\/p>\n<p style=\"text-align: center;\" align=\"CENTER\"><span style=\"color: #ccffff;\"><a style=\"color: #ccffff;\" href=\"https:\/\/nekotsuki-studio.com\/Blog\/bo-2022-w-40\/\"><strong>\u21d0\u00a0Semaine pr\u00e9c\u00e9dente<\/strong><\/a> &#8211; (<a style=\"color: #ccffff;\" href=\"https:\/\/nekotsuki-studio.com\/Blog\/box-office-accueil\/\">Retour \u00e0 l&rsquo;accueil \u21b5<\/a>) &#8211; <a style=\"color: #ccffff;\" href=\"https:\/\/nekotsuki-studio.com\/Blog\/bo-2022-w-42\/\"><strong>Semaine Suivante \u21d2<\/strong><\/a><\/span><\/p>\n<p align=\"CENTER\"><span style=\"color: #99ccff;\">Pour lire l&rsquo;analyse des chiffres, cliquez sur les titres de film suivis d&rsquo;un <strong><span style=\"color: #ccffff;\">[\u21b5]<\/span><\/strong><\/span><\/p>\n<table width=\"642\" cellspacing=\"0\" cellpadding=\"4\">\n<tbody>\n<tr valign=\"top\">\n<td bgcolor=\"#00b8ff\" width=\"17\">\n<p align=\"center\"><span style=\"color: #000000;\"><b>n\u00b0<\/b><\/span><\/p>\n<\/td>\n<td bgcolor=\"#00b8ff\" width=\"251\">\n<p align=\"center\"><span style=\"color: #000000;\"><b>Titre<\/b><\/span><\/p>\n<\/td>\n<td bgcolor=\"#00b8ff\" width=\"67\">\n<p align=\"center\"><span style=\"color: #000000;\"><b>Semaine<\/b><\/span><\/p>\n<\/td>\n<td bgcolor=\"#00b8ff\" width=\"99\">\n<p align=\"center\"><span style=\"color: #000000;\"><b>\u00c9volution<\/b><\/span><\/p>\n<p align=\"center\"><span style=\"color: #000000;\"><b>(millions de $)<\/b><\/span><\/p>\n<\/td>\n<td bgcolor=\"#00b8ff\" width=\"167\">\n<p align=\"center\"><span style=\"color: #000000;\"><b>Score mondial<\/b><\/span><\/p>\n<\/td>\n<\/tr>\n<tr valign=\"top\">\n<td bgcolor=\"#99ccff\" width=\"17\">\n<p align=\"center\"><span style=\"color: #000000;\">1<\/span><\/p>\n<\/td>\n<td bgcolor=\"#99ccff\" width=\"251\">\n<p align=\"center\"><span style=\"color: #000000;\"><b><a href=\"https:\/\/nekotsuki-studio.com\/Blog\/wp-content\/uploads\/2022\/10\/Lyle_Lyle_Crocodile.jpg\"><img loading=\"lazy\" decoding=\"async\" class=\"alignleft wp-image-5077\" src=\"https:\/\/nekotsuki-studio.com\/Blog\/wp-content\/uploads\/2022\/10\/Lyle_Lyle_Crocodile-202x300.jpg\" alt=\"\" width=\"101\" height=\"150\" srcset=\"https:\/\/nekotsuki-studio.com\/Blog\/wp-content\/uploads\/2022\/10\/Lyle_Lyle_Crocodile-202x300.jpg 202w, https:\/\/nekotsuki-studio.com\/Blog\/wp-content\/uploads\/2022\/10\/Lyle_Lyle_Crocodile-691x1024.jpg 691w, https:\/\/nekotsuki-studio.com\/Blog\/wp-content\/uploads\/2022\/10\/Lyle_Lyle_Crocodile-768x1138.jpg 768w, https:\/\/nekotsuki-studio.com\/Blog\/wp-content\/uploads\/2022\/10\/Lyle_Lyle_Crocodile.jpg 1012w\" sizes=\"auto, (max-width: 101px) 100vw, 101px\" \/><\/a>\u00a0<a href=\"https:\/\/nekotsuki-studio.com\/Blog\/forum\/box-office\/lyle-lyle-crocodile-comedie-de-noel-avant-lheure-p\/#p12886\">Lyle, Lyle, Crocodile [\u21b5]<\/a><\/b><\/span><\/p>\n<\/td>\n<td bgcolor=\"#99ccff\" width=\"67\">\n<p align=\"center\"><span style=\"color: #000000;\">2<\/span><\/p>\n<\/td>\n<td bgcolor=\"#99ccff\" width=\"99\">\n<p align=\"center\"><span style=\"color: #000000;\">+15.2<\/span><\/p>\n<\/td>\n<td bgcolor=\"#99ccff\" width=\"167\">\n<p align=\"center\"><span style=\"color: #000000;\">26.6 millions de $<\/span><\/p>\n<\/td>\n<\/tr>\n<tr valign=\"top\">\n<td bgcolor=\"#ccffff\" width=\"17\">\n<p align=\"center\"><span style=\"color: #000000;\">2<\/span><\/p>\n<\/td>\n<td bgcolor=\"#ccffff\" width=\"251\">\n<p align=\"center\"><span style=\"color: #000000;\"><b><a href=\"https:\/\/nekotsuki-studio.com\/Blog\/wp-content\/uploads\/2022\/07\/Minions_the_Rise_of_Gru.jpg\"><img loading=\"lazy\" decoding=\"async\" class=\"alignleft wp-image-4579\" src=\"https:\/\/nekotsuki-studio.com\/Blog\/wp-content\/uploads\/2022\/07\/Minions_the_Rise_of_Gru-189x300.jpg\" alt=\"\" width=\"101\" height=\"160\" srcset=\"https:\/\/nekotsuki-studio.com\/Blog\/wp-content\/uploads\/2022\/07\/Minions_the_Rise_of_Gru-189x300.jpg 189w, https:\/\/nekotsuki-studio.com\/Blog\/wp-content\/uploads\/2022\/07\/Minions_the_Rise_of_Gru-646x1024.jpg 646w, https:\/\/nekotsuki-studio.com\/Blog\/wp-content\/uploads\/2022\/07\/Minions_the_Rise_of_Gru-768x1216.jpg 768w, https:\/\/nekotsuki-studio.com\/Blog\/wp-content\/uploads\/2022\/07\/Minions_the_Rise_of_Gru.jpg 947w\" sizes=\"auto, (max-width: 101px) 100vw, 101px\" \/><\/a>\u00a0<a href=\"https:\/\/nekotsuki-studio.com\/Blog\/forum\/box-office\/minions-the-rise-of-gru-le-retour-des-blockbusters-danimation\/page-2\/#p12885\">Minions : The Rise of Gru [\u21b5]<\/a><\/b><\/span><\/p>\n<\/td>\n<td bgcolor=\"#ccffff\" width=\"67\">\n<p align=\"center\"><span style=\"color: #000000;\">16<\/span><\/p>\n<\/td>\n<td bgcolor=\"#ccffff\" width=\"99\">\n<p align=\"center\"><span style=\"color: #000000;\">+2.7<\/span><\/p>\n<\/td>\n<td bgcolor=\"#ccffff\" width=\"167\">\n<p align=\"center\"><span style=\"color: #000000;\">930.6 millions de $<\/span><\/p>\n<\/td>\n<\/tr>\n<tr valign=\"top\">\n<td bgcolor=\"#99ccff\" width=\"17\">\n<p align=\"center\"><span style=\"color: #000000;\">3<\/span><\/p>\n<\/td>\n<td bgcolor=\"#99ccff\" width=\"251\">\n<p align=\"center\"><span style=\"color: #000000;\"><b><a href=\"https:\/\/nekotsuki-studio.com\/Blog\/wp-content\/uploads\/2022\/08\/DC_League_of_Superpets.jpg\"><img loading=\"lazy\" decoding=\"async\" class=\"alignleft wp-image-4719\" src=\"https:\/\/nekotsuki-studio.com\/Blog\/wp-content\/uploads\/2022\/08\/DC_League_of_Superpets-203x300.jpg\" alt=\"\" width=\"101\" height=\"150\" srcset=\"https:\/\/nekotsuki-studio.com\/Blog\/wp-content\/uploads\/2022\/08\/DC_League_of_Superpets-203x300.jpg 203w, https:\/\/nekotsuki-studio.com\/Blog\/wp-content\/uploads\/2022\/08\/DC_League_of_Superpets-692x1024.jpg 692w, https:\/\/nekotsuki-studio.com\/Blog\/wp-content\/uploads\/2022\/08\/DC_League_of_Superpets-768x1137.jpg 768w, https:\/\/nekotsuki-studio.com\/Blog\/wp-content\/uploads\/2022\/08\/DC_League_of_Superpets.jpg 1013w\" sizes=\"auto, (max-width: 101px) 100vw, 101px\" \/><\/a>\u00a0<a href=\"https:\/\/nekotsuki-studio.com\/Blog\/forum\/box-office\/dc-league-of-super-pets-pas-trop-parti-pour-faire-des-etincelles\/#p12884\">DC League of Super-Pets [\u21b5]<\/a><\/b><\/span><\/p>\n<\/td>\n<td bgcolor=\"#99ccff\" width=\"67\">\n<p align=\"center\"><span style=\"color: #000000;\">12<\/span><\/p>\n<\/td>\n<td bgcolor=\"#99ccff\" width=\"99\">\n<p align=\"center\"><span style=\"color: #000000;\">+2.7<\/span><\/p>\n<\/td>\n<td bgcolor=\"#99ccff\" width=\"167\">\n<p align=\"center\"><span style=\"color: #000000;\">201.7 millions de $<\/span><\/p>\n<\/td>\n<\/tr>\n<tr valign=\"top\">\n<td bgcolor=\"#ccffff\" width=\"17\">\n<p align=\"center\"><span style=\"color: #000000;\">4<\/span><\/p>\n<\/td>\n<td bgcolor=\"#ccffff\" width=\"251\">\n<p align=\"center\"><span style=\"color: #000000;\"><b><a href=\"https:\/\/nekotsuki-studio.com\/Blog\/wp-content\/uploads\/2022\/08\/One_Piece_Red.jpg\"><img loading=\"lazy\" decoding=\"async\" class=\"alignleft wp-image-4817\" src=\"https:\/\/nekotsuki-studio.com\/Blog\/wp-content\/uploads\/2022\/08\/One_Piece_Red-212x300.jpg\" alt=\"\" width=\"101\" height=\"143\" srcset=\"https:\/\/nekotsuki-studio.com\/Blog\/wp-content\/uploads\/2022\/08\/One_Piece_Red-212x300.jpg 212w, https:\/\/nekotsuki-studio.com\/Blog\/wp-content\/uploads\/2022\/08\/One_Piece_Red-723x1024.jpg 723w, https:\/\/nekotsuki-studio.com\/Blog\/wp-content\/uploads\/2022\/08\/One_Piece_Red-768x1088.jpg 768w, https:\/\/nekotsuki-studio.com\/Blog\/wp-content\/uploads\/2022\/08\/One_Piece_Red-1085x1536.jpg 1085w, https:\/\/nekotsuki-studio.com\/Blog\/wp-content\/uploads\/2022\/08\/One_Piece_Red.jpg 1446w\" sizes=\"auto, (max-width: 101px) 100vw, 101px\" \/><\/a>\u00a0<a href=\"https:\/\/nekotsuki-studio.com\/Blog\/forum\/box-office\/one-piece-red-fait-des-vagues-au-box-office-p\/#p12883\">One Piece Film Red [\u21b5]<\/a><\/b><\/span><\/p>\n<\/td>\n<td bgcolor=\"#ccffff\" width=\"67\">\n<p align=\"center\"><span style=\"color: #000000;\">9<\/span><\/p>\n<\/td>\n<td bgcolor=\"#ccffff\" width=\"99\">\n<p align=\"center\"><span style=\"color: #000000;\">+2.3<\/span><\/p>\n<\/td>\n<td bgcolor=\"#ccffff\" width=\"167\">\n<p align=\"center\"><span style=\"color: #000000;\">136.1 millions de $<\/span><\/p>\n<\/td>\n<\/tr>\n<tr valign=\"top\">\n<td bgcolor=\"#99ccff\" width=\"17\">\n<p align=\"center\"><span style=\"color: #000000;\">5<\/span><\/p>\n<\/td>\n<td bgcolor=\"#99ccff\" width=\"251\">\n<p align=\"center\"><span style=\"color: #000000;\"><b><a href=\"https:\/\/nekotsuki-studio.com\/Blog\/wp-content\/uploads\/2022\/07\/Paws_of_Fury_the_Legend_of_Hank.jpg\"><img loading=\"lazy\" decoding=\"async\" class=\"alignleft wp-image-4650\" src=\"https:\/\/nekotsuki-studio.com\/Blog\/wp-content\/uploads\/2022\/07\/Paws_of_Fury_the_Legend_of_Hank-206x300.jpg\" alt=\"\" width=\"101\" height=\"147\" srcset=\"https:\/\/nekotsuki-studio.com\/Blog\/wp-content\/uploads\/2022\/07\/Paws_of_Fury_the_Legend_of_Hank-206x300.jpg 206w, https:\/\/nekotsuki-studio.com\/Blog\/wp-content\/uploads\/2022\/07\/Paws_of_Fury_the_Legend_of_Hank-703x1024.jpg 703w, https:\/\/nekotsuki-studio.com\/Blog\/wp-content\/uploads\/2022\/07\/Paws_of_Fury_the_Legend_of_Hank-768x1118.jpg 768w, https:\/\/nekotsuki-studio.com\/Blog\/wp-content\/uploads\/2022\/07\/Paws_of_Fury_the_Legend_of_Hank.jpg 1030w\" sizes=\"auto, (max-width: 101px) 100vw, 101px\" \/><\/a>\u00a0Paws of Fury : The Legend of Hank<\/b><\/span><\/p>\n<\/td>\n<td bgcolor=\"#99ccff\" width=\"67\">\n<p align=\"center\"><span style=\"color: #000000;\">14<\/span><\/p>\n<\/td>\n<td bgcolor=\"#99ccff\" width=\"99\">\n<p align=\"center\"><span style=\"color: #000000;\">+0.9<\/span><\/p>\n<\/td>\n<td bgcolor=\"#99ccff\" width=\"167\">\n<p align=\"center\"><span style=\"color: #000000;\">28 millions de $<\/span><\/p>\n<\/td>\n<\/tr>\n<tr valign=\"top\">\n<td bgcolor=\"#ccffff\" width=\"17\">\n<p align=\"center\"><span style=\"color: #000000;\">6<\/span><\/p>\n<\/td>\n<td bgcolor=\"#ccffff\" width=\"251\">\n<p align=\"center\"><span style=\"color: #000000;\"><b><a href=\"https:\/\/nekotsuki-studio.com\/Blog\/wp-content\/uploads\/2022\/08\/Dragon_Ball_Super_Super_Hero-scaled.jpg\"><img loading=\"lazy\" decoding=\"async\" class=\"alignleft wp-image-4818\" src=\"https:\/\/nekotsuki-studio.com\/Blog\/wp-content\/uploads\/2022\/08\/Dragon_Ball_Super_Super_Hero-212x300.jpg\" alt=\"\" width=\"101\" height=\"143\" srcset=\"https:\/\/nekotsuki-studio.com\/Blog\/wp-content\/uploads\/2022\/08\/Dragon_Ball_Super_Super_Hero-212x300.jpg 212w, https:\/\/nekotsuki-studio.com\/Blog\/wp-content\/uploads\/2022\/08\/Dragon_Ball_Super_Super_Hero-723x1024.jpg 723w, https:\/\/nekotsuki-studio.com\/Blog\/wp-content\/uploads\/2022\/08\/Dragon_Ball_Super_Super_Hero-768x1088.jpg 768w, https:\/\/nekotsuki-studio.com\/Blog\/wp-content\/uploads\/2022\/08\/Dragon_Ball_Super_Super_Hero-1085x1536.jpg 1085w, https:\/\/nekotsuki-studio.com\/Blog\/wp-content\/uploads\/2022\/08\/Dragon_Ball_Super_Super_Hero-1446x2048.jpg 1446w, https:\/\/nekotsuki-studio.com\/Blog\/wp-content\/uploads\/2022\/08\/Dragon_Ball_Super_Super_Hero-scaled.jpg 1808w\" sizes=\"auto, (max-width: 101px) 100vw, 101px\" \/><\/a>\u00a0Dragon Ball Super : Super Hero<\/b><\/span><\/p>\n<\/td>\n<td bgcolor=\"#ccffff\" width=\"67\">\n<p align=\"center\"><span style=\"color: #000000;\">9<\/span><\/p>\n<\/td>\n<td bgcolor=\"#ccffff\" width=\"99\">\n<p align=\"center\"><span style=\"color: #000000;\">+0.8<\/span><\/p>\n<\/td>\n<td bgcolor=\"#ccffff\" width=\"167\">\n<p align=\"center\"><span style=\"color: #000000;\">78.8 millions de $<\/span><\/p>\n<\/td>\n<\/tr>\n<tr valign=\"top\">\n<td bgcolor=\"#99ccff\" width=\"17\">\n<p align=\"center\"><span style=\"color: #000000;\">7<\/span><\/p>\n<\/td>\n<td bgcolor=\"#99ccff\" width=\"251\">\n<p align=\"center\"><span style=\"color: #000000;\"><b><a href=\"https:\/\/nekotsuki-studio.com\/Blog\/wp-content\/uploads\/2022\/10\/Vesper_US.jpg\"><img loading=\"lazy\" decoding=\"async\" class=\"alignleft wp-image-5043\" src=\"https:\/\/nekotsuki-studio.com\/Blog\/wp-content\/uploads\/2022\/10\/Vesper_US-203x300.jpg\" alt=\"\" width=\"101\" height=\"150\" srcset=\"https:\/\/nekotsuki-studio.com\/Blog\/wp-content\/uploads\/2022\/10\/Vesper_US-203x300.jpg 203w, https:\/\/nekotsuki-studio.com\/Blog\/wp-content\/uploads\/2022\/10\/Vesper_US-692x1024.jpg 692w, https:\/\/nekotsuki-studio.com\/Blog\/wp-content\/uploads\/2022\/10\/Vesper_US-768x1137.jpg 768w, https:\/\/nekotsuki-studio.com\/Blog\/wp-content\/uploads\/2022\/10\/Vesper_US.jpg 1013w\" sizes=\"auto, (max-width: 101px) 100vw, 101px\" \/><\/a>\u00a0<a href=\"https:\/\/nekotsuki-studio.com\/Blog\/forum\/box-office\/vesper-chronicles-toujours-aussi-dur-dexister-pour-la-sf-francaise\/#p12882\">Vesper [\u21b5]<\/a><\/b><\/span><\/p>\n<\/td>\n<td bgcolor=\"#99ccff\" width=\"67\">\n<p align=\"center\"><span style=\"color: #000000;\">3<\/span><\/p>\n<\/td>\n<td bgcolor=\"#99ccff\" width=\"99\">\n<p align=\"center\"><span style=\"color: #000000;\">+0.2<\/span><\/p>\n<\/td>\n<td bgcolor=\"#99ccff\" width=\"167\">\n<p align=\"center\"><span style=\"color: #000000;\">1.468.078 $<\/span><\/p>\n<\/td>\n<\/tr>\n<\/tbody>\n<\/table>\n","protected":false},"excerpt":{"rendered":"<p>Box Office Mondial Animation \/ VFX : 2022 &#8211; Semaine 41 (10\/10 \u2013 16\/10) \u21d0\u00a0Semaine pr\u00e9c\u00e9dente &#8211; (Retour \u00e0 l&rsquo;accueil \u21b5) &#8211; Semaine Suivante \u21d2 Pour lire l&rsquo;analyse des chiffres, cliquez sur les titres de film suivis d&rsquo;un [\u21b5] n\u00b0 &hellip; <a href=\"https:\/\/nekotsuki-studio.com\/Blog\/bo-2022-w-41\/\">Continued<\/a><\/p>\n","protected":false},"author":1,"featured_media":0,"parent":0,"menu_order":0,"comment_status":"closed","ping_status":"closed","template":"","meta":{"footnotes":""},"class_list":["post-5107","page","type-page","status-publish","hentry"],"jetpack_sharing_enabled":true,"_links":{"self":[{"href":"https:\/\/nekotsuki-studio.com\/Blog\/wp-json\/wp\/v2\/pages\/5107","targetHints":{"allow":["GET"]}}],"collection":[{"href":"https:\/\/nekotsuki-studio.com\/Blog\/wp-json\/wp\/v2\/pages"}],"about":[{"href":"https:\/\/nekotsuki-studio.com\/Blog\/wp-json\/wp\/v2\/types\/page"}],"author":[{"embeddable":true,"href":"https:\/\/nekotsuki-studio.com\/Blog\/wp-json\/wp\/v2\/users\/1"}],"replies":[{"embeddable":true,"href":"https:\/\/nekotsuki-studio.com\/Blog\/wp-json\/wp\/v2\/comments?post=5107"}],"version-history":[{"count":8,"href":"https:\/\/nekotsuki-studio.com\/Blog\/wp-json\/wp\/v2\/pages\/5107\/revisions"}],"predecessor-version":[{"id":5144,"href":"https:\/\/nekotsuki-studio.com\/Blog\/wp-json\/wp\/v2\/pages\/5107\/revisions\/5144"}],"wp:attachment":[{"href":"https:\/\/nekotsuki-studio.com\/Blog\/wp-json\/wp\/v2\/media?parent=5107"}],"curies":[{"name":"wp","href":"https:\/\/api.w.org\/{rel}","templated":true}]}}