{"id":3630,"date":"2022-01-04T17:41:17","date_gmt":"2022-01-04T16:41:17","guid":{"rendered":"https:\/\/nekotsuki-studio.com\/Blog\/?page_id=3630"},"modified":"2022-01-11T17:27:17","modified_gmt":"2022-01-11T16:27:17","slug":"bo-2021-w-52","status":"publish","type":"page","link":"https:\/\/nekotsuki-studio.com\/Blog\/bo-2021-w-52\/","title":{"rendered":"BO-2021-W-52"},"content":{"rendered":"<p style=\"text-align: center;\" align=\"CENTER\"><span style=\"font-size: large; color: #99ccff;\"><b>Box Office Mondial Animation \/ VFX :<\/b><\/span><\/p>\n<p style=\"text-align: center;\" align=\"CENTER\"><span style=\"font-size: large; color: #99ccff;\"><b>2021 &#8211; Semaine 52 (27\/12\/2021 \u2013 02\/01\/2022<\/b><\/span><span style=\"font-size: large; color: #99ccff;\"><b>)<\/b><\/span><\/p>\n<p style=\"text-align: center;\" align=\"CENTER\"><span style=\"color: #ccffff;\"><a style=\"color: #ccffff;\" href=\"https:\/\/nekotsuki-studio.com\/Blog\/bo-2021-w-51\/\"><strong>\u21d0\u00a0Semaine pr\u00e9c\u00e9dente<\/strong><\/a> &#8211; (<a style=\"color: #ccffff;\" href=\"https:\/\/nekotsuki-studio.com\/Blog\/box-office-accueil\/\">Retour \u00e0 l&rsquo;accueil \u21b5<\/a>) &#8211; <a style=\"color: #ccffff;\" href=\"https:\/\/nekotsuki-studio.com\/Blog\/bo-2022-w-01\/\"><strong>Semaine Suivante \u21d2<\/strong><\/a><\/span><\/p>\n<p align=\"CENTER\"><strong><span style=\"color: #ff0000;\">RAPPEL : prendre en compte le fait que ces chiffres sont fortement marqu\u00e9s par les mesures pour lutter contre la pand\u00e9mie actuelle.<\/span><\/strong><\/p>\n<p align=\"CENTER\"><span style=\"color: #99ccff;\">Pour lire l&rsquo;analyse des chiffres, cliquez sur les titres de film suivis d&rsquo;un <strong><span style=\"color: #ccffff;\">[\u21b5]<\/span><\/strong><\/span><\/p>\n<table border=\"1\" width=\"642\" cellspacing=\"0\" cellpadding=\"4\">\n<tbody>\n<tr valign=\"TOP\">\n<td bgcolor=\"#00b8ff\" width=\"17\">\n<p align=\"CENTER\"><span style=\"color: #000000;\"><b>n\u00b0<\/b><\/span><\/p>\n<\/td>\n<td bgcolor=\"#00b8ff\" width=\"251\">\n<p align=\"CENTER\"><span style=\"color: #000000;\"><b>Titre<\/b><\/span><\/p>\n<\/td>\n<td bgcolor=\"#00b8ff\" width=\"67\">\n<p align=\"CENTER\"><span style=\"color: #000000;\"><b>Semaine<\/b><\/span><\/p>\n<\/td>\n<td bgcolor=\"#00b8ff\" width=\"99\">\n<p align=\"CENTER\"><span style=\"color: #000000;\"><b>\u00c9volution<\/b><\/span><\/p>\n<p align=\"CENTER\"><span style=\"color: #000000;\"><b>(millions de $)<\/b><\/span><\/p>\n<\/td>\n<td bgcolor=\"#00b8ff\" width=\"167\">\n<p align=\"CENTER\"><span style=\"color: #000000;\"><b>Score mondial<\/b><\/span><\/p>\n<\/td>\n<\/tr>\n<tr valign=\"TOP\">\n<td bgcolor=\"#99ccff\" width=\"17\">\n<p align=\"CENTER\"><span style=\"color: #000000;\">1<\/span><\/p>\n<\/td>\n<td bgcolor=\"#99ccff\" width=\"251\">\n<p align=\"CENTER\"><span style=\"color: #000000;\"><b><a href=\"https:\/\/nekotsuki-studio.com\/Blog\/wp-content\/uploads\/2021\/12\/Spiderman_No_Way_Home.jpg\"><img loading=\"lazy\" decoding=\"async\" class=\"alignleft wp-image-3530\" src=\"https:\/\/nekotsuki-studio.com\/Blog\/wp-content\/uploads\/2021\/12\/Spiderman_No_Way_Home-202x300.jpg\" alt=\"\" width=\"101\" height=\"150\" srcset=\"https:\/\/nekotsuki-studio.com\/Blog\/wp-content\/uploads\/2021\/12\/Spiderman_No_Way_Home-202x300.jpg 202w, https:\/\/nekotsuki-studio.com\/Blog\/wp-content\/uploads\/2021\/12\/Spiderman_No_Way_Home-691x1024.jpg 691w, https:\/\/nekotsuki-studio.com\/Blog\/wp-content\/uploads\/2021\/12\/Spiderman_No_Way_Home-768x1138.jpg 768w, https:\/\/nekotsuki-studio.com\/Blog\/wp-content\/uploads\/2021\/12\/Spiderman_No_Way_Home.jpg 1012w\" sizes=\"auto, (max-width: 101px) 100vw, 101px\" \/><\/a>\u00a0<a href=\"https:\/\/nekotsuki-studio.com\/Blog\/forum\/box-office\/spider-man-no-way-home-champion-de-2021-parti-en-dernier-pour-mieux-ecraser-tout-le-monde-p\/#p11944\">Spider-Man : No Way Home [\u21b5]<\/a><\/b><\/span><\/p>\n<\/td>\n<td bgcolor=\"#99ccff\" width=\"67\">\n<p align=\"CENTER\"><span style=\"color: #000000;\">3<\/span><\/p>\n<\/td>\n<td bgcolor=\"#99ccff\" width=\"99\">\n<p align=\"CENTER\"><span style=\"color: #000000;\">+315.1<\/span><\/p>\n<\/td>\n<td bgcolor=\"#99ccff\" width=\"167\">\n<p align=\"CENTER\"><span style=\"color: #000000;\">1.372.600.664$<\/span><\/p>\n<\/td>\n<\/tr>\n<tr valign=\"TOP\">\n<td bgcolor=\"#ccffff\" width=\"17\">\n<p align=\"CENTER\"><span style=\"color: #000000;\">2<\/span><\/p>\n<\/td>\n<td bgcolor=\"#ccffff\" width=\"251\">\n<p align=\"CENTER\"><span style=\"color: #000000;\"><b><a href=\"https:\/\/nekotsuki-studio.com\/Blog\/wp-content\/uploads\/2021\/12\/Sing_2.jpg\"><img loading=\"lazy\" decoding=\"async\" class=\"alignleft wp-image-3586\" src=\"https:\/\/nekotsuki-studio.com\/Blog\/wp-content\/uploads\/2021\/12\/Sing_2-189x300.jpg\" alt=\"\" width=\"101\" height=\"160\" srcset=\"https:\/\/nekotsuki-studio.com\/Blog\/wp-content\/uploads\/2021\/12\/Sing_2-189x300.jpg 189w, https:\/\/nekotsuki-studio.com\/Blog\/wp-content\/uploads\/2021\/12\/Sing_2-646x1024.jpg 646w, https:\/\/nekotsuki-studio.com\/Blog\/wp-content\/uploads\/2021\/12\/Sing_2-768x1216.jpg 768w, https:\/\/nekotsuki-studio.com\/Blog\/wp-content\/uploads\/2021\/12\/Sing_2.jpg 947w\" sizes=\"auto, (max-width: 101px) 100vw, 101px\" \/><\/a>\u00a0<a href=\"https:\/\/nekotsuki-studio.com\/Blog\/forum\/box-office\/sing-2-gagnant-tardif-de-2021-p\/#p11943\">Sing 2 [\u21b5]<\/a><\/b><\/span><\/p>\n<\/td>\n<td bgcolor=\"#ccffff\" width=\"67\">\n<p align=\"CENTER\"><span style=\"color: #000000;\">2<\/span><\/p>\n<\/td>\n<td bgcolor=\"#ccffff\" width=\"99\">\n<p align=\"CENTER\"><span style=\"color: #000000;\">+81.1<\/span><\/p>\n<\/td>\n<td bgcolor=\"#ccffff\" width=\"167\">\n<p align=\"CENTER\"><span style=\"color: #000000;\">145.6 millions de $<\/span><\/p>\n<\/td>\n<\/tr>\n<tr valign=\"TOP\">\n<td bgcolor=\"#99ccff\" width=\"17\">\n<p align=\"CENTER\"><span style=\"color: #000000;\">3<\/span><\/p>\n<\/td>\n<td bgcolor=\"#99ccff\" width=\"251\">\n<p align=\"CENTER\"><span style=\"color: #000000;\"><b><a href=\"https:\/\/nekotsuki-studio.com\/Blog\/wp-content\/uploads\/2021\/12\/Matrix_Resurrections.jpg\"><img loading=\"lazy\" decoding=\"async\" class=\"alignleft wp-image-3585\" src=\"https:\/\/nekotsuki-studio.com\/Blog\/wp-content\/uploads\/2021\/12\/Matrix_Resurrections-202x300.jpg\" alt=\"\" width=\"101\" height=\"150\" srcset=\"https:\/\/nekotsuki-studio.com\/Blog\/wp-content\/uploads\/2021\/12\/Matrix_Resurrections-202x300.jpg 202w, https:\/\/nekotsuki-studio.com\/Blog\/wp-content\/uploads\/2021\/12\/Matrix_Resurrections-691x1024.jpg 691w, https:\/\/nekotsuki-studio.com\/Blog\/wp-content\/uploads\/2021\/12\/Matrix_Resurrections-768x1138.jpg 768w, https:\/\/nekotsuki-studio.com\/Blog\/wp-content\/uploads\/2021\/12\/Matrix_Resurrections.jpg 1012w\" sizes=\"auto, (max-width: 101px) 100vw, 101px\" \/><\/a>\u00a0<a href=\"https:\/\/nekotsuki-studio.com\/Blog\/forum\/box-office\/the-matrix-resurrections-nest-pas-la-pour-ressusciter-la-licence-p\/#p11942\">The Matrix Resurrections [\u21b5]<\/a><\/b><\/span><\/p>\n<\/td>\n<td bgcolor=\"#99ccff\" width=\"67\">\n<p align=\"CENTER\"><span style=\"color: #000000;\">2<\/span><\/p>\n<\/td>\n<td bgcolor=\"#99ccff\" width=\"99\">\n<p align=\"CENTER\"><span style=\"color: #000000;\">+38.8<\/span><\/p>\n<\/td>\n<td bgcolor=\"#99ccff\" width=\"167\">\n<p align=\"CENTER\"><span style=\"color: #000000;\">105.5 millions de $<\/span><\/p>\n<\/td>\n<\/tr>\n<tr valign=\"TOP\">\n<td bgcolor=\"#ccffff\" width=\"17\">\n<p align=\"CENTER\"><span style=\"color: #000000;\">4<\/span><\/p>\n<\/td>\n<td bgcolor=\"#ccffff\" width=\"251\">\n<p align=\"CENTER\"><span style=\"color: #000000;\"><b><a href=\"https:\/\/nekotsuki-studio.com\/Blog\/wp-content\/uploads\/2021\/11\/Encanto.jpg\"><img loading=\"lazy\" decoding=\"async\" class=\"alignleft wp-image-3414\" src=\"https:\/\/nekotsuki-studio.com\/Blog\/wp-content\/uploads\/2021\/11\/Encanto-202x300.jpg\" alt=\"\" width=\"101\" height=\"150\" srcset=\"https:\/\/nekotsuki-studio.com\/Blog\/wp-content\/uploads\/2021\/11\/Encanto-202x300.jpg 202w, https:\/\/nekotsuki-studio.com\/Blog\/wp-content\/uploads\/2021\/11\/Encanto-691x1024.jpg 691w, https:\/\/nekotsuki-studio.com\/Blog\/wp-content\/uploads\/2021\/11\/Encanto-768x1138.jpg 768w, https:\/\/nekotsuki-studio.com\/Blog\/wp-content\/uploads\/2021\/11\/Encanto.jpg 1012w\" sizes=\"auto, (max-width: 101px) 100vw, 101px\" \/><\/a>\u00a0<a href=\"https:\/\/nekotsuki-studio.com\/Blog\/forum\/box-office\/encanto-ou-le-retour-definitif-provisoire-ou-definitivement-provisoire-p-des-disney-de-noel-d\/#p11941\">Encanto [\u21b5]<\/a><\/b><\/span><\/p>\n<\/td>\n<td bgcolor=\"#ccffff\" width=\"67\">\n<p align=\"CENTER\"><span style=\"color: #000000;\">6<\/span><\/p>\n<\/td>\n<td bgcolor=\"#ccffff\" width=\"99\">\n<p align=\"CENTER\"><span style=\"color: #000000;\">+12.6<\/span><\/p>\n<\/td>\n<td bgcolor=\"#ccffff\" width=\"167\">\n<p align=\"CENTER\"><span style=\"color: #000000;\">206.3 millions de $<\/span><\/p>\n<\/td>\n<\/tr>\n<tr valign=\"TOP\">\n<td bgcolor=\"#99ccff\" width=\"17\">\n<p align=\"CENTER\"><span style=\"color: #000000;\">5<\/span><\/p>\n<\/td>\n<td bgcolor=\"#99ccff\" width=\"251\">\n<p align=\"CENTER\"><span style=\"color: #000000;\"><b><a href=\"https:\/\/nekotsuki-studio.com\/Blog\/wp-content\/uploads\/2021\/11\/Ghostbusters_Afterlife.jpg\"><img loading=\"lazy\" decoding=\"async\" class=\"alignleft wp-image-3382\" src=\"https:\/\/nekotsuki-studio.com\/Blog\/wp-content\/uploads\/2021\/11\/Ghostbusters_Afterlife-202x300.jpg\" alt=\"\" width=\"101\" height=\"150\" srcset=\"https:\/\/nekotsuki-studio.com\/Blog\/wp-content\/uploads\/2021\/11\/Ghostbusters_Afterlife-202x300.jpg 202w, https:\/\/nekotsuki-studio.com\/Blog\/wp-content\/uploads\/2021\/11\/Ghostbusters_Afterlife-691x1024.jpg 691w, https:\/\/nekotsuki-studio.com\/Blog\/wp-content\/uploads\/2021\/11\/Ghostbusters_Afterlife-768x1138.jpg 768w, https:\/\/nekotsuki-studio.com\/Blog\/wp-content\/uploads\/2021\/11\/Ghostbusters_Afterlife.jpg 1012w\" sizes=\"auto, (max-width: 101px) 100vw, 101px\" \/><\/a>\u00a0<a href=\"https:\/\/nekotsuki-studio.com\/Blog\/forum\/box-office\/ghostbusters-afterlife-le-renouveau-de-la-licence-p\/#p11940\">Ghostbusters : Afterlife [\u21b5]<\/a><\/b><\/span><\/p>\n<\/td>\n<td bgcolor=\"#99ccff\" width=\"67\">\n<p align=\"CENTER\"><span style=\"color: #000000;\">7<\/span><\/p>\n<\/td>\n<td bgcolor=\"#99ccff\" width=\"99\">\n<p align=\"CENTER\"><span style=\"color: #000000;\">+7.9<\/span><\/p>\n<\/td>\n<td bgcolor=\"#99ccff\" width=\"167\">\n<p align=\"CENTER\"><span style=\"color: #000000;\">184.7 millions de $<\/span><\/p>\n<\/td>\n<\/tr>\n<tr valign=\"TOP\">\n<td bgcolor=\"#ccffff\" width=\"17\">\n<p align=\"CENTER\"><span style=\"color: #000000;\">6<\/span><\/p>\n<\/td>\n<td bgcolor=\"#ccffff\" width=\"251\">\n<p align=\"CENTER\"><span style=\"color: #000000;\"><b><a href=\"https:\/\/nekotsuki-studio.com\/Blog\/wp-content\/uploads\/2021\/09\/Dune-2021.jpg\"><img loading=\"lazy\" decoding=\"async\" class=\"alignleft wp-image-3014\" src=\"https:\/\/nekotsuki-studio.com\/Blog\/wp-content\/uploads\/2021\/09\/Dune-2021-202x300.jpg\" alt=\"\" width=\"101\" height=\"150\" srcset=\"https:\/\/nekotsuki-studio.com\/Blog\/wp-content\/uploads\/2021\/09\/Dune-2021-202x300.jpg 202w, https:\/\/nekotsuki-studio.com\/Blog\/wp-content\/uploads\/2021\/09\/Dune-2021-691x1024.jpg 691w, https:\/\/nekotsuki-studio.com\/Blog\/wp-content\/uploads\/2021\/09\/Dune-2021-768x1138.jpg 768w, https:\/\/nekotsuki-studio.com\/Blog\/wp-content\/uploads\/2021\/09\/Dune-2021.jpg 1012w\" sizes=\"auto, (max-width: 101px) 100vw, 101px\" \/><\/a>\u00a0<a href=\"https:\/\/nekotsuki-studio.com\/Blog\/forum\/box-office\/dune-2021-sortie-en-salle-aussi-longue-quun-vers-des-sables-p\/page-2\/#p11939\">Dune (2021) [\u21b5]<\/a><\/b><\/span><\/p>\n<\/td>\n<td bgcolor=\"#ccffff\" width=\"67\">\n<p align=\"CENTER\"><span style=\"color: #000000;\">16<\/span><\/p>\n<\/td>\n<td bgcolor=\"#ccffff\" width=\"99\">\n<p align=\"CENTER\"><span style=\"color: #000000;\">+1.5<\/span><\/p>\n<\/td>\n<td bgcolor=\"#ccffff\" width=\"167\">\n<p align=\"CENTER\"><span style=\"color: #000000;\">396.1 millions de $<\/span><\/p>\n<\/td>\n<\/tr>\n<tr valign=\"TOP\">\n<td bgcolor=\"#99ccff\" width=\"17\">\n<p align=\"CENTER\"><span style=\"color: #000000;\">7<\/span><\/p>\n<\/td>\n<td bgcolor=\"#99ccff\" width=\"251\">\n<p align=\"CENTER\"><span style=\"color: #000000;\"><b><a href=\"https:\/\/nekotsuki-studio.com\/Blog\/wp-content\/uploads\/2021\/11\/Eternals.jpg\"><img loading=\"lazy\" decoding=\"async\" class=\"alignleft wp-image-3300\" src=\"https:\/\/nekotsuki-studio.com\/Blog\/wp-content\/uploads\/2021\/11\/Eternals-203x300.jpg\" alt=\"\" width=\"101\" height=\"150\" srcset=\"https:\/\/nekotsuki-studio.com\/Blog\/wp-content\/uploads\/2021\/11\/Eternals-203x300.jpg 203w, https:\/\/nekotsuki-studio.com\/Blog\/wp-content\/uploads\/2021\/11\/Eternals-692x1024.jpg 692w, https:\/\/nekotsuki-studio.com\/Blog\/wp-content\/uploads\/2021\/11\/Eternals-768x1137.jpg 768w, https:\/\/nekotsuki-studio.com\/Blog\/wp-content\/uploads\/2021\/11\/Eternals.jpg 1013w\" sizes=\"auto, (max-width: 101px) 100vw, 101px\" \/><\/a>\u00a0Eternals<\/b><\/span><\/p>\n<\/td>\n<td bgcolor=\"#99ccff\" width=\"67\">\n<p align=\"CENTER\"><span style=\"color: #000000;\">9<\/span><\/p>\n<\/td>\n<td bgcolor=\"#99ccff\" width=\"99\">\n<p align=\"CENTER\"><span style=\"color: #000000;\">+0.2<\/span><\/p>\n<\/td>\n<td bgcolor=\"#99ccff\" width=\"167\">\n<p align=\"CENTER\"><span style=\"color: #000000;\">401.4 millions de $<\/span><\/p>\n<\/td>\n<\/tr>\n<tr valign=\"TOP\">\n<td bgcolor=\"#ccffff\" width=\"17\">\n<p align=\"CENTER\"><span style=\"color: #000000;\">8<\/span><\/p>\n<\/td>\n<td bgcolor=\"#ccffff\" width=\"251\">\n<p align=\"CENTER\"><span style=\"color: #000000;\"><b><a href=\"https:\/\/nekotsuki-studio.com\/Blog\/wp-content\/uploads\/2021\/10\/Venom_Let_There_be_Carnage.jpg\"><img loading=\"lazy\" decoding=\"async\" class=\"alignleft wp-image-3098\" src=\"https:\/\/nekotsuki-studio.com\/Blog\/wp-content\/uploads\/2021\/10\/Venom_Let_There_be_Carnage-203x300.jpg\" alt=\"\" width=\"101\" height=\"150\" srcset=\"https:\/\/nekotsuki-studio.com\/Blog\/wp-content\/uploads\/2021\/10\/Venom_Let_There_be_Carnage-203x300.jpg 203w, https:\/\/nekotsuki-studio.com\/Blog\/wp-content\/uploads\/2021\/10\/Venom_Let_There_be_Carnage-692x1024.jpg 692w, https:\/\/nekotsuki-studio.com\/Blog\/wp-content\/uploads\/2021\/10\/Venom_Let_There_be_Carnage-768x1137.jpg 768w, https:\/\/nekotsuki-studio.com\/Blog\/wp-content\/uploads\/2021\/10\/Venom_Let_There_be_Carnage.jpg 1013w\" sizes=\"auto, (max-width: 101px) 100vw, 101px\" \/><\/a>\u00a0Venom : Let There Be Carnage<\/b><\/span><\/p>\n<\/td>\n<td bgcolor=\"#ccffff\" width=\"67\">\n<p align=\"CENTER\"><span style=\"color: #000000;\">14<\/span><\/p>\n<\/td>\n<td bgcolor=\"#ccffff\" width=\"99\">\n<p align=\"CENTER\"><span style=\"color: #000000;\">+0.1<\/span><\/p>\n<\/td>\n<td bgcolor=\"#ccffff\" width=\"167\">\n<p align=\"CENTER\"><span style=\"color: #000000;\">501.1 millions de $<\/span><\/p>\n<\/td>\n<\/tr>\n<tr valign=\"TOP\">\n<td bgcolor=\"#99ccff\" width=\"17\">\n<p align=\"CENTER\"><span style=\"color: #000000;\">9<\/span><\/p>\n<\/td>\n<td bgcolor=\"#99ccff\" width=\"251\">\n<p align=\"CENTER\"><span style=\"color: #000000;\"><b><a href=\"https:\/\/nekotsuki-studio.com\/Blog\/wp-content\/uploads\/2021\/12\/Sword-Art-Online-Progressive-Aria-of-a-Starless-Night.jpg\"><img loading=\"lazy\" decoding=\"async\" class=\"alignleft wp-image-3456\" src=\"https:\/\/nekotsuki-studio.com\/Blog\/wp-content\/uploads\/2021\/12\/Sword-Art-Online-Progressive-Aria-of-a-Starless-Night-212x300.jpg\" alt=\"\" width=\"101\" height=\"143\" srcset=\"https:\/\/nekotsuki-studio.com\/Blog\/wp-content\/uploads\/2021\/12\/Sword-Art-Online-Progressive-Aria-of-a-Starless-Night-212x300.jpg 212w, https:\/\/nekotsuki-studio.com\/Blog\/wp-content\/uploads\/2021\/12\/Sword-Art-Online-Progressive-Aria-of-a-Starless-Night-722x1024.jpg 722w, https:\/\/nekotsuki-studio.com\/Blog\/wp-content\/uploads\/2021\/12\/Sword-Art-Online-Progressive-Aria-of-a-Starless-Night-768x1089.jpg 768w, https:\/\/nekotsuki-studio.com\/Blog\/wp-content\/uploads\/2021\/12\/Sword-Art-Online-Progressive-Aria-of-a-Starless-Night.jpg 1047w\" sizes=\"auto, (max-width: 101px) 100vw, 101px\" \/><\/a>\u00a0Sword Art Online: Progressive &#8211; Aria of a Starless Night<\/b><\/span><\/p>\n<\/td>\n<td bgcolor=\"#99ccff\" width=\"67\">\n<p align=\"CENTER\"><span style=\"color: #000000;\">5<\/span><\/p>\n<\/td>\n<td bgcolor=\"#99ccff\" width=\"99\">\n<p align=\"CENTER\"><span style=\"color: #000000;\">+0.1<\/span><\/p>\n<\/td>\n<td bgcolor=\"#99ccff\" width=\"167\">\n<p align=\"CENTER\"><span style=\"color: #000000;\">13.7 millions de $<\/span><\/p>\n<\/td>\n<\/tr>\n<tr valign=\"TOP\">\n<td bgcolor=\"#ccffff\" width=\"17\">\n<p align=\"CENTER\"><span style=\"color: #000000;\">10<\/span><\/p>\n<\/td>\n<td bgcolor=\"#ccffff\" width=\"251\">\n<p align=\"CENTER\"><span style=\"color: #000000;\"><b><a href=\"https:\/\/nekotsuki-studio.com\/Blog\/wp-content\/uploads\/2021\/12\/Flee.jpg\"><img loading=\"lazy\" decoding=\"async\" class=\"alignleft wp-image-3492\" src=\"https:\/\/nekotsuki-studio.com\/Blog\/wp-content\/uploads\/2021\/12\/Flee-210x300.jpg\" alt=\"\" width=\"101\" height=\"144\" srcset=\"https:\/\/nekotsuki-studio.com\/Blog\/wp-content\/uploads\/2021\/12\/Flee-210x300.jpg 210w, https:\/\/nekotsuki-studio.com\/Blog\/wp-content\/uploads\/2021\/12\/Flee-717x1024.jpg 717w, https:\/\/nekotsuki-studio.com\/Blog\/wp-content\/uploads\/2021\/12\/Flee-768x1097.jpg 768w, https:\/\/nekotsuki-studio.com\/Blog\/wp-content\/uploads\/2021\/12\/Flee.jpg 1050w\" sizes=\"auto, (max-width: 101px) 100vw, 101px\" \/><\/a>\u00a0Flee<\/b><\/span><\/p>\n<\/td>\n<td bgcolor=\"#ccffff\" width=\"67\">\n<p align=\"CENTER\"><span style=\"color: #000000;\">4<\/span><\/p>\n<\/td>\n<td bgcolor=\"#ccffff\" width=\"99\">\n<p align=\"CENTER\"><span style=\"color: #000000;\">+0.004<\/span><\/p>\n<\/td>\n<td bgcolor=\"#ccffff\" width=\"167\">\n<p align=\"CENTER\"><span style=\"color: #000000;\">58.364 $<\/span><\/p>\n<\/td>\n<\/tr>\n<tr valign=\"TOP\">\n<td bgcolor=\"#99ccff\" width=\"17\">\n<p align=\"CENTER\"><span style=\"color: #000000;\">11<\/span><\/p>\n<\/td>\n<td bgcolor=\"#99ccff\" width=\"251\">\n<p align=\"CENTER\"><span style=\"color: #000000;\"><b><a href=\"https:\/\/nekotsuki-studio.com\/Blog\/wp-content\/uploads\/2021\/10\/Rons_Gone_Wrong.jpg\"><img loading=\"lazy\" decoding=\"async\" class=\"alignleft wp-image-3215\" src=\"https:\/\/nekotsuki-studio.com\/Blog\/wp-content\/uploads\/2021\/10\/Rons_Gone_Wrong-202x300.jpg\" alt=\"\" width=\"101\" height=\"150\" srcset=\"https:\/\/nekotsuki-studio.com\/Blog\/wp-content\/uploads\/2021\/10\/Rons_Gone_Wrong-202x300.jpg 202w, https:\/\/nekotsuki-studio.com\/Blog\/wp-content\/uploads\/2021\/10\/Rons_Gone_Wrong-691x1024.jpg 691w, https:\/\/nekotsuki-studio.com\/Blog\/wp-content\/uploads\/2021\/10\/Rons_Gone_Wrong-768x1138.jpg 768w, https:\/\/nekotsuki-studio.com\/Blog\/wp-content\/uploads\/2021\/10\/Rons_Gone_Wrong.jpg 1012w\" sizes=\"auto, (max-width: 101px) 100vw, 101px\" \/><\/a>\u00a0Ron&rsquo;s Gone Wrong<\/b><\/span><\/p>\n<\/td>\n<td bgcolor=\"#99ccff\" width=\"67\">\n<p align=\"CENTER\"><span style=\"color: #000000;\">11<\/span><\/p>\n<\/td>\n<td bgcolor=\"#99ccff\" width=\"99\">\n<p align=\"CENTER\"><span style=\"color: #000000;\">(?)<\/span><\/p>\n<\/td>\n<td bgcolor=\"#99ccff\" width=\"167\">\n<p align=\"CENTER\"><span style=\"color: #000000;\">60.5 millions de $<\/span><\/p>\n<\/td>\n<\/tr>\n<tr valign=\"TOP\">\n<td bgcolor=\"#ccffff\" width=\"17\">\n<p align=\"CENTER\"><span style=\"color: #000000;\">12<\/span><\/p>\n<\/td>\n<td bgcolor=\"#ccffff\" width=\"251\">\n<p align=\"CENTER\"><span style=\"color: #000000;\"><b><a href=\"https:\/\/nekotsuki-studio.com\/Blog\/wp-content\/uploads\/2021\/11\/Clifford_the_Big_Red_Dog.jpg\"><img loading=\"lazy\" decoding=\"async\" class=\"alignleft wp-image-3337\" src=\"https:\/\/nekotsuki-studio.com\/Blog\/wp-content\/uploads\/2021\/11\/Clifford_the_Big_Red_Dog-203x300.jpg\" alt=\"\" width=\"101\" height=\"149\" srcset=\"https:\/\/nekotsuki-studio.com\/Blog\/wp-content\/uploads\/2021\/11\/Clifford_the_Big_Red_Dog-203x300.jpg 203w, https:\/\/nekotsuki-studio.com\/Blog\/wp-content\/uploads\/2021\/11\/Clifford_the_Big_Red_Dog-694x1024.jpg 694w, https:\/\/nekotsuki-studio.com\/Blog\/wp-content\/uploads\/2021\/11\/Clifford_the_Big_Red_Dog-768x1134.jpg 768w, https:\/\/nekotsuki-studio.com\/Blog\/wp-content\/uploads\/2021\/11\/Clifford_the_Big_Red_Dog.jpg 1016w\" sizes=\"auto, (max-width: 101px) 100vw, 101px\" \/><\/a>\u00a0Clifford the Big Red Dog<\/b><\/span><\/p>\n<\/td>\n<td bgcolor=\"#ccffff\" width=\"67\">\n<p align=\"CENTER\"><span style=\"color: #000000;\">8<\/span><\/p>\n<\/td>\n<td bgcolor=\"#ccffff\" width=\"99\">\n<p align=\"CENTER\"><span style=\"color: #000000;\">(?)<\/span><\/p>\n<\/td>\n<td bgcolor=\"#ccffff\" width=\"167\">\n<p align=\"CENTER\"><span style=\"color: #000000;\">73.4 millions de $<\/span><\/p>\n<\/td>\n<\/tr>\n<tr valign=\"TOP\">\n<td bgcolor=\"#99ccff\" width=\"17\">\n<p align=\"CENTER\"><span style=\"color: #000000;\">13<\/span><\/p>\n<\/td>\n<td bgcolor=\"#99ccff\" width=\"251\">\n<p align=\"CENTER\"><span style=\"color: #000000;\"><b><a href=\"https:\/\/nekotsuki-studio.com\/Blog\/wp-content\/uploads\/2021\/11\/Resident_Evil_Welcome_to_Raccoon_City.jpg\"><img loading=\"lazy\" decoding=\"async\" class=\"alignleft wp-image-3415\" src=\"https:\/\/nekotsuki-studio.com\/Blog\/wp-content\/uploads\/2021\/11\/Resident_Evil_Welcome_to_Raccoon_City-240x300.jpg\" alt=\"\" width=\"101\" height=\"126\" srcset=\"https:\/\/nekotsuki-studio.com\/Blog\/wp-content\/uploads\/2021\/11\/Resident_Evil_Welcome_to_Raccoon_City-240x300.jpg 240w, https:\/\/nekotsuki-studio.com\/Blog\/wp-content\/uploads\/2021\/11\/Resident_Evil_Welcome_to_Raccoon_City-819x1024.jpg 819w, https:\/\/nekotsuki-studio.com\/Blog\/wp-content\/uploads\/2021\/11\/Resident_Evil_Welcome_to_Raccoon_City-768x960.jpg 768w, https:\/\/nekotsuki-studio.com\/Blog\/wp-content\/uploads\/2021\/11\/Resident_Evil_Welcome_to_Raccoon_City.jpg 1080w\" sizes=\"auto, (max-width: 101px) 100vw, 101px\" \/><\/a>\u00a0Resident Evil : Welcome to Raccoon City<\/b><\/span><\/p>\n<\/td>\n<td bgcolor=\"#99ccff\" width=\"67\">\n<p align=\"CENTER\"><span style=\"color: #000000;\">6<\/span><\/p>\n<\/td>\n<td bgcolor=\"#99ccff\" width=\"99\">\n<p align=\"CENTER\"><span style=\"color: #000000;\">(?)<\/span><\/p>\n<\/td>\n<td bgcolor=\"#99ccff\" width=\"167\">\n<p align=\"CENTER\"><span style=\"color: #000000;\">31.8 millions de $<\/span><\/p>\n<\/td>\n<\/tr>\n<\/tbody>\n<\/table>\n","protected":false},"excerpt":{"rendered":"<p>Box Office Mondial Animation \/ VFX : 2021 &#8211; Semaine 52 (27\/12\/2021 \u2013 02\/01\/2022) \u21d0\u00a0Semaine pr\u00e9c\u00e9dente &#8211; (Retour \u00e0 l&rsquo;accueil \u21b5) &#8211; Semaine Suivante \u21d2 RAPPEL : prendre en compte le fait que ces chiffres sont fortement marqu\u00e9s par les &hellip; <a href=\"https:\/\/nekotsuki-studio.com\/Blog\/bo-2021-w-52\/\">Continued<\/a><\/p>\n","protected":false},"author":1,"featured_media":0,"parent":0,"menu_order":0,"comment_status":"closed","ping_status":"closed","template":"","meta":{"footnotes":""},"class_list":["post-3630","page","type-page","status-publish","hentry"],"jetpack_sharing_enabled":true,"_links":{"self":[{"href":"https:\/\/nekotsuki-studio.com\/Blog\/wp-json\/wp\/v2\/pages\/3630","targetHints":{"allow":["GET"]}}],"collection":[{"href":"https:\/\/nekotsuki-studio.com\/Blog\/wp-json\/wp\/v2\/pages"}],"about":[{"href":"https:\/\/nekotsuki-studio.com\/Blog\/wp-json\/wp\/v2\/types\/page"}],"author":[{"embeddable":true,"href":"https:\/\/nekotsuki-studio.com\/Blog\/wp-json\/wp\/v2\/users\/1"}],"replies":[{"embeddable":true,"href":"https:\/\/nekotsuki-studio.com\/Blog\/wp-json\/wp\/v2\/comments?post=3630"}],"version-history":[{"count":10,"href":"https:\/\/nekotsuki-studio.com\/Blog\/wp-json\/wp\/v2\/pages\/3630\/revisions"}],"predecessor-version":[{"id":3677,"href":"https:\/\/nekotsuki-studio.com\/Blog\/wp-json\/wp\/v2\/pages\/3630\/revisions\/3677"}],"wp:attachment":[{"href":"https:\/\/nekotsuki-studio.com\/Blog\/wp-json\/wp\/v2\/media?parent=3630"}],"curies":[{"name":"wp","href":"https:\/\/api.w.org\/{rel}","templated":true}]}}