{"id":3336,"date":"2021-11-16T17:43:12","date_gmt":"2021-11-16T16:43:12","guid":{"rendered":"https:\/\/nekotsuki-studio.com\/Blog\/?page_id=3336"},"modified":"2021-11-23T17:40:33","modified_gmt":"2021-11-23T16:40:33","slug":"bo-2021-w-45","status":"publish","type":"page","link":"https:\/\/nekotsuki-studio.com\/Blog\/bo-2021-w-45\/","title":{"rendered":"BO-2021-W-45"},"content":{"rendered":"<p style=\"text-align: center;\" align=\"CENTER\"><span style=\"font-size: large; color: #99ccff;\"><b>Box Office Mondial Animation \/ VFX :<\/b><\/span><\/p>\n<p style=\"text-align: center;\" align=\"CENTER\"><span style=\"font-size: large; color: #99ccff;\"><b>2021 &#8211; Semaine 45 (08\/11\/2021 \u2013 14\/11\/2021<\/b><\/span><span style=\"font-size: large; color: #99ccff;\"><b>)<\/b><\/span><\/p>\n<p style=\"text-align: center;\" align=\"CENTER\"><span style=\"color: #ccffff;\"><a style=\"color: #ccffff;\" href=\"https:\/\/nekotsuki-studio.com\/Blog\/bo-2021-w-44\/\"><strong>\u21d0\u00a0Semaine pr\u00e9c\u00e9dente<\/strong><\/a> &#8211; (<a style=\"color: #ccffff;\" href=\"https:\/\/nekotsuki-studio.com\/Blog\/box-office-accueil\/\">Retour \u00e0 l&rsquo;accueil \u21b5<\/a>) &#8211; <a style=\"color: #ccffff;\" href=\"https:\/\/nekotsuki-studio.com\/Blog\/bo-2021-w-46\/\"><strong>Semaine Suivante \u21d2<\/strong><\/a><\/span><\/p>\n<p align=\"CENTER\"><strong><span style=\"color: #ff0000;\">RAPPEL : prendre en compte le fait que ces chiffres sont fortement marqu\u00e9s par les mesures pour lutter contre la pand\u00e9mie actuelle.<\/span><\/strong><\/p>\n<p align=\"CENTER\"><span style=\"color: #99ccff;\">Pour lire l&rsquo;analyse des chiffres, cliquez sur les titres de film suivis d&rsquo;un <strong><span style=\"color: #ccffff;\">[\u21b5]<\/span><\/strong><\/span><\/p>\n<table border=\"1\" width=\"642\" cellspacing=\"0\" cellpadding=\"4\">\n<tbody>\n<tr valign=\"TOP\">\n<td bgcolor=\"#00b8ff\" width=\"17\">\n<p align=\"CENTER\"><span style=\"color: #000000;\"><b>n\u00b0<\/b><\/span><\/p>\n<\/td>\n<td bgcolor=\"#00b8ff\" width=\"251\">\n<p align=\"CENTER\"><span style=\"color: #000000;\"><b>Titre<\/b><\/span><\/p>\n<\/td>\n<td bgcolor=\"#00b8ff\" width=\"67\">\n<p align=\"CENTER\"><span style=\"color: #000000;\"><b>Semaine<\/b><\/span><\/p>\n<\/td>\n<td bgcolor=\"#00b8ff\" width=\"99\">\n<p align=\"CENTER\"><span style=\"color: #000000;\"><b>\u00c9volution<\/b><\/span><\/p>\n<p align=\"CENTER\"><span style=\"color: #000000;\"><b>(millions de $)<\/b><\/span><\/p>\n<\/td>\n<td bgcolor=\"#00b8ff\" width=\"167\">\n<p align=\"CENTER\"><span style=\"color: #000000;\"><b>Score mondial<\/b><\/span><\/p>\n<\/td>\n<\/tr>\n<tr valign=\"TOP\">\n<td bgcolor=\"#99ccff\" width=\"17\">\n<p align=\"CENTER\"><span style=\"color: #000000;\">1<\/span><\/p>\n<\/td>\n<td bgcolor=\"#99ccff\" width=\"251\">\n<p align=\"CENTER\"><span style=\"color: #000000;\"><b><a style=\"color: #000000;\" href=\"https:\/\/nekotsuki-studio.com\/Blog\/wp-content\/uploads\/2021\/11\/Eternals.jpg\"><img loading=\"lazy\" decoding=\"async\" class=\"alignleft wp-image-3300\" src=\"https:\/\/nekotsuki-studio.com\/Blog\/wp-content\/uploads\/2021\/11\/Eternals-203x300.jpg\" alt=\"\" width=\"101\" height=\"150\" srcset=\"https:\/\/nekotsuki-studio.com\/Blog\/wp-content\/uploads\/2021\/11\/Eternals-203x300.jpg 203w, https:\/\/nekotsuki-studio.com\/Blog\/wp-content\/uploads\/2021\/11\/Eternals-692x1024.jpg 692w, https:\/\/nekotsuki-studio.com\/Blog\/wp-content\/uploads\/2021\/11\/Eternals-768x1137.jpg 768w, https:\/\/nekotsuki-studio.com\/Blog\/wp-content\/uploads\/2021\/11\/Eternals.jpg 1013w\" sizes=\"auto, (max-width: 101px) 100vw, 101px\" \/><\/a>\u00a0<a href=\"https:\/\/nekotsuki-studio.com\/Blog\/forum\/box-office\/eternals-le-dernier-mcu-a-un-peu-de-mal-a-decoller\/#p11766\">Eternals [\u21b5]<\/a><\/b><\/span><\/p>\n<\/td>\n<td bgcolor=\"#99ccff\" width=\"67\">\n<p align=\"CENTER\"><span style=\"color: #000000;\">2<\/span><\/p>\n<\/td>\n<td bgcolor=\"#99ccff\" width=\"99\">\n<p align=\"CENTER\"><span style=\"color: #000000;\">+119.3<\/span><\/p>\n<\/td>\n<td bgcolor=\"#99ccff\" width=\"167\">\n<p align=\"CENTER\"><span style=\"color: #000000;\">280.7 millions de $<\/span><\/p>\n<\/td>\n<\/tr>\n<tr valign=\"TOP\">\n<td bgcolor=\"#ffffcc\" width=\"17\">\n<p align=\"CENTER\"><span style=\"color: #000000;\">2<\/span><\/p>\n<\/td>\n<td bgcolor=\"#ffffcc\" width=\"251\">\n<p align=\"CENTER\"><span style=\"color: #000000;\"><b><a style=\"color: #000000;\" href=\"https:\/\/nekotsuki-studio.com\/Blog\/wp-content\/uploads\/2021\/11\/Clifford_the_Big_Red_Dog.jpg\"><img loading=\"lazy\" decoding=\"async\" class=\"alignleft wp-image-3337\" src=\"https:\/\/nekotsuki-studio.com\/Blog\/wp-content\/uploads\/2021\/11\/Clifford_the_Big_Red_Dog-203x300.jpg\" alt=\"\" width=\"101\" height=\"149\" srcset=\"https:\/\/nekotsuki-studio.com\/Blog\/wp-content\/uploads\/2021\/11\/Clifford_the_Big_Red_Dog-203x300.jpg 203w, https:\/\/nekotsuki-studio.com\/Blog\/wp-content\/uploads\/2021\/11\/Clifford_the_Big_Red_Dog-694x1024.jpg 694w, https:\/\/nekotsuki-studio.com\/Blog\/wp-content\/uploads\/2021\/11\/Clifford_the_Big_Red_Dog-768x1134.jpg 768w, https:\/\/nekotsuki-studio.com\/Blog\/wp-content\/uploads\/2021\/11\/Clifford_the_Big_Red_Dog.jpg 1016w\" sizes=\"auto, (max-width: 101px) 100vw, 101px\" \/><\/a>\u00a0<a href=\"https:\/\/nekotsuki-studio.com\/Blog\/forum\/box-office\/clifford-the-bir-red-dog-premier-des-contes-de-noel-de-2021-p\/#p11765\">Clifford the Big Red Dog [\u21b5]<\/a><\/b><\/span><\/p>\n<\/td>\n<td bgcolor=\"#ffffcc\" width=\"67\">\n<p align=\"CENTER\"><span style=\"color: #000000;\">1<\/span><\/p>\n<\/td>\n<td bgcolor=\"#ffffcc\" width=\"99\">\n<p align=\"CENTER\"><span style=\"color: #000000;\">+22.2<\/span><\/p>\n<\/td>\n<td bgcolor=\"#ffffcc\" width=\"167\">\n<p align=\"CENTER\"><span style=\"color: #000000;\">22.2 millions de $<\/span><\/p>\n<\/td>\n<\/tr>\n<tr valign=\"TOP\">\n<td bgcolor=\"#99ccff\" width=\"17\">\n<p align=\"CENTER\"><span style=\"color: #000000;\">3<\/span><\/p>\n<\/td>\n<td bgcolor=\"#99ccff\" width=\"251\">\n<p align=\"CENTER\"><span style=\"color: #000000;\"><b><a style=\"color: #000000;\" href=\"https:\/\/nekotsuki-studio.com\/Blog\/wp-content\/uploads\/2021\/09\/Dune-2021.jpg\"><img loading=\"lazy\" decoding=\"async\" class=\"alignleft wp-image-3014\" src=\"https:\/\/nekotsuki-studio.com\/Blog\/wp-content\/uploads\/2021\/09\/Dune-2021-202x300.jpg\" alt=\"\" width=\"101\" height=\"150\" srcset=\"https:\/\/nekotsuki-studio.com\/Blog\/wp-content\/uploads\/2021\/09\/Dune-2021-202x300.jpg 202w, https:\/\/nekotsuki-studio.com\/Blog\/wp-content\/uploads\/2021\/09\/Dune-2021-691x1024.jpg 691w, https:\/\/nekotsuki-studio.com\/Blog\/wp-content\/uploads\/2021\/09\/Dune-2021-768x1138.jpg 768w, https:\/\/nekotsuki-studio.com\/Blog\/wp-content\/uploads\/2021\/09\/Dune-2021.jpg 1012w\" sizes=\"auto, (max-width: 101px) 100vw, 101px\" \/><\/a>\u00a0<a href=\"https:\/\/nekotsuki-studio.com\/Blog\/forum\/box-office\/dune-2021-sortie-en-salle-aussi-longue-quun-vers-des-sables-p\/#p11764\">Dune (2021) [\u21b5]<\/a><\/b><\/span><\/p>\n<\/td>\n<td bgcolor=\"#99ccff\" width=\"67\">\n<p align=\"CENTER\"><span style=\"color: #000000;\">9<\/span><\/p>\n<\/td>\n<td bgcolor=\"#99ccff\" width=\"99\">\n<p align=\"CENTER\"><span style=\"color: #000000;\">+21.7<\/span><\/p>\n<\/td>\n<td bgcolor=\"#99ccff\" width=\"167\">\n<p align=\"CENTER\"><span style=\"color: #000000;\">352.8 millions de $<\/span><\/p>\n<\/td>\n<\/tr>\n<tr valign=\"TOP\">\n<td bgcolor=\"#ccffff\" width=\"17\">\n<p align=\"CENTER\"><span style=\"color: #000000;\">4<\/span><\/p>\n<\/td>\n<td bgcolor=\"#ccffff\" width=\"251\">\n<p align=\"CENTER\"><span style=\"color: #000000;\"><b><a style=\"color: #000000;\" href=\"https:\/\/nekotsuki-studio.com\/Blog\/wp-content\/uploads\/2021\/10\/Venom_Let_There_be_Carnage.jpg\"><img loading=\"lazy\" decoding=\"async\" class=\"alignleft wp-image-3098\" src=\"https:\/\/nekotsuki-studio.com\/Blog\/wp-content\/uploads\/2021\/10\/Venom_Let_There_be_Carnage-203x300.jpg\" alt=\"\" width=\"101\" height=\"150\" srcset=\"https:\/\/nekotsuki-studio.com\/Blog\/wp-content\/uploads\/2021\/10\/Venom_Let_There_be_Carnage-203x300.jpg 203w, https:\/\/nekotsuki-studio.com\/Blog\/wp-content\/uploads\/2021\/10\/Venom_Let_There_be_Carnage-692x1024.jpg 692w, https:\/\/nekotsuki-studio.com\/Blog\/wp-content\/uploads\/2021\/10\/Venom_Let_There_be_Carnage-768x1137.jpg 768w, https:\/\/nekotsuki-studio.com\/Blog\/wp-content\/uploads\/2021\/10\/Venom_Let_There_be_Carnage.jpg 1013w\" sizes=\"auto, (max-width: 101px) 100vw, 101px\" \/><\/a>\u00a0<a href=\"https:\/\/nekotsuki-studio.com\/Blog\/forum\/box-office\/venom-let-there-be-carnage-cest-le-cas-p\/#p11763\">Venom : Let There Be Carnage [\u21b5]<\/a><\/b><\/span><\/p>\n<\/td>\n<td bgcolor=\"#ccffff\" width=\"67\">\n<p align=\"CENTER\"><span style=\"color: #000000;\">7<\/span><\/p>\n<\/td>\n<td bgcolor=\"#ccffff\" width=\"99\">\n<p align=\"CENTER\"><span style=\"color: #000000;\">+16.8<\/span><\/p>\n<\/td>\n<td bgcolor=\"#ccffff\" width=\"167\">\n<p align=\"CENTER\"><span style=\"color: #000000;\">441.4 millions de $<\/span><\/p>\n<\/td>\n<\/tr>\n<tr valign=\"TOP\">\n<td bgcolor=\"#99ccff\" width=\"17\">\n<p align=\"CENTER\"><span style=\"color: #000000;\">5<\/span><\/p>\n<\/td>\n<td bgcolor=\"#99ccff\" width=\"251\">\n<p align=\"CENTER\"><span style=\"color: #000000;\"><b><a style=\"color: #000000;\" href=\"https:\/\/nekotsuki-studio.com\/Blog\/wp-content\/uploads\/2021\/10\/Rons_Gone_Wrong.jpg\"><img loading=\"lazy\" decoding=\"async\" class=\"alignleft wp-image-3215\" src=\"https:\/\/nekotsuki-studio.com\/Blog\/wp-content\/uploads\/2021\/10\/Rons_Gone_Wrong-202x300.jpg\" alt=\"\" width=\"101\" height=\"150\" srcset=\"https:\/\/nekotsuki-studio.com\/Blog\/wp-content\/uploads\/2021\/10\/Rons_Gone_Wrong-202x300.jpg 202w, https:\/\/nekotsuki-studio.com\/Blog\/wp-content\/uploads\/2021\/10\/Rons_Gone_Wrong-691x1024.jpg 691w, https:\/\/nekotsuki-studio.com\/Blog\/wp-content\/uploads\/2021\/10\/Rons_Gone_Wrong-768x1138.jpg 768w, https:\/\/nekotsuki-studio.com\/Blog\/wp-content\/uploads\/2021\/10\/Rons_Gone_Wrong.jpg 1012w\" sizes=\"auto, (max-width: 101px) 100vw, 101px\" \/><\/a>\u00a0<a href=\"https:\/\/nekotsuki-studio.com\/Blog\/forum\/box-office\/rons-gone-wrong-loutsider-de-la-fox-tente-de-se-faire-une-place-et-nest-pas-aide-par-disney-p\/#p11762\">Ron&rsquo;s Gone Wrong [\u21b5]<\/a><\/b><\/span><\/p>\n<\/td>\n<td bgcolor=\"#99ccff\" width=\"67\">\n<p align=\"CENTER\"><span style=\"color: #000000;\">4<\/span><\/p>\n<\/td>\n<td bgcolor=\"#99ccff\" width=\"99\">\n<p align=\"CENTER\"><span style=\"color: #000000;\">+6.8<\/span><\/p>\n<\/td>\n<td bgcolor=\"#99ccff\" width=\"167\">\n<p align=\"CENTER\"><span style=\"color: #000000;\">53.6 millions de $<\/span><\/p>\n<\/td>\n<\/tr>\n<tr valign=\"TOP\">\n<td bgcolor=\"#ccffff\" width=\"17\">\n<p align=\"CENTER\"><span style=\"color: #000000;\">6<\/span><\/p>\n<\/td>\n<td bgcolor=\"#ccffff\" width=\"251\">\n<p align=\"CENTER\"><span style=\"color: #000000;\"><b><a style=\"color: #000000;\" href=\"https:\/\/nekotsuki-studio.com\/Blog\/wp-content\/uploads\/2021\/10\/The_Addams_Family_2.jpg\"><img loading=\"lazy\" decoding=\"async\" class=\"alignleft wp-image-3099\" src=\"https:\/\/nekotsuki-studio.com\/Blog\/wp-content\/uploads\/2021\/10\/The_Addams_Family_2-203x300.jpg\" alt=\"\" width=\"101\" height=\"150\" srcset=\"https:\/\/nekotsuki-studio.com\/Blog\/wp-content\/uploads\/2021\/10\/The_Addams_Family_2-203x300.jpg 203w, https:\/\/nekotsuki-studio.com\/Blog\/wp-content\/uploads\/2021\/10\/The_Addams_Family_2-692x1024.jpg 692w, https:\/\/nekotsuki-studio.com\/Blog\/wp-content\/uploads\/2021\/10\/The_Addams_Family_2-768x1137.jpg 768w, https:\/\/nekotsuki-studio.com\/Blog\/wp-content\/uploads\/2021\/10\/The_Addams_Family_2.jpg 1013w\" sizes=\"auto, (max-width: 101px) 100vw, 101px\" \/><\/a>\u00a0<a href=\"https:\/\/nekotsuki-studio.com\/Blog\/forum\/box-office\/the-addams-family-2-en-piste-pour-halloween-d\/#p11761\">The Addams Family 2 [\u21b5]<\/a><\/b><\/span><\/p>\n<\/td>\n<td bgcolor=\"#ccffff\" width=\"67\">\n<p align=\"CENTER\"><span style=\"color: #000000;\">7<\/span><\/p>\n<\/td>\n<td bgcolor=\"#ccffff\" width=\"99\">\n<p align=\"CENTER\"><span style=\"color: #000000;\">+5.6<\/span><\/p>\n<\/td>\n<td bgcolor=\"#ccffff\" width=\"167\">\n<p align=\"CENTER\"><span style=\"color: #000000;\">110.7 millions de $<\/span><\/p>\n<\/td>\n<\/tr>\n<tr valign=\"TOP\">\n<td bgcolor=\"#99ccff\" width=\"17\">\n<p align=\"CENTER\"><span style=\"color: #000000;\">7<\/span><\/p>\n<\/td>\n<td bgcolor=\"#99ccff\" width=\"251\">\n<p align=\"CENTER\"><span style=\"color: #000000;\"><b><a style=\"color: #000000;\" href=\"https:\/\/nekotsuki-studio.com\/Blog\/wp-content\/uploads\/2021\/08\/Paw_Patrol_The_Movie.jpg\"><img loading=\"lazy\" decoding=\"async\" class=\"alignleft wp-image-2851\" src=\"https:\/\/nekotsuki-studio.com\/Blog\/wp-content\/uploads\/2021\/08\/Paw_Patrol_The_Movie-201x300.jpg\" alt=\"\" width=\"101\" height=\"150\" srcset=\"https:\/\/nekotsuki-studio.com\/Blog\/wp-content\/uploads\/2021\/08\/Paw_Patrol_The_Movie-201x300.jpg 201w, https:\/\/nekotsuki-studio.com\/Blog\/wp-content\/uploads\/2021\/08\/Paw_Patrol_The_Movie-687x1024.jpg 687w, https:\/\/nekotsuki-studio.com\/Blog\/wp-content\/uploads\/2021\/08\/Paw_Patrol_The_Movie-768x1144.jpg 768w, https:\/\/nekotsuki-studio.com\/Blog\/wp-content\/uploads\/2021\/08\/Paw_Patrol_The_Movie.jpg 1007w\" sizes=\"auto, (max-width: 101px) 100vw, 101px\" \/><\/a>\u00a0<a href=\"https:\/\/nekotsuki-studio.com\/Blog\/forum\/box-office\/pat-patrouille-le-film-qui-sen-sort-bien-p\/page-2\/#p11760\">PAW Patrol : The Movie [\u21b5]<\/a><\/b><\/span><\/p>\n<\/td>\n<td bgcolor=\"#99ccff\" width=\"67\">\n<p align=\"CENTER\"><span style=\"color: #000000;\">13<\/span><\/p>\n<\/td>\n<td bgcolor=\"#99ccff\" width=\"99\">\n<p align=\"CENTER\"><span style=\"color: #000000;\">+0.9<\/span><\/p>\n<\/td>\n<td bgcolor=\"#99ccff\" width=\"167\">\n<p align=\"CENTER\"><span style=\"color: #000000;\">130.1 millions de $<\/span><\/p>\n<\/td>\n<\/tr>\n<tr valign=\"TOP\">\n<td bgcolor=\"#ccffff\" width=\"17\">\n<p align=\"CENTER\"><span style=\"color: #000000;\">8<\/span><\/p>\n<\/td>\n<td bgcolor=\"#ccffff\" width=\"251\">\n<p align=\"CENTER\"><span style=\"color: #000000;\"><b><a style=\"color: #000000;\" href=\"https:\/\/nekotsuki-studio.com\/Blog\/wp-content\/uploads\/2021\/09\/ShangChi_and_the_Legend_of_the_Ten_Rings.jpg\"><img loading=\"lazy\" decoding=\"async\" class=\"alignleft wp-image-2943\" src=\"https:\/\/nekotsuki-studio.com\/Blog\/wp-content\/uploads\/2021\/09\/ShangChi_and_the_Legend_of_the_Ten_Rings-203x300.jpg\" alt=\"\" width=\"101\" height=\"150\" srcset=\"https:\/\/nekotsuki-studio.com\/Blog\/wp-content\/uploads\/2021\/09\/ShangChi_and_the_Legend_of_the_Ten_Rings-203x300.jpg 203w, https:\/\/nekotsuki-studio.com\/Blog\/wp-content\/uploads\/2021\/09\/ShangChi_and_the_Legend_of_the_Ten_Rings-692x1024.jpg 692w, https:\/\/nekotsuki-studio.com\/Blog\/wp-content\/uploads\/2021\/09\/ShangChi_and_the_Legend_of_the_Ten_Rings-768x1137.jpg 768w, https:\/\/nekotsuki-studio.com\/Blog\/wp-content\/uploads\/2021\/09\/ShangChi_and_the_Legend_of_the_Ten_Rings.jpg 1013w\" sizes=\"auto, (max-width: 101px) 100vw, 101px\" \/><\/a>\u00a0Shang-Chi and the Legend of the Ten Rings<\/b><\/span><\/p>\n<\/td>\n<td bgcolor=\"#ccffff\" width=\"67\">\n<p align=\"CENTER\"><span style=\"color: #000000;\">11<\/span><\/p>\n<\/td>\n<td bgcolor=\"#ccffff\" width=\"99\">\n<p align=\"CENTER\"><span style=\"color: #000000;\">+0.6<\/span><\/p>\n<\/td>\n<td bgcolor=\"#ccffff\" width=\"167\">\n<p align=\"CENTER\"><span style=\"color: #000000;\">430.5 millions de $<\/span><\/p>\n<\/td>\n<\/tr>\n<tr valign=\"TOP\">\n<td bgcolor=\"#99ccff\" width=\"17\">\n<p align=\"CENTER\"><span style=\"color: #000000;\">9<\/span><\/p>\n<\/td>\n<td bgcolor=\"#99ccff\" width=\"251\">\n<p align=\"CENTER\"><span style=\"color: #000000;\"><b><a style=\"color: #000000;\" href=\"https:\/\/nekotsuki-studio.com\/Blog\/wp-content\/uploads\/2021\/11\/My_Hero_Academia_The_Movie_World_Heroes_Mission.jpg\"><img loading=\"lazy\" decoding=\"async\" class=\"alignleft wp-image-3262\" src=\"https:\/\/nekotsuki-studio.com\/Blog\/wp-content\/uploads\/2021\/11\/My_Hero_Academia_The_Movie_World_Heroes_Mission-212x300.jpg\" alt=\"\" width=\"101\" height=\"143\" srcset=\"https:\/\/nekotsuki-studio.com\/Blog\/wp-content\/uploads\/2021\/11\/My_Hero_Academia_The_Movie_World_Heroes_Mission-212x300.jpg 212w, https:\/\/nekotsuki-studio.com\/Blog\/wp-content\/uploads\/2021\/11\/My_Hero_Academia_The_Movie_World_Heroes_Mission-723x1024.jpg 723w, https:\/\/nekotsuki-studio.com\/Blog\/wp-content\/uploads\/2021\/11\/My_Hero_Academia_The_Movie_World_Heroes_Mission-768x1088.jpg 768w, https:\/\/nekotsuki-studio.com\/Blog\/wp-content\/uploads\/2021\/11\/My_Hero_Academia_The_Movie_World_Heroes_Mission.jpg 847w\" sizes=\"auto, (max-width: 101px) 100vw, 101px\" \/><\/a>\u00a0My Hero Academia : World Heroes&rsquo; Mission<\/b><\/span><\/p>\n<\/td>\n<td bgcolor=\"#99ccff\" width=\"67\">\n<p align=\"CENTER\"><span style=\"color: #000000;\">3<\/span><\/p>\n<\/td>\n<td bgcolor=\"#99ccff\" width=\"99\">\n<p align=\"CENTER\"><span style=\"color: #000000;\">+0.3<\/span><\/p>\n<\/td>\n<td bgcolor=\"#99ccff\" width=\"167\">\n<p align=\"CENTER\"><span style=\"color: #000000;\">39.9 millions de $<\/span><\/p>\n<\/td>\n<\/tr>\n<tr valign=\"TOP\">\n<td bgcolor=\"#ccffff\" width=\"17\">\n<p align=\"CENTER\"><span style=\"color: #000000;\">10<\/span><\/p>\n<\/td>\n<td bgcolor=\"#ccffff\" width=\"251\">\n<p align=\"CENTER\"><span style=\"color: #000000;\"><b><a style=\"color: #000000;\" href=\"https:\/\/nekotsuki-studio.com\/Blog\/wp-content\/uploads\/2021\/08\/Free_Guy.jpg\"><img loading=\"lazy\" decoding=\"async\" class=\"alignleft wp-image-2811\" src=\"https:\/\/nekotsuki-studio.com\/Blog\/wp-content\/uploads\/2021\/08\/Free_Guy-208x300.jpg\" alt=\"\" width=\"101\" height=\"146\" srcset=\"https:\/\/nekotsuki-studio.com\/Blog\/wp-content\/uploads\/2021\/08\/Free_Guy-208x300.jpg 208w, https:\/\/nekotsuki-studio.com\/Blog\/wp-content\/uploads\/2021\/08\/Free_Guy-711x1024.jpg 711w, https:\/\/nekotsuki-studio.com\/Blog\/wp-content\/uploads\/2021\/08\/Free_Guy-768x1107.jpg 768w, https:\/\/nekotsuki-studio.com\/Blog\/wp-content\/uploads\/2021\/08\/Free_Guy.jpg 1041w\" sizes=\"auto, (max-width: 101px) 100vw, 101px\" \/><\/a>\u00a0Free Guy<\/b><\/span><\/p>\n<\/td>\n<td bgcolor=\"#ccffff\" width=\"67\">\n<p align=\"CENTER\"><span style=\"color: #000000;\">14<\/span><\/p>\n<\/td>\n<td bgcolor=\"#ccffff\" width=\"99\">\n<p align=\"CENTER\"><span style=\"color: #000000;\">+0.1<\/span><\/p>\n<\/td>\n<td bgcolor=\"#ccffff\" width=\"167\">\n<p align=\"CENTER\"><span style=\"color: #000000;\">331.4 millions de $<\/span><\/p>\n<\/td>\n<\/tr>\n<tr valign=\"TOP\">\n<td bgcolor=\"#99ccff\" width=\"17\">\n<p align=\"CENTER\"><span style=\"color: #000000;\">11<\/span><\/p>\n<\/td>\n<td bgcolor=\"#99ccff\" width=\"251\">\n<p align=\"CENTER\"><span style=\"color: #000000;\"><b><a style=\"color: #000000;\" href=\"https:\/\/nekotsuki-studio.com\/Blog\/wp-content\/uploads\/2021\/08\/Jungle_Cruise.jpg\"><img loading=\"lazy\" decoding=\"async\" class=\"alignleft wp-image-2722\" src=\"https:\/\/nekotsuki-studio.com\/Blog\/wp-content\/uploads\/2021\/08\/Jungle_Cruise-203x300.jpg\" alt=\"\" width=\"101\" height=\"150\" srcset=\"https:\/\/nekotsuki-studio.com\/Blog\/wp-content\/uploads\/2021\/08\/Jungle_Cruise-203x300.jpg 203w, https:\/\/nekotsuki-studio.com\/Blog\/wp-content\/uploads\/2021\/08\/Jungle_Cruise-692x1024.jpg 692w, https:\/\/nekotsuki-studio.com\/Blog\/wp-content\/uploads\/2021\/08\/Jungle_Cruise-768x1137.jpg 768w, https:\/\/nekotsuki-studio.com\/Blog\/wp-content\/uploads\/2021\/08\/Jungle_Cruise.jpg 1013w\" sizes=\"auto, (max-width: 101px) 100vw, 101px\" \/><\/a>\u00a0Jungle Cruise<\/b><\/span><\/p>\n<\/td>\n<td bgcolor=\"#99ccff\" width=\"67\">\n<p align=\"CENTER\"><span style=\"color: #000000;\">15<\/span><\/p>\n<\/td>\n<td bgcolor=\"#99ccff\" width=\"99\">\n<p align=\"CENTER\"><span style=\"color: #000000;\">(?)<\/span><\/p>\n<\/td>\n<td bgcolor=\"#99ccff\" width=\"167\">\n<p align=\"CENTER\"><span style=\"color: #000000;\">213.8 millions de $<\/span><\/p>\n<p align=\"CENTER\"><span style=\"color: #000000;\">(SVOD\u00a0: +30 millions)<\/span><\/p>\n<\/td>\n<\/tr>\n<\/tbody>\n<\/table>\n","protected":false},"excerpt":{"rendered":"<p>Box Office Mondial Animation \/ VFX : 2021 &#8211; Semaine 45 (08\/11\/2021 \u2013 14\/11\/2021) \u21d0\u00a0Semaine pr\u00e9c\u00e9dente &#8211; (Retour \u00e0 l&rsquo;accueil \u21b5) &#8211; Semaine Suivante \u21d2 RAPPEL : prendre en compte le fait que ces chiffres sont fortement marqu\u00e9s par les &hellip; <a href=\"https:\/\/nekotsuki-studio.com\/Blog\/bo-2021-w-45\/\">Continued<\/a><\/p>\n","protected":false},"author":1,"featured_media":0,"parent":0,"menu_order":0,"comment_status":"closed","ping_status":"closed","template":"","meta":{"footnotes":""},"class_list":["post-3336","page","type-page","status-publish","hentry"],"jetpack_sharing_enabled":true,"_links":{"self":[{"href":"https:\/\/nekotsuki-studio.com\/Blog\/wp-json\/wp\/v2\/pages\/3336","targetHints":{"allow":["GET"]}}],"collection":[{"href":"https:\/\/nekotsuki-studio.com\/Blog\/wp-json\/wp\/v2\/pages"}],"about":[{"href":"https:\/\/nekotsuki-studio.com\/Blog\/wp-json\/wp\/v2\/types\/page"}],"author":[{"embeddable":true,"href":"https:\/\/nekotsuki-studio.com\/Blog\/wp-json\/wp\/v2\/users\/1"}],"replies":[{"embeddable":true,"href":"https:\/\/nekotsuki-studio.com\/Blog\/wp-json\/wp\/v2\/comments?post=3336"}],"version-history":[{"count":8,"href":"https:\/\/nekotsuki-studio.com\/Blog\/wp-json\/wp\/v2\/pages\/3336\/revisions"}],"predecessor-version":[{"id":3384,"href":"https:\/\/nekotsuki-studio.com\/Blog\/wp-json\/wp\/v2\/pages\/3336\/revisions\/3384"}],"wp:attachment":[{"href":"https:\/\/nekotsuki-studio.com\/Blog\/wp-json\/wp\/v2\/media?parent=3336"}],"curies":[{"name":"wp","href":"https:\/\/api.w.org\/{rel}","templated":true}]}}