{"id":21,"date":"2013-07-01T00:49:52","date_gmt":"2013-06-30T22:49:52","guid":{"rendered":"http:\/\/nekotsuki-studio.com\/Blog\/?page_id=21"},"modified":"2026-03-09T14:31:11","modified_gmt":"2026-03-09T13:31:11","slug":"bienvenu-sur-le-site-de-nekotsuki-studio","status":"publish","type":"page","link":"https:\/\/nekotsuki-studio.com\/Blog\/","title":{"rendered":"Bienvenu sur le Site de NEKOTSUKI Studio !"},"content":{"rendered":"<p style=\"text-align: center; font-family: Gabriola, fantasy; font-size: xx-large;\"><span style=\"color: #00ccff;\"><span style=\"color: #99ccff;\"><strong>L&rsquo;anime les Pattes sur Terre mais la T\u00eate dans la Lune.<\/strong><\/span><\/span><\/p>\n<p style=\"text-align: center; font-family: Gabriola, fantasy; font-size: large;\"><span style=\"color: #99ccff;\"><strong>( \u00e7a marche aussi ! )<\/strong><\/span><\/p>\n<p style=\"text-align: center;\"><span style=\"color: #ccffff;\">~<\/span><\/p>\n<table width=\"100%\" cellspacing=\"0\" cellpadding=\"4\">\n<tbody>\n<tr valign=\"top\">\n<td width=\"50%\"><a href=\"https:\/\/nekotsuki-studio.com\/Blog\/le-studio-nekotsuki\/\"><img loading=\"lazy\" decoding=\"async\" class=\"aligncenter wp-image-10096\" src=\"https:\/\/nekotsuki-studio.com\/Blog\/wp-content\/uploads\/2025\/01\/NekoTsuki-Presentation-300x85.png\" alt=\"\" width=\"640\" height=\"181\" srcset=\"https:\/\/nekotsuki-studio.com\/Blog\/wp-content\/uploads\/2025\/01\/NekoTsuki-Presentation-300x85.png 300w, https:\/\/nekotsuki-studio.com\/Blog\/wp-content\/uploads\/2025\/01\/NekoTsuki-Presentation-768x217.png 768w, https:\/\/nekotsuki-studio.com\/Blog\/wp-content\/uploads\/2025\/01\/NekoTsuki-Presentation.png 990w\" sizes=\"auto, (max-width: 640px) 100vw, 640px\" \/><\/a><\/td>\n<td width=\"50%\"><a href=\"https:\/\/nekotsuki-studio.com\/Blog\/projets-independants\/\"><img loading=\"lazy\" decoding=\"async\" class=\"aligncenter wp-image-605\" src=\"http:\/\/nekotsuki-studio.com\/Blog\/wp-content\/uploads\/2013\/07\/Projets-ind\u00e9pendants.jpg\" alt=\"Projets ind\u00e9pendants\" width=\"630\" height=\"192\" srcset=\"https:\/\/nekotsuki-studio.com\/Blog\/wp-content\/uploads\/2013\/07\/Projets-ind\u00e9pendants.jpg 840w, https:\/\/nekotsuki-studio.com\/Blog\/wp-content\/uploads\/2013\/07\/Projets-ind\u00e9pendants-300x91.jpg 300w\" sizes=\"auto, (max-width: 630px) 100vw, 630px\" \/><\/a><\/td>\n<\/tr>\n<tr valign=\"top\">\n<td width=\"50%\"><a href=\"https:\/\/nekotsuki-studio.com\/Blog\/forum\/\"><img loading=\"lazy\" decoding=\"async\" class=\"aligncenter wp-image-197\" src=\"https:\/\/nekotsuki-studio.com\/Blog\/wp-content\/uploads\/2013\/08\/Header-forum-proto03-300x61.jpg\" alt=\"Anime Agora\" width=\"640\" height=\"131\" srcset=\"https:\/\/nekotsuki-studio.com\/Blog\/wp-content\/uploads\/2013\/08\/Header-forum-proto03-300x61.jpg 300w, https:\/\/nekotsuki-studio.com\/Blog\/wp-content\/uploads\/2013\/08\/Header-forum-proto03-1024x210.jpg 1024w, https:\/\/nekotsuki-studio.com\/Blog\/wp-content\/uploads\/2013\/08\/Header-forum-proto03.jpg 1067w\" sizes=\"auto, (max-width: 640px) 100vw, 640px\" \/><\/a><\/td>\n<td width=\"50%\"><a href=\"https:\/\/ko-fi.com\/nekotsukianimeagora\/shop\"><img loading=\"lazy\" decoding=\"async\" class=\"alignnone wp-image-10397 size-full\" src=\"https:\/\/nekotsuki-studio.com\/Blog\/wp-content\/uploads\/2025\/09\/Items-Spells-L-Wide-Vers.png\" alt=\"\" width=\"1200\" height=\"244\" srcset=\"https:\/\/nekotsuki-studio.com\/Blog\/wp-content\/uploads\/2025\/09\/Items-Spells-L-Wide-Vers.png 1200w, https:\/\/nekotsuki-studio.com\/Blog\/wp-content\/uploads\/2025\/09\/Items-Spells-L-Wide-Vers-300x61.png 300w, https:\/\/nekotsuki-studio.com\/Blog\/wp-content\/uploads\/2025\/09\/Items-Spells-L-Wide-Vers-1024x208.png 1024w, https:\/\/nekotsuki-studio.com\/Blog\/wp-content\/uploads\/2025\/09\/Items-Spells-L-Wide-Vers-768x156.png 768w\" sizes=\"auto, (max-width: 1200px) 100vw, 1200px\" \/><\/a><\/td>\n<\/tr>\n<\/tbody>\n<\/table>\n<p style=\"text-align: center;\"><span style=\"color: #ccffff;\">~<\/span><\/p>\n<table width=\"100%\" cellspacing=\"0\" cellpadding=\"4\">\n<tbody>\n<tr valign=\"top\">\n<td width=\"25%\"><a href=\"https:\/\/bsky.app\/profile\/nekotsukistudio.bsky.social\"><img loading=\"lazy\" decoding=\"async\" class=\"aligncenter wp-image-10076\" src=\"https:\/\/nekotsuki-studio.com\/Blog\/wp-content\/uploads\/2025\/01\/Toraneko-Bsky.png\" alt=\"\" width=\"75\" height=\"75\" srcset=\"https:\/\/nekotsuki-studio.com\/Blog\/wp-content\/uploads\/2025\/01\/Toraneko-Bsky.png 300w, https:\/\/nekotsuki-studio.com\/Blog\/wp-content\/uploads\/2025\/01\/Toraneko-Bsky-150x150.png 150w\" sizes=\"auto, (max-width: 75px) 100vw, 75px\" \/><\/a><\/td>\n<td width=\"25%\"><a href=\"https:\/\/www.instagram.com\/nekotsuki_studio\/\"><img loading=\"lazy\" decoding=\"async\" class=\"aligncenter wp-image-6390\" src=\"https:\/\/nekotsuki-studio.com\/Blog\/wp-content\/uploads\/2023\/06\/Toraneko-Insta.png\" alt=\"\" width=\"75\" height=\"75\" srcset=\"https:\/\/nekotsuki-studio.com\/Blog\/wp-content\/uploads\/2023\/06\/Toraneko-Insta.png 300w, https:\/\/nekotsuki-studio.com\/Blog\/wp-content\/uploads\/2023\/06\/Toraneko-Insta-150x150.png 150w\" sizes=\"auto, (max-width: 75px) 100vw, 75px\" \/><\/a><\/td>\n<td width=\"25%\"><a href=\"https:\/\/x.com\/NekoAnimeAgora\"><img loading=\"lazy\" decoding=\"async\" class=\"aligncenter wp-image-10287\" src=\"https:\/\/nekotsuki-studio.com\/Blog\/wp-content\/uploads\/2025\/08\/Toraneko-Twitter-OUT.png\" alt=\"\" width=\"75\" height=\"75\" srcset=\"https:\/\/nekotsuki-studio.com\/Blog\/wp-content\/uploads\/2025\/08\/Toraneko-Twitter-OUT.png 300w, https:\/\/nekotsuki-studio.com\/Blog\/wp-content\/uploads\/2025\/08\/Toraneko-Twitter-OUT-150x150.png 150w\" sizes=\"auto, (max-width: 75px) 100vw, 75px\" \/><\/a><\/td>\n<td width=\"25%\"><a href=\"https:\/\/www.facebook.com\/pages\/Nekotsuki-Studio\/526344040746222\"><img loading=\"lazy\" decoding=\"async\" class=\"aligncenter wp-image-6392\" src=\"https:\/\/nekotsuki-studio.com\/Blog\/wp-content\/uploads\/2023\/06\/Toraneko-FB.png\" alt=\"\" width=\"75\" height=\"75\" srcset=\"https:\/\/nekotsuki-studio.com\/Blog\/wp-content\/uploads\/2023\/06\/Toraneko-FB.png 300w, https:\/\/nekotsuki-studio.com\/Blog\/wp-content\/uploads\/2023\/06\/Toraneko-FB-150x150.png 150w\" sizes=\"auto, (max-width: 75px) 100vw, 75px\" \/><\/a><\/td>\n<\/tr>\n<\/tbody>\n<\/table>\n<p style=\"text-align: center;\"><a href=\"https:\/\/ko-fi.com\/S6S062W6H\" target=\"_blank\" rel=\"noopener\"><img decoding=\"async\" style=\"border: 0px; height: 36px;\" src=\"https:\/\/cdn.ko-fi.com\/cdn\/kofi2.png?v=3\" alt=\"Buy Me a Coffee at ko-fi.com\" height=\"36\" border=\"0\" \/><\/a><\/p>\n<p style=\"text-align: center;\"><span style=\"color: #ccffff;\">~<\/span><\/p>\n<p style=\"text-align: center;\"><span style=\"color: #99ccff;\"><strong>La boutique Online est bient\u00f4t de retour !&#8230;<\/strong><\/span><\/p>\n<p style=\"text-align: center;\"><span style=\"color: #ccffff;\"><strong>(Je teste une Boutique Ko-Fi pour cet \u00e9t\u00e9 2025, en attendant la vraie)<\/strong><\/span><\/p>\n<p style=\"text-align: center;\">\n","protected":false},"excerpt":{"rendered":"<p>L&rsquo;anime les Pattes sur Terre mais la T\u00eate dans la Lune. ( \u00e7a marche aussi ! ) ~ ~ ~ La boutique Online est bient\u00f4t de retour !&#8230; (Je teste une Boutique Ko-Fi pour cet \u00e9t\u00e9 2025, en attendant la &hellip; <a href=\"https:\/\/nekotsuki-studio.com\/Blog\/\">Continued<\/a><\/p>\n","protected":false},"author":1,"featured_media":0,"parent":0,"menu_order":0,"comment_status":"closed","ping_status":"closed","template":"","meta":{"footnotes":""},"class_list":["post-21","page","type-page","status-publish","hentry"],"jetpack_sharing_enabled":true,"_links":{"self":[{"href":"https:\/\/nekotsuki-studio.com\/Blog\/wp-json\/wp\/v2\/pages\/21","targetHints":{"allow":["GET"]}}],"collection":[{"href":"https:\/\/nekotsuki-studio.com\/Blog\/wp-json\/wp\/v2\/pages"}],"about":[{"href":"https:\/\/nekotsuki-studio.com\/Blog\/wp-json\/wp\/v2\/types\/page"}],"author":[{"embeddable":true,"href":"https:\/\/nekotsuki-studio.com\/Blog\/wp-json\/wp\/v2\/users\/1"}],"replies":[{"embeddable":true,"href":"https:\/\/nekotsuki-studio.com\/Blog\/wp-json\/wp\/v2\/comments?post=21"}],"version-history":[{"count":114,"href":"https:\/\/nekotsuki-studio.com\/Blog\/wp-json\/wp\/v2\/pages\/21\/revisions"}],"predecessor-version":[{"id":10446,"href":"https:\/\/nekotsuki-studio.com\/Blog\/wp-json\/wp\/v2\/pages\/21\/revisions\/10446"}],"wp:attachment":[{"href":"https:\/\/nekotsuki-studio.com\/Blog\/wp-json\/wp\/v2\/media?parent=21"}],"curies":[{"name":"wp","href":"https:\/\/api.w.org\/{rel}","templated":true}]}}