{"id":1780,"date":"2020-09-09T17:21:49","date_gmt":"2020-09-09T15:21:49","guid":{"rendered":"https:\/\/nekotsuki-studio.com\/Blog\/?page_id=1780"},"modified":"2020-09-16T18:06:28","modified_gmt":"2020-09-16T16:06:28","slug":"bo-2020-w-35","status":"publish","type":"page","link":"https:\/\/nekotsuki-studio.com\/Blog\/bo-2020-w-35\/","title":{"rendered":"BO-2020-W-35"},"content":{"rendered":"<p style=\"text-align: center;\" align=\"CENTER\"><span style=\"font-size: large; color: #99ccff;\"><b>Box Office Mondial Animation \/ VFX :<\/b><\/span><\/p>\n<p style=\"text-align: center;\" align=\"CENTER\"><span style=\"font-size: large; color: #99ccff;\"><b>2020 &#8211; Semaine 35 (31\/08 \u2013 06\/09)<\/b><\/span><\/p>\n<p style=\"text-align: center;\" align=\"CENTER\"><span style=\"color: #ccffff;\"><a style=\"color: #ccffff;\" href=\"https:\/\/nekotsuki-studio.com\/Blog\/bo-2020-w-34\/\"><strong>\u21d0\u00a0Semaine pr\u00e9c\u00e9dente<\/strong><\/a> &#8211; (<a style=\"color: #ccffff;\" href=\"https:\/\/nekotsuki-studio.com\/Blog\/box-office-accueil\/\">Retour \u00e0 l&rsquo;accueil \u21b5<\/a>) &#8211; <a style=\"color: #ccffff;\" href=\"https:\/\/nekotsuki-studio.com\/Blog\/bo-2020-w-36\/\"><strong>Semaine Suivante \u21d2<\/strong><\/a><\/span><\/p>\n<p align=\"CENTER\"><strong><span style=\"color: #ff0000;\">RAPPEL : prendre en compte le fait que ces chiffres sont fortement marqu\u00e9s par les mesures pour lutter contre la pand\u00e9mie actuelle.<\/span><\/strong><\/p>\n<p align=\"CENTER\"><span style=\"color: #99ccff;\">Pour lire l&rsquo;analyse des chiffres, cliquez sur les titres de film suivis d&rsquo;un <strong><span style=\"color: #ccffff;\">[\u21b5]<\/span><\/strong><\/span><\/p>\n<table border=\"1\" width=\"642\" cellspacing=\"0\" cellpadding=\"4\">\n<tbody>\n<tr valign=\"TOP\">\n<td bgcolor=\"#00b8ff\" width=\"17\">\n<p align=\"CENTER\"><span style=\"color: #000000;\"><b>n\u00b0<\/b><\/span><\/p>\n<\/td>\n<td bgcolor=\"#00b8ff\" width=\"251\">\n<p align=\"CENTER\"><span style=\"color: #000000;\"><b>Titre<\/b><\/span><\/p>\n<\/td>\n<td bgcolor=\"#00b8ff\" width=\"67\">\n<p align=\"CENTER\"><span style=\"color: #000000;\"><b>Semaine<\/b><\/span><\/p>\n<\/td>\n<td bgcolor=\"#00b8ff\" width=\"99\">\n<p align=\"CENTER\"><span style=\"color: #000000;\"><b>\u00c9volution<\/b><\/span><\/p>\n<p align=\"CENTER\"><span style=\"color: #000000;\"><b>(millions de $)<\/b><\/span><\/p>\n<\/td>\n<td bgcolor=\"#00b8ff\" width=\"167\">\n<p align=\"CENTER\"><span style=\"color: #000000;\"><b>Score mondial<\/b><\/span><\/p>\n<\/td>\n<\/tr>\n<tr valign=\"TOP\">\n<td bgcolor=\"#99ccff\" width=\"17\">\n<p align=\"CENTER\"><span style=\"color: #000000;\">1<\/span><\/p>\n<\/td>\n<td bgcolor=\"#99ccff\" width=\"251\">\n<p align=\"CENTER\"><span style=\"color: #000000;\"><b><a href=\"https:\/\/nekotsuki-studio.com\/Blog\/wp-content\/uploads\/2020\/09\/TeneT.jpg\"><img loading=\"lazy\" decoding=\"async\" class=\"alignleft wp-image-1760\" src=\"https:\/\/nekotsuki-studio.com\/Blog\/wp-content\/uploads\/2020\/09\/TeneT-202x300.jpg\" alt=\"\" width=\"101\" height=\"150\" srcset=\"https:\/\/nekotsuki-studio.com\/Blog\/wp-content\/uploads\/2020\/09\/TeneT-202x300.jpg 202w, https:\/\/nekotsuki-studio.com\/Blog\/wp-content\/uploads\/2020\/09\/TeneT-691x1024.jpg 691w, https:\/\/nekotsuki-studio.com\/Blog\/wp-content\/uploads\/2020\/09\/TeneT-768x1138.jpg 768w, https:\/\/nekotsuki-studio.com\/Blog\/wp-content\/uploads\/2020\/09\/TeneT.jpg 1012w\" sizes=\"auto, (max-width: 101px) 100vw, 101px\" \/><\/a>\u00a0<a href=\"https:\/\/nekotsuki-studio.com\/Blog\/forum\/box-office\/tenet-le-sauveuuuur-du-cinema-mondialeuuu-p\/#p10450\">TeneT [\u21b5]<\/a><\/b><\/span><\/p>\n<\/td>\n<td bgcolor=\"#99ccff\" width=\"67\">\n<p align=\"CENTER\"><span style=\"color: #000000;\">2<\/span><\/p>\n<\/td>\n<td bgcolor=\"#99ccff\" width=\"99\">\n<p align=\"CENTER\"><span style=\"color: #000000;\">+99<\/span><\/p>\n<\/td>\n<td bgcolor=\"#99ccff\" width=\"167\">\n<p align=\"CENTER\"><span style=\"color: #000000;\">152 millions de $<\/span><\/p>\n<\/td>\n<\/tr>\n<tr valign=\"TOP\">\n<td bgcolor=\"#ccffff\" width=\"17\">\n<p align=\"CENTER\"><span style=\"color: #000000;\">2<\/span><\/p>\n<\/td>\n<td bgcolor=\"#ccffff\" width=\"251\">\n<p align=\"CENTER\"><span style=\"color: #000000;\"><b><a href=\"https:\/\/nekotsuki-studio.com\/Blog\/wp-content\/uploads\/2020\/09\/The-New-Mutants.jpg\"><img loading=\"lazy\" decoding=\"async\" class=\"alignleft wp-image-1759\" src=\"https:\/\/nekotsuki-studio.com\/Blog\/wp-content\/uploads\/2020\/09\/The-New-Mutants-203x300.jpg\" alt=\"\" width=\"101\" height=\"150\" srcset=\"https:\/\/nekotsuki-studio.com\/Blog\/wp-content\/uploads\/2020\/09\/The-New-Mutants-203x300.jpg 203w, https:\/\/nekotsuki-studio.com\/Blog\/wp-content\/uploads\/2020\/09\/The-New-Mutants-692x1024.jpg 692w, https:\/\/nekotsuki-studio.com\/Blog\/wp-content\/uploads\/2020\/09\/The-New-Mutants-768x1137.jpg 768w, https:\/\/nekotsuki-studio.com\/Blog\/wp-content\/uploads\/2020\/09\/The-New-Mutants.jpg 1013w\" sizes=\"auto, (max-width: 101px) 100vw, 101px\" \/><\/a>\u00a0<a href=\"https:\/\/nekotsuki-studio.com\/Blog\/forum\/box-office\/les-nouveaux-mutants-petit-film-w-men-restera-petit-_\/#p10449\">The New Mutants [\u21b5]<\/a><\/b><\/span><\/p>\n<\/td>\n<td bgcolor=\"#ccffff\" width=\"67\">\n<p align=\"CENTER\"><span style=\"color: #000000;\">2<\/span><\/p>\n<\/td>\n<td bgcolor=\"#ccffff\" width=\"99\">\n<p align=\"CENTER\"><span style=\"color: #000000;\">+11<\/span><\/p>\n<\/td>\n<td bgcolor=\"#ccffff\" width=\"167\">\n<p align=\"CENTER\"><span style=\"color: #000000;\">21 millions de $<\/span><\/p>\n<\/td>\n<\/tr>\n<tr valign=\"TOP\">\n<td bgcolor=\"#99ccff\" width=\"17\">\n<p align=\"CENTER\"><span style=\"color: #000000;\">3<\/span><\/p>\n<\/td>\n<td bgcolor=\"#99ccff\" width=\"251\">\n<p align=\"CENTER\"><span style=\"color: #000000;\"><b><a href=\"https:\/\/nekotsuki-studio.com\/Blog\/wp-content\/uploads\/2020\/03\/Onward.jpg\"><img loading=\"lazy\" decoding=\"async\" class=\"alignleft wp-image-1620\" src=\"https:\/\/nekotsuki-studio.com\/Blog\/wp-content\/uploads\/2020\/03\/Onward-202x300.jpg\" alt=\"\" width=\"101\" height=\"150\" srcset=\"https:\/\/nekotsuki-studio.com\/Blog\/wp-content\/uploads\/2020\/03\/Onward-202x300.jpg 202w, https:\/\/nekotsuki-studio.com\/Blog\/wp-content\/uploads\/2020\/03\/Onward-691x1024.jpg 691w, https:\/\/nekotsuki-studio.com\/Blog\/wp-content\/uploads\/2020\/03\/Onward-768x1138.jpg 768w, https:\/\/nekotsuki-studio.com\/Blog\/wp-content\/uploads\/2020\/03\/Onward.jpg 1012w\" sizes=\"auto, (max-width: 101px) 100vw, 101px\" \/><\/a>\u00a0<a href=\"https:\/\/nekotsuki-studio.com\/Blog\/forum\/box-office\/onward-en-avant-parti-pour-etre-un-des-plus-gros-flop-pixar\/#p10448\">Onward [\u21b5]<\/a><\/b><\/span><\/p>\n<\/td>\n<td bgcolor=\"#99ccff\" width=\"67\">\n<p align=\"CENTER\"><span style=\"color: #000000;\">27<\/span><\/p>\n<\/td>\n<td bgcolor=\"#99ccff\" width=\"99\">\n<p align=\"CENTER\"><span style=\"color: #000000;\">+4<\/span><\/p>\n<\/td>\n<td bgcolor=\"#99ccff\" width=\"167\">\n<p align=\"CENTER\"><span style=\"color: #000000;\">139 millions de $<\/span><\/p>\n<\/td>\n<\/tr>\n<tr valign=\"TOP\">\n<td bgcolor=\"#ccffff\" width=\"17\">\n<p align=\"CENTER\"><span style=\"color: #000000;\">4<\/span><\/p>\n<\/td>\n<td bgcolor=\"#ccffff\" width=\"251\">\n<p align=\"CENTER\"><span style=\"color: #000000;\"><b><a href=\"https:\/\/nekotsuki-studio.com\/Blog\/wp-content\/uploads\/2020\/09\/Scoob-.jpg\"><img loading=\"lazy\" decoding=\"async\" class=\"alignleft wp-image-1758\" src=\"https:\/\/nekotsuki-studio.com\/Blog\/wp-content\/uploads\/2020\/09\/Scoob--200x300.jpg\" alt=\"\" width=\"101\" height=\"152\" srcset=\"https:\/\/nekotsuki-studio.com\/Blog\/wp-content\/uploads\/2020\/09\/Scoob--200x300.jpg 200w, https:\/\/nekotsuki-studio.com\/Blog\/wp-content\/uploads\/2020\/09\/Scoob--683x1024.jpg 683w, https:\/\/nekotsuki-studio.com\/Blog\/wp-content\/uploads\/2020\/09\/Scoob--768x1152.jpg 768w, https:\/\/nekotsuki-studio.com\/Blog\/wp-content\/uploads\/2020\/09\/Scoob-.jpg 1000w\" sizes=\"auto, (max-width: 101px) 100vw, 101px\" \/><\/a>\u00a0<a href=\"https:\/\/nekotsuki-studio.com\/Blog\/forum\/box-office\/scooby-un-des-rare-blockbusters-de-lete-sen-sort-plutot-bien-_\/#p10447\">Scoob ! [\u21b5]<\/a><\/b><\/span><\/p>\n<\/td>\n<td bgcolor=\"#ccffff\" width=\"67\">\n<p align=\"CENTER\"><span style=\"color: #000000;\">8<\/span><\/p>\n<\/td>\n<td bgcolor=\"#ccffff\" width=\"99\">\n<p align=\"CENTER\"><span style=\"color: #000000;\">+1.6<\/span><\/p>\n<\/td>\n<td bgcolor=\"#ccffff\" width=\"167\">\n<p align=\"CENTER\"><span style=\"color: #000000;\">19.6 millions de $<\/span><\/p>\n<\/td>\n<\/tr>\n<tr valign=\"TOP\">\n<td bgcolor=\"#99ccff\" width=\"17\">\n<p align=\"CENTER\"><span style=\"color: #000000;\">5<\/span><\/p>\n<\/td>\n<td bgcolor=\"#99ccff\" width=\"251\">\n<p align=\"CENTER\"><span style=\"color: #000000;\"><b><a href=\"https:\/\/nekotsuki-studio.com\/Blog\/wp-content\/uploads\/2020\/09\/Sponge-on-the-Run.jpg\"><img loading=\"lazy\" decoding=\"async\" class=\"alignleft wp-image-1757\" src=\"https:\/\/nekotsuki-studio.com\/Blog\/wp-content\/uploads\/2020\/09\/Sponge-on-the-Run-192x300.jpg\" alt=\"\" width=\"101\" height=\"158\" srcset=\"https:\/\/nekotsuki-studio.com\/Blog\/wp-content\/uploads\/2020\/09\/Sponge-on-the-Run-192x300.jpg 192w, https:\/\/nekotsuki-studio.com\/Blog\/wp-content\/uploads\/2020\/09\/Sponge-on-the-Run-656x1024.jpg 656w, https:\/\/nekotsuki-studio.com\/Blog\/wp-content\/uploads\/2020\/09\/Sponge-on-the-Run-768x1199.jpg 768w, https:\/\/nekotsuki-studio.com\/Blog\/wp-content\/uploads\/2020\/09\/Sponge-on-the-Run.jpg 961w\" sizes=\"auto, (max-width: 101px) 100vw, 101px\" \/><\/a> The SpongeBob Movie: Sponge on the Run<\/b><\/span><\/p>\n<\/td>\n<td bgcolor=\"#99ccff\" width=\"67\">\n<p align=\"CENTER\"><span style=\"color: #000000;\">4<\/span><\/p>\n<\/td>\n<td bgcolor=\"#99ccff\" width=\"99\">\n<p align=\"CENTER\"><span style=\"color: #000000;\">+0.4<\/span><\/p>\n<\/td>\n<td bgcolor=\"#99ccff\" width=\"167\">\n<p align=\"CENTER\"><span style=\"color: #000000;\">3.3 millions de $<\/span><\/p>\n<\/td>\n<\/tr>\n<\/tbody>\n<\/table>\n","protected":false},"excerpt":{"rendered":"<p>Box Office Mondial Animation \/ VFX : 2020 &#8211; Semaine 35 (31\/08 \u2013 06\/09) \u21d0\u00a0Semaine pr\u00e9c\u00e9dente &#8211; (Retour \u00e0 l&rsquo;accueil \u21b5) &#8211; Semaine Suivante \u21d2 RAPPEL : prendre en compte le fait que ces chiffres sont fortement marqu\u00e9s par les &hellip; <a href=\"https:\/\/nekotsuki-studio.com\/Blog\/bo-2020-w-35\/\">Continued<\/a><\/p>\n","protected":false},"author":1,"featured_media":0,"parent":0,"menu_order":0,"comment_status":"closed","ping_status":"closed","template":"","meta":{"footnotes":""},"class_list":["post-1780","page","type-page","status-publish","hentry"],"jetpack_sharing_enabled":true,"_links":{"self":[{"href":"https:\/\/nekotsuki-studio.com\/Blog\/wp-json\/wp\/v2\/pages\/1780","targetHints":{"allow":["GET"]}}],"collection":[{"href":"https:\/\/nekotsuki-studio.com\/Blog\/wp-json\/wp\/v2\/pages"}],"about":[{"href":"https:\/\/nekotsuki-studio.com\/Blog\/wp-json\/wp\/v2\/types\/page"}],"author":[{"embeddable":true,"href":"https:\/\/nekotsuki-studio.com\/Blog\/wp-json\/wp\/v2\/users\/1"}],"replies":[{"embeddable":true,"href":"https:\/\/nekotsuki-studio.com\/Blog\/wp-json\/wp\/v2\/comments?post=1780"}],"version-history":[{"count":4,"href":"https:\/\/nekotsuki-studio.com\/Blog\/wp-json\/wp\/v2\/pages\/1780\/revisions"}],"predecessor-version":[{"id":1798,"href":"https:\/\/nekotsuki-studio.com\/Blog\/wp-json\/wp\/v2\/pages\/1780\/revisions\/1798"}],"wp:attachment":[{"href":"https:\/\/nekotsuki-studio.com\/Blog\/wp-json\/wp\/v2\/media?parent=1780"}],"curies":[{"name":"wp","href":"https:\/\/api.w.org\/{rel}","templated":true}]}}