{"id":1738,"date":"2020-08-21T15:12:48","date_gmt":"2020-08-21T13:12:48","guid":{"rendered":"https:\/\/nekotsuki-studio.com\/Blog\/?page_id=1738"},"modified":"2020-08-28T17:09:53","modified_gmt":"2020-08-28T15:09:53","slug":"bo-2020-f-33","status":"publish","type":"page","link":"https:\/\/nekotsuki-studio.com\/Blog\/bo-2020-f-33\/","title":{"rendered":"BO-2020-F-33"},"content":{"rendered":"<p style=\"text-align: center;\" align=\"CENTER\"><span style=\"font-size: large; color: #99ccff;\"><b>Box Office France Animation \/ VFX :<\/b><\/span><\/p>\n<p style=\"text-align: center;\" align=\"CENTER\"><span style=\"font-size: large; color: #99ccff;\"><b>2020- Semaine 33 (12\/08 &#8211; 18\/08)<\/b><\/span><\/p>\n<p style=\"text-align: center;\" align=\"CENTER\"><span style=\"color: #ccffff;\"><a style=\"color: #ccffff;\" href=\"https:\/\/nekotsuki-studio.com\/Blog\/bo-2020-f-32\/\"><strong>\u21d0\u00a0Semai<\/strong><strong>ne pr\u00e9c\u00e9de<\/strong><strong>nte<\/strong><\/a> &#8211; (<a style=\"color: #ccffff;\" href=\"https:\/\/nekotsuki-studio.com\/Blog\/box-office-accueil\/\">Retour \u00e0 l&rsquo;accueil \u21b5<\/a>) &#8211; <a style=\"color: #ccffff;\" href=\"https:\/\/nekotsuki-studio.com\/Blog\/bo-2020-f-34\/\"><strong>Semaine Suivante \u21d2<\/strong><\/a><\/span><\/p>\n<p align=\"CENTER\"><span style=\"color: #99ccff;\">Pour lire l&rsquo;analyse des chiffres, cliquez sur les titres de film suivis d&rsquo;un <strong><span style=\"color: #ccffff;\">[\u21b5]<\/span><\/strong><\/span><\/p>\n<table border=\"1\" width=\"100%\" cellspacing=\"0\" cellpadding=\"4\">\n<tbody>\n<tr valign=\"TOP\">\n<td bgcolor=\"#00b8ff\" width=\"4%\">\n<p align=\"CENTER\"><span style=\"color: #000000;\"><b>n\u00b0<\/b><\/span><\/p>\n<\/td>\n<td bgcolor=\"#00b8ff\" width=\"7%\">\n<p align=\"CENTER\"><span style=\"color: #000000;\"><b>Top<\/b><\/span><\/p>\n<p align=\"CENTER\"><span style=\"color: #000000;\"><b>100<\/b><\/span><\/p>\n<\/td>\n<td bgcolor=\"#00b8ff\" width=\"39%\">\n<p align=\"CENTER\"><span style=\"color: #000000;\"><b>Titre<\/b><\/span><\/p>\n<\/td>\n<td bgcolor=\"#00b8ff\" width=\"11%\">\n<p align=\"CENTER\"><span style=\"color: #000000;\"><b>Semaine<\/b><\/span><\/p>\n<\/td>\n<td bgcolor=\"#00b8ff\" width=\"9%\">\n<p align=\"CENTER\"><span style=\"color: #000000;\"><b>Copies<\/b><\/span><\/p>\n<\/td>\n<td bgcolor=\"#00b8ff\" width=\"16%\">\n<p align=\"CENTER\"><span style=\"color: #000000;\"><b>\u00c9volution<\/b><\/span><\/p>\n<p align=\"CENTER\"><span style=\"color: #000000;\"><b>(spectateurs)<\/b><\/span><\/p>\n<\/td>\n<td bgcolor=\"#00b8ff\" width=\"13%\">\n<p align=\"CENTER\"><span style=\"color: #000000;\"><b>Score total<\/b><\/span><\/p>\n<\/td>\n<\/tr>\n<tr valign=\"TOP\">\n<td bgcolor=\"#ffffcc\" width=\"4%\">\n<p align=\"CENTER\"><span style=\"color: #000000;\"><b>1<\/b><\/span><\/p>\n<\/td>\n<td bgcolor=\"#ffffcc\" width=\"7%\">\n<p align=\"CENTER\"><span style=\"color: #000000;\">3<\/span><\/p>\n<\/td>\n<td bgcolor=\"#ffffcc\" width=\"39%\">\n<p align=\"CENTER\"><span style=\"color: #000000;\"><b><a href=\"https:\/\/nekotsuki-studio.com\/Blog\/wp-content\/uploads\/2020\/08\/Yakari_le_film.jpg\"><img loading=\"lazy\" decoding=\"async\" class=\"alignleft wp-image-1739\" src=\"https:\/\/nekotsuki-studio.com\/Blog\/wp-content\/uploads\/2020\/08\/Yakari_le_film-220x300.jpg\" alt=\"\" width=\"101\" height=\"138\" srcset=\"https:\/\/nekotsuki-studio.com\/Blog\/wp-content\/uploads\/2020\/08\/Yakari_le_film-220x300.jpg 220w, https:\/\/nekotsuki-studio.com\/Blog\/wp-content\/uploads\/2020\/08\/Yakari_le_film.jpg 704w\" sizes=\"auto, (max-width: 101px) 100vw, 101px\" \/><\/a>\u00a0<a href=\"https:\/\/nekotsuki-studio.com\/Blog\/forum\/box-office\/yakari-le-film-entre-bon-demarrage-la-compensation-du-risque-financier\/#p10415\">Yakari [\u21b5]<\/a><\/b><\/span><\/p>\n<\/td>\n<td bgcolor=\"#ffffcc\" width=\"11%\">\n<p align=\"CENTER\"><span style=\"color: #000000;\">1<\/span><\/p>\n<\/td>\n<td bgcolor=\"#ffffcc\" width=\"9%\">\n<p align=\"CENTER\"><span style=\"color: #000000;\">481<\/span><\/p>\n<\/td>\n<td bgcolor=\"#ffffcc\" width=\"16%\">\n<p align=\"CENTER\"><span style=\"color: #000000;\">+82.379<\/span><\/p>\n<\/td>\n<td bgcolor=\"#ffffcc\" width=\"13%\">\n<p align=\"CENTER\"><span style=\"color: #000000;\">82.379<\/span><\/p>\n<\/td>\n<\/tr>\n<tr valign=\"TOP\">\n<td bgcolor=\"#ccffff\" width=\"4%\">\n<p align=\"CENTER\"><span style=\"color: #000000;\"><b>2<\/b><\/span><\/p>\n<\/td>\n<td bgcolor=\"#ccffff\" width=\"7%\">\n<p align=\"CENTER\"><span style=\"color: #000000;\">4<\/span><\/p>\n<p align=\"CENTER\"><strong><span style=\"color: #000000;\">(-1)<\/span><\/strong><\/p>\n<\/td>\n<td bgcolor=\"#ccffff\" width=\"39%\">\n<p align=\"CENTER\"><span style=\"color: #000000;\"><b><a href=\"https:\/\/nekotsuki-studio.com\/Blog\/wp-content\/uploads\/2020\/08\/Bigfoot_Family.jpg\"><img loading=\"lazy\" decoding=\"async\" class=\"alignleft wp-image-1732\" src=\"https:\/\/nekotsuki-studio.com\/Blog\/wp-content\/uploads\/2020\/08\/Bigfoot_Family-225x300.jpg\" alt=\"\" width=\"101\" height=\"135\" srcset=\"https:\/\/nekotsuki-studio.com\/Blog\/wp-content\/uploads\/2020\/08\/Bigfoot_Family-225x300.jpg 225w, https:\/\/nekotsuki-studio.com\/Blog\/wp-content\/uploads\/2020\/08\/Bigfoot_Family-768x1024.jpg 768w, https:\/\/nekotsuki-studio.com\/Blog\/wp-content\/uploads\/2020\/08\/Bigfoot_Family.jpg 810w\" sizes=\"auto, (max-width: 101px) 100vw, 101px\" \/><\/a>\u00a0<a href=\"https:\/\/nekotsuki-studio.com\/Blog\/forum\/box-office\/bigfoot-family-assure-un-demarrage-correct-rassurant-pour-la-suite\/#p10414\">Bigfoot Family [\u21b5]<\/a><\/b><\/span><\/p>\n<\/td>\n<td bgcolor=\"#ccffff\" width=\"11%\">\n<p align=\"CENTER\"><span style=\"color: #000000;\">2<\/span><\/p>\n<\/td>\n<td bgcolor=\"#ccffff\" width=\"9%\">\n<p align=\"CENTER\"><span style=\"color: #000000;\">560<\/span><\/p>\n<\/td>\n<td bgcolor=\"#ccffff\" width=\"16%\">\n<p align=\"CENTER\"><span style=\"color: #000000;\">+82.067<\/span><\/p>\n<p align=\"CENTER\"><span style=\"color: #000000;\">(-3%<\/span> <span style=\"color: #ff950e;\">\u25bc<\/span><span style=\"color: #000000;\">)<\/span><\/p>\n<\/td>\n<td bgcolor=\"#ccffff\" width=\"13%\">\n<p align=\"CENTER\"><span style=\"color: #000000;\">166.834<\/span><\/p>\n<\/td>\n<\/tr>\n<tr valign=\"TOP\">\n<td bgcolor=\"#99ccff\" width=\"4%\">\n<p align=\"CENTER\"><span style=\"color: #000000;\"><b>3<\/b><\/span><\/p>\n<\/td>\n<td bgcolor=\"#99ccff\" width=\"7%\">\n<p align=\"CENTER\"><span style=\"color: #000000;\">8<\/span><\/p>\n<p align=\"CENTER\"><strong><span style=\"color: #000000;\">(-2)<\/span><\/strong><\/p>\n<\/td>\n<td bgcolor=\"#99ccff\" width=\"39%\">\n<p align=\"CENTER\"><span style=\"color: #000000;\"><b><a href=\"https:\/\/nekotsuki-studio.com\/Blog\/wp-content\/uploads\/2020\/07\/Scooby.jpg\"><img loading=\"lazy\" decoding=\"async\" class=\"alignleft wp-image-1700\" src=\"https:\/\/nekotsuki-studio.com\/Blog\/wp-content\/uploads\/2020\/07\/Scooby-225x300.jpg\" alt=\"\" width=\"101\" height=\"135\" srcset=\"https:\/\/nekotsuki-studio.com\/Blog\/wp-content\/uploads\/2020\/07\/Scooby-225x300.jpg 225w, https:\/\/nekotsuki-studio.com\/Blog\/wp-content\/uploads\/2020\/07\/Scooby-768x1024.jpg 768w, https:\/\/nekotsuki-studio.com\/Blog\/wp-content\/uploads\/2020\/07\/Scooby-1152x1536.jpg 1152w, https:\/\/nekotsuki-studio.com\/Blog\/wp-content\/uploads\/2020\/07\/Scooby.jpg 1200w\" sizes=\"auto, (max-width: 101px) 100vw, 101px\" \/><\/a>\u00a0<a href=\"https:\/\/nekotsuki-studio.com\/Blog\/forum\/box-office\/scooby-un-des-rare-blockbusters-de-lete-sen-sort-plutot-bien-_\/#p10413\">SCOOBY ! [\u21b5]<\/a><\/b><\/span><\/p>\n<\/td>\n<td bgcolor=\"#99ccff\" width=\"11%\">\n<p align=\"CENTER\"><span style=\"color: #000000;\">5<\/span><\/p>\n<\/td>\n<td bgcolor=\"#99ccff\" width=\"9%\">\n<p align=\"CENTER\"><span style=\"color: #000000;\">566<\/span><\/p>\n<\/td>\n<td bgcolor=\"#99ccff\" width=\"16%\">\n<p align=\"CENTER\"><span style=\"color: #000000;\">+50.436<\/span><\/p>\n<p align=\"CENTER\"><span style=\"color: #000000;\">(-3%<\/span> <span style=\"color: #ff950e;\">\u25bc<\/span><span style=\"color: #000000;\">)<\/span><\/p>\n<\/td>\n<td bgcolor=\"#99ccff\" width=\"13%\">\n<p align=\"CENTER\"><span style=\"color: #000000;\">676.017<\/span><\/p>\n<\/td>\n<\/tr>\n<tr valign=\"TOP\">\n<td bgcolor=\"#ccffff\" width=\"4%\">\n<p align=\"CENTER\"><span style=\"color: #000000;\"><b>4<\/b><\/span><\/p>\n<\/td>\n<td bgcolor=\"#ccffff\" width=\"7%\">\n<p align=\"CENTER\"><span style=\"color: #000000;\">16<\/span><\/p>\n<p align=\"CENTER\"><strong><span style=\"color: #ff0000;\">(-5)<\/span><\/strong><\/p>\n<\/td>\n<td bgcolor=\"#ccffff\" width=\"39%\">\n<p align=\"CENTER\"><span style=\"color: #000000;\"><b><a href=\"https:\/\/nekotsuki-studio.com\/Blog\/wp-content\/uploads\/2020\/08\/Dreams.jpg\"><img loading=\"lazy\" decoding=\"async\" class=\"alignleft wp-image-1724\" src=\"https:\/\/nekotsuki-studio.com\/Blog\/wp-content\/uploads\/2020\/08\/Dreams-212x300.jpg\" alt=\"\" width=\"101\" height=\"143\" srcset=\"https:\/\/nekotsuki-studio.com\/Blog\/wp-content\/uploads\/2020\/08\/Dreams-212x300.jpg 212w, https:\/\/nekotsuki-studio.com\/Blog\/wp-content\/uploads\/2020\/08\/Dreams-724x1024.jpg 724w, https:\/\/nekotsuki-studio.com\/Blog\/wp-content\/uploads\/2020\/08\/Dreams-768x1086.jpg 768w, https:\/\/nekotsuki-studio.com\/Blog\/wp-content\/uploads\/2020\/08\/Dreams-1086x1536.jpg 1086w, https:\/\/nekotsuki-studio.com\/Blog\/wp-content\/uploads\/2020\/08\/Dreams.jpg 1131w\" sizes=\"auto, (max-width: 101px) 100vw, 101px\" \/><\/a>\u00a0<a href=\"https:\/\/nekotsuki-studio.com\/Blog\/forum\/box-office\/dreams-le-petit-film-allemand-qui-va-tenter-de-tirer-son-epingle-du-jeux-_\/#p10412\">Dreams [\u21b5]<\/a><\/b><\/span><\/p>\n<\/td>\n<td bgcolor=\"#ccffff\" width=\"11%\">\n<p align=\"CENTER\"><span style=\"color: #000000;\">3<\/span><\/p>\n<\/td>\n<td bgcolor=\"#ccffff\" width=\"9%\">\n<p align=\"CENTER\"><span style=\"color: #000000;\">574<\/span><\/p>\n<\/td>\n<td bgcolor=\"#ccffff\" width=\"16%\">\n<p align=\"CENTER\"><span style=\"color: #000000;\">+25.238<\/span><\/p>\n<p align=\"CENTER\"><span style=\"color: #000000;\">(-13%<\/span> <span style=\"color: #ff950e;\">\u25bc<\/span><span style=\"color: #000000;\">)<\/span><\/p>\n<\/td>\n<td bgcolor=\"#ccffff\" width=\"13%\">\n<p align=\"CENTER\"><span style=\"color: #000000;\">101.330<\/span><\/p>\n<\/td>\n<\/tr>\n<tr valign=\"TOP\">\n<td bgcolor=\"#99ccff\" width=\"4%\" height=\"22\">\n<p align=\"CENTER\"><span style=\"color: #000000;\"><b>5<\/b><\/span><\/p>\n<\/td>\n<td bgcolor=\"#99ccff\" width=\"7%\">\n<p align=\"CENTER\"><span style=\"color: #000000;\">17<\/span><\/p>\n<p align=\"CENTER\"><strong><span style=\"color: #ff0000;\">(-5)<\/span><\/strong><\/p>\n<\/td>\n<td bgcolor=\"#99ccff\" width=\"39%\">\n<p align=\"CENTER\"><span style=\"color: #000000;\"><b><a href=\"https:\/\/nekotsuki-studio.com\/Blog\/wp-content\/uploads\/2020\/08\/Blanche_Neige_les_souliers_rouges_et_les_sept_nains.jpg\"><img loading=\"lazy\" decoding=\"async\" class=\"alignleft wp-image-1723\" src=\"https:\/\/nekotsuki-studio.com\/Blog\/wp-content\/uploads\/2020\/08\/Blanche_Neige_les_souliers_rouges_et_les_sept_nains-225x300.jpg\" alt=\"\" width=\"101\" height=\"135\" srcset=\"https:\/\/nekotsuki-studio.com\/Blog\/wp-content\/uploads\/2020\/08\/Blanche_Neige_les_souliers_rouges_et_les_sept_nains-225x300.jpg 225w, https:\/\/nekotsuki-studio.com\/Blog\/wp-content\/uploads\/2020\/08\/Blanche_Neige_les_souliers_rouges_et_les_sept_nains-768x1024.jpg 768w, https:\/\/nekotsuki-studio.com\/Blog\/wp-content\/uploads\/2020\/08\/Blanche_Neige_les_souliers_rouges_et_les_sept_nains-1152x1536.jpg 1152w, https:\/\/nekotsuki-studio.com\/Blog\/wp-content\/uploads\/2020\/08\/Blanche_Neige_les_souliers_rouges_et_les_sept_nains.jpg 1200w\" sizes=\"auto, (max-width: 101px) 100vw, 101px\" \/><\/a>\u00a0<a href=\"https:\/\/nekotsuki-studio.com\/Blog\/forum\/box-office\/blanche-neige-les-souliers-rouges-et-les-sept-nains-si-si-puisquon-vous-le-dit-p\/#p10411\">Blanche Neige, les Souliers Rouges et les Sept Nains [\u21b5]<\/a><\/b><\/span><\/p>\n<\/td>\n<td bgcolor=\"#99ccff\" width=\"11%\">\n<p align=\"CENTER\"><span style=\"color: #000000;\">3<\/span><\/p>\n<\/td>\n<td bgcolor=\"#99ccff\" width=\"9%\">\n<p align=\"CENTER\"><span style=\"color: #000000;\">388<\/span><\/p>\n<\/td>\n<td bgcolor=\"#99ccff\" width=\"16%\">\n<p align=\"CENTER\"><span style=\"color: #000000;\">+20.798<\/span><\/p>\n<p align=\"CENTER\"><span style=\"color: #000000;\">(-3%<\/span> <span style=\"color: #ff950e;\">\u25bc<\/span><span style=\"color: #000000;\">)<\/span><\/p>\n<\/td>\n<td bgcolor=\"#99ccff\" width=\"13%\">\n<p align=\"CENTER\"><span style=\"color: #000000;\">83.322<\/span><\/p>\n<\/td>\n<\/tr>\n<tr valign=\"TOP\">\n<td bgcolor=\"#ccffff\" width=\"4%\">\n<p align=\"CENTER\"><span style=\"color: #000000;\"><b>6<\/b><\/span><\/p>\n<\/td>\n<td bgcolor=\"#ccffff\" width=\"7%\">\n<p align=\"CENTER\"><span style=\"color: #000000;\">25<\/span><\/p>\n<p align=\"CENTER\"><strong><span style=\"color: #ff0000;\">(-4)<\/span><\/strong><\/p>\n<\/td>\n<td bgcolor=\"#ccffff\" width=\"39%\">\n<p align=\"CENTER\"><span style=\"color: #000000;\"><b><a href=\"https:\/\/nekotsuki-studio.com\/Blog\/wp-content\/uploads\/2020\/07\/Mon_ninja_et_moi.jpg\"><img loading=\"lazy\" decoding=\"async\" class=\"alignleft wp-image-1709\" src=\"https:\/\/nekotsuki-studio.com\/Blog\/wp-content\/uploads\/2020\/07\/Mon_ninja_et_moi-221x300.jpg\" alt=\"\" width=\"101\" height=\"137\" srcset=\"https:\/\/nekotsuki-studio.com\/Blog\/wp-content\/uploads\/2020\/07\/Mon_ninja_et_moi-221x300.jpg 221w, https:\/\/nekotsuki-studio.com\/Blog\/wp-content\/uploads\/2020\/07\/Mon_ninja_et_moi-754x1024.jpg 754w, https:\/\/nekotsuki-studio.com\/Blog\/wp-content\/uploads\/2020\/07\/Mon_ninja_et_moi-768x1043.jpg 768w, https:\/\/nekotsuki-studio.com\/Blog\/wp-content\/uploads\/2020\/07\/Mon_ninja_et_moi.jpg 795w\" sizes=\"auto, (max-width: 101px) 100vw, 101px\" \/><\/a>\u00a0Mon Ninja et Moi<\/b><\/span><\/p>\n<\/td>\n<td bgcolor=\"#ccffff\" width=\"11%\">\n<p align=\"CENTER\"><span style=\"color: #000000;\">5<\/span><\/p>\n<\/td>\n<td bgcolor=\"#ccffff\" width=\"9%\">\n<p align=\"CENTER\"><span style=\"color: #000000;\">216<\/span><\/p>\n<\/td>\n<td bgcolor=\"#ccffff\" width=\"16%\">\n<p align=\"CENTER\"><span style=\"color: #000000;\">+8406<\/span><\/p>\n<p align=\"CENTER\"><span style=\"color: #000000;\">(-28%<\/span> <span style=\"color: #ff950e;\">\u25bc<\/span><span style=\"color: #000000;\">)<\/span><\/p>\n<\/td>\n<td bgcolor=\"#ccffff\" width=\"13%\">\n<p align=\"CENTER\"><span style=\"color: #000000;\">161.777<\/span><\/p>\n<\/td>\n<\/tr>\n<tr valign=\"TOP\">\n<td bgcolor=\"#99ccff\" width=\"4%\" height=\"10\">\n<p align=\"CENTER\"><span style=\"color: #000000;\"><b>7<\/b><\/span><\/p>\n<\/td>\n<td bgcolor=\"#99ccff\" width=\"7%\">\n<p align=\"CENTER\"><span style=\"color: #000000;\">29<\/span><\/p>\n<p align=\"CENTER\"><strong><span style=\"color: #ff0000;\">(-4)<\/span><\/strong><\/p>\n<\/td>\n<td bgcolor=\"#99ccff\" width=\"39%\">\n<p align=\"CENTER\"><span style=\"color: #000000;\"><b><a href=\"https:\/\/nekotsuki-studio.com\/Blog\/wp-content\/uploads\/2020\/03\/En-Avant.jpg\"><img loading=\"lazy\" decoding=\"async\" class=\"alignleft wp-image-1626\" src=\"https:\/\/nekotsuki-studio.com\/Blog\/wp-content\/uploads\/2020\/03\/En-Avant-220x300.jpg\" alt=\"\" width=\"101\" height=\"138\" srcset=\"https:\/\/nekotsuki-studio.com\/Blog\/wp-content\/uploads\/2020\/03\/En-Avant-220x300.jpg 220w, https:\/\/nekotsuki-studio.com\/Blog\/wp-content\/uploads\/2020\/03\/En-Avant-752x1024.jpg 752w, https:\/\/nekotsuki-studio.com\/Blog\/wp-content\/uploads\/2020\/03\/En-Avant-768x1046.jpg 768w, https:\/\/nekotsuki-studio.com\/Blog\/wp-content\/uploads\/2020\/03\/En-Avant.jpg 1101w\" sizes=\"auto, (max-width: 101px) 100vw, 101px\" \/><\/a>\u00a0En Avant<\/b><\/span><\/p>\n<\/td>\n<td bgcolor=\"#99ccff\" width=\"11%\">\n<p align=\"CENTER\"><span style=\"color: #000000;\">11<\/span><\/p>\n<\/td>\n<td bgcolor=\"#99ccff\" width=\"9%\">\n<p align=\"CENTER\"><span style=\"color: #000000;\">62<\/span><\/p>\n<\/td>\n<td bgcolor=\"#99ccff\" width=\"16%\">\n<p align=\"CENTER\"><span style=\"color: #000000;\">+4547<\/span><\/p>\n<p align=\"CENTER\"><span style=\"color: #000000;\">(-16%<\/span> <span style=\"color: #ff950e;\">\u25bc<\/span><span style=\"color: #000000;\">)<\/span><\/p>\n<\/td>\n<td bgcolor=\"#99ccff\" width=\"13%\">\n<p align=\"CENTER\"><span style=\"color: #000000;\">902.287<\/span><\/p>\n<\/td>\n<\/tr>\n<tr valign=\"TOP\">\n<td bgcolor=\"#ccffff\" width=\"4%\" height=\"10\">\n<p align=\"CENTER\"><span style=\"color: #000000;\"><b>8<\/b><\/span><\/p>\n<\/td>\n<td bgcolor=\"#ccffff\" width=\"7%\">\n<p align=\"CENTER\"><span style=\"color: #000000;\">78<\/span><\/p>\n<p align=\"CENTER\"><strong><span style=\"color: #ff0000;\">(-7)<\/span><\/strong><\/p>\n<\/td>\n<td bgcolor=\"#ccffff\" width=\"39%\">\n<p align=\"CENTER\"><span style=\"color: #000000;\"><b><a href=\"https:\/\/nekotsuki-studio.com\/Blog\/wp-content\/uploads\/2020\/02\/Bayala.jpg\"><img loading=\"lazy\" decoding=\"async\" class=\"alignleft wp-image-1527\" src=\"https:\/\/nekotsuki-studio.com\/Blog\/wp-content\/uploads\/2020\/02\/Bayala-225x300.jpg\" alt=\"\" width=\"101\" height=\"135\" srcset=\"https:\/\/nekotsuki-studio.com\/Blog\/wp-content\/uploads\/2020\/02\/Bayala-225x300.jpg 225w, https:\/\/nekotsuki-studio.com\/Blog\/wp-content\/uploads\/2020\/02\/Bayala-768x1024.jpg 768w, https:\/\/nekotsuki-studio.com\/Blog\/wp-content\/uploads\/2020\/02\/Bayala-1152x1536.jpg 1152w, https:\/\/nekotsuki-studio.com\/Blog\/wp-content\/uploads\/2020\/02\/Bayala.jpg 1200w\" sizes=\"auto, (max-width: 101px) 100vw, 101px\" \/><\/a>\u00a0<a href=\"https:\/\/nekotsuki-studio.com\/Blog\/forum\/box-office\/jacob-et-les-chiens-bonjour-le-monde-la-grande-cavale-les-petits-outsiders-qui-font-quand-meme-des-scores-_\/page-2\/#p10410\">Bayala, La Magie des Dragons [\u21b5]<\/a><\/b><\/span><\/p>\n<\/td>\n<td bgcolor=\"#ccffff\" width=\"11%\">\n<p align=\"CENTER\"><span style=\"color: #000000;\">15<\/span><\/p>\n<\/td>\n<td bgcolor=\"#ccffff\" width=\"9%\">\n<p align=\"CENTER\"><span style=\"color: #000000;\">3<\/span><\/p>\n<\/td>\n<td bgcolor=\"#ccffff\" width=\"16%\">\n<p align=\"CENTER\"><span style=\"color: #000000;\">+40<\/span><\/p>\n<p align=\"CENTER\"><span style=\"color: #000000;\">(-22%<\/span> <span style=\"color: #ff950e;\">\u25bc<\/span><span style=\"color: #000000;\">)<\/span><\/p>\n<\/td>\n<td bgcolor=\"#ccffff\" width=\"13%\">\n<p align=\"CENTER\"><span style=\"color: #000000;\">67.411<\/span><\/p>\n<\/td>\n<\/tr>\n<tr valign=\"TOP\">\n<td bgcolor=\"#ffffcc\" width=\"4%\" height=\"9\">\n<p align=\"CENTER\"><span style=\"color: #000000;\"><b>9<\/b><\/span><\/p>\n<\/td>\n<td bgcolor=\"#ffffcc\" width=\"7%\">\n<p align=\"CENTER\"><span style=\"color: #000000;\">82<\/span><\/p>\n<\/td>\n<td bgcolor=\"#ffffcc\" width=\"39%\">\n<p align=\"CENTER\"><span style=\"color: #000000;\"><b><a href=\"https:\/\/nekotsuki-studio.com\/Blog\/wp-content\/uploads\/2019\/12\/Millennium-Actress.jpg\"><img loading=\"lazy\" decoding=\"async\" class=\"alignleft wp-image-1372\" src=\"https:\/\/nekotsuki-studio.com\/Blog\/wp-content\/uploads\/2019\/12\/Millennium-Actress-225x300.jpg\" alt=\"\" width=\"101\" height=\"135\" srcset=\"https:\/\/nekotsuki-studio.com\/Blog\/wp-content\/uploads\/2019\/12\/Millennium-Actress-225x300.jpg 225w, https:\/\/nekotsuki-studio.com\/Blog\/wp-content\/uploads\/2019\/12\/Millennium-Actress-768x1024.jpg 768w, https:\/\/nekotsuki-studio.com\/Blog\/wp-content\/uploads\/2019\/12\/Millennium-Actress-1152x1536.jpg 1152w, https:\/\/nekotsuki-studio.com\/Blog\/wp-content\/uploads\/2019\/12\/Millennium-Actress.jpg 1200w\" sizes=\"auto, (max-width: 101px) 100vw, 101px\" \/><\/a>\u00a0<a href=\"https:\/\/nekotsuki-studio.com\/Blog\/forum\/box-office\/millennium-actress-enfin-sur-les-ecrans-en-france-euh-sur-quelques-ecrans-plus-exactement\/#p10409\">Millennium Actress [\u21b5]<\/a><\/b><\/span><\/p>\n<\/td>\n<td bgcolor=\"#ffffcc\" width=\"11%\">\n<p align=\"CENTER\"><span style=\"color: #000000;\">15<\/span><\/p>\n<\/td>\n<td bgcolor=\"#ffffcc\" width=\"9%\">\n<p align=\"CENTER\"><span style=\"color: #000000;\">1<\/span><\/p>\n<\/td>\n<td bgcolor=\"#ffffcc\" width=\"16%\">\n<p align=\"CENTER\"><span style=\"color: #000000;\">+21<\/span><\/p>\n<\/td>\n<td bgcolor=\"#ffffcc\" width=\"13%\">\n<p align=\"CENTER\"><span style=\"color: #000000;\">9421<\/span><\/p>\n<\/td>\n<\/tr>\n<\/tbody>\n<\/table>\n","protected":false},"excerpt":{"rendered":"<p>Box Office France Animation \/ VFX : 2020- Semaine 33 (12\/08 &#8211; 18\/08) \u21d0\u00a0Semaine pr\u00e9c\u00e9dente &#8211; (Retour \u00e0 l&rsquo;accueil \u21b5) &#8211; Semaine Suivante \u21d2 Pour lire l&rsquo;analyse des chiffres, cliquez sur les titres de film suivis d&rsquo;un [\u21b5] n\u00b0 Top &hellip; <a href=\"https:\/\/nekotsuki-studio.com\/Blog\/bo-2020-f-33\/\">Continued<\/a><\/p>\n","protected":false},"author":1,"featured_media":0,"parent":0,"menu_order":0,"comment_status":"closed","ping_status":"closed","template":"","meta":{"footnotes":""},"class_list":["post-1738","page","type-page","status-publish","hentry"],"jetpack_sharing_enabled":true,"_links":{"self":[{"href":"https:\/\/nekotsuki-studio.com\/Blog\/wp-json\/wp\/v2\/pages\/1738","targetHints":{"allow":["GET"]}}],"collection":[{"href":"https:\/\/nekotsuki-studio.com\/Blog\/wp-json\/wp\/v2\/pages"}],"about":[{"href":"https:\/\/nekotsuki-studio.com\/Blog\/wp-json\/wp\/v2\/types\/page"}],"author":[{"embeddable":true,"href":"https:\/\/nekotsuki-studio.com\/Blog\/wp-json\/wp\/v2\/users\/1"}],"replies":[{"embeddable":true,"href":"https:\/\/nekotsuki-studio.com\/Blog\/wp-json\/wp\/v2\/comments?post=1738"}],"version-history":[{"count":3,"href":"https:\/\/nekotsuki-studio.com\/Blog\/wp-json\/wp\/v2\/pages\/1738\/revisions"}],"predecessor-version":[{"id":1749,"href":"https:\/\/nekotsuki-studio.com\/Blog\/wp-json\/wp\/v2\/pages\/1738\/revisions\/1749"}],"wp:attachment":[{"href":"https:\/\/nekotsuki-studio.com\/Blog\/wp-json\/wp\/v2\/media?parent=1738"}],"curies":[{"name":"wp","href":"https:\/\/api.w.org\/{rel}","templated":true}]}}