{"id":1708,"date":"2020-07-24T17:32:29","date_gmt":"2020-07-24T15:32:29","guid":{"rendered":"https:\/\/nekotsuki-studio.com\/Blog\/?page_id=1708"},"modified":"2020-07-31T17:58:25","modified_gmt":"2020-07-31T15:58:25","slug":"bo-2020-f-29","status":"publish","type":"page","link":"https:\/\/nekotsuki-studio.com\/Blog\/bo-2020-f-29\/","title":{"rendered":"BO-2020-F-29"},"content":{"rendered":"<p style=\"text-align: center;\" align=\"CENTER\"><span style=\"font-size: large; color: #99ccff;\"><b>Box Office France Animation \/ VFX :<\/b><\/span><\/p>\n<p style=\"text-align: center;\" align=\"CENTER\"><span style=\"font-size: large; color: #99ccff;\"><b>2020- Semaine 29 (15\/07 &#8211; 21\/07)<\/b><\/span><\/p>\n<p style=\"text-align: center;\" align=\"CENTER\"><span style=\"color: #ccffff;\"><a style=\"color: #ccffff;\" href=\"https:\/\/nekotsuki-studio.com\/Blog\/bo-2020-f-28\/\"><strong>\u21d0\u00a0Semai<\/strong><strong>ne pr\u00e9c\u00e9de<\/strong><strong>nte<\/strong><\/a> &#8211; (<a style=\"color: #ccffff;\" href=\"https:\/\/nekotsuki-studio.com\/Blog\/box-office-accueil\/\">Retour \u00e0 l&rsquo;accueil \u21b5<\/a>) &#8211; <a style=\"color: #ccffff;\" href=\"https:\/\/nekotsuki-studio.com\/Blog\/bo-2020-f-30\/\"><strong>Semaine Suivante \u21d2<\/strong><\/a><\/span><\/p>\n<p align=\"CENTER\"><span style=\"color: #99ccff;\">Pour lire l&rsquo;analyse des chiffres, cliquez sur les titres de film suivis d&rsquo;un <strong><span style=\"color: #ccffff;\">[\u21b5]<\/span><\/strong><\/span><\/p>\n<table border=\"1\" width=\"100%\" cellspacing=\"0\" cellpadding=\"4\">\n<colgroup>\n<col width=\"11*\" \/>\n<col width=\"19*\" \/>\n<col width=\"101*\" \/>\n<col width=\"28*\" \/>\n<col width=\"24*\" \/>\n<col width=\"41*\" \/>\n<col width=\"32*\" \/> <\/colgroup>\n<tbody>\n<tr valign=\"TOP\">\n<td bgcolor=\"#00b8ff\" width=\"4%\">\n<p align=\"CENTER\"><span style=\"color: #000000;\"><b>n\u00b0<\/b><\/span><\/p>\n<\/td>\n<td bgcolor=\"#00b8ff\" width=\"7%\">\n<p align=\"CENTER\"><span style=\"color: #000000;\"><b>Top<\/b><\/span><\/p>\n<p align=\"CENTER\"><span style=\"color: #000000;\"><b>100<\/b><\/span><\/p>\n<\/td>\n<td bgcolor=\"#00b8ff\" width=\"39%\">\n<p align=\"CENTER\"><span style=\"color: #000000;\"><b>Titre<\/b><\/span><\/p>\n<\/td>\n<td bgcolor=\"#00b8ff\" width=\"11%\">\n<p align=\"CENTER\"><span style=\"color: #000000;\"><b>Semaine<\/b><\/span><\/p>\n<\/td>\n<td bgcolor=\"#00b8ff\" width=\"9%\">\n<p align=\"CENTER\"><span style=\"color: #000000;\"><b>Copies<\/b><\/span><\/p>\n<\/td>\n<td bgcolor=\"#00b8ff\" width=\"16%\">\n<p align=\"CENTER\"><span style=\"color: #000000;\"><b>\u00c9volution<\/b><\/span><\/p>\n<p align=\"CENTER\"><span style=\"color: #000000;\"><b>(spectateurs)<\/b><\/span><\/p>\n<\/td>\n<td bgcolor=\"#00b8ff\" width=\"13%\">\n<p align=\"CENTER\"><span style=\"color: #000000;\"><b>Score total<\/b><\/span><\/p>\n<\/td>\n<\/tr>\n<tr valign=\"TOP\">\n<td bgcolor=\"#99ccff\" width=\"4%\">\n<p align=\"CENTER\"><span style=\"color: #000000;\"><b>1<\/b><\/span><\/p>\n<\/td>\n<td bgcolor=\"#99ccff\" width=\"7%\">\n<p align=\"CENTER\"><span style=\"color: #000000;\">2<\/span><\/p>\n<\/td>\n<td bgcolor=\"#99ccff\" width=\"39%\">\n<p align=\"CENTER\"><span style=\"color: #000000;\"><b><a href=\"https:\/\/nekotsuki-studio.com\/Blog\/wp-content\/uploads\/2020\/07\/Scooby.jpg\"><img loading=\"lazy\" decoding=\"async\" class=\"alignleft wp-image-1700\" src=\"https:\/\/nekotsuki-studio.com\/Blog\/wp-content\/uploads\/2020\/07\/Scooby-225x300.jpg\" alt=\"\" width=\"101\" height=\"135\" srcset=\"https:\/\/nekotsuki-studio.com\/Blog\/wp-content\/uploads\/2020\/07\/Scooby-225x300.jpg 225w, https:\/\/nekotsuki-studio.com\/Blog\/wp-content\/uploads\/2020\/07\/Scooby-768x1024.jpg 768w, https:\/\/nekotsuki-studio.com\/Blog\/wp-content\/uploads\/2020\/07\/Scooby-1152x1536.jpg 1152w, https:\/\/nekotsuki-studio.com\/Blog\/wp-content\/uploads\/2020\/07\/Scooby.jpg 1200w\" sizes=\"auto, (max-width: 101px) 100vw, 101px\" \/><\/a>\u00a0<a href=\"https:\/\/nekotsuki-studio.com\/Blog\/forum\/box-office\/scooby-un-des-rare-blockbusters-de-lete-sen-sort-plutot-bien-_\/#p10369\">SCOOBY ! [\u21b5]<\/a><\/b><\/span><\/p>\n<\/td>\n<td bgcolor=\"#99ccff\" width=\"11%\">\n<p align=\"CENTER\"><span style=\"color: #000000;\">2<\/span><\/p>\n<\/td>\n<td bgcolor=\"#99ccff\" width=\"9%\">\n<p align=\"CENTER\"><span style=\"color: #000000;\">570<\/span><\/p>\n<\/td>\n<td bgcolor=\"#99ccff\" width=\"16%\">\n<p align=\"CENTER\"><span style=\"color: #000000;\">+152.384<\/span><\/p>\n<p align=\"CENTER\"><span style=\"color: #000000;\">(-20%<\/span> <span style=\"color: #ff950e;\">\u25bc<\/span><span style=\"color: #000000;\">)<\/span><\/p>\n<\/td>\n<td bgcolor=\"#99ccff\" width=\"13%\">\n<p align=\"CENTER\"><span style=\"color: #000000;\">343.607<\/span><\/p>\n<\/td>\n<\/tr>\n<tr valign=\"TOP\">\n<td bgcolor=\"#ffffcc\" width=\"4%\">\n<p align=\"CENTER\"><span style=\"color: #000000;\"><b>2<\/b><\/span><\/p>\n<\/td>\n<td bgcolor=\"#ffffcc\" width=\"7%\">\n<p align=\"CENTER\"><span style=\"color: #000000;\">6<\/span><\/p>\n<\/td>\n<td bgcolor=\"#ffffcc\" width=\"39%\">\n<p align=\"CENTER\"><span style=\"color: #000000;\"><b><a href=\"https:\/\/nekotsuki-studio.com\/Blog\/wp-content\/uploads\/2020\/07\/Mon_ninja_et_moi.jpg\"><img loading=\"lazy\" decoding=\"async\" class=\"alignleft wp-image-1709\" src=\"https:\/\/nekotsuki-studio.com\/Blog\/wp-content\/uploads\/2020\/07\/Mon_ninja_et_moi-221x300.jpg\" alt=\"\" width=\"101\" height=\"137\" srcset=\"https:\/\/nekotsuki-studio.com\/Blog\/wp-content\/uploads\/2020\/07\/Mon_ninja_et_moi-221x300.jpg 221w, https:\/\/nekotsuki-studio.com\/Blog\/wp-content\/uploads\/2020\/07\/Mon_ninja_et_moi-754x1024.jpg 754w, https:\/\/nekotsuki-studio.com\/Blog\/wp-content\/uploads\/2020\/07\/Mon_ninja_et_moi-768x1043.jpg 768w, https:\/\/nekotsuki-studio.com\/Blog\/wp-content\/uploads\/2020\/07\/Mon_ninja_et_moi.jpg 795w\" sizes=\"auto, (max-width: 101px) 100vw, 101px\" \/><\/a>\u00a0<a href=\"https:\/\/nekotsuki-studio.com\/Blog\/forum\/box-office\/mon-ninja-et-moi-ne-semble-pas-parti-pour-profiter-du-vide-post-confinement\/#p10368\">Mon Ninja et Moi [\u21b5]<\/a><\/b><\/span><\/p>\n<\/td>\n<td bgcolor=\"#ffffcc\" width=\"11%\">\n<p align=\"CENTER\"><span style=\"color: #000000;\">1<\/span><\/p>\n<\/td>\n<td bgcolor=\"#ffffcc\" width=\"9%\">\n<p align=\"CENTER\"><span style=\"color: #000000;\">532<\/span><\/p>\n<\/td>\n<td bgcolor=\"#ffffcc\" width=\"16%\">\n<p align=\"CENTER\"><span style=\"color: #000000;\">+58.314<\/span><\/p>\n<\/td>\n<td bgcolor=\"#ffffcc\" width=\"13%\">\n<p align=\"CENTER\"><span style=\"color: #000000;\">58.314<\/span><\/p>\n<\/td>\n<\/tr>\n<tr valign=\"TOP\">\n<td bgcolor=\"#99ccff\" width=\"4%\">\n<p align=\"CENTER\"><span style=\"color: #000000;\"><b>3<\/b><\/span><\/p>\n<\/td>\n<td bgcolor=\"#99ccff\" width=\"7%\">\n<p align=\"CENTER\"><span style=\"color: #000000;\">8<\/span><\/p>\n<p align=\"CENTER\"><strong><span style=\"color: #000000;\">(-3)<\/span><\/strong><\/p>\n<\/td>\n<td bgcolor=\"#99ccff\" width=\"39%\">\n<p align=\"CENTER\"><span style=\"color: #000000;\"><b><a href=\"https:\/\/nekotsuki-studio.com\/Blog\/wp-content\/uploads\/2020\/03\/En-Avant.jpg\"><img loading=\"lazy\" decoding=\"async\" class=\"alignleft wp-image-1626\" src=\"https:\/\/nekotsuki-studio.com\/Blog\/wp-content\/uploads\/2020\/03\/En-Avant-220x300.jpg\" alt=\"\" width=\"101\" height=\"138\" srcset=\"https:\/\/nekotsuki-studio.com\/Blog\/wp-content\/uploads\/2020\/03\/En-Avant-220x300.jpg 220w, https:\/\/nekotsuki-studio.com\/Blog\/wp-content\/uploads\/2020\/03\/En-Avant-752x1024.jpg 752w, https:\/\/nekotsuki-studio.com\/Blog\/wp-content\/uploads\/2020\/03\/En-Avant-768x1046.jpg 768w, https:\/\/nekotsuki-studio.com\/Blog\/wp-content\/uploads\/2020\/03\/En-Avant.jpg 1101w\" sizes=\"auto, (max-width: 101px) 100vw, 101px\" \/><\/a>\u00a0<a href=\"https:\/\/nekotsuki-studio.com\/Blog\/forum\/box-office\/onward-en-avant-parti-pour-etre-un-des-plus-gros-flop-pixar\/#p10367\">En Avant [\u21b5]<\/a><\/b><\/span><\/p>\n<\/td>\n<td bgcolor=\"#99ccff\" width=\"11%\">\n<p align=\"CENTER\"><span style=\"color: #000000;\">7<\/span><\/p>\n<\/td>\n<td bgcolor=\"#99ccff\" width=\"9%\">\n<p align=\"CENTER\"><span style=\"color: #000000;\">549<\/span><\/p>\n<\/td>\n<td bgcolor=\"#99ccff\" width=\"16%\">\n<p align=\"CENTER\"><span style=\"color: #000000;\">+33.728<\/span><\/p>\n<p align=\"CENTER\"><span style=\"color: #000000;\">(-37%<\/span> <span style=\"color: #dc2300;\">\u25bc<\/span><span style=\"color: #000000;\">)<\/span><\/p>\n<\/td>\n<td bgcolor=\"#99ccff\" width=\"13%\">\n<p align=\"CENTER\"><span style=\"color: #000000;\">856.467<\/span><\/p>\n<\/td>\n<\/tr>\n<tr valign=\"TOP\">\n<td bgcolor=\"#ccffff\" width=\"4%\">\n<p align=\"CENTER\"><span style=\"color: #000000;\"><b>4<\/b><\/span><\/p>\n<\/td>\n<td bgcolor=\"#ccffff\" width=\"7%\">\n<p align=\"CENTER\"><span style=\"color: #000000;\">19<\/span><\/p>\n<p align=\"CENTER\"><strong><span style=\"color: #ff0000;\">(-8)<\/span><\/strong><\/p>\n<\/td>\n<td bgcolor=\"#ccffff\" width=\"39%\">\n<p align=\"CENTER\"><span style=\"color: #000000;\"><b><a href=\"https:\/\/nekotsuki-studio.com\/Blog\/wp-content\/uploads\/2020\/02\/L-Appel-de-la-foret.jpg\"><img loading=\"lazy\" decoding=\"async\" class=\"alignleft wp-image-1603\" src=\"https:\/\/nekotsuki-studio.com\/Blog\/wp-content\/uploads\/2020\/02\/L-Appel-de-la-foret-220x300.jpg\" alt=\"\" width=\"101\" height=\"138\" srcset=\"https:\/\/nekotsuki-studio.com\/Blog\/wp-content\/uploads\/2020\/02\/L-Appel-de-la-foret-220x300.jpg 220w, https:\/\/nekotsuki-studio.com\/Blog\/wp-content\/uploads\/2020\/02\/L-Appel-de-la-foret-752x1024.jpg 752w, https:\/\/nekotsuki-studio.com\/Blog\/wp-content\/uploads\/2020\/02\/L-Appel-de-la-foret-768x1046.jpg 768w, https:\/\/nekotsuki-studio.com\/Blog\/wp-content\/uploads\/2020\/02\/L-Appel-de-la-foret.jpg 793w\" sizes=\"auto, (max-width: 101px) 100vw, 101px\" \/><\/a>\u00a0<a href=\"https:\/\/nekotsuki-studio.com\/Blog\/forum\/box-office\/the-call-of-the-wild-ou-le-probleme-du-film-pas-rentable-pour-les-mauvaises-raisons\/#p10366\">L\u2019Appel de la For\u00eat [\u21b5]<\/a><\/b><\/span><\/p>\n<\/td>\n<td bgcolor=\"#ccffff\" width=\"11%\">\n<p align=\"CENTER\"><span style=\"color: #000000;\">9<\/span><\/p>\n<\/td>\n<td bgcolor=\"#ccffff\" width=\"9%\">\n<p align=\"CENTER\"><span style=\"color: #000000;\">216<\/span><\/p>\n<\/td>\n<td bgcolor=\"#ccffff\" width=\"16%\">\n<p align=\"CENTER\"><span style=\"color: #000000;\">+8593<\/span><\/p>\n<p align=\"CENTER\"><span style=\"color: #000000;\">(-44%<\/span> <span style=\"color: #dc2300;\">\u25bc<\/span><span style=\"color: #000000;\">)<\/span><\/p>\n<\/td>\n<td bgcolor=\"#ccffff\" width=\"13%\">\n<p align=\"CENTER\"><span style=\"color: #000000;\">1.253.114<\/span><\/p>\n<\/td>\n<\/tr>\n<tr valign=\"TOP\">\n<td bgcolor=\"#99ccff\" width=\"4%\" height=\"22\">\n<p align=\"CENTER\"><span style=\"color: #000000;\"><b>5<\/b><\/span><\/p>\n<\/td>\n<td bgcolor=\"#99ccff\" width=\"7%\">\n<p align=\"CENTER\"><span style=\"color: #000000;\">20<\/span><\/p>\n<p align=\"CENTER\"><strong><span style=\"color: #ff0000;\">(-8)<\/span><\/strong><\/p>\n<\/td>\n<td bgcolor=\"#99ccff\" width=\"39%\">\n<p align=\"CENTER\"><span style=\"color: #000000;\"><b><a href=\"https:\/\/nekotsuki-studio.com\/Blog\/wp-content\/uploads\/2020\/07\/Nous_les_chiens.jpg\"><img loading=\"lazy\" decoding=\"async\" class=\"alignleft wp-image-1686\" src=\"https:\/\/nekotsuki-studio.com\/Blog\/wp-content\/uploads\/2020\/07\/Nous_les_chiens-225x300.jpg\" alt=\"\" width=\"101\" height=\"135\" srcset=\"https:\/\/nekotsuki-studio.com\/Blog\/wp-content\/uploads\/2020\/07\/Nous_les_chiens-225x300.jpg 225w, https:\/\/nekotsuki-studio.com\/Blog\/wp-content\/uploads\/2020\/07\/Nous_les_chiens-769x1024.jpg 769w, https:\/\/nekotsuki-studio.com\/Blog\/wp-content\/uploads\/2020\/07\/Nous_les_chiens-768x1023.jpg 768w, https:\/\/nekotsuki-studio.com\/Blog\/wp-content\/uploads\/2020\/07\/Nous_les_chiens.jpg 811w\" sizes=\"auto, (max-width: 101px) 100vw, 101px\" \/><\/a>\u00a0<a href=\"https:\/\/nekotsuki-studio.com\/Blog\/forum\/box-office\/nous-les-chiens-mal-parti-pour-profiter-de-la-reouverture-des-salles\/#p10365\">Nous, les Chiens&#8230; [\u21b5]<\/a><\/b><\/span><\/p>\n<\/td>\n<td bgcolor=\"#99ccff\" width=\"11%\">\n<p align=\"CENTER\"><span style=\"color: #000000;\">4<\/span><\/p>\n<\/td>\n<td bgcolor=\"#99ccff\" width=\"9%\">\n<p align=\"CENTER\"><span style=\"color: #000000;\">326<\/span><\/p>\n<\/td>\n<td bgcolor=\"#99ccff\" width=\"16%\">\n<p align=\"CENTER\"><span style=\"color: #000000;\">+7717<\/span><\/p>\n<p align=\"CENTER\"><span style=\"color: #000000;\">(-49%<\/span> <span style=\"color: #dc2300;\">\u25bc<\/span><span style=\"color: #000000;\">)<\/span><\/p>\n<\/td>\n<td bgcolor=\"#99ccff\" width=\"13%\">\n<p align=\"CENTER\"><span style=\"color: #000000;\">69.018<\/span><\/p>\n<\/td>\n<\/tr>\n<tr valign=\"TOP\">\n<td bgcolor=\"#ccffff\" width=\"4%\">\n<p align=\"CENTER\"><span style=\"color: #000000;\"><b>6<\/b><\/span><\/p>\n<\/td>\n<td bgcolor=\"#ccffff\" width=\"7%\">\n<p align=\"CENTER\"><span style=\"color: #000000;\">27<\/span><\/p>\n<p align=\"CENTER\"><strong><span style=\"color: #ff0000;\">(-13)<\/span><\/strong><\/p>\n<\/td>\n<td bgcolor=\"#ccffff\" width=\"39%\">\n<p align=\"CENTER\"><span style=\"color: #000000;\"><b><a href=\"https:\/\/nekotsuki-studio.com\/Blog\/wp-content\/uploads\/2020\/02\/Sonic-Le-Film.jpg\"><img loading=\"lazy\" decoding=\"async\" class=\"alignleft wp-image-1588\" src=\"https:\/\/nekotsuki-studio.com\/Blog\/wp-content\/uploads\/2020\/02\/Sonic-Le-Film-220x300.jpg\" alt=\"\" width=\"101\" height=\"138\" srcset=\"https:\/\/nekotsuki-studio.com\/Blog\/wp-content\/uploads\/2020\/02\/Sonic-Le-Film-220x300.jpg 220w, https:\/\/nekotsuki-studio.com\/Blog\/wp-content\/uploads\/2020\/02\/Sonic-Le-Film-752x1024.jpg 752w, https:\/\/nekotsuki-studio.com\/Blog\/wp-content\/uploads\/2020\/02\/Sonic-Le-Film-768x1046.jpg 768w, https:\/\/nekotsuki-studio.com\/Blog\/wp-content\/uploads\/2020\/02\/Sonic-Le-Film-1128x1536.jpg 1128w, https:\/\/nekotsuki-studio.com\/Blog\/wp-content\/uploads\/2020\/02\/Sonic-Le-Film.jpg 1175w\" sizes=\"auto, (max-width: 101px) 100vw, 101px\" \/><\/a>\u00a0Sonic Le Film<\/b><\/span><\/p>\n<\/td>\n<td bgcolor=\"#ccffff\" width=\"11%\">\n<p align=\"CENTER\"><span style=\"color: #000000;\">9<\/span><\/p>\n<\/td>\n<td bgcolor=\"#ccffff\" width=\"9%\">\n<p align=\"CENTER\"><span style=\"color: #000000;\">153<\/span><\/p>\n<\/td>\n<td bgcolor=\"#ccffff\" width=\"16%\">\n<p align=\"CENTER\"><span style=\"color: #000000;\">+3458<\/span><\/p>\n<p align=\"CENTER\"><span style=\"color: #000000;\">(-62%<\/span> <span style=\"color: #dc2300;\">\u25bc<\/span><span style=\"color: #000000;\">)<\/span><\/p>\n<\/td>\n<td bgcolor=\"#ccffff\" width=\"13%\">\n<p align=\"CENTER\"><span style=\"color: #000000;\">2.111.422<\/span><\/p>\n<\/td>\n<\/tr>\n<tr valign=\"TOP\">\n<td bgcolor=\"#99ccff\" width=\"4%\" height=\"10\">\n<p align=\"CENTER\"><span style=\"color: #000000;\"><b>7<\/b><\/span><\/p>\n<\/td>\n<td bgcolor=\"#99ccff\" width=\"7%\">\n<p align=\"CENTER\"><span style=\"color: #000000;\">62<\/span><\/p>\n<p align=\"CENTER\"><strong><span style=\"color: #ff0000;\">(-15)<\/span><\/strong><\/p>\n<\/td>\n<td bgcolor=\"#99ccff\" width=\"39%\">\n<p align=\"CENTER\"><span style=\"color: #000000;\"><b><a href=\"https:\/\/nekotsuki-studio.com\/Blog\/wp-content\/uploads\/2020\/02\/Bayala.jpg\"><img loading=\"lazy\" decoding=\"async\" class=\"alignleft wp-image-1527\" src=\"https:\/\/nekotsuki-studio.com\/Blog\/wp-content\/uploads\/2020\/02\/Bayala-225x300.jpg\" alt=\"\" width=\"101\" height=\"135\" srcset=\"https:\/\/nekotsuki-studio.com\/Blog\/wp-content\/uploads\/2020\/02\/Bayala-225x300.jpg 225w, https:\/\/nekotsuki-studio.com\/Blog\/wp-content\/uploads\/2020\/02\/Bayala-768x1024.jpg 768w, https:\/\/nekotsuki-studio.com\/Blog\/wp-content\/uploads\/2020\/02\/Bayala-1152x1536.jpg 1152w, https:\/\/nekotsuki-studio.com\/Blog\/wp-content\/uploads\/2020\/02\/Bayala.jpg 1200w\" sizes=\"auto, (max-width: 101px) 100vw, 101px\" \/><\/a>\u00a0<a href=\"https:\/\/nekotsuki-studio.com\/Blog\/forum\/box-office\/jacob-et-les-chiens-bonjour-le-monde-la-grande-cavale-les-petits-outsiders-qui-font-quand-meme-des-scores-_\/page-2\/#p10364\">Bayala, La Magie des Dragons [\u21b5]<\/a><\/b><\/span><\/p>\n<\/td>\n<td bgcolor=\"#99ccff\" width=\"11%\">\n<p align=\"CENTER\"><span style=\"color: #000000;\">11<\/span><\/p>\n<\/td>\n<td bgcolor=\"#99ccff\" width=\"9%\">\n<p align=\"CENTER\"><span style=\"color: #000000;\">15<\/span><\/p>\n<\/td>\n<td bgcolor=\"#99ccff\" width=\"16%\">\n<p align=\"CENTER\"><span style=\"color: #000000;\">+205<\/span><\/p>\n<p align=\"CENTER\"><span style=\"color: #000000;\">(-75%<\/span> <span style=\"color: #dc2300;\">\u25bc<\/span><span style=\"color: #000000;\">)<\/span><\/p>\n<\/td>\n<td bgcolor=\"#99ccff\" width=\"13%\">\n<p align=\"CENTER\"><span style=\"color: #000000;\">66.516<\/span><\/p>\n<\/td>\n<\/tr>\n<tr valign=\"TOP\">\n<td bgcolor=\"#ccffff\" width=\"4%\">\n<p align=\"CENTER\"><span style=\"color: #000000;\"><b>8<\/b><\/span><\/p>\n<\/td>\n<td bgcolor=\"#ccffff\" width=\"7%\">\n<p align=\"CENTER\"><span style=\"color: #000000;\">72<\/span><\/p>\n<p align=\"CENTER\"><strong><span style=\"color: #ff0000;\">(-14)<\/span><\/strong><\/p>\n<\/td>\n<td bgcolor=\"#ccffff\" width=\"39%\">\n<p align=\"CENTER\"><span style=\"color: #000000;\"><b><a href=\"https:\/\/nekotsuki-studio.com\/Blog\/wp-content\/uploads\/2019\/12\/Jumanji-next-level.jpg\"><img loading=\"lazy\" decoding=\"async\" class=\"alignleft wp-image-1335\" src=\"https:\/\/nekotsuki-studio.com\/Blog\/wp-content\/uploads\/2019\/12\/Jumanji-next-level-225x300.jpg\" alt=\"\" width=\"101\" height=\"135\" srcset=\"https:\/\/nekotsuki-studio.com\/Blog\/wp-content\/uploads\/2019\/12\/Jumanji-next-level-225x300.jpg 225w, https:\/\/nekotsuki-studio.com\/Blog\/wp-content\/uploads\/2019\/12\/Jumanji-next-level-768x1025.jpg 768w, https:\/\/nekotsuki-studio.com\/Blog\/wp-content\/uploads\/2019\/12\/Jumanji-next-level.jpg 850w\" sizes=\"auto, (max-width: 101px) 100vw, 101px\" \/><\/a>\u00a0Jumanji : Next Level<\/b><\/span><\/p>\n<\/td>\n<td bgcolor=\"#ccffff\" width=\"11%\">\n<p align=\"CENTER\"><span style=\"color: #000000;\">19<\/span><\/p>\n<\/td>\n<td bgcolor=\"#ccffff\" width=\"9%\">\n<p align=\"CENTER\"><span style=\"color: #000000;\">2<\/span><\/p>\n<\/td>\n<td bgcolor=\"#ccffff\" width=\"16%\">\n<p align=\"CENTER\"><span style=\"color: #000000;\">+67<\/span><\/p>\n<p align=\"CENTER\"><span style=\"color: #000000;\">(-72%<\/span> <span style=\"color: #dc2300;\">\u25bc<\/span><span style=\"color: #000000;\">)<\/span><\/p>\n<\/td>\n<td bgcolor=\"#ccffff\" width=\"13%\">\n<p align=\"CENTER\"><span style=\"color: #000000;\">3.255.595<\/span><\/p>\n<\/td>\n<\/tr>\n<tr valign=\"TOP\">\n<td bgcolor=\"#99ccff\" width=\"4%\">\n<p align=\"CENTER\"><span style=\"color: #000000;\"><b>9<\/b><\/span><\/p>\n<\/td>\n<td bgcolor=\"#99ccff\" width=\"7%\">\n<p align=\"CENTER\"><span style=\"color: #000000;\">78<\/span><\/p>\n<p align=\"CENTER\"><strong><span style=\"color: #ff0000;\">(-33)<\/span><\/strong><\/p>\n<\/td>\n<td bgcolor=\"#99ccff\" width=\"39%\">\n<p align=\"CENTER\"><span style=\"color: #000000;\"><b><a href=\"https:\/\/nekotsuki-studio.com\/Blog\/wp-content\/uploads\/2020\/02\/Harley-Quinn-Birds-of-Prey-France.jpg\"><img loading=\"lazy\" decoding=\"async\" class=\"alignleft wp-image-1525\" src=\"https:\/\/nekotsuki-studio.com\/Blog\/wp-content\/uploads\/2020\/02\/Harley-Quinn-Birds-of-Prey-France-221x300.jpg\" alt=\"\" width=\"101\" height=\"137\" srcset=\"https:\/\/nekotsuki-studio.com\/Blog\/wp-content\/uploads\/2020\/02\/Harley-Quinn-Birds-of-Prey-France-221x300.jpg 221w, https:\/\/nekotsuki-studio.com\/Blog\/wp-content\/uploads\/2020\/02\/Harley-Quinn-Birds-of-Prey-France-755x1024.jpg 755w, https:\/\/nekotsuki-studio.com\/Blog\/wp-content\/uploads\/2020\/02\/Harley-Quinn-Birds-of-Prey-France-768x1041.jpg 768w, https:\/\/nekotsuki-studio.com\/Blog\/wp-content\/uploads\/2020\/02\/Harley-Quinn-Birds-of-Prey-France-1133x1536.jpg 1133w, https:\/\/nekotsuki-studio.com\/Blog\/wp-content\/uploads\/2020\/02\/Harley-Quinn-Birds-of-Prey-France.jpg 1180w\" sizes=\"auto, (max-width: 101px) 100vw, 101px\" \/><\/a>\u00a0Birds of Prey et la Fantabuleuse <span style=\"text-decoration: line-through;\">Histoire<\/span> \u00c9mancipation d&rsquo;Harley Quinn<\/b><\/span><\/p>\n<\/td>\n<td bgcolor=\"#99ccff\" width=\"11%\">\n<p align=\"CENTER\"><span style=\"color: #000000;\">11<\/span><\/p>\n<\/td>\n<td bgcolor=\"#99ccff\" width=\"9%\">\n<p align=\"CENTER\"><span style=\"color: #000000;\">4<\/span><\/p>\n<\/td>\n<td bgcolor=\"#99ccff\" width=\"16%\">\n<p align=\"CENTER\"><span style=\"color: #000000;\">+56<\/span><\/p>\n<p align=\"CENTER\"><span style=\"color: #000000;\">(-95%<\/span> <span style=\"color: #dc2300;\">\u25bc<\/span><span style=\"color: #000000;\">)<\/span><\/p>\n<\/td>\n<td bgcolor=\"#99ccff\" width=\"13%\">\n<p align=\"CENTER\"><span style=\"color: #000000;\">1.047.458<\/span><\/p>\n<\/td>\n<\/tr>\n<tr valign=\"TOP\">\n<td bgcolor=\"#ffffcc\" width=\"4%\">\n<p align=\"CENTER\"><span style=\"color: #000000;\"><b>10<\/b><\/span><\/p>\n<\/td>\n<td bgcolor=\"#ffffcc\" width=\"7%\">\n<p align=\"CENTER\"><span style=\"color: #000000;\">81<\/span><\/p>\n<\/td>\n<td bgcolor=\"#ffffcc\" width=\"39%\">\n<p align=\"CENTER\"><span style=\"color: #000000;\"><b><a href=\"https:\/\/nekotsuki-studio.com\/Blog\/wp-content\/uploads\/2019\/12\/Millennium-Actress.jpg\"><img loading=\"lazy\" decoding=\"async\" class=\"alignleft wp-image-1372\" src=\"https:\/\/nekotsuki-studio.com\/Blog\/wp-content\/uploads\/2019\/12\/Millennium-Actress-225x300.jpg\" alt=\"\" width=\"101\" height=\"135\" srcset=\"https:\/\/nekotsuki-studio.com\/Blog\/wp-content\/uploads\/2019\/12\/Millennium-Actress-225x300.jpg 225w, https:\/\/nekotsuki-studio.com\/Blog\/wp-content\/uploads\/2019\/12\/Millennium-Actress-768x1024.jpg 768w, https:\/\/nekotsuki-studio.com\/Blog\/wp-content\/uploads\/2019\/12\/Millennium-Actress-1152x1536.jpg 1152w, https:\/\/nekotsuki-studio.com\/Blog\/wp-content\/uploads\/2019\/12\/Millennium-Actress.jpg 1200w\" sizes=\"auto, (max-width: 101px) 100vw, 101px\" \/><\/a>\u00a0<a href=\"https:\/\/nekotsuki-studio.com\/Blog\/forum\/box-office\/millennium-actress-enfin-sur-les-ecrans-en-france-euh-sur-quelques-ecrans-plus-exactement\/#p10363\">Millennium Actress [\u21b5]<\/a><\/b><\/span><\/p>\n<\/td>\n<td bgcolor=\"#ffffcc\" width=\"11%\">\n<p align=\"CENTER\"><span style=\"color: #000000;\">12<\/span><\/p>\n<\/td>\n<td bgcolor=\"#ffffcc\" width=\"9%\">\n<p align=\"CENTER\"><span style=\"color: #000000;\">1<\/span><\/p>\n<\/td>\n<td bgcolor=\"#ffffcc\" width=\"16%\">\n<p align=\"CENTER\"><span style=\"color: #000000;\">+43<\/span><\/p>\n<\/td>\n<td bgcolor=\"#ffffcc\" width=\"13%\">\n<p align=\"CENTER\"><span style=\"color: #000000;\">9361<\/span><\/p>\n<\/td>\n<\/tr>\n<tr valign=\"TOP\">\n<td bgcolor=\"#99ccff\" width=\"4%\">\n<p align=\"CENTER\"><span style=\"color: #000000;\"><b>11<\/b><\/span><\/p>\n<\/td>\n<td bgcolor=\"#99ccff\" width=\"7%\">\n<p align=\"CENTER\"><span style=\"color: #000000;\">84<\/span><\/p>\n<p align=\"CENTER\"><strong><span style=\"color: #ff0000;\">(-27)<\/span><\/strong><\/p>\n<\/td>\n<td bgcolor=\"#99ccff\" width=\"39%\">\n<p align=\"CENTER\"><span style=\"color: #000000;\"><b><a href=\"https:\/\/nekotsuki-studio.com\/Blog\/wp-content\/uploads\/2020\/02\/Le-voyage-du-dr-dolittle.jpg\"><img loading=\"lazy\" decoding=\"async\" class=\"alignleft wp-image-1524\" src=\"https:\/\/nekotsuki-studio.com\/Blog\/wp-content\/uploads\/2020\/02\/Le-voyage-du-dr-dolittle-189x300.jpg\" alt=\"\" width=\"101\" height=\"160\" srcset=\"https:\/\/nekotsuki-studio.com\/Blog\/wp-content\/uploads\/2020\/02\/Le-voyage-du-dr-dolittle-189x300.jpg 189w, https:\/\/nekotsuki-studio.com\/Blog\/wp-content\/uploads\/2020\/02\/Le-voyage-du-dr-dolittle-646x1024.jpg 646w, https:\/\/nekotsuki-studio.com\/Blog\/wp-content\/uploads\/2020\/02\/Le-voyage-du-dr-dolittle-768x1218.jpg 768w, https:\/\/nekotsuki-studio.com\/Blog\/wp-content\/uploads\/2020\/02\/Le-voyage-du-dr-dolittle.jpg 946w\" sizes=\"auto, (max-width: 101px) 100vw, 101px\" \/><\/a>\u00a0Le Voyage du Dr Dolittle<\/b><\/span><\/p>\n<\/td>\n<td bgcolor=\"#99ccff\" width=\"11%\">\n<p align=\"CENTER\"><span style=\"color: #000000;\">9<\/span><\/p>\n<\/td>\n<td bgcolor=\"#99ccff\" width=\"9%\">\n<p align=\"CENTER\"><span style=\"color: #000000;\">3<\/span><\/p>\n<\/td>\n<td bgcolor=\"#99ccff\" width=\"16%\">\n<p align=\"CENTER\"><span style=\"color: #000000;\">+39<\/span><\/p>\n<p align=\"CENTER\"><span style=\"color: #000000;\">(-85%<\/span> <span style=\"color: #dc2300;\">\u25bc<\/span><span style=\"color: #000000;\">)<\/span><\/p>\n<\/td>\n<td bgcolor=\"#99ccff\" width=\"13%\">\n<p align=\"CENTER\"><span style=\"color: #000000;\">1.293.055<\/span><\/p>\n<\/td>\n<\/tr>\n<\/tbody>\n<\/table>\n","protected":false},"excerpt":{"rendered":"<p>Box Office France Animation \/ VFX : 2020- Semaine 29 (15\/07 &#8211; 21\/07) \u21d0\u00a0Semaine pr\u00e9c\u00e9dente &#8211; (Retour \u00e0 l&rsquo;accueil \u21b5) &#8211; Semaine Suivante \u21d2 Pour lire l&rsquo;analyse des chiffres, cliquez sur les titres de film suivis d&rsquo;un [\u21b5] n\u00b0 Top &hellip; <a href=\"https:\/\/nekotsuki-studio.com\/Blog\/bo-2020-f-29\/\">Continued<\/a><\/p>\n","protected":false},"author":1,"featured_media":0,"parent":0,"menu_order":0,"comment_status":"closed","ping_status":"closed","template":"","meta":{"footnotes":""},"class_list":["post-1708","page","type-page","status-publish","hentry"],"jetpack_sharing_enabled":true,"_links":{"self":[{"href":"https:\/\/nekotsuki-studio.com\/Blog\/wp-json\/wp\/v2\/pages\/1708","targetHints":{"allow":["GET"]}}],"collection":[{"href":"https:\/\/nekotsuki-studio.com\/Blog\/wp-json\/wp\/v2\/pages"}],"about":[{"href":"https:\/\/nekotsuki-studio.com\/Blog\/wp-json\/wp\/v2\/types\/page"}],"author":[{"embeddable":true,"href":"https:\/\/nekotsuki-studio.com\/Blog\/wp-json\/wp\/v2\/users\/1"}],"replies":[{"embeddable":true,"href":"https:\/\/nekotsuki-studio.com\/Blog\/wp-json\/wp\/v2\/comments?post=1708"}],"version-history":[{"count":3,"href":"https:\/\/nekotsuki-studio.com\/Blog\/wp-json\/wp\/v2\/pages\/1708\/revisions"}],"predecessor-version":[{"id":1717,"href":"https:\/\/nekotsuki-studio.com\/Blog\/wp-json\/wp\/v2\/pages\/1708\/revisions\/1717"}],"wp:attachment":[{"href":"https:\/\/nekotsuki-studio.com\/Blog\/wp-json\/wp\/v2\/media?parent=1708"}],"curies":[{"name":"wp","href":"https:\/\/api.w.org\/{rel}","templated":true}]}}