{"id":1692,"date":"2020-07-10T18:21:52","date_gmt":"2020-07-10T16:21:52","guid":{"rendered":"https:\/\/nekotsuki-studio.com\/Blog\/?page_id=1692"},"modified":"2020-07-18T17:59:03","modified_gmt":"2020-07-18T15:59:03","slug":"bo-2020-f-27","status":"publish","type":"page","link":"https:\/\/nekotsuki-studio.com\/Blog\/bo-2020-f-27\/","title":{"rendered":"BO-2020-F-27"},"content":{"rendered":"<p style=\"text-align: center;\" align=\"CENTER\"><span style=\"font-size: large; color: #99ccff;\"><b>Box Office France Animation \/ VFX :<\/b><\/span><\/p>\n<p style=\"text-align: center;\" align=\"CENTER\"><span style=\"font-size: large; color: #99ccff;\"><b>2020- Semaine 27 (01\/07 &#8211; 07\/07)<\/b><\/span><\/p>\n<p style=\"text-align: center;\" align=\"CENTER\"><span style=\"color: #ccffff;\"><a style=\"color: #ccffff;\" href=\"https:\/\/nekotsuki-studio.com\/Blog\/bo-2020-f-26\/\"><strong>\u21d0\u00a0Semai<\/strong><strong>ne pr\u00e9c\u00e9de<\/strong><strong>nte<\/strong><\/a> &#8211; (<a style=\"color: #ccffff;\" href=\"https:\/\/nekotsuki-studio.com\/Blog\/box-office-accueil\/\">Retour \u00e0 l&rsquo;accueil \u21b5<\/a>) &#8211; <a style=\"color: #ccffff;\" href=\"https:\/\/nekotsuki-studio.com\/Blog\/bo-2020-f-28\/\"><strong>Semaine Suivante \u21d2<\/strong><\/a><\/span><\/p>\n<p align=\"CENTER\"><span style=\"color: #99ccff;\">Pour lire l&rsquo;analyse des chiffres, cliquez sur les titres de film suivis d&rsquo;un <strong><span style=\"color: #ccffff;\">[\u21b5]<\/span><\/strong><\/span><\/p>\n<table border=\"1\" width=\"100%\" cellspacing=\"0\" cellpadding=\"4\">\n<colgroup>\n<col width=\"11*\" \/>\n<col width=\"19*\" \/>\n<col width=\"101*\" \/>\n<col width=\"28*\" \/>\n<col width=\"24*\" \/>\n<col width=\"41*\" \/>\n<col width=\"32*\" \/> <\/colgroup>\n<tbody>\n<tr valign=\"TOP\">\n<td bgcolor=\"#00b8ff\" width=\"4%\">\n<p align=\"CENTER\"><span style=\"color: #000000;\"><b>n\u00b0<\/b><\/span><\/p>\n<\/td>\n<td bgcolor=\"#00b8ff\" width=\"7%\">\n<p align=\"CENTER\"><span style=\"color: #000000;\"><b>Top<\/b><\/span><\/p>\n<p align=\"CENTER\"><span style=\"color: #000000;\"><b>100<\/b><\/span><\/p>\n<\/td>\n<td bgcolor=\"#00b8ff\" width=\"39%\">\n<p align=\"CENTER\"><span style=\"color: #000000;\"><b>Titre<\/b><\/span><\/p>\n<\/td>\n<td bgcolor=\"#00b8ff\" width=\"11%\">\n<p align=\"CENTER\"><span style=\"color: #000000;\"><b>Semaine<\/b><\/span><\/p>\n<\/td>\n<td bgcolor=\"#00b8ff\" width=\"9%\">\n<p align=\"CENTER\"><span style=\"color: #000000;\"><b>Copies<\/b><\/span><\/p>\n<\/td>\n<td bgcolor=\"#00b8ff\" width=\"16%\">\n<p align=\"CENTER\"><span style=\"color: #000000;\"><b>\u00c9volution<\/b><\/span><\/p>\n<p align=\"CENTER\"><span style=\"color: #000000;\"><b>(spectateurs)<\/b><\/span><\/p>\n<\/td>\n<td bgcolor=\"#00b8ff\" width=\"13%\">\n<p align=\"CENTER\"><span style=\"color: #000000;\"><b>Score total<\/b><\/span><\/p>\n<\/td>\n<\/tr>\n<tr valign=\"TOP\">\n<td bgcolor=\"#99ccff\" width=\"4%\">\n<p align=\"CENTER\"><span style=\"color: #000000;\"><b>1<\/b><\/span><\/p>\n<\/td>\n<td bgcolor=\"#99ccff\" width=\"7%\">\n<p align=\"CENTER\"><span style=\"color: #000000;\">3<\/span><\/p>\n<p align=\"CENTER\"><strong><span style=\"color: #339966;\">(+1)<\/span><\/strong><\/p>\n<\/td>\n<td bgcolor=\"#99ccff\" width=\"39%\">\n<p align=\"CENTER\"><span style=\"color: #000000;\"><b><a href=\"https:\/\/nekotsuki-studio.com\/Blog\/wp-content\/uploads\/2020\/03\/En-Avant.jpg\"><img loading=\"lazy\" decoding=\"async\" class=\"alignleft wp-image-1626\" src=\"https:\/\/nekotsuki-studio.com\/Blog\/wp-content\/uploads\/2020\/03\/En-Avant-220x300.jpg\" alt=\"\" width=\"101\" height=\"138\" srcset=\"https:\/\/nekotsuki-studio.com\/Blog\/wp-content\/uploads\/2020\/03\/En-Avant-220x300.jpg 220w, https:\/\/nekotsuki-studio.com\/Blog\/wp-content\/uploads\/2020\/03\/En-Avant-752x1024.jpg 752w, https:\/\/nekotsuki-studio.com\/Blog\/wp-content\/uploads\/2020\/03\/En-Avant-768x1046.jpg 768w, https:\/\/nekotsuki-studio.com\/Blog\/wp-content\/uploads\/2020\/03\/En-Avant.jpg 1101w\" sizes=\"auto, (max-width: 101px) 100vw, 101px\" \/><\/a>\u00a0<a href=\"https:\/\/nekotsuki-studio.com\/Blog\/forum\/box-office\/onward-en-avant-parti-pour-etre-un-des-plus-gros-flop-pixar\/#p10347\">En Avant [\u21b5]<\/a><\/b><\/span><\/p>\n<\/td>\n<td bgcolor=\"#99ccff\" width=\"11%\">\n<p align=\"CENTER\"><span style=\"color: #000000;\">5<\/span><\/p>\n<\/td>\n<td bgcolor=\"#99ccff\" width=\"9%\">\n<p align=\"CENTER\"><span style=\"color: #000000;\">880<\/span><\/p>\n<\/td>\n<td bgcolor=\"#99ccff\" width=\"16%\">\n<p align=\"CENTER\"><span style=\"color: #000000;\">+86.495<\/span><\/p>\n<p align=\"CENTER\"><span style=\"color: #000000;\">(+29%<\/span> <span style=\"color: #00cc00;\">\u25b2<\/span><span style=\"color: #000000;\">)<\/span><\/p>\n<\/td>\n<td bgcolor=\"#99ccff\" width=\"13%\">\n<p align=\"CENTER\"><span style=\"color: #000000;\">769.385<\/span><\/p>\n<\/td>\n<\/tr>\n<tr valign=\"TOP\">\n<td bgcolor=\"#ccffff\" width=\"4%\">\n<p align=\"CENTER\"><span style=\"color: #000000;\"><b>2<\/b><\/span><\/p>\n<\/td>\n<td bgcolor=\"#ccffff\" width=\"7%\">\n<p align=\"CENTER\"><span style=\"color: #000000;\">8<\/span><\/p>\n<p align=\"CENTER\"><strong><span style=\"color: #339966;\">(+1)<\/span><\/strong><\/p>\n<\/td>\n<td bgcolor=\"#ccffff\" width=\"39%\">\n<p align=\"CENTER\"><span style=\"color: #000000;\"><b><a href=\"https:\/\/nekotsuki-studio.com\/Blog\/wp-content\/uploads\/2020\/02\/L-Appel-de-la-foret.jpg\"><img loading=\"lazy\" decoding=\"async\" class=\"alignleft wp-image-1603\" src=\"https:\/\/nekotsuki-studio.com\/Blog\/wp-content\/uploads\/2020\/02\/L-Appel-de-la-foret-220x300.jpg\" alt=\"\" width=\"101\" height=\"138\" srcset=\"https:\/\/nekotsuki-studio.com\/Blog\/wp-content\/uploads\/2020\/02\/L-Appel-de-la-foret-220x300.jpg 220w, https:\/\/nekotsuki-studio.com\/Blog\/wp-content\/uploads\/2020\/02\/L-Appel-de-la-foret-752x1024.jpg 752w, https:\/\/nekotsuki-studio.com\/Blog\/wp-content\/uploads\/2020\/02\/L-Appel-de-la-foret-768x1046.jpg 768w, https:\/\/nekotsuki-studio.com\/Blog\/wp-content\/uploads\/2020\/02\/L-Appel-de-la-foret.jpg 793w\" sizes=\"auto, (max-width: 101px) 100vw, 101px\" \/><\/a>\u00a0<a href=\"https:\/\/nekotsuki-studio.com\/Blog\/forum\/box-office\/the-call-of-the-wild-ou-le-probleme-du-film-pas-rentable-pour-les-mauvaises-raisons\/#p10346\">L&rsquo;Appel de la For\u00eat [\u21b5]<\/a><\/b><\/span><\/p>\n<\/td>\n<td bgcolor=\"#ccffff\" width=\"11%\">\n<p align=\"CENTER\"><span style=\"color: #000000;\">7<\/span><\/p>\n<\/td>\n<td bgcolor=\"#ccffff\" width=\"9%\">\n<p align=\"CENTER\"><span style=\"color: #000000;\">496<\/span><\/p>\n<\/td>\n<td bgcolor=\"#ccffff\" width=\"16%\">\n<p align=\"CENTER\"><span style=\"color: #000000;\">+25.662<\/span><\/p>\n<p align=\"CENTER\"><span style=\"color: #000000;\">(+16%<\/span> <span style=\"color: #00cc00;\">\u25b2<\/span><span style=\"color: #000000;\">)<\/span><\/p>\n<\/td>\n<td bgcolor=\"#ccffff\" width=\"13%\">\n<p align=\"CENTER\"><span style=\"color: #000000;\">1.229.062<\/span><\/p>\n<\/td>\n<\/tr>\n<tr valign=\"TOP\">\n<td bgcolor=\"#99ccff\" width=\"4%\">\n<p align=\"CENTER\"><span style=\"color: #000000;\"><b>3<\/b><\/span><\/p>\n<\/td>\n<td bgcolor=\"#99ccff\" width=\"7%\">\n<p align=\"CENTER\"><span style=\"color: #000000;\">9<\/span><\/p>\n<p align=\"CENTER\"><strong><span style=\"color: #339966;\">(+1)<\/span><\/strong><\/p>\n<\/td>\n<td bgcolor=\"#99ccff\" width=\"39%\">\n<p align=\"CENTER\"><span style=\"color: #000000;\"><b><a href=\"https:\/\/nekotsuki-studio.com\/Blog\/wp-content\/uploads\/2020\/07\/Nous_les_chiens.jpg\"><img loading=\"lazy\" decoding=\"async\" class=\"alignleft wp-image-1686\" src=\"https:\/\/nekotsuki-studio.com\/Blog\/wp-content\/uploads\/2020\/07\/Nous_les_chiens-225x300.jpg\" alt=\"\" width=\"101\" height=\"135\" srcset=\"https:\/\/nekotsuki-studio.com\/Blog\/wp-content\/uploads\/2020\/07\/Nous_les_chiens-225x300.jpg 225w, https:\/\/nekotsuki-studio.com\/Blog\/wp-content\/uploads\/2020\/07\/Nous_les_chiens-769x1024.jpg 769w, https:\/\/nekotsuki-studio.com\/Blog\/wp-content\/uploads\/2020\/07\/Nous_les_chiens-768x1023.jpg 768w, https:\/\/nekotsuki-studio.com\/Blog\/wp-content\/uploads\/2020\/07\/Nous_les_chiens.jpg 811w\" sizes=\"auto, (max-width: 101px) 100vw, 101px\" \/><\/a>\u00a0<a href=\"https:\/\/nekotsuki-studio.com\/Blog\/forum\/box-office\/nous-les-chiens-mal-parti-pour-profiter-de-la-reouverture-des-salles\/#p10345\">Nous, les Chiens&#8230; [\u21b5]<\/a><\/b><\/span><\/p>\n<\/td>\n<td bgcolor=\"#99ccff\" width=\"11%\">\n<p align=\"CENTER\"><span style=\"color: #000000;\">2<\/span><\/p>\n<\/td>\n<td bgcolor=\"#99ccff\" width=\"9%\">\n<p align=\"CENTER\"><span style=\"color: #000000;\">433<\/span><\/p>\n<\/td>\n<td bgcolor=\"#99ccff\" width=\"16%\">\n<p align=\"CENTER\"><span style=\"color: #000000;\">+24.040<\/span><\/p>\n<p align=\"CENTER\"><span style=\"color: #000000;\">(+9%<\/span> <span style=\"color: #00cc00;\">\u25b2<\/span><span style=\"color: #000000;\">)<\/span><\/p>\n<\/td>\n<td bgcolor=\"#99ccff\" width=\"13%\">\n<p align=\"CENTER\"><span style=\"color: #000000;\">46.153<\/span><\/p>\n<\/td>\n<\/tr>\n<tr valign=\"TOP\">\n<td bgcolor=\"#ccffff\" width=\"4%\">\n<p align=\"CENTER\"><span style=\"color: #000000;\"><b>4<\/b><\/span><\/p>\n<\/td>\n<td bgcolor=\"#ccffff\" width=\"7%\">\n<p align=\"CENTER\"><span style=\"color: #000000;\">13<\/span><\/p>\n<\/td>\n<td bgcolor=\"#ccffff\" width=\"39%\">\n<p align=\"CENTER\"><span style=\"color: #000000;\"><b><a href=\"https:\/\/nekotsuki-studio.com\/Blog\/wp-content\/uploads\/2020\/02\/Sonic-Le-Film.jpg\"><img loading=\"lazy\" decoding=\"async\" class=\"alignleft wp-image-1588\" src=\"https:\/\/nekotsuki-studio.com\/Blog\/wp-content\/uploads\/2020\/02\/Sonic-Le-Film-220x300.jpg\" alt=\"\" width=\"101\" height=\"138\" srcset=\"https:\/\/nekotsuki-studio.com\/Blog\/wp-content\/uploads\/2020\/02\/Sonic-Le-Film-220x300.jpg 220w, https:\/\/nekotsuki-studio.com\/Blog\/wp-content\/uploads\/2020\/02\/Sonic-Le-Film-752x1024.jpg 752w, https:\/\/nekotsuki-studio.com\/Blog\/wp-content\/uploads\/2020\/02\/Sonic-Le-Film-768x1046.jpg 768w, https:\/\/nekotsuki-studio.com\/Blog\/wp-content\/uploads\/2020\/02\/Sonic-Le-Film-1128x1536.jpg 1128w, https:\/\/nekotsuki-studio.com\/Blog\/wp-content\/uploads\/2020\/02\/Sonic-Le-Film.jpg 1175w\" sizes=\"auto, (max-width: 101px) 100vw, 101px\" \/><\/a>\u00a0<a href=\"https:\/\/nekotsuki-studio.com\/Blog\/forum\/box-office\/sonic-casse-la-baraque-ce-qui-rend-heureux-paramount-mais\/#p10344\">Sonic Le Film [\u21b5]<\/a><\/b><\/span><\/p>\n<\/td>\n<td bgcolor=\"#ccffff\" width=\"11%\">\n<p align=\"CENTER\"><span style=\"color: #000000;\">8<\/span><\/p>\n<\/td>\n<td bgcolor=\"#ccffff\" width=\"9%\">\n<p align=\"CENTER\"><span style=\"color: #000000;\">407<\/span><\/p>\n<\/td>\n<td bgcolor=\"#ccffff\" width=\"16%\">\n<p align=\"CENTER\"><span style=\"color: #000000;\">+16.086<\/span><\/p>\n<p align=\"CENTER\"><span style=\"color: #000000;\">(-3%<\/span> <span style=\"color: #ff950e;\">\u25bc<\/span><span style=\"color: #000000;\">)<\/span><\/p>\n<\/td>\n<td bgcolor=\"#ccffff\" width=\"13%\">\n<p align=\"CENTER\"><span style=\"color: #000000;\">2.098.791<\/span><\/p>\n<\/td>\n<\/tr>\n<tr valign=\"TOP\">\n<td bgcolor=\"#99ccff\" width=\"4%\" height=\"22\">\n<p align=\"CENTER\"><span style=\"color: #000000;\"><b>5<\/b><\/span><\/p>\n<\/td>\n<td bgcolor=\"#99ccff\" width=\"7%\">\n<p align=\"CENTER\"><span style=\"color: #000000;\">36<\/span><\/p>\n<p align=\"CENTER\"><strong><span style=\"color: #ff0000;\">(-5)<\/span><\/strong><\/p>\n<\/td>\n<td bgcolor=\"#99ccff\" width=\"39%\">\n<p align=\"CENTER\"><span style=\"color: #000000;\"><b><a href=\"https:\/\/nekotsuki-studio.com\/Blog\/wp-content\/uploads\/2020\/02\/Harley-Quinn-Birds-of-Prey-France.jpg\"><img loading=\"lazy\" decoding=\"async\" class=\"alignleft wp-image-1525\" src=\"https:\/\/nekotsuki-studio.com\/Blog\/wp-content\/uploads\/2020\/02\/Harley-Quinn-Birds-of-Prey-France-221x300.jpg\" alt=\"\" width=\"101\" height=\"137\" srcset=\"https:\/\/nekotsuki-studio.com\/Blog\/wp-content\/uploads\/2020\/02\/Harley-Quinn-Birds-of-Prey-France-221x300.jpg 221w, https:\/\/nekotsuki-studio.com\/Blog\/wp-content\/uploads\/2020\/02\/Harley-Quinn-Birds-of-Prey-France-755x1024.jpg 755w, https:\/\/nekotsuki-studio.com\/Blog\/wp-content\/uploads\/2020\/02\/Harley-Quinn-Birds-of-Prey-France-768x1041.jpg 768w, https:\/\/nekotsuki-studio.com\/Blog\/wp-content\/uploads\/2020\/02\/Harley-Quinn-Birds-of-Prey-France-1133x1536.jpg 1133w, https:\/\/nekotsuki-studio.com\/Blog\/wp-content\/uploads\/2020\/02\/Harley-Quinn-Birds-of-Prey-France.jpg 1180w\" sizes=\"auto, (max-width: 101px) 100vw, 101px\" \/><\/a>\u00a0Birds of Prey et la Fantabuleuse <span style=\"text-decoration: line-through;\">Histoire<\/span> \u00c9mancipation d&rsquo;Harley Quinn<\/b><\/span><\/p>\n<\/td>\n<td bgcolor=\"#99ccff\" width=\"11%\">\n<p align=\"CENTER\"><span style=\"color: #000000;\">9<\/span><\/p>\n<\/td>\n<td bgcolor=\"#99ccff\" width=\"9%\">\n<p align=\"CENTER\"><span style=\"color: #000000;\">89<\/span><\/p>\n<\/td>\n<td bgcolor=\"#99ccff\" width=\"16%\">\n<p align=\"CENTER\"><span style=\"color: #000000;\">+2484<\/span><\/p>\n<p align=\"CENTER\"><span style=\"color: #000000;\">(-12%<\/span> <span style=\"color: #ff950e;\">\u25bc<\/span><span style=\"color: #000000;\">)<\/span><\/p>\n<\/td>\n<td bgcolor=\"#99ccff\" width=\"13%\">\n<p align=\"CENTER\"><span style=\"color: #000000;\">1.046.335<\/span><\/p>\n<\/td>\n<\/tr>\n<tr valign=\"TOP\">\n<td bgcolor=\"#ccffff\" width=\"4%\">\n<p align=\"CENTER\"><span style=\"color: #000000;\"><b>6<\/b><\/span><\/p>\n<\/td>\n<td bgcolor=\"#ccffff\" width=\"7%\">\n<p align=\"CENTER\"><span style=\"color: #000000;\">41<\/span><\/p>\n<p align=\"CENTER\"><strong><span style=\"color: #339966;\">(+13)<\/span><\/strong><\/p>\n<\/td>\n<td bgcolor=\"#ccffff\" width=\"39%\">\n<p align=\"CENTER\"><span style=\"color: #000000;\"><b><a href=\"https:\/\/nekotsuki-studio.com\/Blog\/wp-content\/uploads\/2020\/02\/Bayala.jpg\"><img loading=\"lazy\" decoding=\"async\" class=\"alignleft wp-image-1527\" src=\"https:\/\/nekotsuki-studio.com\/Blog\/wp-content\/uploads\/2020\/02\/Bayala-225x300.jpg\" alt=\"\" width=\"101\" height=\"135\" srcset=\"https:\/\/nekotsuki-studio.com\/Blog\/wp-content\/uploads\/2020\/02\/Bayala-225x300.jpg 225w, https:\/\/nekotsuki-studio.com\/Blog\/wp-content\/uploads\/2020\/02\/Bayala-768x1024.jpg 768w, https:\/\/nekotsuki-studio.com\/Blog\/wp-content\/uploads\/2020\/02\/Bayala-1152x1536.jpg 1152w, https:\/\/nekotsuki-studio.com\/Blog\/wp-content\/uploads\/2020\/02\/Bayala.jpg 1200w\" sizes=\"auto, (max-width: 101px) 100vw, 101px\" \/><\/a>\u00a0<a href=\"https:\/\/nekotsuki-studio.com\/Blog\/forum\/box-office\/jacob-et-les-chiens-bonjour-le-monde-la-grande-cavale-les-petits-outsiders-qui-font-quand-meme-des-scores-_\/page-2\/#p10343\">Bayala, La Magie des Dragons [\u21b5]<\/a><\/b><\/span><\/p>\n<\/td>\n<td bgcolor=\"#ccffff\" width=\"11%\">\n<p align=\"CENTER\"><span style=\"color: #000000;\">9<\/span><\/p>\n<\/td>\n<td bgcolor=\"#ccffff\" width=\"9%\">\n<p align=\"CENTER\"><span style=\"color: #000000;\">47<\/span><\/p>\n<\/td>\n<td bgcolor=\"#ccffff\" width=\"16%\">\n<p align=\"CENTER\"><span style=\"color: #000000;\">+1113<\/span><\/p>\n<p align=\"CENTER\"><span style=\"color: #000000;\">(+135%<\/span> <span style=\"color: #00cc00;\">\u25b2<\/span><span style=\"color: #000000;\">)<\/span><\/p>\n<\/td>\n<td bgcolor=\"#ccffff\" width=\"13%\">\n<p align=\"CENTER\"><span style=\"color: #000000;\">65.479<\/span><\/p>\n<\/td>\n<\/tr>\n<tr valign=\"TOP\">\n<td bgcolor=\"#99ccff\" width=\"4%\" height=\"10\">\n<p align=\"CENTER\"><span style=\"color: #000000;\"><b>7<\/b><\/span><\/p>\n<\/td>\n<td bgcolor=\"#99ccff\" width=\"7%\">\n<p align=\"CENTER\"><span style=\"color: #000000;\">47<\/span><\/p>\n<p align=\"CENTER\"><strong><span style=\"color: #339966;\">(+3)<\/span><\/strong><\/p>\n<\/td>\n<td bgcolor=\"#99ccff\" width=\"39%\">\n<p align=\"CENTER\"><span style=\"color: #000000;\"><b><a href=\"https:\/\/nekotsuki-studio.com\/Blog\/wp-content\/uploads\/2020\/02\/Le-voyage-du-dr-dolittle.jpg\"><img loading=\"lazy\" decoding=\"async\" class=\"alignleft wp-image-1524\" src=\"https:\/\/nekotsuki-studio.com\/Blog\/wp-content\/uploads\/2020\/02\/Le-voyage-du-dr-dolittle-189x300.jpg\" alt=\"\" width=\"101\" height=\"160\" srcset=\"https:\/\/nekotsuki-studio.com\/Blog\/wp-content\/uploads\/2020\/02\/Le-voyage-du-dr-dolittle-189x300.jpg 189w, https:\/\/nekotsuki-studio.com\/Blog\/wp-content\/uploads\/2020\/02\/Le-voyage-du-dr-dolittle-646x1024.jpg 646w, https:\/\/nekotsuki-studio.com\/Blog\/wp-content\/uploads\/2020\/02\/Le-voyage-du-dr-dolittle-768x1218.jpg 768w, https:\/\/nekotsuki-studio.com\/Blog\/wp-content\/uploads\/2020\/02\/Le-voyage-du-dr-dolittle.jpg 946w\" sizes=\"auto, (max-width: 101px) 100vw, 101px\" \/><\/a>\u00a0Le Voyage du Dr Dolittle<\/b><\/span><\/p>\n<\/td>\n<td bgcolor=\"#99ccff\" width=\"11%\">\n<p align=\"CENTER\"><span style=\"color: #000000;\">8<\/span><\/p>\n<\/td>\n<td bgcolor=\"#99ccff\" width=\"9%\">\n<p align=\"CENTER\"><span style=\"color: #000000;\">12<\/span><\/p>\n<\/td>\n<td bgcolor=\"#99ccff\" width=\"16%\">\n<p align=\"CENTER\"><span style=\"color: #000000;\">+826<\/span><\/p>\n<p align=\"CENTER\"><span style=\"color: #000000;\">(+46%<\/span> <span style=\"color: #00cc00;\">\u25b2<\/span><span style=\"color: #000000;\">)<\/span><\/p>\n<\/td>\n<td bgcolor=\"#99ccff\" width=\"13%\">\n<p align=\"CENTER\"><span style=\"color: #000000;\">1.292.754<\/span><\/p>\n<\/td>\n<\/tr>\n<tr valign=\"TOP\">\n<td bgcolor=\"#ccffff\" width=\"4%\">\n<p align=\"CENTER\"><span style=\"color: #000000;\"><b>8<\/b><\/span><\/p>\n<\/td>\n<td bgcolor=\"#ccffff\" width=\"7%\">\n<p align=\"CENTER\"><span style=\"color: #000000;\">55<\/span><\/p>\n<p align=\"CENTER\"><strong><span style=\"color: #339966;\">(+11)<\/span><\/strong><\/p>\n<\/td>\n<td bgcolor=\"#ccffff\" width=\"39%\">\n<p align=\"CENTER\"><span style=\"color: #000000;\"><b><a href=\"https:\/\/nekotsuki-studio.com\/Blog\/wp-content\/uploads\/2019\/12\/Jumanji-next-level.jpg\"><img loading=\"lazy\" decoding=\"async\" class=\"alignleft wp-image-1335\" src=\"https:\/\/nekotsuki-studio.com\/Blog\/wp-content\/uploads\/2019\/12\/Jumanji-next-level-225x300.jpg\" alt=\"\" width=\"101\" height=\"135\" srcset=\"https:\/\/nekotsuki-studio.com\/Blog\/wp-content\/uploads\/2019\/12\/Jumanji-next-level-225x300.jpg 225w, https:\/\/nekotsuki-studio.com\/Blog\/wp-content\/uploads\/2019\/12\/Jumanji-next-level-768x1025.jpg 768w, https:\/\/nekotsuki-studio.com\/Blog\/wp-content\/uploads\/2019\/12\/Jumanji-next-level.jpg 850w\" sizes=\"auto, (max-width: 101px) 100vw, 101px\" \/><\/a>\u00a0Jumanji : Next Level<\/b><\/span><\/p>\n<\/td>\n<td bgcolor=\"#ccffff\" width=\"11%\">\n<p align=\"CENTER\"><span style=\"color: #000000;\">17<\/span><\/p>\n<\/td>\n<td bgcolor=\"#ccffff\" width=\"9%\">\n<p align=\"CENTER\"><span style=\"color: #000000;\">4<\/span><\/p>\n<\/td>\n<td bgcolor=\"#ccffff\" width=\"16%\">\n<p align=\"CENTER\"><span style=\"color: #000000;\">+421<\/span><\/p>\n<p align=\"CENTER\"><span style=\"color: #000000;\">(+158%<\/span> <span style=\"color: #00cc00;\">\u25b2<\/span><span style=\"color: #000000;\">)<\/span><\/p>\n<\/td>\n<td bgcolor=\"#ccffff\" width=\"13%\">\n<p align=\"CENTER\"><span style=\"color: #000000;\">3.255.286<\/span><\/p>\n<\/td>\n<\/tr>\n<tr valign=\"TOP\">\n<td bgcolor=\"#99ccff\" width=\"4%\">\n<p align=\"CENTER\"><span style=\"color: #000000;\"><b>9<\/b><\/span><\/p>\n<\/td>\n<td bgcolor=\"#99ccff\" width=\"7%\">\n<p align=\"CENTER\"><span style=\"color: #000000;\">75<\/span><\/p>\n<\/td>\n<td bgcolor=\"#99ccff\" width=\"39%\">\n<p align=\"CENTER\"><span style=\"color: #000000;\"><b><a href=\"https:\/\/nekotsuki-studio.com\/Blog\/wp-content\/uploads\/2020\/02\/Sam_Sam.jpg\"><img loading=\"lazy\" decoding=\"async\" class=\"alignleft wp-image-1526\" src=\"https:\/\/nekotsuki-studio.com\/Blog\/wp-content\/uploads\/2020\/02\/Sam_Sam-221x300.jpg\" alt=\"\" width=\"101\" height=\"137\" srcset=\"https:\/\/nekotsuki-studio.com\/Blog\/wp-content\/uploads\/2020\/02\/Sam_Sam-221x300.jpg 221w, https:\/\/nekotsuki-studio.com\/Blog\/wp-content\/uploads\/2020\/02\/Sam_Sam-754x1024.jpg 754w, https:\/\/nekotsuki-studio.com\/Blog\/wp-content\/uploads\/2020\/02\/Sam_Sam-768x1043.jpg 768w, https:\/\/nekotsuki-studio.com\/Blog\/wp-content\/uploads\/2020\/02\/Sam_Sam-1131x1536.jpg 1131w, https:\/\/nekotsuki-studio.com\/Blog\/wp-content\/uploads\/2020\/02\/Sam_Sam.jpg 1178w\" sizes=\"auto, (max-width: 101px) 100vw, 101px\" \/><\/a>\u00a0<a href=\"https:\/\/nekotsuki-studio.com\/Blog\/forum\/box-office\/samsam-non-p\/#p10342\">SamSam [\u21b5]<\/a><\/b><\/span><\/p>\n<\/td>\n<td bgcolor=\"#99ccff\" width=\"11%\">\n<p align=\"CENTER\"><span style=\"color: #000000;\">7<\/span><\/p>\n<\/td>\n<td bgcolor=\"#99ccff\" width=\"9%\">\n<p align=\"CENTER\"><span style=\"color: #000000;\">2<\/span><\/p>\n<\/td>\n<td bgcolor=\"#99ccff\" width=\"16%\">\n<p align=\"CENTER\"><span style=\"color: #000000;\">+49<\/span><\/p>\n<\/td>\n<td bgcolor=\"#99ccff\" width=\"13%\">\n<p align=\"CENTER\"><span style=\"color: #000000;\">323.422<\/span><\/p>\n<\/td>\n<\/tr>\n<tr valign=\"TOP\">\n<td bgcolor=\"#ccffff\" width=\"4%\">\n<p align=\"CENTER\"><span style=\"color: #000000;\"><b>10<\/b><\/span><\/p>\n<\/td>\n<td bgcolor=\"#ccffff\" width=\"7%\">\n<p align=\"CENTER\"><span style=\"color: #000000;\">89<\/span><\/p>\n<p align=\"CENTER\"><strong><span style=\"color: #ff0000;\">(-29)<\/span><\/strong><\/p>\n<\/td>\n<td bgcolor=\"#ccffff\" width=\"39%\">\n<p align=\"CENTER\"><span style=\"color: #000000;\"><b><a href=\"https:\/\/nekotsuki-studio.com\/Blog\/wp-content\/uploads\/2020\/02\/Le_Prince_Oublie.jpg\"><img loading=\"lazy\" decoding=\"async\" class=\"alignleft wp-image-1589\" src=\"https:\/\/nekotsuki-studio.com\/Blog\/wp-content\/uploads\/2020\/02\/Le_Prince_Oublie-221x300.jpg\" alt=\"\" width=\"101\" height=\"137\" srcset=\"https:\/\/nekotsuki-studio.com\/Blog\/wp-content\/uploads\/2020\/02\/Le_Prince_Oublie-221x300.jpg 221w, https:\/\/nekotsuki-studio.com\/Blog\/wp-content\/uploads\/2020\/02\/Le_Prince_Oublie-754x1024.jpg 754w, https:\/\/nekotsuki-studio.com\/Blog\/wp-content\/uploads\/2020\/02\/Le_Prince_Oublie-768x1043.jpg 768w, https:\/\/nekotsuki-studio.com\/Blog\/wp-content\/uploads\/2020\/02\/Le_Prince_Oublie-1131x1536.jpg 1131w, https:\/\/nekotsuki-studio.com\/Blog\/wp-content\/uploads\/2020\/02\/Le_Prince_Oublie.jpg 1508w\" sizes=\"auto, (max-width: 101px) 100vw, 101px\" \/><\/a>\u00a0<a href=\"https:\/\/nekotsuki-studio.com\/Blog\/forum\/box-office\/le-prince-oublie-devrait-assurer-le-score\/#p10341\">Le Prince Oubli\u00e9 [\u21b5]<\/a><\/b><\/span><\/p>\n<\/td>\n<td bgcolor=\"#ccffff\" width=\"11%\">\n<p align=\"CENTER\"><span style=\"color: #000000;\">7<\/span><\/p>\n<\/td>\n<td bgcolor=\"#ccffff\" width=\"9%\">\n<p align=\"CENTER\"><span style=\"color: #000000;\">1<\/span><\/p>\n<\/td>\n<td bgcolor=\"#ccffff\" width=\"16%\">\n<p align=\"CENTER\"><span style=\"color: #000000;\">+3<\/span><\/p>\n<p align=\"CENTER\"><span style=\"color: #000000;\">(-99%<\/span> <span style=\"color: #dc2300;\">\u25bc<\/span><span style=\"color: #000000;\">)<\/span><\/p>\n<\/td>\n<td bgcolor=\"#ccffff\" width=\"13%\">\n<p align=\"CENTER\"><span style=\"color: #000000;\">907.135<\/span><\/p>\n<\/td>\n<\/tr>\n<\/tbody>\n<\/table>\n","protected":false},"excerpt":{"rendered":"<p>Box Office France Animation \/ VFX : 2020- Semaine 27 (01\/07 &#8211; 07\/07) \u21d0\u00a0Semaine pr\u00e9c\u00e9dente &#8211; (Retour \u00e0 l&rsquo;accueil \u21b5) &#8211; Semaine Suivante \u21d2 Pour lire l&rsquo;analyse des chiffres, cliquez sur les titres de film suivis d&rsquo;un [\u21b5] n\u00b0 Top &hellip; <a href=\"https:\/\/nekotsuki-studio.com\/Blog\/bo-2020-f-27\/\">Continued<\/a><\/p>\n","protected":false},"author":1,"featured_media":0,"parent":0,"menu_order":0,"comment_status":"closed","ping_status":"closed","template":"","meta":{"footnotes":""},"class_list":["post-1692","page","type-page","status-publish","hentry"],"jetpack_sharing_enabled":true,"_links":{"self":[{"href":"https:\/\/nekotsuki-studio.com\/Blog\/wp-json\/wp\/v2\/pages\/1692","targetHints":{"allow":["GET"]}}],"collection":[{"href":"https:\/\/nekotsuki-studio.com\/Blog\/wp-json\/wp\/v2\/pages"}],"about":[{"href":"https:\/\/nekotsuki-studio.com\/Blog\/wp-json\/wp\/v2\/types\/page"}],"author":[{"embeddable":true,"href":"https:\/\/nekotsuki-studio.com\/Blog\/wp-json\/wp\/v2\/users\/1"}],"replies":[{"embeddable":true,"href":"https:\/\/nekotsuki-studio.com\/Blog\/wp-json\/wp\/v2\/comments?post=1692"}],"version-history":[{"count":3,"href":"https:\/\/nekotsuki-studio.com\/Blog\/wp-json\/wp\/v2\/pages\/1692\/revisions"}],"predecessor-version":[{"id":1703,"href":"https:\/\/nekotsuki-studio.com\/Blog\/wp-json\/wp\/v2\/pages\/1692\/revisions\/1703"}],"wp:attachment":[{"href":"https:\/\/nekotsuki-studio.com\/Blog\/wp-json\/wp\/v2\/media?parent=1692"}],"curies":[{"name":"wp","href":"https:\/\/api.w.org\/{rel}","templated":true}]}}