{"id":1679,"date":"2020-07-03T17:27:53","date_gmt":"2020-07-03T15:27:53","guid":{"rendered":"https:\/\/nekotsuki-studio.com\/Blog\/?page_id=1679"},"modified":"2020-07-03T19:37:36","modified_gmt":"2020-07-03T17:37:36","slug":"bo-2020-f-25","status":"publish","type":"page","link":"https:\/\/nekotsuki-studio.com\/Blog\/bo-2020-f-25\/","title":{"rendered":"BO-2020-F-25"},"content":{"rendered":"<p style=\"text-align: center;\" align=\"CENTER\"><span style=\"font-size: large; color: #99ccff;\"><b>Box Office France Animation \/ VFX :<\/b><\/span><\/p>\n<p style=\"text-align: center;\" align=\"CENTER\"><span style=\"font-size: large; color: #99ccff;\"><b>2020- Semaine 25 (22\/06 &#8211; 23\/06)<\/b><\/span><\/p>\n<p style=\"text-align: center;\" align=\"CENTER\"><span style=\"color: #ccffff;\"><a style=\"color: #ccffff;\" href=\"https:\/\/nekotsuki-studio.com\/Blog\/bo-2020-f-11\/\"><strong>\u21d0\u00a0Semai<\/strong><strong>ne pr\u00e9c\u00e9de<\/strong><strong>nte<\/strong><\/a> &#8211; (<a style=\"color: #ccffff;\" href=\"https:\/\/nekotsuki-studio.com\/Blog\/box-office-accueil\/\">Retour \u00e0 l&rsquo;accueil \u21b5<\/a>) &#8211; <a style=\"color: #ccffff;\" href=\"https:\/\/nekotsuki-studio.com\/Blog\/bo-2020-f-26\/\"><strong>Semaine Suivante \u21d2<\/strong><\/a><\/span><\/p>\n<p align=\"CENTER\"><strong><span style=\"color: #ff0000;\">RAPPEL : La r\u00e9ouverture des salles de cin\u00e9ma apr\u00e8s Confinement a eu lieu un lundi, c&rsquo;est donc une \u00ab\u00a0semaine\u00a0\u00bb de 2 jours.<\/span><\/strong><\/p>\n<p align=\"CENTER\"><span style=\"color: #99ccff;\">Pour lire l&rsquo;analyse des chiffres, cliquez sur les titres de film suivis d&rsquo;un <strong><span style=\"color: #ccffff;\">[\u21b5]<\/span><\/strong><\/span><\/p>\n<table border=\"1\" width=\"100%\" cellspacing=\"0\" cellpadding=\"4\">\n<colgroup>\n<col width=\"11*\" \/>\n<col width=\"19*\" \/>\n<col width=\"101*\" \/>\n<col width=\"28*\" \/>\n<col width=\"24*\" \/>\n<col width=\"41*\" \/>\n<col width=\"32*\" \/> <\/colgroup>\n<tbody>\n<tr valign=\"TOP\">\n<td bgcolor=\"#00b8ff\" width=\"4%\">\n<p align=\"CENTER\"><span style=\"color: #000000;\"><b>n\u00b0<\/b><\/span><\/p>\n<\/td>\n<td bgcolor=\"#00b8ff\" width=\"7%\">\n<p align=\"CENTER\"><span style=\"color: #000000;\"><b>Top<\/b><\/span><\/p>\n<p align=\"CENTER\"><span style=\"color: #000000;\"><b>100<\/b><\/span><\/p>\n<\/td>\n<td bgcolor=\"#00b8ff\" width=\"39%\">\n<p align=\"CENTER\"><span style=\"color: #000000;\"><b>Titre<\/b><\/span><\/p>\n<\/td>\n<td bgcolor=\"#00b8ff\" width=\"11%\">\n<p align=\"CENTER\"><span style=\"color: #000000;\"><b>Semaine<\/b><\/span><\/p>\n<\/td>\n<td bgcolor=\"#00b8ff\" width=\"9%\">\n<p align=\"CENTER\"><span style=\"color: #000000;\"><b>Copies<\/b><\/span><\/p>\n<\/td>\n<td bgcolor=\"#00b8ff\" width=\"16%\">\n<p align=\"CENTER\"><span style=\"color: #000000;\"><b>\u00c9volution<\/b><\/span><\/p>\n<p align=\"CENTER\"><span style=\"color: #000000;\"><b>(spectateurs)<\/b><\/span><\/p>\n<\/td>\n<td bgcolor=\"#00b8ff\" width=\"13%\">\n<p align=\"CENTER\"><span style=\"color: #000000;\"><b>Score total<\/b><\/span><\/p>\n<\/td>\n<\/tr>\n<tr valign=\"TOP\">\n<td bgcolor=\"#99ccff\" width=\"4%\">\n<p align=\"CENTER\"><span style=\"color: #000000;\"><b>1<\/b><\/span><\/p>\n<\/td>\n<td bgcolor=\"#99ccff\" width=\"7%\">\n<p align=\"CENTER\"><span style=\"color: #000000;\">10<\/span><\/p>\n<p align=\"CENTER\"><strong><span style=\"color: #ff0000;\">(-8)<\/span><\/strong><\/p>\n<\/td>\n<td bgcolor=\"#99ccff\" width=\"39%\">\n<p align=\"CENTER\"><span style=\"color: #000000;\"><b><a href=\"https:\/\/nekotsuki-studio.com\/Blog\/wp-content\/uploads\/2020\/03\/En-Avant.jpg\"><img loading=\"lazy\" decoding=\"async\" class=\"alignleft wp-image-1626\" src=\"https:\/\/nekotsuki-studio.com\/Blog\/wp-content\/uploads\/2020\/03\/En-Avant-220x300.jpg\" alt=\"\" width=\"101\" height=\"138\" srcset=\"https:\/\/nekotsuki-studio.com\/Blog\/wp-content\/uploads\/2020\/03\/En-Avant-220x300.jpg 220w, https:\/\/nekotsuki-studio.com\/Blog\/wp-content\/uploads\/2020\/03\/En-Avant-752x1024.jpg 752w, https:\/\/nekotsuki-studio.com\/Blog\/wp-content\/uploads\/2020\/03\/En-Avant-768x1046.jpg 768w, https:\/\/nekotsuki-studio.com\/Blog\/wp-content\/uploads\/2020\/03\/En-Avant.jpg 1101w\" sizes=\"auto, (max-width: 101px) 100vw, 101px\" \/><\/a>\u00a0<a href=\"https:\/\/nekotsuki-studio.com\/Blog\/forum\/box-office\/onward-en-avant-parti-pour-etre-un-des-plus-gros-flop-pixar\/#p10317\">En Avant [\u21b5]<\/a><\/b><\/span><\/p>\n<\/td>\n<td bgcolor=\"#99ccff\" width=\"11%\">\n<p align=\"CENTER\"><span style=\"color: #000000;\">3<\/span><\/p>\n<\/td>\n<td bgcolor=\"#99ccff\" width=\"9%\">\n<p align=\"CENTER\"><span style=\"color: #000000;\">722<\/span><\/p>\n<\/td>\n<td bgcolor=\"#99ccff\" width=\"16%\">\n<p align=\"CENTER\"><span style=\"color: #000000;\">+6219<\/span><\/p>\n<p align=\"CENTER\"><span style=\"color: #000000;\">(-93%<\/span> <span style=\"color: #dc2300;\">\u25bc<\/span><span style=\"color: #000000;\">)<\/span><\/p>\n<\/td>\n<td bgcolor=\"#99ccff\" width=\"13%\">\n<p align=\"CENTER\"><span style=\"color: #000000;\">625.657<\/span><\/p>\n<\/td>\n<\/tr>\n<tr valign=\"TOP\">\n<td bgcolor=\"#ccffff\" width=\"4%\">\n<p align=\"CENTER\"><span style=\"color: #000000;\"><b>2<\/b><\/span><\/p>\n<\/td>\n<td bgcolor=\"#ccffff\" width=\"7%\">\n<p align=\"CENTER\"><span style=\"color: #000000;\">14<\/span><\/p>\n<p align=\"CENTER\"><strong><span style=\"color: #ff0000;\">(-5)<\/span><\/strong><\/p>\n<\/td>\n<td bgcolor=\"#ccffff\" width=\"39%\">\n<p align=\"CENTER\"><span style=\"color: #000000;\"><b><a href=\"https:\/\/nekotsuki-studio.com\/Blog\/wp-content\/uploads\/2020\/02\/Sonic-Le-Film.jpg\"><img loading=\"lazy\" decoding=\"async\" class=\"alignleft wp-image-1588\" src=\"https:\/\/nekotsuki-studio.com\/Blog\/wp-content\/uploads\/2020\/02\/Sonic-Le-Film-220x300.jpg\" alt=\"\" width=\"101\" height=\"138\" srcset=\"https:\/\/nekotsuki-studio.com\/Blog\/wp-content\/uploads\/2020\/02\/Sonic-Le-Film-220x300.jpg 220w, https:\/\/nekotsuki-studio.com\/Blog\/wp-content\/uploads\/2020\/02\/Sonic-Le-Film-752x1024.jpg 752w, https:\/\/nekotsuki-studio.com\/Blog\/wp-content\/uploads\/2020\/02\/Sonic-Le-Film-768x1046.jpg 768w, https:\/\/nekotsuki-studio.com\/Blog\/wp-content\/uploads\/2020\/02\/Sonic-Le-Film-1128x1536.jpg 1128w, https:\/\/nekotsuki-studio.com\/Blog\/wp-content\/uploads\/2020\/02\/Sonic-Le-Film.jpg 1175w\" sizes=\"auto, (max-width: 101px) 100vw, 101px\" \/><\/a>\u00a0<a href=\"https:\/\/nekotsuki-studio.com\/Blog\/forum\/box-office\/sonic-casse-la-baraque-ce-qui-rend-heureux-paramount-mais\/#p10316\">Sonic Le Film [\u21b5]<\/a><\/b><\/span><\/p>\n<\/td>\n<td bgcolor=\"#ccffff\" width=\"11%\">\n<p align=\"CENTER\"><span style=\"color: #000000;\">6<\/span><\/p>\n<\/td>\n<td bgcolor=\"#ccffff\" width=\"9%\">\n<p align=\"CENTER\"><span style=\"color: #000000;\">198<\/span><\/p>\n<\/td>\n<td bgcolor=\"#ccffff\" width=\"16%\">\n<p align=\"CENTER\"><span style=\"color: #000000;\">+3266<\/span><\/p>\n<p align=\"CENTER\"><span style=\"color: #000000;\">(-87%<\/span> <span style=\"color: #dc2300;\">\u25bc<\/span><span style=\"color: #000000;\">)<\/span><\/p>\n<\/td>\n<td bgcolor=\"#ccffff\" width=\"13%\">\n<p align=\"CENTER\"><span style=\"color: #000000;\">2.066.086<\/span><\/p>\n<\/td>\n<\/tr>\n<tr valign=\"TOP\">\n<td bgcolor=\"#99ccff\" width=\"4%\">\n<p align=\"CENTER\"><span style=\"color: #000000;\"><b>3<\/b><\/span><\/p>\n<\/td>\n<td bgcolor=\"#99ccff\" width=\"7%\">\n<p align=\"CENTER\"><span style=\"color: #000000;\">19<\/span><\/p>\n<p align=\"CENTER\"><strong><span style=\"color: #ff0000;\">(-13)<\/span><\/strong><\/p>\n<\/td>\n<td bgcolor=\"#99ccff\" width=\"39%\">\n<p align=\"CENTER\"><span style=\"color: #000000;\"><b><a href=\"https:\/\/nekotsuki-studio.com\/Blog\/wp-content\/uploads\/2020\/02\/L-Appel-de-la-foret.jpg\"><img loading=\"lazy\" decoding=\"async\" class=\"alignleft wp-image-1603\" src=\"https:\/\/nekotsuki-studio.com\/Blog\/wp-content\/uploads\/2020\/02\/L-Appel-de-la-foret-220x300.jpg\" alt=\"\" width=\"101\" height=\"138\" srcset=\"https:\/\/nekotsuki-studio.com\/Blog\/wp-content\/uploads\/2020\/02\/L-Appel-de-la-foret-220x300.jpg 220w, https:\/\/nekotsuki-studio.com\/Blog\/wp-content\/uploads\/2020\/02\/L-Appel-de-la-foret-752x1024.jpg 752w, https:\/\/nekotsuki-studio.com\/Blog\/wp-content\/uploads\/2020\/02\/L-Appel-de-la-foret-768x1046.jpg 768w, https:\/\/nekotsuki-studio.com\/Blog\/wp-content\/uploads\/2020\/02\/L-Appel-de-la-foret.jpg 793w\" sizes=\"auto, (max-width: 101px) 100vw, 101px\" \/><\/a>\u00a0<a href=\"https:\/\/nekotsuki-studio.com\/Blog\/forum\/box-office\/the-call-of-the-wild-ou-le-probleme-du-film-pas-rentable-pour-les-mauvaises-raisons\/#p10315\">L&rsquo;Appel de la For\u00eat [\u21b5]<\/a><\/b><\/span><\/p>\n<\/td>\n<td bgcolor=\"#99ccff\" width=\"11%\">\n<p align=\"CENTER\"><span style=\"color: #000000;\">5<\/span><\/p>\n<\/td>\n<td bgcolor=\"#99ccff\" width=\"9%\">\n<p align=\"CENTER\"><span style=\"color: #000000;\">407<\/span><\/p>\n<\/td>\n<td bgcolor=\"#99ccff\" width=\"16%\">\n<p align=\"CENTER\"><span style=\"color: #000000;\">+2161<\/span><\/p>\n<p align=\"CENTER\"><span style=\"color: #000000;\">(-94%<\/span> <span style=\"color: #dc2300;\">\u25bc<\/span><span style=\"color: #000000;\">)<\/span><\/p>\n<\/td>\n<td bgcolor=\"#99ccff\" width=\"13%\">\n<p align=\"CENTER\"><span style=\"color: #000000;\">1.181.248<\/span><\/p>\n<\/td>\n<\/tr>\n<tr valign=\"TOP\">\n<td bgcolor=\"#ccffff\" width=\"4%\">\n<p align=\"CENTER\"><span style=\"color: #000000;\"><b>4<\/b><\/span><\/p>\n<\/td>\n<td bgcolor=\"#ccffff\" width=\"7%\">\n<p align=\"CENTER\"><span style=\"color: #000000;\">29<\/span><\/p>\n<p align=\"CENTER\"><strong><span style=\"color: #ff0000;\">(-9)<\/span><\/strong><\/p>\n<\/td>\n<td bgcolor=\"#ccffff\" width=\"39%\">\n<p align=\"CENTER\"><span style=\"color: #000000;\"><b><a href=\"https:\/\/nekotsuki-studio.com\/Blog\/wp-content\/uploads\/2020\/02\/Harley-Quinn-Birds-of-Prey-France.jpg\"><img loading=\"lazy\" decoding=\"async\" class=\"alignleft wp-image-1525\" src=\"https:\/\/nekotsuki-studio.com\/Blog\/wp-content\/uploads\/2020\/02\/Harley-Quinn-Birds-of-Prey-France-221x300.jpg\" alt=\"\" width=\"101\" height=\"137\" srcset=\"https:\/\/nekotsuki-studio.com\/Blog\/wp-content\/uploads\/2020\/02\/Harley-Quinn-Birds-of-Prey-France-221x300.jpg 221w, https:\/\/nekotsuki-studio.com\/Blog\/wp-content\/uploads\/2020\/02\/Harley-Quinn-Birds-of-Prey-France-755x1024.jpg 755w, https:\/\/nekotsuki-studio.com\/Blog\/wp-content\/uploads\/2020\/02\/Harley-Quinn-Birds-of-Prey-France-768x1041.jpg 768w, https:\/\/nekotsuki-studio.com\/Blog\/wp-content\/uploads\/2020\/02\/Harley-Quinn-Birds-of-Prey-France-1133x1536.jpg 1133w, https:\/\/nekotsuki-studio.com\/Blog\/wp-content\/uploads\/2020\/02\/Harley-Quinn-Birds-of-Prey-France.jpg 1180w\" sizes=\"auto, (max-width: 101px) 100vw, 101px\" \/><\/a>\u00a0<a href=\"https:\/\/nekotsuki-studio.com\/Blog\/forum\/box-office\/harley-quinn-birds-of-prey-ou-parfois-rate-de-peu-veut-dire-rate-de-beaucoup\/#p10314\">Birds of Prey et la Fantabuleuse <span style=\"text-decoration: line-through;\">Histoire<\/span> \u00c9mancipation d&rsquo;Harley Quinn [\u21b5]<\/a><\/b><\/span><\/p>\n<\/td>\n<td bgcolor=\"#ccffff\" width=\"11%\">\n<p align=\"CENTER\"><span style=\"color: #000000;\">7<\/span><\/p>\n<\/td>\n<td bgcolor=\"#ccffff\" width=\"9%\">\n<p align=\"CENTER\"><span style=\"color: #000000;\">72<\/span><\/p>\n<\/td>\n<td bgcolor=\"#ccffff\" width=\"16%\">\n<p align=\"CENTER\"><span style=\"color: #000000;\">+541<\/span><\/p>\n<p align=\"CENTER\"><span style=\"color: #000000;\">(-91%<\/span> <span style=\"color: #dc2300;\">\u25bc<\/span><span style=\"color: #000000;\">)<\/span><\/p>\n<\/td>\n<td bgcolor=\"#ccffff\" width=\"13%\">\n<p align=\"CENTER\"><span style=\"color: #000000;\">1.041.041<\/span><\/p>\n<\/td>\n<\/tr>\n<tr valign=\"TOP\">\n<td bgcolor=\"#99ccff\" width=\"4%\" height=\"21\">\n<p align=\"CENTER\"><span style=\"color: #000000;\"><b>5<\/b><\/span><\/p>\n<\/td>\n<td bgcolor=\"#99ccff\" width=\"7%\">\n<p align=\"CENTER\"><span style=\"color: #000000;\">32<\/span><\/p>\n<p align=\"CENTER\"><strong><span style=\"color: #339966;\">(+14)<\/span><\/strong><\/p>\n<\/td>\n<td bgcolor=\"#99ccff\" width=\"39%\">\n<p align=\"CENTER\"><span style=\"color: #000000;\"><b><a href=\"https:\/\/nekotsuki-studio.com\/Blog\/wp-content\/uploads\/2020\/02\/Bayala.jpg\"><img loading=\"lazy\" decoding=\"async\" class=\"alignleft wp-image-1527\" src=\"https:\/\/nekotsuki-studio.com\/Blog\/wp-content\/uploads\/2020\/02\/Bayala-225x300.jpg\" alt=\"\" width=\"101\" height=\"135\" srcset=\"https:\/\/nekotsuki-studio.com\/Blog\/wp-content\/uploads\/2020\/02\/Bayala-225x300.jpg 225w, https:\/\/nekotsuki-studio.com\/Blog\/wp-content\/uploads\/2020\/02\/Bayala-768x1024.jpg 768w, https:\/\/nekotsuki-studio.com\/Blog\/wp-content\/uploads\/2020\/02\/Bayala-1152x1536.jpg 1152w, https:\/\/nekotsuki-studio.com\/Blog\/wp-content\/uploads\/2020\/02\/Bayala.jpg 1200w\" sizes=\"auto, (max-width: 101px) 100vw, 101px\" \/><\/a>\u00a0<a href=\"https:\/\/nekotsuki-studio.com\/Blog\/forum\/box-office\/jacob-et-les-chiens-bonjour-le-monde-la-grande-cavale-les-petits-outsiders-qui-font-quand-meme-des-scores-_\/page-2\/#p10313\">Bayala, La Magie des Dragons [\u21b5]<\/a><\/b><\/span><\/p>\n<\/td>\n<td bgcolor=\"#99ccff\" width=\"11%\">\n<p align=\"CENTER\"><span style=\"color: #000000;\">7<\/span><\/p>\n<\/td>\n<td bgcolor=\"#99ccff\" width=\"9%\">\n<p align=\"CENTER\"><span style=\"color: #000000;\">30<\/span><\/p>\n<\/td>\n<td bgcolor=\"#99ccff\" width=\"16%\">\n<p align=\"CENTER\"><span style=\"color: #000000;\">+334<\/span><\/p>\n<p align=\"CENTER\"><span style=\"color: #000000;\">(-41%<\/span> <span style=\"color: #dc2300;\">\u25bc<\/span><span style=\"color: #000000;\">)<\/span><\/p>\n<\/td>\n<td bgcolor=\"#99ccff\" width=\"13%\">\n<p align=\"CENTER\"><span style=\"color: #000000;\">63.892<\/span><\/p>\n<\/td>\n<\/tr>\n<\/tbody>\n<\/table>\n","protected":false},"excerpt":{"rendered":"<p>Box Office France Animation \/ VFX : 2020- Semaine 25 (22\/06 &#8211; 23\/06) \u21d0\u00a0Semaine pr\u00e9c\u00e9dente &#8211; (Retour \u00e0 l&rsquo;accueil \u21b5) &#8211; Semaine Suivante \u21d2 RAPPEL : La r\u00e9ouverture des salles de cin\u00e9ma apr\u00e8s Confinement a eu lieu un lundi, c&rsquo;est &hellip; <a href=\"https:\/\/nekotsuki-studio.com\/Blog\/bo-2020-f-25\/\">Continued<\/a><\/p>\n","protected":false},"author":1,"featured_media":0,"parent":0,"menu_order":0,"comment_status":"closed","ping_status":"closed","template":"","meta":{"footnotes":""},"class_list":["post-1679","page","type-page","status-publish","hentry"],"jetpack_sharing_enabled":true,"_links":{"self":[{"href":"https:\/\/nekotsuki-studio.com\/Blog\/wp-json\/wp\/v2\/pages\/1679","targetHints":{"allow":["GET"]}}],"collection":[{"href":"https:\/\/nekotsuki-studio.com\/Blog\/wp-json\/wp\/v2\/pages"}],"about":[{"href":"https:\/\/nekotsuki-studio.com\/Blog\/wp-json\/wp\/v2\/types\/page"}],"author":[{"embeddable":true,"href":"https:\/\/nekotsuki-studio.com\/Blog\/wp-json\/wp\/v2\/users\/1"}],"replies":[{"embeddable":true,"href":"https:\/\/nekotsuki-studio.com\/Blog\/wp-json\/wp\/v2\/comments?post=1679"}],"version-history":[{"count":4,"href":"https:\/\/nekotsuki-studio.com\/Blog\/wp-json\/wp\/v2\/pages\/1679\/revisions"}],"predecessor-version":[{"id":1688,"href":"https:\/\/nekotsuki-studio.com\/Blog\/wp-json\/wp\/v2\/pages\/1679\/revisions\/1688"}],"wp:attachment":[{"href":"https:\/\/nekotsuki-studio.com\/Blog\/wp-json\/wp\/v2\/media?parent=1679"}],"curies":[{"name":"wp","href":"https:\/\/api.w.org\/{rel}","templated":true}]}}