{"id":1199,"date":"2019-10-19T19:59:35","date_gmt":"2019-10-19T17:59:35","guid":{"rendered":"https:\/\/nekotsuki-studio.com\/Blog\/?page_id=1199"},"modified":"2020-02-18T18:48:17","modified_gmt":"2020-02-18T17:48:17","slug":"bo-2019-f-41","status":"publish","type":"page","link":"https:\/\/nekotsuki-studio.com\/Blog\/bo-2019-f-41\/","title":{"rendered":"BO-2019-F-41"},"content":{"rendered":"<p style=\"text-align: center;\" align=\"CENTER\"><span style=\"font-size: large; color: #99ccff;\"><b>Box Office France Animation \/ VFX :<\/b><\/span><\/p>\n<p style=\"text-align: center;\" align=\"CENTER\"><span style=\"font-size: large; color: #99ccff;\"><b>2019 &#8211; Semaine 41 (09\/10 &#8211; 15\/10)<\/b><\/span><\/p>\n<p style=\"text-align: center;\" align=\"CENTER\"><span style=\"color: #ccffff;\"><a style=\"color: #ccffff;\" href=\"https:\/\/nekotsuki-studio.com\/Blog\/bo-2019-f-40\/\"><strong>\u21d0\u00a0Semai<\/strong><strong>ne pr\u00e9c\u00e9dente<\/strong><\/a> &#8211; (<a style=\"color: #ccffff;\" href=\"https:\/\/nekotsuki-studio.com\/Blog\/box-office-accueil\/\">Retour \u00e0 l&rsquo;accueil \u21b5<\/a>) &#8211; <a style=\"color: #ccffff;\" href=\"https:\/\/nekotsuki-studio.com\/Blog\/bo-2019-f-42\/\"><strong>Semaine Suivante \u21d2<\/strong><\/a><\/span><\/p>\n<p align=\"CENTER\"><span style=\"color: #99ccff;\">Pour lire l&rsquo;analyse des chiffres, cliquez sur les titres de film suivis d&rsquo;un <strong><span style=\"color: #ccffff;\">[\u21b5]<\/span><\/strong><\/span><\/p>\n<table border=\"1\" width=\"642\" cellspacing=\"0\" cellpadding=\"4\">\n<colgroup>\n<col width=\"19\" \/>\n<col width=\"39\" \/>\n<col width=\"245\" \/>\n<col width=\"63\" \/>\n<col width=\"53\" \/>\n<col width=\"94\" \/>\n<col width=\"71\" \/> <\/colgroup>\n<tbody>\n<tr valign=\"TOP\">\n<td bgcolor=\"#00b8ff\" width=\"19\">\n<p align=\"CENTER\"><span style=\"color: #000000;\"><b>n\u00b0<\/b><\/span><\/p>\n<\/td>\n<td bgcolor=\"#00b8ff\" width=\"39\">\n<p align=\"CENTER\"><span style=\"color: #000000;\"><b>Top<\/b><\/span><\/p>\n<p align=\"CENTER\"><span style=\"color: #000000;\"><b>100<\/b><\/span><\/p>\n<\/td>\n<td bgcolor=\"#00b8ff\" width=\"245\">\n<p align=\"CENTER\"><span style=\"color: #000000;\"><b>Titre<\/b><\/span><\/p>\n<\/td>\n<td bgcolor=\"#00b8ff\" width=\"63\">\n<p align=\"CENTER\"><span style=\"color: #000000;\"><b>Semaine<\/b><\/span><\/p>\n<\/td>\n<td bgcolor=\"#00b8ff\" width=\"53\">\n<p align=\"CENTER\"><span style=\"color: #000000;\"><b>Copies<\/b><\/span><\/p>\n<\/td>\n<td bgcolor=\"#00b8ff\" width=\"94\">\n<p align=\"CENTER\"><span style=\"color: #000000;\"><b>\u00c9volution<\/b><\/span><\/p>\n<p align=\"CENTER\"><span style=\"color: #000000;\"><b>(spectateurs)<\/b><\/span><\/p>\n<\/td>\n<td bgcolor=\"#00b8ff\" width=\"71\">\n<p align=\"CENTER\"><span style=\"color: #000000;\"><b>Score total<\/b><\/span><\/p>\n<\/td>\n<\/tr>\n<tr valign=\"TOP\">\n<td bgcolor=\"#99ccff\" width=\"19\">\n<p align=\"CENTER\"><span style=\"color: #000000;\"><b>1<\/b><\/span><\/p>\n<\/td>\n<td bgcolor=\"#99ccff\" width=\"39\">\n<p align=\"CENTER\"><span style=\"color: #000000;\">10<\/span><\/p>\n<p align=\"CENTER\"><strong><span style=\"color: #ff0000;\">(-4)<\/span><\/strong><\/p>\n<\/td>\n<td bgcolor=\"#99ccff\" width=\"245\">\n<p align=\"CENTER\"><span style=\"color: #000000;\"><b><a href=\"https:\/\/nekotsuki-studio.com\/Blog\/wp-content\/uploads\/2019\/09\/Ad-Astra.jpg\"><img loading=\"lazy\" decoding=\"async\" class=\"alignleft wp-image-1121\" src=\"https:\/\/nekotsuki-studio.com\/Blog\/wp-content\/uploads\/2019\/09\/Ad-Astra-203x300.jpg\" alt=\"\" width=\"101\" height=\"150\" srcset=\"https:\/\/nekotsuki-studio.com\/Blog\/wp-content\/uploads\/2019\/09\/Ad-Astra-203x300.jpg 203w, https:\/\/nekotsuki-studio.com\/Blog\/wp-content\/uploads\/2019\/09\/Ad-Astra-768x1138.jpg 768w, https:\/\/nekotsuki-studio.com\/Blog\/wp-content\/uploads\/2019\/09\/Ad-Astra-691x1024.jpg 691w, https:\/\/nekotsuki-studio.com\/Blog\/wp-content\/uploads\/2019\/09\/Ad-Astra.jpg 2025w\" sizes=\"auto, (max-width: 101px) 100vw, 101px\" \/><\/a>\u00a0<a href=\"https:\/\/nekotsuki-studio.com\/Blog\/forum\/box-office\/ad-astra-sf-pas-blockbuster-se-cherche-une-petite-place-au-box-office-p\/#p9299\">Ad Astra [\u21b5]<\/a><\/b><\/span><\/p>\n<\/td>\n<td bgcolor=\"#99ccff\" width=\"63\">\n<p align=\"CENTER\"><span style=\"color: #000000;\">4<\/span><\/p>\n<\/td>\n<td bgcolor=\"#99ccff\" width=\"53\">\n<p align=\"CENTER\"><span style=\"color: #000000;\">425<\/span><\/p>\n<\/td>\n<td bgcolor=\"#99ccff\" width=\"94\">\n<p align=\"CENTER\"><span style=\"color: #000000;\">+76.019<\/span><\/p>\n<p align=\"CENTER\"><span style=\"color: #000000;\">(-53%<\/span> <span style=\"color: #dc2300;\">\u25bc<\/span><span style=\"color: #000000;\">)<\/span><\/p>\n<\/td>\n<td bgcolor=\"#99ccff\" width=\"71\">\n<p align=\"CENTER\"><span style=\"color: #000000;\">960.228<\/span><\/p>\n<\/td>\n<\/tr>\n<tr valign=\"TOP\">\n<td bgcolor=\"#ffffcc\" width=\"19\">\n<p align=\"CENTER\"><span style=\"color: #000000;\"><b>2<\/b><\/span><\/p>\n<\/td>\n<td bgcolor=\"#ffffcc\" width=\"39\">\n<p align=\"CENTER\"><span style=\"color: #000000;\">14<\/span><\/p>\n<\/td>\n<td bgcolor=\"#ffffcc\" width=\"245\">\n<p align=\"CENTER\"><span style=\"color: #000000;\"><b><a href=\"https:\/\/nekotsuki-studio.com\/Blog\/wp-content\/uploads\/2019\/10\/La-Fameuse-Invasion-des-Ours-en-Sicile.jpg\"><img loading=\"lazy\" decoding=\"async\" class=\"alignleft wp-image-1200\" src=\"https:\/\/nekotsuki-studio.com\/Blog\/wp-content\/uploads\/2019\/10\/La-Fameuse-Invasion-des-Ours-en-Sicile-221x300.jpg\" alt=\"\" width=\"101\" height=\"137\" srcset=\"https:\/\/nekotsuki-studio.com\/Blog\/wp-content\/uploads\/2019\/10\/La-Fameuse-Invasion-des-Ours-en-Sicile-221x300.jpg 221w, https:\/\/nekotsuki-studio.com\/Blog\/wp-content\/uploads\/2019\/10\/La-Fameuse-Invasion-des-Ours-en-Sicile-768x1041.jpg 768w, https:\/\/nekotsuki-studio.com\/Blog\/wp-content\/uploads\/2019\/10\/La-Fameuse-Invasion-des-Ours-en-Sicile-755x1024.jpg 755w, https:\/\/nekotsuki-studio.com\/Blog\/wp-content\/uploads\/2019\/10\/La-Fameuse-Invasion-des-Ours-en-Sicile.jpg 1180w\" sizes=\"auto, (max-width: 101px) 100vw, 101px\" \/><\/a>\u00a0<a href=\"https:\/\/nekotsuki-studio.com\/Blog\/forum\/box-office\/la-fameuse-invasion-des-ours-au-box-office-qui-a-du-mal-a-gagner-la-bataille-p\/#p9298\">La Fameuse Invasion des Ours en Sicile [\u21b5]<\/a><\/b><\/span><\/p>\n<\/td>\n<td bgcolor=\"#ffffcc\" width=\"63\">\n<p align=\"CENTER\"><span style=\"color: #000000;\">1<\/span><\/p>\n<\/td>\n<td bgcolor=\"#ffffcc\" width=\"53\">\n<p align=\"CENTER\"><span style=\"color: #000000;\">336<\/span><\/p>\n<\/td>\n<td bgcolor=\"#ffffcc\" width=\"94\">\n<p align=\"CENTER\"><span style=\"color: #000000;\">+57.404<\/span><\/p>\n<\/td>\n<td bgcolor=\"#ffffcc\" width=\"71\">\n<p align=\"CENTER\"><span style=\"color: #000000;\">57.404<\/span><\/p>\n<\/td>\n<\/tr>\n<tr valign=\"TOP\">\n<td bgcolor=\"#99ccff\" width=\"19\">\n<p align=\"CENTER\"><span style=\"color: #000000;\"><b>3<\/b><\/span><\/p>\n<\/td>\n<td bgcolor=\"#99ccff\" width=\"39\">\n<p align=\"CENTER\"><span style=\"color: #000000;\">19<\/span><\/p>\n<p align=\"CENTER\"><strong><span style=\"color: #ff0000;\">(-5)<\/span><\/strong><\/p>\n<\/td>\n<td bgcolor=\"#99ccff\" width=\"245\">\n<p align=\"CENTER\"><span style=\"color: #000000;\"><b><a href=\"https:\/\/nekotsuki-studio.com\/Blog\/wp-content\/uploads\/2019\/09\/Le-Roi-Lion-3D.jpg\"><img loading=\"lazy\" decoding=\"async\" class=\"alignleft wp-image-1002\" src=\"https:\/\/nekotsuki-studio.com\/Blog\/wp-content\/uploads\/2019\/09\/Le-Roi-Lion-3D-202x300.jpg\" alt=\"\" width=\"101\" height=\"150\" srcset=\"https:\/\/nekotsuki-studio.com\/Blog\/wp-content\/uploads\/2019\/09\/Le-Roi-Lion-3D-202x300.jpg 202w, https:\/\/nekotsuki-studio.com\/Blog\/wp-content\/uploads\/2019\/09\/Le-Roi-Lion-3D-768x1138.jpg 768w, https:\/\/nekotsuki-studio.com\/Blog\/wp-content\/uploads\/2019\/09\/Le-Roi-Lion-3D-691x1024.jpg 691w, https:\/\/nekotsuki-studio.com\/Blog\/wp-content\/uploads\/2019\/09\/Le-Roi-Lion-3D.jpg 1382w\" sizes=\"auto, (max-width: 101px) 100vw, 101px\" \/><\/a>\u00a0<a href=\"https:\/\/nekotsuki-studio.com\/Blog\/forum\/box-office\/le-roi-lion-3d-succes-inutile-mais-succes-quand-meme-p\/page-2\/#p9297\">Le Roi Lion 3D (2019) [\u21b5]<\/a><\/b><\/span><\/p>\n<\/td>\n<td bgcolor=\"#99ccff\" width=\"63\">\n<p align=\"CENTER\"><span style=\"color: #000000;\">13<\/span><\/p>\n<\/td>\n<td bgcolor=\"#99ccff\" width=\"53\">\n<p align=\"CENTER\"><span style=\"color: #000000;\">298<\/span><\/p>\n<\/td>\n<td bgcolor=\"#99ccff\" width=\"94\">\n<p align=\"CENTER\"><span style=\"color: #000000;\">+24.961<\/span><\/p>\n<p align=\"CENTER\"><span style=\"color: #000000;\">(-47%<\/span> <span style=\"color: #dc2300;\">\u25bc<\/span><span style=\"color: #000000;\">)<\/span><\/p>\n<\/td>\n<td bgcolor=\"#99ccff\" width=\"71\">\n<p align=\"CENTER\"><span style=\"color: #000000;\">9.703.852<\/span><\/p>\n<\/td>\n<\/tr>\n<tr valign=\"TOP\">\n<td bgcolor=\"#ffffcc\" width=\"19\">\n<p align=\"CENTER\"><span style=\"color: #000000;\"><b>4<\/b><\/span><\/p>\n<\/td>\n<td bgcolor=\"#ffffcc\" width=\"39\">\n<p align=\"CENTER\"><span style=\"color: #000000;\">22<\/span><\/p>\n<\/td>\n<td bgcolor=\"#ffffcc\" width=\"245\">\n<p align=\"CENTER\"><span style=\"color: #000000;\"><b><a href=\"https:\/\/nekotsuki-studio.com\/Blog\/wp-content\/uploads\/2019\/10\/La-Grande-Cavale.jpg\"><img loading=\"lazy\" decoding=\"async\" class=\"alignleft wp-image-1201\" src=\"https:\/\/nekotsuki-studio.com\/Blog\/wp-content\/uploads\/2019\/10\/La-Grande-Cavale-225x300.jpg\" alt=\"\" width=\"101\" height=\"135\" srcset=\"https:\/\/nekotsuki-studio.com\/Blog\/wp-content\/uploads\/2019\/10\/La-Grande-Cavale-225x300.jpg 225w, https:\/\/nekotsuki-studio.com\/Blog\/wp-content\/uploads\/2019\/10\/La-Grande-Cavale-768x1024.jpg 768w, https:\/\/nekotsuki-studio.com\/Blog\/wp-content\/uploads\/2019\/10\/La-Grande-Cavale.jpg 1200w\" sizes=\"auto, (max-width: 101px) 100vw, 101px\" \/><\/a>\u00a0<a href=\"https:\/\/nekotsuki-studio.com\/Blog\/forum\/box-office\/jacob-et-les-chiens-bonjour-le-monde-la-grande-cavale-les-petits-outsiders-qui-font-quand-meme-des-scores-_\/#p9294\">La Grande Cavale [\u21b5]<\/a><\/b><\/span><\/p>\n<\/td>\n<td bgcolor=\"#ffffcc\" width=\"63\">\n<p align=\"CENTER\"><span style=\"color: #000000;\">1<\/span><\/p>\n<\/td>\n<td bgcolor=\"#ffffcc\" width=\"53\">\n<p align=\"CENTER\"><span style=\"color: #000000;\">167<\/span><\/p>\n<\/td>\n<td bgcolor=\"#ffffcc\" width=\"94\">\n<p align=\"CENTER\"><span style=\"color: #000000;\">+21.338<\/span><\/p>\n<\/td>\n<td bgcolor=\"#ffffcc\" width=\"71\">\n<p align=\"CENTER\"><span style=\"color: #000000;\">21.338<\/span><\/p>\n<\/td>\n<\/tr>\n<tr valign=\"TOP\">\n<td bgcolor=\"#99ccff\" width=\"19\">\n<p align=\"CENTER\"><span style=\"color: #000000;\"><b>5<\/b><\/span><\/p>\n<\/td>\n<td bgcolor=\"#99ccff\" width=\"39\">\n<p align=\"CENTER\"><span style=\"color: #000000;\">23<\/span><\/p>\n<p align=\"CENTER\"><span style=\"color: #ff0000;\"><strong>(-6)<\/strong><\/span><\/p>\n<\/td>\n<td bgcolor=\"#99ccff\" width=\"245\">\n<p align=\"CENTER\"><span style=\"color: #000000;\"><b><a href=\"https:\/\/nekotsuki-studio.com\/Blog\/wp-content\/uploads\/2019\/09\/Secret-life-of-pets-2-1.jpg\"><img loading=\"lazy\" decoding=\"async\" class=\"alignleft wp-image-1040\" src=\"https:\/\/nekotsuki-studio.com\/Blog\/wp-content\/uploads\/2019\/09\/Secret-life-of-pets-2-1-189x300.jpg\" alt=\"\" width=\"101\" height=\"160\" srcset=\"https:\/\/nekotsuki-studio.com\/Blog\/wp-content\/uploads\/2019\/09\/Secret-life-of-pets-2-1-189x300.jpg 189w, https:\/\/nekotsuki-studio.com\/Blog\/wp-content\/uploads\/2019\/09\/Secret-life-of-pets-2-1-768x1216.jpg 768w, https:\/\/nekotsuki-studio.com\/Blog\/wp-content\/uploads\/2019\/09\/Secret-life-of-pets-2-1-647x1024.jpg 647w, https:\/\/nekotsuki-studio.com\/Blog\/wp-content\/uploads\/2019\/09\/Secret-life-of-pets-2-1.jpg 1293w\" sizes=\"auto, (max-width: 101px) 100vw, 101px\" \/><\/a>\u00a0<a href=\"https:\/\/nekotsuki-studio.com\/Blog\/forum\/box-office\/the-secret-life-of-pets-2-demi-succes-en-devenir\/page-2\/#p9296\">Comme des B\u00eates 2 [\u21b5]<\/a><\/b><\/span><\/p>\n<\/td>\n<td bgcolor=\"#99ccff\" width=\"63\">\n<p align=\"CENTER\"><span style=\"color: #000000;\">11<\/span><\/p>\n<\/td>\n<td bgcolor=\"#99ccff\" width=\"53\">\n<p align=\"CENTER\"><span style=\"color: #000000;\">211<\/span><\/p>\n<\/td>\n<td bgcolor=\"#99ccff\" width=\"94\">\n<p align=\"CENTER\"><span style=\"color: #000000;\">+18.236<\/span><\/p>\n<p align=\"CENTER\"><span style=\"color: #000000;\">(-49%<\/span> <span style=\"color: #dc2300;\">\u25bc<\/span><span style=\"color: #000000;\">)<\/span><\/p>\n<\/td>\n<td bgcolor=\"#99ccff\" width=\"71\">\n<p align=\"CENTER\"><span style=\"color: #000000;\">2.239.768<\/span><\/p>\n<\/td>\n<\/tr>\n<tr valign=\"TOP\">\n<td bgcolor=\"#ccffff\" width=\"19\">\n<p align=\"CENTER\"><span style=\"color: #000000;\"><b>6<\/b><\/span><\/p>\n<\/td>\n<td bgcolor=\"#ccffff\" width=\"39\">\n<p align=\"CENTER\"><span style=\"color: #000000;\">28<\/span><\/p>\n<p align=\"CENTER\"><strong><span style=\"color: #ff0000;\">(-9)<\/span><\/strong><\/p>\n<\/td>\n<td bgcolor=\"#ccffff\" width=\"245\">\n<p align=\"CENTER\"><span style=\"color: #000000;\"><b><a href=\"https:\/\/nekotsuki-studio.com\/Blog\/wp-content\/uploads\/2019\/09\/Les-Hirondelles-de-Kaboul.jpg\"><img loading=\"lazy\" decoding=\"async\" class=\"alignleft wp-image-1039\" src=\"https:\/\/nekotsuki-studio.com\/Blog\/wp-content\/uploads\/2019\/09\/Les-Hirondelles-de-Kaboul-225x300.jpg\" alt=\"\" width=\"101\" height=\"135\" srcset=\"https:\/\/nekotsuki-studio.com\/Blog\/wp-content\/uploads\/2019\/09\/Les-Hirondelles-de-Kaboul-225x300.jpg 225w, https:\/\/nekotsuki-studio.com\/Blog\/wp-content\/uploads\/2019\/09\/Les-Hirondelles-de-Kaboul-768x1024.jpg 768w, https:\/\/nekotsuki-studio.com\/Blog\/wp-content\/uploads\/2019\/09\/Les-Hirondelles-de-Kaboul.jpg 1200w\" sizes=\"auto, (max-width: 101px) 100vw, 101px\" \/><\/a>\u00a0<a href=\"https:\/\/nekotsuki-studio.com\/Blog\/forum\/box-office\/les-hirondelles-de-kaboul-potentiel-porte-drapeau-de-lanimation-adule-en-france\/#p9295\">Les Hirondelles de Kaboul [\u21b5]<\/a><\/b><\/span><\/p>\n<\/td>\n<td bgcolor=\"#ccffff\" width=\"63\">\n<p align=\"CENTER\"><span style=\"color: #000000;\">6<\/span><\/p>\n<\/td>\n<td bgcolor=\"#ccffff\" width=\"53\">\n<p align=\"CENTER\"><span style=\"color: #000000;\">199<\/span><\/p>\n<\/td>\n<td bgcolor=\"#ccffff\" width=\"94\">\n<p align=\"CENTER\"><span style=\"color: #000000;\">+12.953<\/span><\/p>\n<p align=\"CENTER\"><span style=\"color: #000000;\">(-60%<\/span> <span style=\"color: #dc2300;\">\u25bc<\/span><span style=\"color: #000000;\">)<\/span><\/p>\n<\/td>\n<td bgcolor=\"#ccffff\" width=\"71\">\n<p align=\"CENTER\"><span style=\"color: #000000;\">300.052<\/span><\/p>\n<\/td>\n<\/tr>\n<tr valign=\"TOP\">\n<td bgcolor=\"#99ccff\" width=\"19\">\n<p align=\"CENTER\"><span style=\"color: #000000;\"><b>7<\/b><\/span><\/p>\n<\/td>\n<td bgcolor=\"#99ccff\" width=\"39\">\n<p align=\"CENTER\"><span style=\"color: #000000;\">32<\/span><\/p>\n<p align=\"CENTER\">\n<\/td>\n<td bgcolor=\"#99ccff\" width=\"245\">\n<p align=\"CENTER\"><span style=\"color: #000000;\"><b><a href=\"https:\/\/nekotsuki-studio.com\/Blog\/wp-content\/uploads\/2019\/10\/Bonjour-le-Monde.jpg\"><img loading=\"lazy\" decoding=\"async\" class=\"alignleft wp-image-1202\" src=\"https:\/\/nekotsuki-studio.com\/Blog\/wp-content\/uploads\/2019\/10\/Bonjour-le-Monde-229x300.jpg\" alt=\"\" width=\"101\" height=\"132\" srcset=\"https:\/\/nekotsuki-studio.com\/Blog\/wp-content\/uploads\/2019\/10\/Bonjour-le-Monde-229x300.jpg 229w, https:\/\/nekotsuki-studio.com\/Blog\/wp-content\/uploads\/2019\/10\/Bonjour-le-Monde-768x1006.jpg 768w, https:\/\/nekotsuki-studio.com\/Blog\/wp-content\/uploads\/2019\/10\/Bonjour-le-Monde-782x1024.jpg 782w, https:\/\/nekotsuki-studio.com\/Blog\/wp-content\/uploads\/2019\/10\/Bonjour-le-Monde.jpg 1222w\" sizes=\"auto, (max-width: 101px) 100vw, 101px\" \/><\/a>\u00a0<a href=\"https:\/\/nekotsuki-studio.com\/Blog\/forum\/box-office\/jacob-et-les-chiens-bonjour-le-monde-la-grande-cavale-les-petits-outsiders-qui-font-quand-meme-des-scores-_\/#p9294\">Bonjour le Monde ! [\u21b5]<\/a><\/b><\/span><\/p>\n<\/td>\n<td bgcolor=\"#99ccff\" width=\"63\">\n<p align=\"CENTER\"><span style=\"color: #000000;\">2<\/span><\/p>\n<\/td>\n<td bgcolor=\"#99ccff\" width=\"53\">\n<p align=\"CENTER\"><span style=\"color: #000000;\">96<\/span><\/p>\n<\/td>\n<td bgcolor=\"#99ccff\" width=\"94\">\n<p align=\"CENTER\"><span style=\"color: #000000;\">+6198<\/span><\/p>\n<\/td>\n<td bgcolor=\"#99ccff\" width=\"71\">\n<p align=\"CENTER\"><span style=\"color: #000000;\">14.619<\/span><\/p>\n<\/td>\n<\/tr>\n<tr valign=\"TOP\">\n<td bgcolor=\"#ffffcc\" width=\"19\">\n<p align=\"CENTER\"><span style=\"color: #000000;\"><b>8<\/b><\/span><\/p>\n<\/td>\n<td bgcolor=\"#ffffcc\" width=\"39\">\n<p align=\"CENTER\"><span style=\"color: #000000;\">33<\/span><\/p>\n<\/td>\n<td bgcolor=\"#ffffcc\" width=\"245\">\n<p align=\"CENTER\"><span style=\"color: #000000;\"><b><a href=\"https:\/\/nekotsuki-studio.com\/Blog\/wp-content\/uploads\/2019\/10\/Jacob-et-les-Chiens-qui-Parlent.jpg\"><img loading=\"lazy\" decoding=\"async\" class=\"alignleft wp-image-1203\" src=\"https:\/\/nekotsuki-studio.com\/Blog\/wp-content\/uploads\/2019\/10\/Jacob-et-les-Chiens-qui-Parlent-225x300.jpg\" alt=\"\" width=\"101\" height=\"135\" srcset=\"https:\/\/nekotsuki-studio.com\/Blog\/wp-content\/uploads\/2019\/10\/Jacob-et-les-Chiens-qui-Parlent-225x300.jpg 225w, https:\/\/nekotsuki-studio.com\/Blog\/wp-content\/uploads\/2019\/10\/Jacob-et-les-Chiens-qui-Parlent-768x1024.jpg 768w, https:\/\/nekotsuki-studio.com\/Blog\/wp-content\/uploads\/2019\/10\/Jacob-et-les-Chiens-qui-Parlent.jpg 1200w\" sizes=\"auto, (max-width: 101px) 100vw, 101px\" \/><\/a>\u00a0<a href=\"https:\/\/nekotsuki-studio.com\/Blog\/forum\/box-office\/jacob-et-les-chiens-bonjour-le-monde-la-grande-cavale-les-petits-outsiders-qui-font-quand-meme-des-scores-_\/#p9294\">Jacob et les Chiens qui Parlent [\u21b5]<\/a><\/b><\/span><\/p>\n<\/td>\n<td bgcolor=\"#ffffcc\" width=\"63\">\n<p align=\"CENTER\"><span style=\"color: #000000;\">1<\/span><\/p>\n<\/td>\n<td bgcolor=\"#ffffcc\" width=\"53\">\n<p align=\"CENTER\"><span style=\"color: #000000;\">58<\/span><\/p>\n<\/td>\n<td bgcolor=\"#ffffcc\" width=\"94\">\n<p align=\"CENTER\"><span style=\"color: #000000;\">+5023<\/span><\/p>\n<\/td>\n<td bgcolor=\"#ffffcc\" width=\"71\">\n<p align=\"CENTER\"><span style=\"color: #000000;\">5023<\/span><\/p>\n<\/td>\n<\/tr>\n<tr valign=\"TOP\">\n<td bgcolor=\"#99ccff\" width=\"19\">\n<p align=\"CENTER\"><span style=\"color: #000000;\"><b>9<\/b><\/span><\/p>\n<\/td>\n<td bgcolor=\"#99ccff\" width=\"39\">\n<p align=\"CENTER\"><span style=\"color: #000000;\">38<\/span><\/p>\n<p align=\"CENTER\"><strong><span style=\"color: #ff0000;\">(-13)<\/span><\/strong><\/p>\n<\/td>\n<td bgcolor=\"#99ccff\" width=\"245\">\n<p align=\"CENTER\"><span style=\"color: #000000;\"><b><a href=\"https:\/\/nekotsuki-studio.com\/Blog\/wp-content\/uploads\/2019\/09\/Toy-Story-4.jpg\"><img loading=\"lazy\" decoding=\"async\" class=\"alignleft wp-image-1006\" src=\"https:\/\/nekotsuki-studio.com\/Blog\/wp-content\/uploads\/2019\/09\/Toy-Story-4-202x300.jpg\" alt=\"\" width=\"101\" height=\"150\" srcset=\"https:\/\/nekotsuki-studio.com\/Blog\/wp-content\/uploads\/2019\/09\/Toy-Story-4-202x300.jpg 202w, https:\/\/nekotsuki-studio.com\/Blog\/wp-content\/uploads\/2019\/09\/Toy-Story-4-768x1138.jpg 768w, https:\/\/nekotsuki-studio.com\/Blog\/wp-content\/uploads\/2019\/09\/Toy-Story-4-691x1024.jpg 691w, https:\/\/nekotsuki-studio.com\/Blog\/wp-content\/uploads\/2019\/09\/Toy-Story-4.jpg 1086w\" sizes=\"auto, (max-width: 101px) 100vw, 101px\" \/><\/a>\u00a0Toy Story 4<\/b><\/span><\/p>\n<\/td>\n<td bgcolor=\"#99ccff\" width=\"63\">\n<p align=\"CENTER\"><span style=\"color: #000000;\">16<\/span><\/p>\n<\/td>\n<td bgcolor=\"#99ccff\" width=\"53\">\n<p align=\"CENTER\"><span style=\"color: #000000;\">64<\/span><\/p>\n<\/td>\n<td bgcolor=\"#99ccff\" width=\"94\">\n<p align=\"CENTER\"><span style=\"color: #000000;\">+3800<\/span><\/p>\n<p align=\"CENTER\"><span style=\"color: #000000;\">(-61%<\/span> <span style=\"color: #dc2300;\">\u25bc<\/span><span style=\"color: #000000;\">)<\/span><\/p>\n<\/td>\n<td bgcolor=\"#99ccff\" width=\"71\">\n<p align=\"CENTER\"><span style=\"color: #000000;\">4.452.462<\/span><\/p>\n<\/td>\n<\/tr>\n<tr valign=\"TOP\">\n<td bgcolor=\"#ccffff\" width=\"19\">\n<p align=\"CENTER\"><span style=\"color: #000000;\"><b>10<\/b><\/span><\/p>\n<\/td>\n<td bgcolor=\"#ccffff\" width=\"39\">\n<p align=\"CENTER\"><span style=\"color: #000000;\">65<\/span><\/p>\n<p align=\"CENTER\"><strong><span style=\"color: #ff0000;\">(-14)<\/span><\/strong><\/p>\n<\/td>\n<td bgcolor=\"#ccffff\" width=\"245\">\n<p align=\"CENTER\"><span style=\"color: #000000;\"><b><a href=\"https:\/\/nekotsuki-studio.com\/Blog\/wp-content\/uploads\/2019\/09\/Penguin-Highway.jpg\"><img loading=\"lazy\" decoding=\"async\" class=\"alignleft wp-image-1042\" src=\"https:\/\/nekotsuki-studio.com\/Blog\/wp-content\/uploads\/2019\/09\/Penguin-Highway-220x300.jpg\" alt=\"\" width=\"101\" height=\"138\" srcset=\"https:\/\/nekotsuki-studio.com\/Blog\/wp-content\/uploads\/2019\/09\/Penguin-Highway-220x300.jpg 220w, https:\/\/nekotsuki-studio.com\/Blog\/wp-content\/uploads\/2019\/09\/Penguin-Highway-768x1046.jpg 768w, https:\/\/nekotsuki-studio.com\/Blog\/wp-content\/uploads\/2019\/09\/Penguin-Highway-752x1024.jpg 752w, https:\/\/nekotsuki-studio.com\/Blog\/wp-content\/uploads\/2019\/09\/Penguin-Highway.jpg 1175w\" sizes=\"auto, (max-width: 101px) 100vw, 101px\" \/><\/a>\u00a0<a href=\"https:\/\/nekotsuki-studio.com\/Blog\/forum\/box-office\/le-mystere-des-ping-ou-comment-penguin-highway-aura-ete-maltraite-de-toutes-les-facons-en-france\/#p9293\">Le Myst\u00e8re des Ping[&#8230;] [\u21b5]<\/a><\/b><\/span><\/p>\n<\/td>\n<td bgcolor=\"#ccffff\" width=\"63\">\n<p align=\"CENTER\"><span style=\"color: #000000;\">9<\/span><\/p>\n<\/td>\n<td bgcolor=\"#ccffff\" width=\"53\">\n<p align=\"CENTER\"><span style=\"color: #000000;\">36<\/span><\/p>\n<\/td>\n<td bgcolor=\"#ccffff\" width=\"94\">\n<p align=\"CENTER\"><span style=\"color: #000000;\">+681<\/span><\/p>\n<p align=\"CENTER\"><span style=\"color: #000000;\">(-58%<\/span> <span style=\"color: #dc2300;\">\u25bc<\/span><span style=\"color: #000000;\">)<\/span><\/p>\n<\/td>\n<td bgcolor=\"#ccffff\" width=\"71\">\n<p align=\"CENTER\"><span style=\"color: #000000;\">45.975<\/span><\/p>\n<\/td>\n<\/tr>\n<tr valign=\"TOP\">\n<td bgcolor=\"#99ccff\" width=\"19\">\n<p align=\"CENTER\"><span style=\"color: #000000;\"><b>11<\/b><\/span><\/p>\n<\/td>\n<td bgcolor=\"#99ccff\" width=\"39\">\n<p align=\"CENTER\"><span style=\"color: #000000;\">?<\/span><\/p>\n<\/td>\n<td bgcolor=\"#99ccff\" width=\"245\">\n<p align=\"CENTER\"><span style=\"color: #000000;\"><b><a href=\"https:\/\/nekotsuki-studio.com\/Blog\/wp-content\/uploads\/2019\/09\/Playmobil.jpg\"><img loading=\"lazy\" decoding=\"async\" class=\"alignleft wp-image-1041\" src=\"https:\/\/nekotsuki-studio.com\/Blog\/wp-content\/uploads\/2019\/09\/Playmobil-220x300.jpg\" alt=\"\" width=\"101\" height=\"138\" srcset=\"https:\/\/nekotsuki-studio.com\/Blog\/wp-content\/uploads\/2019\/09\/Playmobil-220x300.jpg 220w, https:\/\/nekotsuki-studio.com\/Blog\/wp-content\/uploads\/2019\/09\/Playmobil-768x1046.jpg 768w, https:\/\/nekotsuki-studio.com\/Blog\/wp-content\/uploads\/2019\/09\/Playmobil-752x1024.jpg 752w, https:\/\/nekotsuki-studio.com\/Blog\/wp-content\/uploads\/2019\/09\/Playmobil.jpg 1175w\" sizes=\"auto, (max-width: 101px) 100vw, 101px\" \/><\/a>\u00a0<a href=\"https:\/\/nekotsuki-studio.com\/Blog\/forum\/box-office\/playmobil-le-folp-euh-le-film-p\/#p9300\">Playmobil, Le Film [\u21b5]<\/a><\/b><\/span><\/p>\n<\/td>\n<td bgcolor=\"#99ccff\" width=\"63\">\n<p align=\"CENTER\"><span style=\"color: #000000;\">10<\/span><\/p>\n<\/td>\n<td bgcolor=\"#99ccff\" width=\"53\">\n<p align=\"CENTER\"><span style=\"color: #000000;\">?<\/span><\/p>\n<\/td>\n<td bgcolor=\"#99ccff\" width=\"94\">\n<p align=\"CENTER\"><span style=\"color: #000000;\">+512<\/span><\/p>\n<p align=\"CENTER\"><span style=\"color: #000000;\">(-66%<\/span> <span style=\"color: #dc2300;\">\u25bc<\/span><span style=\"color: #000000;\">)<\/span><\/p>\n<\/td>\n<td bgcolor=\"#99ccff\" width=\"71\">\n<p align=\"CENTER\"><span style=\"color: #000000;\">366.898<\/span><\/p>\n<\/td>\n<\/tr>\n<\/tbody>\n<\/table>\n","protected":false},"excerpt":{"rendered":"<p>Box Office France Animation \/ VFX : 2019 &#8211; Semaine 41 (09\/10 &#8211; 15\/10) \u21d0\u00a0Semaine pr\u00e9c\u00e9dente &#8211; (Retour \u00e0 l&rsquo;accueil \u21b5) &#8211; Semaine Suivante \u21d2 Pour lire l&rsquo;analyse des chiffres, cliquez sur les titres de film suivis d&rsquo;un [\u21b5] n\u00b0 &hellip; <a href=\"https:\/\/nekotsuki-studio.com\/Blog\/bo-2019-f-41\/\">Continued<\/a><\/p>\n","protected":false},"author":1,"featured_media":0,"parent":0,"menu_order":0,"comment_status":"closed","ping_status":"closed","template":"","meta":{"footnotes":""},"class_list":["post-1199","page","type-page","status-publish","hentry"],"jetpack_sharing_enabled":true,"_links":{"self":[{"href":"https:\/\/nekotsuki-studio.com\/Blog\/wp-json\/wp\/v2\/pages\/1199","targetHints":{"allow":["GET"]}}],"collection":[{"href":"https:\/\/nekotsuki-studio.com\/Blog\/wp-json\/wp\/v2\/pages"}],"about":[{"href":"https:\/\/nekotsuki-studio.com\/Blog\/wp-json\/wp\/v2\/types\/page"}],"author":[{"embeddable":true,"href":"https:\/\/nekotsuki-studio.com\/Blog\/wp-json\/wp\/v2\/users\/1"}],"replies":[{"embeddable":true,"href":"https:\/\/nekotsuki-studio.com\/Blog\/wp-json\/wp\/v2\/comments?post=1199"}],"version-history":[{"count":6,"href":"https:\/\/nekotsuki-studio.com\/Blog\/wp-json\/wp\/v2\/pages\/1199\/revisions"}],"predecessor-version":[{"id":1543,"href":"https:\/\/nekotsuki-studio.com\/Blog\/wp-json\/wp\/v2\/pages\/1199\/revisions\/1543"}],"wp:attachment":[{"href":"https:\/\/nekotsuki-studio.com\/Blog\/wp-json\/wp\/v2\/media?parent=1199"}],"curies":[{"name":"wp","href":"https:\/\/api.w.org\/{rel}","templated":true}]}}