{"id":1166,"date":"2019-10-09T19:49:13","date_gmt":"2019-10-09T17:49:13","guid":{"rendered":"https:\/\/nekotsuki-studio.com\/Blog\/?page_id=1166"},"modified":"2020-02-19T13:08:13","modified_gmt":"2020-02-19T12:08:13","slug":"bo-2019-w-39","status":"publish","type":"page","link":"https:\/\/nekotsuki-studio.com\/Blog\/bo-2019-w-39\/","title":{"rendered":"BO-2019-W-39"},"content":{"rendered":"<p style=\"text-align: center;\" align=\"CENTER\"><span style=\"font-size: large; color: #99ccff;\"><b>Box Office Mondial Animation \/ VFX :<\/b><\/span><\/p>\n<p style=\"text-align: center;\" align=\"CENTER\"><span style=\"font-size: large; color: #99ccff;\"><b>2019 &#8211; Semaine 39 (27\/09 \u2013 03\/10)<\/b><\/span><\/p>\n<p style=\"text-align: center;\" align=\"CENTER\"><span style=\"color: #ccffff;\"><a style=\"color: #ccffff;\" href=\"https:\/\/nekotsuki-studio.com\/Blog\/bo-2019-w-38\/\"><strong>\u21d0\u00a0Semaine pr\u00e9c\u00e9dente<\/strong><\/a> &#8211; (<a style=\"color: #ccffff;\" href=\"https:\/\/nekotsuki-studio.com\/Blog\/box-office-accueil\/\">Retour \u00e0 l&rsquo;accueil \u21b5<\/a>) &#8211; <a style=\"color: #ccffff;\" href=\"https:\/\/nekotsuki-studio.com\/Blog\/bo-2019-w-40\/\"><strong>Semaine Suivante \u21d2<\/strong><\/a><\/span><\/p>\n<p align=\"CENTER\"><span style=\"color: #99ccff;\">Pour lire l&rsquo;analyse des chiffres, cliquez sur les titres de film suivis d&rsquo;un <strong><span style=\"color: #ccffff;\">[\u21b5]<\/span><\/strong><\/span><\/p>\n<table border=\"1\" width=\"642\" cellspacing=\"0\" cellpadding=\"4\">\n<colgroup>\n<col width=\"17\" \/>\n<col width=\"251\" \/>\n<col width=\"67\" \/>\n<col width=\"99\" \/>\n<col width=\"167\" \/> <\/colgroup>\n<tbody>\n<tr valign=\"TOP\">\n<td bgcolor=\"#00b8ff\" width=\"17\">\n<p align=\"CENTER\"><span style=\"color: #000000;\"><b>n\u00b0<\/b><\/span><\/p>\n<\/td>\n<td bgcolor=\"#00b8ff\" width=\"251\">\n<p align=\"CENTER\"><span style=\"color: #000000;\"><b>Titre<\/b><\/span><\/p>\n<\/td>\n<td bgcolor=\"#00b8ff\" width=\"67\">\n<p align=\"CENTER\"><span style=\"color: #000000;\"><b>Semaine<\/b><\/span><\/p>\n<\/td>\n<td bgcolor=\"#00b8ff\" width=\"99\">\n<p align=\"CENTER\"><span style=\"color: #000000;\"><b>\u00c9volution<\/b><\/span><\/p>\n<p align=\"CENTER\"><span style=\"color: #000000;\"><b>(millions de $)<\/b><\/span><\/p>\n<\/td>\n<td bgcolor=\"#00b8ff\" width=\"167\">\n<p align=\"CENTER\"><span style=\"color: #000000;\"><b>Score mondial<\/b><\/span><\/p>\n<\/td>\n<\/tr>\n<tr valign=\"TOP\">\n<td bgcolor=\"#99ccff\" width=\"17\">\n<p align=\"CENTER\"><span style=\"color: #000000;\">1<\/span><\/p>\n<\/td>\n<td bgcolor=\"#99ccff\" width=\"251\">\n<p align=\"CENTER\"><span style=\"color: #000000;\"><b><a href=\"https:\/\/nekotsuki-studio.com\/Blog\/wp-content\/uploads\/2019\/10\/Abominable.jpg\"><img loading=\"lazy\" decoding=\"async\" class=\"alignleft wp-image-1140\" src=\"https:\/\/nekotsuki-studio.com\/Blog\/wp-content\/uploads\/2019\/10\/Abominable-190x300.jpg\" alt=\"\" width=\"101\" height=\"160\" srcset=\"https:\/\/nekotsuki-studio.com\/Blog\/wp-content\/uploads\/2019\/10\/Abominable-190x300.jpg 190w, https:\/\/nekotsuki-studio.com\/Blog\/wp-content\/uploads\/2019\/10\/Abominable-768x1216.jpg 768w, https:\/\/nekotsuki-studio.com\/Blog\/wp-content\/uploads\/2019\/10\/Abominable-647x1024.jpg 647w, https:\/\/nekotsuki-studio.com\/Blog\/wp-content\/uploads\/2019\/10\/Abominable.jpg 1895w\" sizes=\"auto, (max-width: 101px) 100vw, 101px\" \/><\/a>\u00a0<a href=\"https:\/\/nekotsuki-studio.com\/Blog\/forum\/box-office\/abominable-confirmation-de-la-serie-de-mauvais-resultats-us-ou-surprise-potentielle\/#p9265\">Abominable\u21b5<\/a><\/b><\/span><\/p>\n<\/td>\n<td bgcolor=\"#99ccff\" width=\"67\">\n<p align=\"CENTER\"><span style=\"color: #000000;\">2<\/span><\/p>\n<\/td>\n<td bgcolor=\"#99ccff\" width=\"99\">\n<p align=\"CENTER\"><span style=\"color: #000000;\">+46<\/span><\/p>\n<\/td>\n<td bgcolor=\"#99ccff\" width=\"167\">\n<p align=\"CENTER\"><span style=\"color: #000000;\">78 millions de $<\/span><\/p>\n<\/td>\n<\/tr>\n<tr valign=\"TOP\">\n<td bgcolor=\"#ccffff\" width=\"17\">\n<p align=\"CENTER\"><span style=\"color: #000000;\">2<\/span><\/p>\n<\/td>\n<td bgcolor=\"#ccffff\" width=\"251\">\n<p align=\"CENTER\"><span style=\"color: #000000;\"><b><a href=\"https:\/\/nekotsuki-studio.com\/Blog\/wp-content\/uploads\/2019\/09\/Ad-Astra.jpg\"><img loading=\"lazy\" decoding=\"async\" class=\"alignleft wp-image-1121\" src=\"https:\/\/nekotsuki-studio.com\/Blog\/wp-content\/uploads\/2019\/09\/Ad-Astra-203x300.jpg\" alt=\"\" width=\"101\" height=\"150\" srcset=\"https:\/\/nekotsuki-studio.com\/Blog\/wp-content\/uploads\/2019\/09\/Ad-Astra-203x300.jpg 203w, https:\/\/nekotsuki-studio.com\/Blog\/wp-content\/uploads\/2019\/09\/Ad-Astra-768x1138.jpg 768w, https:\/\/nekotsuki-studio.com\/Blog\/wp-content\/uploads\/2019\/09\/Ad-Astra-691x1024.jpg 691w, https:\/\/nekotsuki-studio.com\/Blog\/wp-content\/uploads\/2019\/09\/Ad-Astra.jpg 2025w\" sizes=\"auto, (max-width: 101px) 100vw, 101px\" \/><\/a>\u00a0<a href=\"https:\/\/nekotsuki-studio.com\/Blog\/forum\/box-office\/ad-astra-sf-pas-blockbuster-se-cherche-une-petite-place-au-box-office-p\/#p9264\">Ad Astra\u21b5<\/a><\/b><\/span><\/p>\n<\/td>\n<td bgcolor=\"#ccffff\" width=\"67\">\n<p align=\"CENTER\"><span style=\"color: #000000;\">3<\/span><\/p>\n<\/td>\n<td bgcolor=\"#ccffff\" width=\"99\">\n<p align=\"CENTER\"><span style=\"color: #000000;\">+21<\/span><\/p>\n<\/td>\n<td bgcolor=\"#ccffff\" width=\"167\">\n<p align=\"CENTER\"><span style=\"color: #000000;\">111 millions de $<\/span><\/p>\n<\/td>\n<\/tr>\n<tr valign=\"TOP\">\n<td bgcolor=\"#99ccff\" width=\"17\">\n<p align=\"CENTER\"><span style=\"color: #000000;\">3<\/span><\/p>\n<\/td>\n<td bgcolor=\"#99ccff\" width=\"251\">\n<p align=\"CENTER\"><span style=\"color: #000000;\"><b><a href=\"https:\/\/nekotsuki-studio.com\/Blog\/wp-content\/uploads\/2019\/09\/Le-Roi-Lion-3D.jpg\"><img loading=\"lazy\" decoding=\"async\" class=\"alignleft wp-image-1002\" src=\"https:\/\/nekotsuki-studio.com\/Blog\/wp-content\/uploads\/2019\/09\/Le-Roi-Lion-3D-202x300.jpg\" alt=\"\" width=\"101\" height=\"150\" srcset=\"https:\/\/nekotsuki-studio.com\/Blog\/wp-content\/uploads\/2019\/09\/Le-Roi-Lion-3D-202x300.jpg 202w, https:\/\/nekotsuki-studio.com\/Blog\/wp-content\/uploads\/2019\/09\/Le-Roi-Lion-3D-768x1138.jpg 768w, https:\/\/nekotsuki-studio.com\/Blog\/wp-content\/uploads\/2019\/09\/Le-Roi-Lion-3D-691x1024.jpg 691w, https:\/\/nekotsuki-studio.com\/Blog\/wp-content\/uploads\/2019\/09\/Le-Roi-Lion-3D.jpg 1382w\" sizes=\"auto, (max-width: 101px) 100vw, 101px\" \/><\/a>\u00a0<a href=\"https:\/\/nekotsuki-studio.com\/Blog\/forum\/box-office\/le-roi-lion-3d-succes-inutile-mais-succes-quand-meme-p\/page-2\/#p9263\">Le Roi Lion 3D (2019)\u21b5<\/a><\/b><\/span><\/p>\n<\/td>\n<td bgcolor=\"#99ccff\" width=\"67\">\n<p align=\"CENTER\"><span style=\"color: #000000;\">12<\/span><\/p>\n<\/td>\n<td bgcolor=\"#99ccff\" width=\"99\">\n<p align=\"CENTER\"><span style=\"color: #000000;\">+5.5<\/span><\/p>\n<\/td>\n<td bgcolor=\"#99ccff\" width=\"167\">\n<p align=\"CENTER\"><span style=\"color: #000000;\">1.646.066.191$<\/span><\/p>\n<\/td>\n<\/tr>\n<tr valign=\"TOP\">\n<td bgcolor=\"#ccffff\" width=\"17\">\n<p align=\"CENTER\"><span style=\"color: #000000;\">4<\/span><\/p>\n<\/td>\n<td bgcolor=\"#ccffff\" width=\"251\">\n<p align=\"CENTER\"><span style=\"color: #000000;\"><b><a href=\"https:\/\/nekotsuki-studio.com\/Blog\/wp-content\/uploads\/2019\/09\/Angry-Birds-2.jpg\"><img loading=\"lazy\" decoding=\"async\" class=\"alignleft wp-image-1005\" src=\"https:\/\/nekotsuki-studio.com\/Blog\/wp-content\/uploads\/2019\/09\/Angry-Birds-2-202x300.jpg\" alt=\"\" width=\"101\" height=\"150\" srcset=\"https:\/\/nekotsuki-studio.com\/Blog\/wp-content\/uploads\/2019\/09\/Angry-Birds-2-202x300.jpg 202w, https:\/\/nekotsuki-studio.com\/Blog\/wp-content\/uploads\/2019\/09\/Angry-Birds-2.jpg 674w\" sizes=\"auto, (max-width: 101px) 100vw, 101px\" \/><\/a>\u00a0<a href=\"https:\/\/nekotsuki-studio.com\/Blog\/forum\/box-office\/the-angry-birds-2-un-flop-de-plus-pour-le-cinema-danimation-us-cette-annee-p\/#p9261\">The Angry Birds Movie 2\u21b5<\/a><\/b><\/span><\/p>\n<\/td>\n<td bgcolor=\"#ccffff\" width=\"67\">\n<p align=\"CENTER\"><span style=\"color: #000000;\">8<\/span><\/p>\n<\/td>\n<td bgcolor=\"#ccffff\" width=\"99\">\n<p align=\"CENTER\"><span style=\"color: #000000;\">+7<\/span><\/p>\n<\/td>\n<td bgcolor=\"#ccffff\" width=\"167\">\n<p align=\"CENTER\"><span style=\"color: #000000;\">131 millions de $<\/span><\/p>\n<\/td>\n<\/tr>\n<tr valign=\"TOP\">\n<td bgcolor=\"#99ccff\" width=\"17\">\n<p align=\"CENTER\"><span style=\"color: #000000;\">5<\/span><\/p>\n<\/td>\n<td bgcolor=\"#99ccff\" width=\"251\">\n<p align=\"CENTER\"><span style=\"color: #000000;\"><b><a href=\"https:\/\/nekotsuki-studio.com\/Blog\/wp-content\/uploads\/2019\/09\/Toy-Story-4.jpg\"><img loading=\"lazy\" decoding=\"async\" class=\"alignleft wp-image-1006\" src=\"https:\/\/nekotsuki-studio.com\/Blog\/wp-content\/uploads\/2019\/09\/Toy-Story-4-202x300.jpg\" alt=\"\" width=\"101\" height=\"150\" srcset=\"https:\/\/nekotsuki-studio.com\/Blog\/wp-content\/uploads\/2019\/09\/Toy-Story-4-202x300.jpg 202w, https:\/\/nekotsuki-studio.com\/Blog\/wp-content\/uploads\/2019\/09\/Toy-Story-4-768x1138.jpg 768w, https:\/\/nekotsuki-studio.com\/Blog\/wp-content\/uploads\/2019\/09\/Toy-Story-4-691x1024.jpg 691w, https:\/\/nekotsuki-studio.com\/Blog\/wp-content\/uploads\/2019\/09\/Toy-Story-4.jpg 1086w\" sizes=\"auto, (max-width: 101px) 100vw, 101px\" \/><\/a>\u00a0<a href=\"https:\/\/nekotsuki-studio.com\/Blog\/forum\/box-office\/toy-story-4-demarre-tres-fort-_\/page-2\/#p9262\">Toy Story 4\u21b5<\/a><\/b><\/span><\/p>\n<\/td>\n<td bgcolor=\"#99ccff\" width=\"67\">\n<p align=\"CENTER\"><span style=\"color: #000000;\">16<\/span><\/p>\n<\/td>\n<td bgcolor=\"#99ccff\" width=\"99\">\n<p align=\"CENTER\"><span style=\"color: #000000;\">+2<\/span><\/p>\n<\/td>\n<td bgcolor=\"#99ccff\" width=\"167\">\n<p align=\"CENTER\"><span style=\"color: #000000;\">1.068.104.443$<\/span><\/p>\n<\/td>\n<\/tr>\n<tr valign=\"TOP\">\n<td bgcolor=\"#ccffff\" width=\"17\">\n<p align=\"CENTER\"><span style=\"color: #000000;\">6<\/span><\/p>\n<\/td>\n<td bgcolor=\"#ccffff\" width=\"251\">\n<p align=\"CENTER\"><span style=\"color: #000000;\"><b><a href=\"https:\/\/nekotsuki-studio.com\/Blog\/wp-content\/uploads\/2019\/09\/Spider-Man-Far-From-Home.jpg\"><img loading=\"lazy\" decoding=\"async\" class=\"alignleft wp-image-1007\" src=\"https:\/\/nekotsuki-studio.com\/Blog\/wp-content\/uploads\/2019\/09\/Spider-Man-Far-From-Home-202x300.jpg\" alt=\"\" width=\"101\" height=\"150\" srcset=\"https:\/\/nekotsuki-studio.com\/Blog\/wp-content\/uploads\/2019\/09\/Spider-Man-Far-From-Home-202x300.jpg 202w, https:\/\/nekotsuki-studio.com\/Blog\/wp-content\/uploads\/2019\/09\/Spider-Man-Far-From-Home.jpg 674w\" sizes=\"auto, (max-width: 101px) 100vw, 101px\" \/><\/a>\u00a0<a href=\"https:\/\/nekotsuki-studio.com\/Blog\/forum\/box-office\/spider-man-far-from-home-le-mcu-en-pleine-forme-p\/page-2\/#p9260\">Spider-man Far From Home\u21b5<\/a><\/b><\/span><\/p>\n<\/td>\n<td bgcolor=\"#ccffff\" width=\"67\">\n<p align=\"CENTER\"><span style=\"color: #000000;\">14<\/span><\/p>\n<\/td>\n<td bgcolor=\"#ccffff\" width=\"99\">\n<p align=\"CENTER\"><span style=\"color: #000000;\">+0.38<\/span><\/p>\n<\/td>\n<td bgcolor=\"#ccffff\" width=\"167\">\n<p align=\"CENTER\"><span style=\"color: #000000;\">1.131.401.009$<\/span><\/p>\n<\/td>\n<\/tr>\n<tr valign=\"TOP\">\n<td bgcolor=\"#99ccff\" width=\"17\">\n<p align=\"CENTER\"><span style=\"color: #000000;\">7<\/span><\/p>\n<\/td>\n<td bgcolor=\"#99ccff\" width=\"251\">\n<p align=\"CENTER\"><span style=\"color: #000000;\"><b><a href=\"https:\/\/nekotsuki-studio.com\/Blog\/wp-content\/uploads\/2019\/09\/Aladdin-2019.jpg\"><img loading=\"lazy\" decoding=\"async\" class=\"alignleft wp-image-1011\" src=\"https:\/\/nekotsuki-studio.com\/Blog\/wp-content\/uploads\/2019\/09\/Aladdin-2019-202x300.jpg\" alt=\"\" width=\"101\" height=\"150\" srcset=\"https:\/\/nekotsuki-studio.com\/Blog\/wp-content\/uploads\/2019\/09\/Aladdin-2019-202x300.jpg 202w, https:\/\/nekotsuki-studio.com\/Blog\/wp-content\/uploads\/2019\/09\/Aladdin-2019-768x1138.jpg 768w, https:\/\/nekotsuki-studio.com\/Blog\/wp-content\/uploads\/2019\/09\/Aladdin-2019-691x1024.jpg 691w, https:\/\/nekotsuki-studio.com\/Blog\/wp-content\/uploads\/2019\/09\/Aladdin-2019.jpg 1382w\" sizes=\"auto, (max-width: 101px) 100vw, 101px\" \/><\/a>\u00a0<a href=\"https:\/\/nekotsuki-studio.com\/Blog\/forum\/box-office\/aladdin-action-live-un-rare-succes-pour-les-reboot-disney-p\/page-2\/#p9258\">Aladdin\u21b5<\/a><\/b><\/span><\/p>\n<\/td>\n<td bgcolor=\"#99ccff\" width=\"67\">\n<p align=\"CENTER\"><span style=\"color: #000000;\">19<\/span><\/p>\n<\/td>\n<td bgcolor=\"#99ccff\" width=\"99\">\n<p align=\"CENTER\"><span style=\"color: #000000;\">+0.23<\/span><\/p>\n<\/td>\n<td bgcolor=\"#99ccff\" width=\"167\">\n<p align=\"CENTER\"><span style=\"color: #000000;\">1.050.448.001$<\/span><\/p>\n<\/td>\n<\/tr>\n<tr valign=\"TOP\">\n<td bgcolor=\"#ccffff\" width=\"17\">\n<p align=\"CENTER\"><span style=\"color: #000000;\">8<\/span><\/p>\n<\/td>\n<td bgcolor=\"#ccffff\" width=\"251\">\n<p align=\"CENTER\"><span style=\"color: #000000;\"><b><a href=\"https:\/\/nekotsuki-studio.com\/Blog\/wp-content\/uploads\/2019\/09\/Promare.jpg\"><img loading=\"lazy\" decoding=\"async\" class=\"alignleft wp-image-1045\" src=\"https:\/\/nekotsuki-studio.com\/Blog\/wp-content\/uploads\/2019\/09\/Promare-212x300.jpg\" alt=\"\" width=\"101\" height=\"143\" srcset=\"https:\/\/nekotsuki-studio.com\/Blog\/wp-content\/uploads\/2019\/09\/Promare-212x300.jpg 212w, https:\/\/nekotsuki-studio.com\/Blog\/wp-content\/uploads\/2019\/09\/Promare-768x1086.jpg 768w, https:\/\/nekotsuki-studio.com\/Blog\/wp-content\/uploads\/2019\/09\/Promare-724x1024.jpg 724w, https:\/\/nekotsuki-studio.com\/Blog\/wp-content\/uploads\/2019\/09\/Promare.jpg 1131w\" sizes=\"auto, (max-width: 101px) 100vw, 101px\" \/><\/a>\u00a0<a href=\"https:\/\/nekotsuki-studio.com\/Blog\/forum\/box-office\/promare-les-chiffres-du-box-office-en-france-en-quelque-sorte-p\/#p9259\">PROMARE\u21b5<\/a><\/b><\/span><\/p>\n<\/td>\n<td bgcolor=\"#ccffff\" width=\"67\">\n<p align=\"CENTER\"><span style=\"color: #000000;\">10<\/span><\/p>\n<\/td>\n<td bgcolor=\"#ccffff\" width=\"99\">\n<p align=\"CENTER\"><span style=\"color: #000000;\">+0.17<\/span><\/p>\n<\/td>\n<td bgcolor=\"#ccffff\" width=\"167\">\n<p align=\"CENTER\"><span style=\"color: #000000;\">11.8 millions de $<\/span><\/p>\n<\/td>\n<\/tr>\n<\/tbody>\n<\/table>\n","protected":false},"excerpt":{"rendered":"<p>Box Office Mondial Animation \/ VFX : 2019 &#8211; Semaine 39 (27\/09 \u2013 03\/10) \u21d0\u00a0Semaine pr\u00e9c\u00e9dente &#8211; (Retour \u00e0 l&rsquo;accueil \u21b5) &#8211; Semaine Suivante \u21d2 Pour lire l&rsquo;analyse des chiffres, cliquez sur les titres de film suivis d&rsquo;un [\u21b5] n\u00b0 &hellip; <a href=\"https:\/\/nekotsuki-studio.com\/Blog\/bo-2019-w-39\/\">Continued<\/a><\/p>\n","protected":false},"author":1,"featured_media":0,"parent":0,"menu_order":0,"comment_status":"closed","ping_status":"closed","template":"","meta":{"footnotes":""},"class_list":["post-1166","page","type-page","status-publish","hentry"],"jetpack_sharing_enabled":true,"_links":{"self":[{"href":"https:\/\/nekotsuki-studio.com\/Blog\/wp-json\/wp\/v2\/pages\/1166","targetHints":{"allow":["GET"]}}],"collection":[{"href":"https:\/\/nekotsuki-studio.com\/Blog\/wp-json\/wp\/v2\/pages"}],"about":[{"href":"https:\/\/nekotsuki-studio.com\/Blog\/wp-json\/wp\/v2\/types\/page"}],"author":[{"embeddable":true,"href":"https:\/\/nekotsuki-studio.com\/Blog\/wp-json\/wp\/v2\/users\/1"}],"replies":[{"embeddable":true,"href":"https:\/\/nekotsuki-studio.com\/Blog\/wp-json\/wp\/v2\/comments?post=1166"}],"version-history":[{"count":13,"href":"https:\/\/nekotsuki-studio.com\/Blog\/wp-json\/wp\/v2\/pages\/1166\/revisions"}],"predecessor-version":[{"id":1559,"href":"https:\/\/nekotsuki-studio.com\/Blog\/wp-json\/wp\/v2\/pages\/1166\/revisions\/1559"}],"wp:attachment":[{"href":"https:\/\/nekotsuki-studio.com\/Blog\/wp-json\/wp\/v2\/media?parent=1166"}],"curies":[{"name":"wp","href":"https:\/\/api.w.org\/{rel}","templated":true}]}}