{"id":1126,"date":"2019-09-28T20:27:38","date_gmt":"2019-09-28T18:27:38","guid":{"rendered":"https:\/\/nekotsuki-studio.com\/Blog\/?page_id=1126"},"modified":"2020-02-18T18:47:20","modified_gmt":"2020-02-18T17:47:20","slug":"bo-2019f-38","status":"publish","type":"page","link":"https:\/\/nekotsuki-studio.com\/Blog\/bo-2019f-38\/","title":{"rendered":"BO-2019F-38"},"content":{"rendered":"<p style=\"text-align: center;\" align=\"CENTER\"><span style=\"font-size: large; color: #99ccff;\"><b>Box Office France Animation \/ VFX :<\/b><\/span><\/p>\n<p style=\"text-align: center;\" align=\"CENTER\"><span style=\"font-size: large; color: #99ccff;\"><b>2019 &#8211; Semaine 38 (18\/09 &#8211; 24\/09)<\/b><\/span><\/p>\n<p style=\"text-align: center;\" align=\"CENTER\"><span style=\"color: #ccffff;\"><a style=\"color: #ccffff;\" href=\"https:\/\/nekotsuki-studio.com\/Blog\/bo-2019-f-37\/\"><strong>\u21d0\u00a0Semaine pr\u00e9c\u00e9dente<\/strong><\/a> &#8211; (<a style=\"color: #ccffff;\" href=\"https:\/\/nekotsuki-studio.com\/Blog\/box-office-accueil\/\">Retour \u00e0 l&rsquo;accueil \u21b5<\/a>) &#8211; <a style=\"color: #ccffff;\" href=\"https:\/\/nekotsuki-studio.com\/Blog\/bo-2019-f-39\/\"><strong>Semaine Suivante \u21d2<\/strong><\/a><\/span><\/p>\n<p align=\"CENTER\"><span style=\"color: #99ccff;\">Pour lire l&rsquo;analyse des chiffres, cliquez sur les titres de film suivis d&rsquo;un <strong><span style=\"color: #ccffff;\">[\u21b5]<\/span><\/strong><\/span><\/p>\n<table class=\"alignleft\" border=\"1\" width=\"642\" cellspacing=\"0\" cellpadding=\"4\">\n<colgroup>\n<col width=\"19\" \/>\n<col width=\"39\" \/>\n<col width=\"245\" \/>\n<col width=\"63\" \/>\n<col width=\"53\" \/>\n<col width=\"94\" \/>\n<col width=\"71\" \/> <\/colgroup>\n<tbody>\n<tr valign=\"TOP\">\n<td bgcolor=\"#00b8ff\" width=\"19\">\n<p align=\"CENTER\"><span style=\"color: #000000;\"><b>n\u00b0<\/b><\/span><\/p>\n<\/td>\n<td bgcolor=\"#00b8ff\" width=\"39\">\n<p align=\"CENTER\"><span style=\"color: #000000;\"><b>Top<\/b><\/span><\/p>\n<p align=\"CENTER\"><span style=\"color: #000000;\"><b>100<\/b><\/span><\/p>\n<\/td>\n<td bgcolor=\"#00b8ff\" width=\"245\">\n<p align=\"CENTER\"><span style=\"color: #000000;\"><b>Titre<\/b><\/span><\/p>\n<\/td>\n<td bgcolor=\"#00b8ff\" width=\"63\">\n<p align=\"CENTER\"><span style=\"color: #000000;\"><b>Semaine<\/b><\/span><\/p>\n<\/td>\n<td bgcolor=\"#00b8ff\" width=\"53\">\n<p align=\"CENTER\"><span style=\"color: #000000;\"><b>Copies<\/b><\/span><\/p>\n<\/td>\n<td bgcolor=\"#00b8ff\" width=\"94\">\n<p align=\"CENTER\"><span style=\"color: #000000;\"><b>\u00c9volution<\/b><\/span><\/p>\n<p align=\"CENTER\"><span style=\"color: #000000;\"><b>(spectateurs)<\/b><\/span><\/p>\n<\/td>\n<td bgcolor=\"#00b8ff\" width=\"71\">\n<p align=\"CENTER\"><span style=\"color: #000000;\"><b>Score total<\/b><\/span><\/p>\n<\/td>\n<\/tr>\n<tr valign=\"TOP\">\n<td bgcolor=\"#ffffcc\" width=\"19\">\n<p align=\"CENTER\"><span style=\"color: #000000;\"><b>1<\/b><\/span><\/p>\n<\/td>\n<td bgcolor=\"#ffffcc\" width=\"39\">\n<p align=\"CENTER\"><span style=\"color: #000000;\">1<\/span><\/p>\n<\/td>\n<td bgcolor=\"#ffffcc\" width=\"245\">\n<p align=\"CENTER\"><span style=\"color: #000000;\"><b><a href=\"https:\/\/nekotsuki-studio.com\/Blog\/wp-content\/uploads\/2019\/09\/Ad-Astra.jpg\"><img loading=\"lazy\" decoding=\"async\" class=\"alignleft wp-image-1121\" src=\"https:\/\/nekotsuki-studio.com\/Blog\/wp-content\/uploads\/2019\/09\/Ad-Astra-203x300.jpg\" alt=\"\" width=\"101\" height=\"150\" srcset=\"https:\/\/nekotsuki-studio.com\/Blog\/wp-content\/uploads\/2019\/09\/Ad-Astra-203x300.jpg 203w, https:\/\/nekotsuki-studio.com\/Blog\/wp-content\/uploads\/2019\/09\/Ad-Astra-768x1138.jpg 768w, https:\/\/nekotsuki-studio.com\/Blog\/wp-content\/uploads\/2019\/09\/Ad-Astra-691x1024.jpg 691w, https:\/\/nekotsuki-studio.com\/Blog\/wp-content\/uploads\/2019\/09\/Ad-Astra.jpg 2025w\" sizes=\"auto, (max-width: 101px) 100vw, 101px\" \/><\/a>\u00a0<a href=\"https:\/\/nekotsuki-studio.com\/Blog\/forum\/box-office\/ad-astra-sf-pas-blockbuster-se-cherche-une-petite-place-au-box-office-p\/#p9231\">Ad Astra [\u21b5]<\/a><\/b><\/span><\/p>\n<\/td>\n<td bgcolor=\"#ffffcc\" width=\"63\">\n<p align=\"CENTER\"><span style=\"color: #000000;\">1<\/span><\/p>\n<\/td>\n<td bgcolor=\"#ffffcc\" width=\"53\">\n<p align=\"CENTER\"><span style=\"color: #000000;\">425<\/span><\/p>\n<\/td>\n<td bgcolor=\"#ffffcc\" width=\"94\">\n<p align=\"CENTER\"><span style=\"color: #000000;\">+434.069<\/span><\/p>\n<\/td>\n<td bgcolor=\"#ffffcc\" width=\"71\">\n<p align=\"CENTER\"><span style=\"color: #000000;\">434.069<\/span><\/p>\n<\/td>\n<\/tr>\n<tr valign=\"TOP\">\n<td bgcolor=\"#ccffff\" width=\"19\">\n<p align=\"CENTER\"><span style=\"color: #000000;\"><b>2<\/b><\/span><\/p>\n<\/td>\n<td bgcolor=\"#ccffff\" width=\"39\">\n<p align=\"CENTER\"><span style=\"color: #000000;\">9<\/span><\/p>\n<p align=\"CENTER\"><span style=\"color: #000000;\"><strong>(-3)<\/strong><\/span><\/p>\n<\/td>\n<td bgcolor=\"#ccffff\" width=\"245\">\n<p align=\"CENTER\"><span style=\"color: #000000;\"><b><a href=\"https:\/\/nekotsuki-studio.com\/Blog\/wp-content\/uploads\/2019\/09\/Le-Roi-Lion-3D.jpg\"><img loading=\"lazy\" decoding=\"async\" class=\"alignleft wp-image-1002\" src=\"https:\/\/nekotsuki-studio.com\/Blog\/wp-content\/uploads\/2019\/09\/Le-Roi-Lion-3D-202x300.jpg\" alt=\"\" width=\"101\" height=\"150\" srcset=\"https:\/\/nekotsuki-studio.com\/Blog\/wp-content\/uploads\/2019\/09\/Le-Roi-Lion-3D-202x300.jpg 202w, https:\/\/nekotsuki-studio.com\/Blog\/wp-content\/uploads\/2019\/09\/Le-Roi-Lion-3D-768x1138.jpg 768w, https:\/\/nekotsuki-studio.com\/Blog\/wp-content\/uploads\/2019\/09\/Le-Roi-Lion-3D-691x1024.jpg 691w, https:\/\/nekotsuki-studio.com\/Blog\/wp-content\/uploads\/2019\/09\/Le-Roi-Lion-3D.jpg 1382w\" sizes=\"auto, (max-width: 101px) 100vw, 101px\" \/><\/a>\u00a0<a href=\"https:\/\/nekotsuki-studio.com\/Blog\/forum\/box-office\/le-roi-lion-3d-succes-inutile-mais-succes-quand-meme-p\/#p9232\">Le Roi Lion 3D (2019) [\u21b5]<\/a><\/b><\/span><\/p>\n<\/td>\n<td bgcolor=\"#ccffff\" width=\"63\">\n<p align=\"CENTER\"><span style=\"color: #000000;\">10<\/span><\/p>\n<\/td>\n<td bgcolor=\"#ccffff\" width=\"53\">\n<p align=\"CENTER\"><span style=\"color: #000000;\">498<\/span><\/p>\n<\/td>\n<td bgcolor=\"#ccffff\" width=\"94\">\n<p align=\"CENTER\"><span style=\"color: #000000;\">+73.344<\/span><\/p>\n<p align=\"CENTER\"><span style=\"color: #000000;\">(-11%<\/span> <span style=\"color: #ff950e;\">\u25bc<\/span><span style=\"color: #000000;\">)<\/span><\/p>\n<\/td>\n<td bgcolor=\"#ccffff\" width=\"71\">\n<p align=\"CENTER\"><span style=\"color: #000000;\">9.565.373<\/span><\/p>\n<\/td>\n<\/tr>\n<tr valign=\"TOP\">\n<td bgcolor=\"#99ccff\" width=\"19\">\n<p align=\"CENTER\"><span style=\"color: #000000;\"><b>3<\/b><\/span><\/p>\n<\/td>\n<td bgcolor=\"#99ccff\" width=\"39\">\n<p align=\"CENTER\"><span style=\"color: #000000;\">11<\/span><\/p>\n<p align=\"CENTER\"><strong><span style=\"color: #000000;\">(-3)<\/span><\/strong><\/p>\n<\/td>\n<td bgcolor=\"#99ccff\" width=\"245\">\n<p align=\"CENTER\"><span style=\"color: #000000;\"><b><a href=\"https:\/\/nekotsuki-studio.com\/Blog\/wp-content\/uploads\/2019\/09\/Les-Hirondelles-de-Kaboul.jpg\"><img loading=\"lazy\" decoding=\"async\" class=\"alignleft wp-image-1039\" src=\"https:\/\/nekotsuki-studio.com\/Blog\/wp-content\/uploads\/2019\/09\/Les-Hirondelles-de-Kaboul-225x300.jpg\" alt=\"\" width=\"101\" height=\"135\" srcset=\"https:\/\/nekotsuki-studio.com\/Blog\/wp-content\/uploads\/2019\/09\/Les-Hirondelles-de-Kaboul-225x300.jpg 225w, https:\/\/nekotsuki-studio.com\/Blog\/wp-content\/uploads\/2019\/09\/Les-Hirondelles-de-Kaboul-768x1024.jpg 768w, https:\/\/nekotsuki-studio.com\/Blog\/wp-content\/uploads\/2019\/09\/Les-Hirondelles-de-Kaboul.jpg 1200w\" sizes=\"auto, (max-width: 101px) 100vw, 101px\" \/><\/a>\u00a0<a href=\"https:\/\/nekotsuki-studio.com\/Blog\/forum\/box-office\/les-hirondelles-de-kaboul-potentiel-porte-drapeau-de-lanimation-adule-en-france\/#p9230\">Les Hirondelles de Kaboul [\u21b5]<\/a><\/b><\/span><\/p>\n<\/td>\n<td bgcolor=\"#99ccff\" width=\"63\">\n<p align=\"CENTER\"><span style=\"color: #000000;\">3<\/span><\/p>\n<\/td>\n<td bgcolor=\"#99ccff\" width=\"53\">\n<p align=\"CENTER\"><span style=\"color: #000000;\">281<\/span><\/p>\n<\/td>\n<td bgcolor=\"#99ccff\" width=\"94\">\n<p align=\"CENTER\"><span style=\"color: #000000;\">+53.546<\/span><\/p>\n<p align=\"CENTER\"><span style=\"color: #000000;\">(-13%<\/span><span style=\"color: #ff950e;\">\u25bc<\/span><span style=\"color: #000000;\">)<\/span><\/p>\n<\/td>\n<td bgcolor=\"#99ccff\" width=\"71\">\n<p align=\"CENTER\"><span style=\"color: #000000;\">210.791<\/span><\/p>\n<\/td>\n<\/tr>\n<tr valign=\"TOP\">\n<td bgcolor=\"#ccffff\" width=\"19\">\n<p align=\"CENTER\"><span style=\"color: #000000;\"><b>4<\/b><\/span><\/p>\n<\/td>\n<td bgcolor=\"#ccffff\" width=\"39\">\n<p align=\"CENTER\"><span style=\"color: #000000;\">13<\/span><\/p>\n<\/td>\n<td bgcolor=\"#ccffff\" width=\"245\">\n<p align=\"CENTER\"><span style=\"color: #000000;\"><b><a href=\"https:\/\/nekotsuki-studio.com\/Blog\/wp-content\/uploads\/2019\/09\/Secret-life-of-pets-2.jpg\"><img loading=\"lazy\" decoding=\"async\" class=\"alignleft wp-image-1010\" src=\"https:\/\/nekotsuki-studio.com\/Blog\/wp-content\/uploads\/2019\/09\/Secret-life-of-pets-2-189x300.jpg\" alt=\"\" width=\"101\" height=\"160\" srcset=\"https:\/\/nekotsuki-studio.com\/Blog\/wp-content\/uploads\/2019\/09\/Secret-life-of-pets-2-189x300.jpg 189w, https:\/\/nekotsuki-studio.com\/Blog\/wp-content\/uploads\/2019\/09\/Secret-life-of-pets-2-768x1216.jpg 768w, https:\/\/nekotsuki-studio.com\/Blog\/wp-content\/uploads\/2019\/09\/Secret-life-of-pets-2-647x1024.jpg 647w, https:\/\/nekotsuki-studio.com\/Blog\/wp-content\/uploads\/2019\/09\/Secret-life-of-pets-2.jpg 1293w\" sizes=\"auto, (max-width: 101px) 100vw, 101px\" \/><\/a>\u00a0<a href=\"https:\/\/nekotsuki-studio.com\/Blog\/forum\/box-office\/the-secret-life-of-pets-2-demi-succes-en-devenir\/page-2\/#p9229\">Comme des B\u00eates 2 [\u21b5]<\/a><\/b><\/span><\/p>\n<\/td>\n<td bgcolor=\"#ccffff\" width=\"63\">\n<p align=\"CENTER\"><span style=\"color: #000000;\">8<\/span><\/p>\n<\/td>\n<td bgcolor=\"#ccffff\" width=\"53\">\n<p align=\"CENTER\"><span style=\"color: #000000;\">418<\/span><\/p>\n<\/td>\n<td bgcolor=\"#ccffff\" width=\"94\">\n<p align=\"CENTER\"><span style=\"color: #000000;\">+43.847<\/span><\/p>\n<p align=\"CENTER\"><span style=\"color: #000000;\">(+15%<\/span><span style=\"color: #00cc00;\">\u25b2<\/span><span style=\"color: #000000;\">)<\/span><\/p>\n<\/td>\n<td bgcolor=\"#ccffff\" width=\"71\">\n<p align=\"CENTER\"><span style=\"color: #000000;\">2.143.480<\/span><\/p>\n<\/td>\n<\/tr>\n<tr valign=\"TOP\">\n<td bgcolor=\"#99ccff\" width=\"19\">\n<p align=\"CENTER\"><span style=\"color: #000000;\"><b>5<\/b><\/span><\/p>\n<\/td>\n<td bgcolor=\"#99ccff\" width=\"39\">\n<p align=\"CENTER\"><span style=\"color: #000000;\">24<\/span><\/p>\n<p align=\"CENTER\"><strong><span style=\"color: #000000;\">(-2)<\/span><\/strong><\/p>\n<\/td>\n<td bgcolor=\"#99ccff\" width=\"245\">\n<p align=\"CENTER\"><span style=\"color: #000000;\"><b><a href=\"https:\/\/nekotsuki-studio.com\/Blog\/wp-content\/uploads\/2019\/09\/Toy-Story-4.jpg\"><img loading=\"lazy\" decoding=\"async\" class=\"alignleft wp-image-1006\" src=\"https:\/\/nekotsuki-studio.com\/Blog\/wp-content\/uploads\/2019\/09\/Toy-Story-4-202x300.jpg\" alt=\"\" width=\"101\" height=\"150\" srcset=\"https:\/\/nekotsuki-studio.com\/Blog\/wp-content\/uploads\/2019\/09\/Toy-Story-4-202x300.jpg 202w, https:\/\/nekotsuki-studio.com\/Blog\/wp-content\/uploads\/2019\/09\/Toy-Story-4-768x1138.jpg 768w, https:\/\/nekotsuki-studio.com\/Blog\/wp-content\/uploads\/2019\/09\/Toy-Story-4-691x1024.jpg 691w, https:\/\/nekotsuki-studio.com\/Blog\/wp-content\/uploads\/2019\/09\/Toy-Story-4.jpg 1086w\" sizes=\"auto, (max-width: 101px) 100vw, 101px\" \/><\/a>\u00a0Toy Story 4<\/b><\/span><\/p>\n<\/td>\n<td bgcolor=\"#99ccff\" width=\"63\">\n<p align=\"CENTER\"><span style=\"color: #000000;\">13<\/span><\/p>\n<\/td>\n<td bgcolor=\"#99ccff\" width=\"53\">\n<p align=\"CENTER\"><span style=\"color: #000000;\">124<\/span><\/p>\n<\/td>\n<td bgcolor=\"#99ccff\" width=\"94\">\n<p align=\"CENTER\"><span style=\"color: #000000;\">+10.500<\/span><\/p>\n<p align=\"CENTER\"><span style=\"color: #000000;\">(-9%<\/span> <span style=\"color: #ff950e;\">\u25bc<\/span><span style=\"color: #000000;\">)<\/span><\/p>\n<\/td>\n<td bgcolor=\"#99ccff\" width=\"71\">\n<p align=\"CENTER\"><span style=\"color: #000000;\">4.425.902<\/span><\/p>\n<\/td>\n<\/tr>\n<tr valign=\"TOP\">\n<td bgcolor=\"#ccffff\" width=\"19\">\n<p align=\"CENTER\"><span style=\"color: #000000;\"><b>6<\/b><\/span><\/p>\n<\/td>\n<td bgcolor=\"#ccffff\" width=\"39\">\n<p align=\"CENTER\"><span style=\"color: #000000;\">38<\/span><\/p>\n<p align=\"CENTER\">\n<\/td>\n<td bgcolor=\"#ccffff\" width=\"245\">\n<p align=\"CENTER\"><span style=\"color: #000000;\"><b><a href=\"https:\/\/nekotsuki-studio.com\/Blog\/wp-content\/uploads\/2019\/09\/Penguin-Highway.jpg\"><img loading=\"lazy\" decoding=\"async\" class=\"alignleft wp-image-1042\" src=\"https:\/\/nekotsuki-studio.com\/Blog\/wp-content\/uploads\/2019\/09\/Penguin-Highway-220x300.jpg\" alt=\"\" width=\"101\" height=\"138\" srcset=\"https:\/\/nekotsuki-studio.com\/Blog\/wp-content\/uploads\/2019\/09\/Penguin-Highway-220x300.jpg 220w, https:\/\/nekotsuki-studio.com\/Blog\/wp-content\/uploads\/2019\/09\/Penguin-Highway-768x1046.jpg 768w, https:\/\/nekotsuki-studio.com\/Blog\/wp-content\/uploads\/2019\/09\/Penguin-Highway-752x1024.jpg 752w, https:\/\/nekotsuki-studio.com\/Blog\/wp-content\/uploads\/2019\/09\/Penguin-Highway.jpg 1175w\" sizes=\"auto, (max-width: 101px) 100vw, 101px\" \/><\/a>\u00a0<a href=\"https:\/\/nekotsuki-studio.com\/Blog\/forum\/box-office\/le-mystere-des-ping-ou-comment-penguin-highway-aura-ete-maltraite-de-toutes-les-facons-en-france\/#p9228\">Le Myst\u00e8re des Ping[&#8230;] [\u21b5]<\/a><\/b><\/span><\/p>\n<\/td>\n<td bgcolor=\"#ccffff\" width=\"63\">\n<p align=\"CENTER\"><span style=\"color: #000000;\">6<\/span><\/p>\n<\/td>\n<td bgcolor=\"#ccffff\" width=\"53\">\n<p align=\"CENTER\"><span style=\"color: #000000;\">147<\/span><\/p>\n<\/td>\n<td bgcolor=\"#ccffff\" width=\"94\">\n<p align=\"CENTER\"><span style=\"color: #000000;\">+2887<\/span><\/p>\n<p align=\"CENTER\"><span style=\"color: #000000;\">(+3%<\/span><span style=\"color: #00cc00;\">\u25b2<\/span><span style=\"color: #000000;\">)<\/span><\/p>\n<\/td>\n<td bgcolor=\"#ccffff\" width=\"71\">\n<p align=\"CENTER\"><span style=\"color: #000000;\">40.038<\/span><\/p>\n<\/td>\n<\/tr>\n<tr valign=\"TOP\">\n<td bgcolor=\"#99ccff\" width=\"19\">\n<p align=\"CENTER\"><span style=\"color: #000000;\"><b>7<\/b><\/span><\/p>\n<\/td>\n<td bgcolor=\"#99ccff\" width=\"39\">\n<p align=\"CENTER\"><span style=\"color: #000000;\">42<\/span><\/p>\n<p align=\"CENTER\"><span style=\"color: #ff0000;\"><strong>(-8)<\/strong><\/span><\/p>\n<\/td>\n<td bgcolor=\"#99ccff\" width=\"245\">\n<p align=\"CENTER\"><span style=\"color: #000000;\"><b><a href=\"https:\/\/nekotsuki-studio.com\/Blog\/wp-content\/uploads\/2019\/09\/Playmobil.jpg\"><img loading=\"lazy\" decoding=\"async\" class=\"alignleft wp-image-1041\" src=\"https:\/\/nekotsuki-studio.com\/Blog\/wp-content\/uploads\/2019\/09\/Playmobil-220x300.jpg\" alt=\"\" width=\"101\" height=\"138\" srcset=\"https:\/\/nekotsuki-studio.com\/Blog\/wp-content\/uploads\/2019\/09\/Playmobil-220x300.jpg 220w, https:\/\/nekotsuki-studio.com\/Blog\/wp-content\/uploads\/2019\/09\/Playmobil-768x1046.jpg 768w, https:\/\/nekotsuki-studio.com\/Blog\/wp-content\/uploads\/2019\/09\/Playmobil-752x1024.jpg 752w, https:\/\/nekotsuki-studio.com\/Blog\/wp-content\/uploads\/2019\/09\/Playmobil.jpg 1175w\" sizes=\"auto, (max-width: 101px) 100vw, 101px\" \/><\/a>\u00a0<a href=\"https:\/\/nekotsuki-studio.com\/Blog\/forum\/box-office\/playmobil-le-folp-euh-le-film-p\/#p9227\">Playmobil Le Film [\u21b5]<\/a><\/b><\/span><\/p>\n<\/td>\n<td bgcolor=\"#99ccff\" width=\"63\">\n<p align=\"CENTER\"><span style=\"color: #000000;\">7<\/span><\/p>\n<\/td>\n<td bgcolor=\"#99ccff\" width=\"53\">\n<p align=\"CENTER\"><span style=\"color: #000000;\">75<\/span><\/p>\n<\/td>\n<td bgcolor=\"#99ccff\" width=\"94\">\n<p align=\"CENTER\"><span style=\"color: #000000;\">+2339<\/span><\/p>\n<p align=\"CENTER\"><span style=\"color: #000000;\">(-36%<\/span> <span style=\"color: #dc2300;\">\u25bc<\/span><span style=\"color: #000000;\">)<\/span><\/p>\n<\/td>\n<td bgcolor=\"#99ccff\" width=\"71\">\n<p align=\"CENTER\"><span style=\"color: #000000;\">362.695<\/span><\/p>\n<\/td>\n<\/tr>\n<tr valign=\"TOP\">\n<td bgcolor=\"#ccffff\" width=\"19\">\n<p align=\"CENTER\"><span style=\"color: #000000;\"><b>8<\/b><\/span><\/p>\n<\/td>\n<td bgcolor=\"#ccffff\" width=\"39\">\n<p align=\"CENTER\"><span style=\"color: #000000;\">62<\/span><\/p>\n<p align=\"CENTER\"><span style=\"color: #ff0000;\"><strong>(-31)<\/strong><\/span><\/p>\n<\/td>\n<td bgcolor=\"#ccffff\" width=\"245\">\n<p align=\"CENTER\"><span style=\"color: #000000;\"><b><a href=\"https:\/\/nekotsuki-studio.com\/Blog\/wp-content\/uploads\/2019\/09\/Spider-Man-Far-From-Home.jpg\"><img loading=\"lazy\" decoding=\"async\" class=\"alignleft wp-image-1007\" src=\"https:\/\/nekotsuki-studio.com\/Blog\/wp-content\/uploads\/2019\/09\/Spider-Man-Far-From-Home-202x300.jpg\" alt=\"\" width=\"101\" height=\"150\" srcset=\"https:\/\/nekotsuki-studio.com\/Blog\/wp-content\/uploads\/2019\/09\/Spider-Man-Far-From-Home-202x300.jpg 202w, https:\/\/nekotsuki-studio.com\/Blog\/wp-content\/uploads\/2019\/09\/Spider-Man-Far-From-Home.jpg 674w\" sizes=\"auto, (max-width: 101px) 100vw, 101px\" \/><\/a>\u00a0Spider-man Far From Home<\/b><\/span><\/p>\n<\/td>\n<td bgcolor=\"#ccffff\" width=\"63\">\n<p align=\"CENTER\"><span style=\"color: #000000;\">12<\/span><\/p>\n<\/td>\n<td bgcolor=\"#ccffff\" width=\"53\">\n<p align=\"CENTER\"><span style=\"color: #000000;\">15<\/span><\/p>\n<\/td>\n<td bgcolor=\"#ccffff\" width=\"94\">\n<p align=\"CENTER\"><span style=\"color: #000000;\">+786<\/span><\/p>\n<p align=\"CENTER\"><span style=\"color: #000000;\">(-83%<\/span> <span style=\"color: #dc2300;\">\u25bc<\/span><span style=\"color: #000000;\">)<\/span><\/p>\n<\/td>\n<td bgcolor=\"#ccffff\" width=\"71\">\n<p align=\"CENTER\"><span style=\"color: #000000;\">3.225.914<\/span><\/p>\n<\/td>\n<\/tr>\n<tr valign=\"TOP\">\n<td bgcolor=\"#99ccff\" width=\"19\">\n<p align=\"CENTER\"><span style=\"color: #000000;\"><b>9<\/b><\/span><\/p>\n<\/td>\n<td bgcolor=\"#99ccff\" width=\"39\">\n<p align=\"CENTER\"><span style=\"color: #000000;\">77<\/span><\/p>\n<p align=\"CENTER\"><strong><span style=\"color: #000000;\">(-2)<\/span><\/strong><\/p>\n<\/td>\n<td bgcolor=\"#99ccff\" width=\"245\">\n<p align=\"CENTER\"><b><\/b><b><a href=\"https:\/\/nekotsuki-studio.com\/Blog\/wp-content\/uploads\/2019\/09\/Wonderland.jpg\"><img loading=\"lazy\" decoding=\"async\" class=\"alignleft wp-image-1044\" src=\"https:\/\/nekotsuki-studio.com\/Blog\/wp-content\/uploads\/2019\/09\/Wonderland-200x300.jpg\" alt=\"\" width=\"101\" height=\"151\" srcset=\"https:\/\/nekotsuki-studio.com\/Blog\/wp-content\/uploads\/2019\/09\/Wonderland-200x300.jpg 200w, https:\/\/nekotsuki-studio.com\/Blog\/wp-content\/uploads\/2019\/09\/Wonderland-768x1152.jpg 768w, https:\/\/nekotsuki-studio.com\/Blog\/wp-content\/uploads\/2019\/09\/Wonderland-683x1024.jpg 683w, https:\/\/nekotsuki-studio.com\/Blog\/wp-content\/uploads\/2019\/09\/Wonderland.jpg 1067w\" sizes=\"auto, (max-width: 101px) 100vw, 101px\" \/><\/a><\/b><a href=\"https:\/\/nekotsuki-studio.com\/Blog\/forum\/box-office\/wonderland-le-royaume-sans-pluie-demarre-bien-mais-pour-les-chiffres-a-long-terme-bah-euh\/#p9226\"><strong>Wonderland Le Royaume sans Pluie <b>[<\/b><b>\u21b5]<\/b><\/strong><\/a><\/p>\n<\/td>\n<td bgcolor=\"#99ccff\" width=\"63\">\n<p align=\"CENTER\"><span style=\"color: #000000;\">9<\/span><\/p>\n<\/td>\n<td bgcolor=\"#99ccff\" width=\"53\">\n<p align=\"CENTER\"><span style=\"color: #000000;\">4<\/span><\/p>\n<\/td>\n<td bgcolor=\"#99ccff\" width=\"94\">\n<p align=\"CENTER\"><span style=\"color: #000000;\">+224<\/span><\/p>\n<p align=\"CENTER\"><span style=\"color: #000000;\">(+35%<\/span> <span style=\"color: #00cc00;\">\u25b2<\/span><span style=\"color: #000000;\">)<\/span><\/p>\n<\/td>\n<td bgcolor=\"#99ccff\" width=\"71\">\n<p align=\"CENTER\"><span style=\"color: #000000;\">80.955<\/span><\/p>\n<\/td>\n<\/tr>\n<tr valign=\"TOP\">\n<td bgcolor=\"#ccffff\" width=\"19\">\n<p align=\"CENTER\"><span style=\"color: #000000;\"><b>10<\/b><\/span><\/p>\n<\/td>\n<td bgcolor=\"#ccffff\" width=\"39\">\n<p align=\"CENTER\"><span style=\"color: #000000;\">88<\/span><\/p>\n<p align=\"CENTER\"><strong><span style=\"color: #ff0000;\">(-5)<\/span><\/strong><\/p>\n<\/td>\n<td bgcolor=\"#ccffff\" width=\"245\">\n<p align=\"CENTER\"><span style=\"color: #000000;\"><b><a href=\"https:\/\/nekotsuki-studio.com\/Blog\/wp-content\/uploads\/2019\/09\/Promare.jpg\"><img loading=\"lazy\" decoding=\"async\" class=\"alignleft wp-image-1045\" src=\"https:\/\/nekotsuki-studio.com\/Blog\/wp-content\/uploads\/2019\/09\/Promare-212x300.jpg\" alt=\"\" width=\"101\" height=\"143\" srcset=\"https:\/\/nekotsuki-studio.com\/Blog\/wp-content\/uploads\/2019\/09\/Promare-212x300.jpg 212w, https:\/\/nekotsuki-studio.com\/Blog\/wp-content\/uploads\/2019\/09\/Promare-768x1086.jpg 768w, https:\/\/nekotsuki-studio.com\/Blog\/wp-content\/uploads\/2019\/09\/Promare-724x1024.jpg 724w, https:\/\/nekotsuki-studio.com\/Blog\/wp-content\/uploads\/2019\/09\/Promare.jpg 1131w\" sizes=\"auto, (max-width: 101px) 100vw, 101px\" \/><\/a>\u00a0<a href=\"https:\/\/nekotsuki-studio.com\/Blog\/forum\/box-office\/promare-les-chiffres-du-box-office-en-france-en-quelque-sorte-p\/#p9225\">PROMARE [\u21b5]<\/a><\/b><\/span><\/p>\n<\/td>\n<td bgcolor=\"#ccffff\" width=\"63\">\n<p align=\"CENTER\"><span style=\"color: #000000;\">8<\/span><\/p>\n<\/td>\n<td bgcolor=\"#ccffff\" width=\"53\">\n<p align=\"CENTER\"><span style=\"color: #000000;\">1<\/span><\/p>\n<\/td>\n<td bgcolor=\"#ccffff\" width=\"94\">\n<p align=\"CENTER\"><span style=\"color: #000000;\">+75<\/span><\/p>\n<p align=\"CENTER\"><span style=\"color: #000000;\">(-15%<\/span> <span style=\"color: #ff950e;\">\u25bc<\/span><span style=\"color: #000000;\">)<\/span><\/p>\n<\/td>\n<td bgcolor=\"#ccffff\" width=\"71\">\n<p align=\"CENTER\"><span style=\"color: #000000;\">15.963<\/span><\/p>\n<\/td>\n<\/tr>\n<tr valign=\"TOP\">\n<td bgcolor=\"#99ccff\" width=\"19\">\n<p align=\"CENTER\"><span style=\"color: #000000;\"><b>11<\/b><\/span><\/p>\n<\/td>\n<td bgcolor=\"#99ccff\" width=\"39\">\n<p align=\"CENTER\"><span style=\"color: #000000;\">97<\/span><\/p>\n<p align=\"CENTER\"><strong><span style=\"color: #ff0000;\">(-45)<\/span><\/strong><\/p>\n<\/td>\n<td bgcolor=\"#99ccff\" width=\"245\">\n<p align=\"CENTER\"><span style=\"color: #000000;\"><b><a href=\"https:\/\/nekotsuki-studio.com\/Blog\/wp-content\/uploads\/2019\/09\/Les-Enfants-de-la-Mer.jpg\"><img loading=\"lazy\" decoding=\"async\" class=\"alignleft wp-image-1043\" src=\"https:\/\/nekotsuki-studio.com\/Blog\/wp-content\/uploads\/2019\/09\/Les-Enfants-de-la-Mer-225x300.jpg\" alt=\"\" width=\"101\" height=\"135\" srcset=\"https:\/\/nekotsuki-studio.com\/Blog\/wp-content\/uploads\/2019\/09\/Les-Enfants-de-la-Mer-225x300.jpg 225w, https:\/\/nekotsuki-studio.com\/Blog\/wp-content\/uploads\/2019\/09\/Les-Enfants-de-la-Mer-768x1024.jpg 768w, https:\/\/nekotsuki-studio.com\/Blog\/wp-content\/uploads\/2019\/09\/Les-Enfants-de-la-Mer.jpg 1200w\" sizes=\"auto, (max-width: 101px) 100vw, 101px\" \/><\/a>\u00a0<a href=\"https:\/\/nekotsuki-studio.com\/Blog\/forum\/box-office\/les-enfants-de-la-mer-parti-pour-faire-un-petit-score-mais-honorable-quand-meme\/#p9224\">Les Enfants de la Mer [\u21b5]<\/a><\/b><\/span><\/p>\n<\/td>\n<td bgcolor=\"#99ccff\" width=\"63\">\n<p align=\"CENTER\"><span style=\"color: #000000;\">11<\/span><\/p>\n<\/td>\n<td bgcolor=\"#99ccff\" width=\"53\">\n<p align=\"CENTER\"><span style=\"color: #000000;\">2<\/span><\/p>\n<\/td>\n<td bgcolor=\"#99ccff\" width=\"94\">\n<p align=\"CENTER\"><span style=\"color: #000000;\">+47<\/span><\/p>\n<p align=\"CENTER\"><span style=\"color: #000000;\">(-96%<\/span> <span style=\"color: #dc2300;\">\u25bc<\/span><span style=\"color: #000000;\">)<\/span><\/p>\n<\/td>\n<td bgcolor=\"#99ccff\" width=\"71\">\n<p align=\"CENTER\"><span style=\"color: #000000;\">66.904<\/span><\/p>\n<\/td>\n<\/tr>\n<\/tbody>\n<\/table>\n","protected":false},"excerpt":{"rendered":"<p>Box Office France Animation \/ VFX : 2019 &#8211; Semaine 38 (18\/09 &#8211; 24\/09) \u21d0\u00a0Semaine pr\u00e9c\u00e9dente &#8211; (Retour \u00e0 l&rsquo;accueil \u21b5) &#8211; Semaine Suivante \u21d2 Pour lire l&rsquo;analyse des chiffres, cliquez sur les titres de film suivis d&rsquo;un [\u21b5] n\u00b0 &hellip; <a href=\"https:\/\/nekotsuki-studio.com\/Blog\/bo-2019f-38\/\">Continued<\/a><\/p>\n","protected":false},"author":1,"featured_media":0,"parent":0,"menu_order":0,"comment_status":"closed","ping_status":"closed","template":"","meta":{"footnotes":""},"class_list":["post-1126","page","type-page","status-publish","hentry"],"jetpack_sharing_enabled":true,"_links":{"self":[{"href":"https:\/\/nekotsuki-studio.com\/Blog\/wp-json\/wp\/v2\/pages\/1126","targetHints":{"allow":["GET"]}}],"collection":[{"href":"https:\/\/nekotsuki-studio.com\/Blog\/wp-json\/wp\/v2\/pages"}],"about":[{"href":"https:\/\/nekotsuki-studio.com\/Blog\/wp-json\/wp\/v2\/types\/page"}],"author":[{"embeddable":true,"href":"https:\/\/nekotsuki-studio.com\/Blog\/wp-json\/wp\/v2\/users\/1"}],"replies":[{"embeddable":true,"href":"https:\/\/nekotsuki-studio.com\/Blog\/wp-json\/wp\/v2\/comments?post=1126"}],"version-history":[{"count":6,"href":"https:\/\/nekotsuki-studio.com\/Blog\/wp-json\/wp\/v2\/pages\/1126\/revisions"}],"predecessor-version":[{"id":1540,"href":"https:\/\/nekotsuki-studio.com\/Blog\/wp-json\/wp\/v2\/pages\/1126\/revisions\/1540"}],"wp:attachment":[{"href":"https:\/\/nekotsuki-studio.com\/Blog\/wp-json\/wp\/v2\/media?parent=1126"}],"curies":[{"name":"wp","href":"https:\/\/api.w.org\/{rel}","templated":true}]}}