{"id":10349,"date":"2025-08-20T17:20:58","date_gmt":"2025-08-20T15:20:58","guid":{"rendered":"https:\/\/nekotsuki-studio.com\/Blog\/?page_id=10349"},"modified":"2025-08-29T16:20:25","modified_gmt":"2025-08-29T14:20:25","slug":"ldaorganisationacademie","status":"publish","type":"page","link":"https:\/\/nekotsuki-studio.com\/Blog\/ldaorganisationacademie\/","title":{"rendered":"LDAOrganisationAcademie"},"content":{"rendered":"<p style=\"text-align: center;\"><span style=\"color: #ffffff;\"><strong><span style=\"font-family: Gabriola, fantasy;\"><span style=\"font-size: xx-large;\">Organisation de l&rsquo;Academie (R\u00e9sum\u00e9)<\/span><\/span><\/strong><\/span><\/p>\n<p style=\"text-align: center;\" align=\"justify\">(Page provisoire)<\/p>\n<p style=\"text-align: center;\" align=\"justify\"><a href=\"https:\/\/nekotsuki-studio.com\/Blog\/ldaencyclopedia\/\"><img loading=\"lazy\" decoding=\"async\" class=\"alignnone wp-image-10373\" src=\"https:\/\/nekotsuki-studio.com\/Blog\/wp-content\/uploads\/2025\/08\/Page-precedente.png\" alt=\"\" width=\"150\" height=\"50\" srcset=\"https:\/\/nekotsuki-studio.com\/Blog\/wp-content\/uploads\/2025\/08\/Page-precedente.png 450w, https:\/\/nekotsuki-studio.com\/Blog\/wp-content\/uploads\/2025\/08\/Page-precedente-300x100.png 300w\" sizes=\"auto, (max-width: 150px) 100vw, 150px\" \/><\/a>\u00a0 \u00a0<a href=\"https:\/\/nekotsuki-studio.com\/Blog\/lunadraconisacademy\/\"><img loading=\"lazy\" decoding=\"async\" class=\"alignnone wp-image-10370\" src=\"https:\/\/nekotsuki-studio.com\/Blog\/wp-content\/uploads\/2025\/08\/Page-daccueil.png\" alt=\"\" width=\"150\" height=\"50\" srcset=\"https:\/\/nekotsuki-studio.com\/Blog\/wp-content\/uploads\/2025\/08\/Page-daccueil.png 450w, https:\/\/nekotsuki-studio.com\/Blog\/wp-content\/uploads\/2025\/08\/Page-daccueil-300x100.png 300w\" sizes=\"auto, (max-width: 150px) 100vw, 150px\" \/><\/a><\/p>\n<p style=\"text-align: center;\" align=\"justify\"><strong><span style=\"color: #ccffff;\"><a style=\"color: #ccffff;\" href=\"https:\/\/nekotsuki-studio.com\/Blog\/ldaencyclopedia\/\">Retour \u00e0 la page pr\u00e9c\u00e9dente [\u21b5]<\/a><\/span><\/strong> <span style=\"color: #ffffff;\">&#8211;<\/span> <strong><span style=\"color: #ccffcc;\"><a style=\"color: #ccffcc;\" href=\"https:\/\/nekotsuki-studio.com\/Blog\/lunadraconisacademy\/\">Retour \u00e0 la page d&rsquo;acceuil [\u21b5]<\/a><\/span><\/strong><\/p>\n<p style=\"text-align: center;\" align=\"justify\">~<\/p>\n<p style=\"font-size: medium;\" align=\"justify\"><span style=\"color: #fcffff;\"><strong>Cursus de Base (3 ans) :<\/strong><br \/>\nAccessible en g\u00e9n\u00e9ral \u00e0 partir de l&rsquo;\u00e2ge de 13 ans (avec des variantes selon certaines circonstances), les 3 premi\u00e8res ann\u00e9e du Cursus \u00e0 Luna Draconis sont consacr\u00e9es aux bases th\u00e9oriques et pratiques de la Magie, \u00e9tudi\u00e9es individuellement ou en groupe, mais toujours au sein de l&rsquo;Academie. En 3\u00e8me ann\u00e9e, les \u00e9l\u00e8ves se choisissent une sp\u00e9cialisation, principalement en fonction de leurs envies \/ affinit\u00e9s, avec \u00e0 la cl\u00e9 des cours suppl\u00e9mentaires plus orient\u00e9s vers la discipline en question. Rares sont ceux qui ne choisissent rien et d\u00e9cident de devenir des \u00ab\u00a0g\u00e9n\u00e9ralistes\u00a0\u00bb de la Magie, mais cela arrive de temps en temps (il est toujours possible de se sp\u00e9cialiser par la suite de toute fa\u00e7on).<\/span><\/p>\n<p style=\"text-align: center;\">~<\/p>\n<p style=\"font-size: medium;\" align=\"justify\"><span style=\"color: #fcffff;\"><strong>Cursus Avanc\u00e9 (3 ans) :<\/strong><br \/>\nA partir de la 4\u00e8me ann\u00e9e, et ce pendant une nouvelle p\u00e9riode de 3 ans, les classes de l&rsquo;Acad\u00e9mie sont divis\u00e9es en \u00e9quipes de 3 personnes. Ces \u00e9quipes se forment naturellement, ou sont compos\u00e9 par les enseignant de l&rsquo;Acad\u00e9mie, selon les circonstance. Toutefois, la formation \u00ab\u00a0organique\u00a0\u00bb d&rsquo;une \u00e9quipe reste la m\u00e9thode privil\u00e9gi\u00e9e et celle-ci s&rsquo;op\u00e8re en g\u00e9n\u00e9ral d&rsquo;elle m\u00eame gr\u00e2ces aux interactions des \u00e9l\u00e8ves pendant les 3 premi\u00e8res ann\u00e9e de formation. La formation d&rsquo;une \u00e9quipe via le personnel \u00e9ducatif correspond souvent au d\u00e9part, mais plus souvent \u00e0 l&rsquo;arriv\u00e9e de personnes suppl\u00e9mentaires \u00e0 partir de cette fameuse 4\u00e8me ann\u00e9e.<\/span><\/p>\n<p style=\"font-size: medium;\" align=\"justify\"><span style=\"color: #fcffff;\">Selon l&rsquo;effectif de l&rsquo;ann\u00e9e, il y aura environ 7 \u00e0 8 \u00e9quipes par classe, pour un maximum de 6 classes \/ 144 \u00e9l\u00e8ves. Si une ou deux personnes se retrouvent isol\u00e9es, l&rsquo;Acad\u00e9mie se chargera alors de trouver des candidats potentiels \u00e0 l&rsquo;ext\u00e9rieur de l&rsquo;\u00e9cole (le plus souvent sur une liste d&rsquo;attente largement assez longue pour \u00e9viter tout probl\u00e8me de ce c\u00f4t\u00e9 l\u00e0), pour finaliser une \u00e9quipe de plus.<\/span><\/p>\n<p style=\"font-size: medium;\" align=\"justify\"><span style=\"color: #fcffff;\">Chaque \u00e9quipe doit choisir un leader, et une identit\u00e9 qui lui sera propre : le \u00ab\u00a0Team NEC\u00a0\u00bb (pour Nom\/Embl\u00e8me\/Couleur). Ensuite, l&rsquo;\u00e9quipe se verra allou\u00e9e un QG dans une des tours de l&rsquo;Acad\u00e9mie, qui constituera invariablement en un espace commun central, entour\u00e9 de 3 petits appartements (un pour chaque membre de l&rsquo;\u00e9quipe).<\/span><\/p>\n<p style=\"font-size: medium;\" align=\"justify\"><span style=\"color: #fcffff;\">Une fois ces \u00e9quipes constitu\u00e9es et install\u00e9es, elles vont pouvoir acc\u00e9der \u00e0 des \u00ab\u00a0Missions\u00a0\u00bb p\u00e9riscolaires, sortes de travaux pratiques qui peuvent avoir lieu cette fois \u00e0 l&rsquo;ext\u00e9rieur de l&rsquo;Acad\u00e9mie elle-m\u00eame. Ces Missions comportent des risques r\u00e9els, mais ces risques sont toujours \u00e9valu\u00e9s en fonction du niveau des \u00e9l\u00e8ves participants. Une s\u00e9curit\u00e9 de plus a \u00e9t\u00e9 ajout\u00e9 sous la forme de l&#8217;embl\u00e8me de l&rsquo;\u00e9cole, poss\u00e9dant un dispositif de t\u00e9l\u00e9portation instantan\u00e9 jusqu&rsquo;\u00e0 l&rsquo;infirmerie de l&rsquo;\u00e9cole qui se d\u00e9clenche automatiquement en cas de danger pour la vie de l&rsquo;\u00e9l\u00e8ve. Tous les \u00e9l\u00e8ves doivent le garder en permanence pr\u00e8s d&rsquo;eux (la port\u00e9e de la protection individuelle est de 5m de rayon seulement) pendant la dur\u00e9e de leurs Missions. A noter que cet Embl\u00e8me peut aussi faire office de moyen de communication.<\/span><\/p>\n<p style=\"text-align: center;\">~<\/p>\n<p style=\"font-size: medium;\" align=\"justify\"><span style=\"color: #fcffff;\"><strong>Cursus Approfondi (4+ ann\u00e9es) :<\/strong><br \/>\nCe Cursus a lieu \u00e0 partir de la 7\u00e8me ann\u00e9e (d\u00e9tails \u00e0 venir).<\/span><\/p>\n<p style=\"text-align: center;\">~<\/p>\n<p align=\"center\"><span style=\"font-family: Gabriola, fantasy; color: #ffffff;\"><span style=\"font-size: x-large;\"><b>Liste des \u00e9quipes de la classe 4F :<\/b><\/span><\/span><\/p>\n<table width=\"100%\" cellspacing=\"0\" cellpadding=\"4\">\n<tbody>\n<tr>\n<td valign=\"top\" width=\"100%\">\n<p align=\"center\"><span style=\"color: #999999;\"><span style=\"font-family: Shell;\"><span style=\"font-size: x-large;\"><b>Team Back Alley<\/b><\/span><\/span><\/span><\/p>\n<\/td>\n<\/tr>\n<tr>\n<td valign=\"top\" width=\"100%\">\n<p align=\"center\"><span style=\"color: #99ccff;\"><span style=\"font-family: Shell;\"><span style=\"font-size: x-large;\"><b>Team Starlight<\/b><\/span><\/span><\/span><\/p>\n<\/td>\n<\/tr>\n<tr>\n<td valign=\"top\" width=\"100%\">\n<p align=\"center\"><span style=\"color: #ffc8ff;\"><span style=\"font-family: Shell;\"><span style=\"font-size: x-large;\"><b>Team Ars Magia<\/b><\/span><\/span><\/span><\/p>\n<\/td>\n<\/tr>\n<tr>\n<td valign=\"top\" width=\"100%\">\n<p align=\"center\"><span style=\"color: #999999;\"><span style=\"font-family: Shell;\"><span style=\"font-size: x-large;\"><b>Team Dreamcatcher<\/b><\/span><\/span><\/span><\/p>\n<\/td>\n<\/tr>\n<tr>\n<td valign=\"top\" width=\"100%\">\n<p align=\"center\"><span style=\"color: #999999;\"><span style=\"font-family: Shell;\"><span style=\"font-size: x-large;\"><b>Team Monster Hunters<\/b><\/span><\/span><\/span><\/p>\n<\/td>\n<\/tr>\n<tr>\n<td valign=\"top\" width=\"100%\">\n<p align=\"center\"><span style=\"color: #fa964b;\"><span style=\"font-family: Shell;\"><span style=\"font-size: x-large;\"><b>Team Clockwork Atelier<\/b><\/span><\/span><\/span><\/p>\n<\/td>\n<\/tr>\n<tr>\n<td valign=\"top\" width=\"100%\">\n<p align=\"center\"><span style=\"color: #f55f55;\"><span style=\"font-family: Shell;\"><span style=\"font-size: x-large;\"><b>Team The Claw<\/b><\/span><\/span><\/span><\/p>\n<\/td>\n<\/tr>\n<tr>\n<td valign=\"top\" width=\"100%\">\n<p align=\"center\"><span style=\"color: #999999;\"><span style=\"font-family: Shell;\"><span style=\"font-size: x-large;\"><b>?<\/b><\/span><\/span><\/span><\/p>\n<\/td>\n<\/tr>\n<\/tbody>\n<\/table>\n<p align=\"center\">~<\/p>\n<p>&nbsp;<\/p>\n","protected":false},"excerpt":{"rendered":"<p>Organisation de l&rsquo;Academie (R\u00e9sum\u00e9) (Page provisoire) \u00a0 \u00a0 Retour \u00e0 la page pr\u00e9c\u00e9dente [\u21b5] &#8211; Retour \u00e0 la page d&rsquo;acceuil [\u21b5] ~ Cursus de Base (3 ans) : Accessible en g\u00e9n\u00e9ral \u00e0 partir de l&rsquo;\u00e2ge de 13 ans (avec des &hellip; <a href=\"https:\/\/nekotsuki-studio.com\/Blog\/ldaorganisationacademie\/\">Continued<\/a><\/p>\n","protected":false},"author":1,"featured_media":0,"parent":0,"menu_order":0,"comment_status":"closed","ping_status":"closed","template":"","meta":{"footnotes":""},"class_list":["post-10349","page","type-page","status-publish","hentry"],"jetpack_sharing_enabled":true,"_links":{"self":[{"href":"https:\/\/nekotsuki-studio.com\/Blog\/wp-json\/wp\/v2\/pages\/10349","targetHints":{"allow":["GET"]}}],"collection":[{"href":"https:\/\/nekotsuki-studio.com\/Blog\/wp-json\/wp\/v2\/pages"}],"about":[{"href":"https:\/\/nekotsuki-studio.com\/Blog\/wp-json\/wp\/v2\/types\/page"}],"author":[{"embeddable":true,"href":"https:\/\/nekotsuki-studio.com\/Blog\/wp-json\/wp\/v2\/users\/1"}],"replies":[{"embeddable":true,"href":"https:\/\/nekotsuki-studio.com\/Blog\/wp-json\/wp\/v2\/comments?post=10349"}],"version-history":[{"count":3,"href":"https:\/\/nekotsuki-studio.com\/Blog\/wp-json\/wp\/v2\/pages\/10349\/revisions"}],"predecessor-version":[{"id":10380,"href":"https:\/\/nekotsuki-studio.com\/Blog\/wp-json\/wp\/v2\/pages\/10349\/revisions\/10380"}],"wp:attachment":[{"href":"https:\/\/nekotsuki-studio.com\/Blog\/wp-json\/wp\/v2\/media?parent=10349"}],"curies":[{"name":"wp","href":"https:\/\/api.w.org\/{rel}","templated":true}]}}