{"id":10312,"date":"2025-08-19T18:13:08","date_gmt":"2025-08-19T16:13:08","guid":{"rendered":"https:\/\/nekotsuki-studio.com\/Blog\/?page_id=10312"},"modified":"2025-08-29T16:28:22","modified_gmt":"2025-08-29T14:28:22","slug":"ldaencyclopedia","status":"publish","type":"page","link":"https:\/\/nekotsuki-studio.com\/Blog\/ldaencyclopedia\/","title":{"rendered":"LDAEncyclopedia"},"content":{"rendered":"<p align=\"center\"><span style=\"font-size: xx-large;\"><span style=\"color: #ffffff;\"><span style=\"font-family: Wingdings;\">\uf097<span style=\"font-family: Shell;\"><b> LunaDraconis Academy<\/b><span style=\"font-family: Wingdings;\">\uf096<\/span><\/span><\/span><\/span><\/span><\/p>\n<p align=\"center\"><span style=\"font-size: xx-large;\"><span style=\"color: #ffffff;\"><span style=\"font-family: Wingdings;\">\uf098<span style=\"font-family: Shell;\"><b> Encyclop\u00e6dia<\/b><\/span><\/span><span style=\"font-family: Wingdings;\">\uf099<\/span><\/span><\/span><\/p>\n<p align=\"center\">~<\/p>\n<p align=\"center\">\u00a0<a href=\"https:\/\/nekotsuki-studio.com\/Blog\/lunadraconisacademy\/\"><img loading=\"lazy\" decoding=\"async\" class=\"alignnone wp-image-10370\" src=\"https:\/\/nekotsuki-studio.com\/Blog\/wp-content\/uploads\/2025\/08\/Page-daccueil.png\" alt=\"\" width=\"150\" height=\"50\" srcset=\"https:\/\/nekotsuki-studio.com\/Blog\/wp-content\/uploads\/2025\/08\/Page-daccueil.png 450w, https:\/\/nekotsuki-studio.com\/Blog\/wp-content\/uploads\/2025\/08\/Page-daccueil-300x100.png 300w\" sizes=\"auto, (max-width: 150px) 100vw, 150px\" \/><\/a><\/p>\n<p align=\"center\"><a href=\"https:\/\/nekotsuki-studio.com\/Blog\/lunadraconisacademy\/\"><span style=\"color: #ccffcc;\"><strong>Retour \u00e0 la page d&rsquo;acceuil [\u21b5]<\/strong><\/span><\/a><\/p>\n<p align=\"center\">~<\/p>\n<p style=\"text-align: center;\" align=\"left\"><span style=\"color: #ffffff;\">Sur cette page, vous trouverez toutes les informations les plus r\u00e9centes sur l&rsquo;Univers du Projet Luna Draconis Academy.<\/span><\/p>\n<table width=\"100%\" cellspacing=\"0\" cellpadding=\"4\">\n<tbody>\n<tr valign=\"top\">\n<td width=\"50%\"><a href=\"https:\/\/nekotsuki-studio.com\/Blog\/lunadraconisacademyhistory\/\"><img loading=\"lazy\" decoding=\"async\" class=\"aligncenter wp-image-9084\" src=\"https:\/\/nekotsuki-studio.com\/Blog\/wp-content\/uploads\/2024\/06\/Lore-Book.png\" alt=\"\" width=\"500\" height=\"217\" srcset=\"https:\/\/nekotsuki-studio.com\/Blog\/wp-content\/uploads\/2024\/06\/Lore-Book.png 920w, https:\/\/nekotsuki-studio.com\/Blog\/wp-content\/uploads\/2024\/06\/Lore-Book-300x130.png 300w, https:\/\/nekotsuki-studio.com\/Blog\/wp-content\/uploads\/2024\/06\/Lore-Book-768x334.png 768w\" sizes=\"auto, (max-width: 500px) 100vw, 500px\" \/><\/a><\/td>\n<td width=\"50%\">\n<p style=\"text-align: center;\"><span style=\"font-family: Gabriola, fantasy;\"><span style=\"font-size: xx-large;\">~<\/span><\/span><\/p>\n<p style=\"text-align: center;\"><a href=\"https:\/\/nekotsuki-studio.com\/Blog\/ldaorganisationacademie\/\"><span style=\"font-family: Gabriola, fantasy;\"><span style=\"font-size: xx-large;\">Organisation de l&rsquo;Academie (R\u00e9sum\u00e9)<\/span><\/span><\/a><\/p>\n<p style=\"text-align: center;\"><span style=\"font-family: Gabriola, fantasy;\"><span style=\"font-size: xx-large;\">~<\/span><\/span><\/p>\n<\/td>\n<\/tr>\n<tr valign=\"top\">\n<td width=\"50%\">\n<p align=\"center\"><strong><span style=\"color: #999999;\">Disciplines de Magie (R\u00e9sum\u00e9)<\/span><\/strong><\/p>\n<\/td>\n<td width=\"50%\">\n<p align=\"center\"><strong><span style=\"color: #999999;\">Inventaire d&rsquo;Objets &amp; Artefacts<\/span><\/strong><\/p>\n<\/td>\n<\/tr>\n<tr valign=\"top\">\n<td width=\"50%\">\n<p align=\"center\"><strong><span style=\"color: #999999;\">Ethnologie<\/span><\/strong><\/p>\n<\/td>\n<td width=\"50%\">\n<p align=\"center\"><strong><span style=\"color: #999999;\">Bestiaire<\/span><\/strong><\/p>\n<\/td>\n<\/tr>\n<tr valign=\"top\">\n<td style=\"text-align: center;\" width=\"50%\"><span style=\"font-family: Gabriola, fantasy; font-size: xx-large;\">~<\/span><\/p>\n<p><a href=\"https:\/\/nekotsuki-studio.com\/Blog\/lunadraconisacademyatlas\/\"><span style=\"font-family: Gabriola, fantasy; font-size: xx-large;\">L&rsquo;Atlas de l&rsquo;Univers de Luna Draconis Academy<\/span><\/a><\/p>\n<p><span style=\"font-family: Gabriola, fantasy; font-size: xx-large;\">~<\/span><\/td>\n<td width=\"50%\">\n<p align=\"center\"><strong><span style=\"color: #999999;\">?<\/span><\/strong><\/p>\n<\/td>\n<\/tr>\n<\/tbody>\n<\/table>\n<p align=\"center\">~<\/p>\n<p align=\"center\">\n","protected":false},"excerpt":{"rendered":"<p>\uf097 LunaDraconis Academy\uf096 \uf098 Encyclop\u00e6dia\uf099 ~ \u00a0 Retour \u00e0 la page d&rsquo;acceuil [\u21b5] ~ Sur cette page, vous trouverez toutes les informations les plus r\u00e9centes sur l&rsquo;Univers du Projet Luna Draconis Academy. ~ Organisation de l&rsquo;Academie (R\u00e9sum\u00e9) ~ Disciplines de &hellip; <a href=\"https:\/\/nekotsuki-studio.com\/Blog\/ldaencyclopedia\/\">Continued<\/a><\/p>\n","protected":false},"author":1,"featured_media":0,"parent":0,"menu_order":0,"comment_status":"closed","ping_status":"closed","template":"","meta":{"footnotes":""},"class_list":["post-10312","page","type-page","status-publish","hentry"],"jetpack_sharing_enabled":true,"_links":{"self":[{"href":"https:\/\/nekotsuki-studio.com\/Blog\/wp-json\/wp\/v2\/pages\/10312","targetHints":{"allow":["GET"]}}],"collection":[{"href":"https:\/\/nekotsuki-studio.com\/Blog\/wp-json\/wp\/v2\/pages"}],"about":[{"href":"https:\/\/nekotsuki-studio.com\/Blog\/wp-json\/wp\/v2\/types\/page"}],"author":[{"embeddable":true,"href":"https:\/\/nekotsuki-studio.com\/Blog\/wp-json\/wp\/v2\/users\/1"}],"replies":[{"embeddable":true,"href":"https:\/\/nekotsuki-studio.com\/Blog\/wp-json\/wp\/v2\/comments?post=10312"}],"version-history":[{"count":16,"href":"https:\/\/nekotsuki-studio.com\/Blog\/wp-json\/wp\/v2\/pages\/10312\/revisions"}],"predecessor-version":[{"id":10383,"href":"https:\/\/nekotsuki-studio.com\/Blog\/wp-json\/wp\/v2\/pages\/10312\/revisions\/10383"}],"wp:attachment":[{"href":"https:\/\/nekotsuki-studio.com\/Blog\/wp-json\/wp\/v2\/media?parent=10312"}],"curies":[{"name":"wp","href":"https:\/\/api.w.org\/{rel}","templated":true}]}}