{"id":10158,"date":"2025-02-02T20:39:43","date_gmt":"2025-02-02T19:39:43","guid":{"rendered":"https:\/\/nekotsuki-studio.com\/Blog\/?page_id=10158"},"modified":"2025-02-03T15:54:48","modified_gmt":"2025-02-03T14:54:48","slug":"liste-des-membres","status":"publish","type":"page","link":"https:\/\/nekotsuki-studio.com\/Blog\/liste-des-membres\/","title":{"rendered":"Liste des membres"},"content":{"rendered":"<p style=\"text-align: center; font-family: Gabriola, fantasy; font-size: x-large;\"><strong><span style=\"color: #ccffff;\">~ Liste des Membres de l&rsquo;Association. ~<\/span><\/strong><\/p>\n<p style=\"text-align: center;\"><strong><span style=\"color: #ccffff;\"><a style=\"color: #ccffff;\" href=\"https:\/\/nekotsuki-studio.com\/Blog\/le-studio-nekotsuki\/\">Retour \u00e0 la page de pr\u00e9sentation [\u21b5]<\/a><\/span><\/strong><\/p>\n<p style=\"text-align: center;\"><strong>\u2234<\/strong><\/p>\n<p style=\"text-align: center; font-size: medium;\"><strong><span style=\"color: #ccffff;\">Direction de l&rsquo;Association :<\/span><\/strong><\/p>\n<p style=\"text-align: center; font-size: medium;\"><strong><span style=\"color: #99ccff;\"><a href=\"https:\/\/bsky.app\/profile\/marcosensei-art.bsky.social\"><img loading=\"lazy\" decoding=\"async\" class=\"aligncenter wp-image-10160 size-thumbnail\" src=\"https:\/\/nekotsuki-studio.com\/Blog\/wp-content\/uploads\/2025\/02\/ToranekoWeb02-150x150.png\" alt=\"\" width=\"150\" height=\"150\" srcset=\"https:\/\/nekotsuki-studio.com\/Blog\/wp-content\/uploads\/2025\/02\/ToranekoWeb02-150x150.png 150w, https:\/\/nekotsuki-studio.com\/Blog\/wp-content\/uploads\/2025\/02\/ToranekoWeb02.png 300w\" sizes=\"auto, (max-width: 150px) 100vw, 150px\" \/><\/a><\/span><span style=\"color: #99ccff;\"><a style=\"color: #99ccff;\" href=\"https:\/\/bsky.app\/profile\/marcosensei-art.bsky.social\">Marco Sensei [\u21b5]<\/a><\/span><\/strong><\/p>\n<p style=\"text-align: center;\"><span style=\"color: #ffffff;\">Pr\u00e9sident et \u00ab\u00a0Jack of All Trades\u00a0\u00bb de l&rsquo;Association, Animateur \/ Illustrateur, Prof d&rsquo;Animation, Designer de Goodies, Responsable de Stand en Convention, Auteur du Projet Luna Draconis Academy, Pr\u00e9sident du Jury et Organisateur des Concours de Dessin, Admin du Forum, Webmaster, CM sur 5 R\u00e9seaux Sociaux (mais r\u00e9ellement actif sur 3).<\/span><\/p>\n<p style=\"text-align: center;\"><span style=\"color: #ffffff;\">Son Super-Pouvoir : Bannir le Silence.<\/span><\/p>\n<p style=\"text-align: center;\">~<\/p>\n<p style=\"text-align: center; font-size: medium;\"><strong><span style=\"color: #99ccff;\">Thierry MILLI\u00c9<\/span><\/strong><\/p>\n<p style=\"text-align: center;\"><span style=\"color: #ffffff;\">Secr\u00e9taire de l&rsquo;Association, Responsable du Projet Histoires d&rsquo;y Croire, Responsable de Stand sur les Salons \/ Festivals du Livre.<\/span><\/p>\n<p style=\"text-align: center;\">~<\/p>\n<p style=\"text-align: center; font-size: medium;\"><strong><span style=\"color: #99ccff;\">\u00c9milie MILLI\u00c9<\/span><\/strong><\/p>\n<p style=\"text-align: center;\"><span style=\"color: #ffffff;\">Tr\u00e9sori\u00e8re de l&rsquo;Association, Autrice de la Collection Histoires d&rsquo;y Croire.<\/span><\/p>\n<p style=\"text-align: center;\"><strong>\u2234<\/strong><\/p>\n<p style=\"text-align: center; font-size: medium;\"><strong><span style=\"color: #ccffff;\">Membres Actifs de l&rsquo;Association :<\/span><\/strong><\/p>\n<p style=\"text-align: center; font-size: medium;\"><strong><span style=\"color: #99ccff;\"><a href=\"https:\/\/www.instagram.com\/gaboochan\/\"><img loading=\"lazy\" decoding=\"async\" class=\"aligncenter wp-image-10161 size-thumbnail\" src=\"https:\/\/nekotsuki-studio.com\/Blog\/wp-content\/uploads\/2025\/02\/Gaboo-150x150.jpg\" alt=\"\" width=\"150\" height=\"150\" srcset=\"https:\/\/nekotsuki-studio.com\/Blog\/wp-content\/uploads\/2025\/02\/Gaboo-150x150.jpg 150w, https:\/\/nekotsuki-studio.com\/Blog\/wp-content\/uploads\/2025\/02\/Gaboo.jpg 200w\" sizes=\"auto, (max-width: 150px) 100vw, 150px\" \/><\/a><\/span><span style=\"color: #99ccff;\"><a style=\"color: #99ccff;\" href=\"https:\/\/www.instagram.com\/gaboochan\/\">Gaboo [\u21b5]<\/a><\/span><\/strong><\/p>\n<p style=\"text-align: center;\"><span style=\"color: #ffffff;\">Animatrice \/ Illustratrice, Designer de la Collection des Poneys Magiques, Illustratrice sur la Collection Histoires d&rsquo;y Croire, Reine des Chevaux, des Poneys et des Licornes.<\/span><\/p>\n<p style=\"text-align: center;\">~<\/p>\n<p style=\"text-align: center; font-size: medium;\"><strong><span style=\"color: #99ccff;\">Dany Da Silva<\/span><\/strong><\/p>\n<p style=\"text-align: center;\"><span style=\"color: #ffffff;\">Grand Master des Gremlins du Site Web de NekoTsuki Studio (IT).<\/span><\/p>\n<p style=\"text-align: center;\">~<\/p>\n<p style=\"text-align: center; font-size: medium;\"><strong><span style=\"color: #99ccff;\"><a style=\"color: #99ccff;\" href=\"https:\/\/linktr.ee\/emilegignoux?utm_source=linktree_profile_share&amp;ltsid=29fd5bc9-b554-4484-b768-21495f23f534\">\u00c9mile Gignoux [\u21b5]<\/a><\/span><\/strong><\/p>\n<p style=\"text-align: center;\"><span style=\"color: #ffffff;\">Animateur \/ Illustrateur, a illustr\u00e9 2 volumes de la Collection Histoires d&rsquo;y Croire, Lutin fran\u00e7ais expatri\u00e9 danois, fan de Ghibli.<\/span><\/p>\n<p style=\"text-align: center;\">~<\/p>\n<p style=\"text-align: center; font-size: medium;\"><strong><span style=\"color: #99ccff;\"><a href=\"https:\/\/linktr.ee\/invidia_gecko?utm_source=linktree_profile_share&amp;ltsid=41e9c03a-92ae-41ec-8823-ec79dadd73cf\"><img loading=\"lazy\" decoding=\"async\" class=\"aligncenter wp-image-10162 size-thumbnail\" src=\"https:\/\/nekotsuki-studio.com\/Blog\/wp-content\/uploads\/2025\/02\/Invidia-Gecko-150x150.png\" alt=\"\" width=\"150\" height=\"150\" \/><\/a><\/span><span style=\"color: #99ccff;\"><a style=\"color: #99ccff;\" href=\"https:\/\/linktr.ee\/invidia_gecko?utm_source=linktree_profile_share&amp;ltsid=41e9c03a-92ae-41ec-8823-ec79dadd73cf\">Invidia Gecko [\u21b5]<\/a><\/span><\/strong><\/p>\n<p style=\"text-align: center;\"><span style=\"color: #ffffff;\">Animatrice \/ Illustratrice, L\u00e9zard Junior mais futur Grand Dragon de l&rsquo;Animation, Designer de Goodies et Staff Omnipotent des Stands de Convention.<\/span><\/p>\n<p style=\"text-align: center;\"><strong>\u2234<\/strong><\/p>\n<p style=\"text-align: center; font-size: medium;\"><strong><span style=\"color: #ccffff;\">Membres Honoraires de l&rsquo;Association :<\/span><\/strong><\/p>\n<p style=\"text-align: center;\"><span style=\"color: #ffffff;\">Akane Futatsugi<\/span><\/p>\n<p style=\"text-align: center;\"><span style=\"color: #ffffff;\">Basile Traor\u00e9<\/span><\/p>\n<p style=\"text-align: center;\"><span style=\"color: #ffffff;\">Ramshan<\/span><\/p>\n<p style=\"text-align: center;\"><span style=\"color: #ffffff;\">Claire Matz<\/span><\/p>\n<p style=\"text-align: center;\">\n","protected":false},"excerpt":{"rendered":"<p>~ Liste des Membres de l&rsquo;Association. ~ Retour \u00e0 la page de pr\u00e9sentation [\u21b5] \u2234 Direction de l&rsquo;Association : Marco Sensei [\u21b5] Pr\u00e9sident et \u00ab\u00a0Jack of All Trades\u00a0\u00bb de l&rsquo;Association, Animateur \/ Illustrateur, Prof d&rsquo;Animation, Designer de Goodies, Responsable de &hellip; <a href=\"https:\/\/nekotsuki-studio.com\/Blog\/liste-des-membres\/\">Continued<\/a><\/p>\n","protected":false},"author":1,"featured_media":0,"parent":0,"menu_order":0,"comment_status":"closed","ping_status":"closed","template":"","meta":{"footnotes":""},"class_list":["post-10158","page","type-page","status-publish","hentry"],"jetpack_sharing_enabled":true,"_links":{"self":[{"href":"https:\/\/nekotsuki-studio.com\/Blog\/wp-json\/wp\/v2\/pages\/10158","targetHints":{"allow":["GET"]}}],"collection":[{"href":"https:\/\/nekotsuki-studio.com\/Blog\/wp-json\/wp\/v2\/pages"}],"about":[{"href":"https:\/\/nekotsuki-studio.com\/Blog\/wp-json\/wp\/v2\/types\/page"}],"author":[{"embeddable":true,"href":"https:\/\/nekotsuki-studio.com\/Blog\/wp-json\/wp\/v2\/users\/1"}],"replies":[{"embeddable":true,"href":"https:\/\/nekotsuki-studio.com\/Blog\/wp-json\/wp\/v2\/comments?post=10158"}],"version-history":[{"count":5,"href":"https:\/\/nekotsuki-studio.com\/Blog\/wp-json\/wp\/v2\/pages\/10158\/revisions"}],"predecessor-version":[{"id":10181,"href":"https:\/\/nekotsuki-studio.com\/Blog\/wp-json\/wp\/v2\/pages\/10158\/revisions\/10181"}],"wp:attachment":[{"href":"https:\/\/nekotsuki-studio.com\/Blog\/wp-json\/wp\/v2\/media?parent=10158"}],"curies":[{"name":"wp","href":"https:\/\/api.w.org\/{rel}","templated":true}]}}