{"id":10108,"date":"2025-01-19T17:44:41","date_gmt":"2025-01-19T16:44:41","guid":{"rendered":"https:\/\/nekotsuki-studio.com\/Blog\/?page_id=10108"},"modified":"2025-10-16T16:15:48","modified_gmt":"2025-10-16T14:15:48","slug":"liste-des-projets-et-activites-diverses","status":"publish","type":"page","link":"https:\/\/nekotsuki-studio.com\/Blog\/liste-des-projets-et-activites-diverses\/","title":{"rendered":"Liste des Projets et Activit\u00e9s Diverses"},"content":{"rendered":"<p style=\"text-align: center; font-family: Gabriola, fantasy; font-size: x-large;\"><strong><span style=\"color: #ccffff;\">~ Liste de projets (Achev\u00e9 \/ En cours \/ En Stand-by \/ Abandonn\u00e9) ~<\/span><\/strong><\/p>\n<p style=\"text-align: center;\"><strong><span style=\"color: #ccffff;\"><a style=\"color: #ccffff;\" href=\"https:\/\/nekotsuki-studio.com\/Blog\/le-studio-nekotsuki\/\">Retour \u00e0 la page de pr\u00e9sentation [\u21b5]<\/a><\/span><\/strong><\/p>\n<p style=\"font-family: Gabriola, fantasy; font-size: large; text-align: left;\"><strong><span style=\"color: #99ccff;\">Histoires d&rsquo;y Croire (Achev\u00e9) :<\/span><\/strong><\/p>\n<p><a href=\"https:\/\/nekotsuki-studio.com\/Blog\/wp-content\/uploads\/2025\/01\/Collection-Histoires-dy-Croire-Web.jpg\"><img loading=\"lazy\" decoding=\"async\" class=\"size-medium wp-image-10130 alignnone\" src=\"https:\/\/nekotsuki-studio.com\/Blog\/wp-content\/uploads\/2025\/01\/Collection-Histoires-dy-Croire-Web-300x225.jpg\" alt=\"\" width=\"300\" height=\"225\" srcset=\"https:\/\/nekotsuki-studio.com\/Blog\/wp-content\/uploads\/2025\/01\/Collection-Histoires-dy-Croire-Web-300x225.jpg 300w, https:\/\/nekotsuki-studio.com\/Blog\/wp-content\/uploads\/2025\/01\/Collection-Histoires-dy-Croire-Web-1024x768.jpg 1024w, https:\/\/nekotsuki-studio.com\/Blog\/wp-content\/uploads\/2025\/01\/Collection-Histoires-dy-Croire-Web-768x576.jpg 768w, https:\/\/nekotsuki-studio.com\/Blog\/wp-content\/uploads\/2025\/01\/Collection-Histoires-dy-Croire-Web.jpg 1440w\" sizes=\"auto, (max-width: 300px) 100vw, 300px\" \/><\/a><\/p>\n<p style=\"text-align: justify;\"><span style=\"color: #ffffff;\">Il s&rsquo;agit d&rsquo;une s\u00e9rie de livre pour enfants, \u00e9cris par \u00c9milie Houssais et illustr\u00e9 par&#8230; Beaucoup de gens talentueux ! (La liste est malheureusement trop longue pour la mettre ici, d\u00e9sol\u00e9. Pour le d\u00e9tail, veuillez consulter la partie \u00ab\u00a0Projet Ind\u00e9pendants\u00a0\u00bb. ) La collection compl\u00e8te comporte maintenant 6 volumes : 3 grands livres d&rsquo;histoires et 3 petits albums pour enfant.<\/span><\/p>\n<p style=\"text-align: justify;\"><span style=\"color: #ffffff;\">(la page du projet va \u00eatre enti\u00e8rement refaite en d\u00e9tail tr\u00e8s prochainement)<\/span><\/p>\n<p style=\"text-align: center;\">~<\/p>\n<p style=\"font-family: Gabriola, fantasy; font-size: large; text-align: left;\"><strong><span style=\"color: #99ccff;\">Luna Draconis Academy (En cours) :<\/span><\/strong><\/p>\n<p><a href=\"https:\/\/nekotsuki-studio.com\/Blog\/wp-content\/uploads\/2025\/06\/DSC01206-scaled.jpg\"><img loading=\"lazy\" decoding=\"async\" class=\"alignnone size-medium wp-image-10257\" src=\"https:\/\/nekotsuki-studio.com\/Blog\/wp-content\/uploads\/2025\/06\/DSC01206-225x300.jpg\" alt=\"\" width=\"225\" height=\"300\" srcset=\"https:\/\/nekotsuki-studio.com\/Blog\/wp-content\/uploads\/2025\/06\/DSC01206-225x300.jpg 225w, https:\/\/nekotsuki-studio.com\/Blog\/wp-content\/uploads\/2025\/06\/DSC01206-768x1024.jpg 768w, https:\/\/nekotsuki-studio.com\/Blog\/wp-content\/uploads\/2025\/06\/DSC01206-1152x1536.jpg 1152w, https:\/\/nekotsuki-studio.com\/Blog\/wp-content\/uploads\/2025\/06\/DSC01206-1536x2048.jpg 1536w, https:\/\/nekotsuki-studio.com\/Blog\/wp-content\/uploads\/2025\/06\/DSC01206-scaled.jpg 1920w\" sizes=\"auto, (max-width: 225px) 100vw, 225px\" \/><\/a><\/p>\n<p style=\"text-align: justify;\"><span style=\"color: #ffffff;\">Projet transm\u00e9dia dont l&rsquo;histoire se situe dans un monde futuriste ou la magie a connu une r\u00e9surgence. Sont pr\u00e9vu en d\u00e9veloppement : des Goodies pour aider \u00e0 financer le projet, un WebComic pour faire la promotion, un Jeu de Plateau et potentiellement une version Jeu Vid\u00e9o (si tout se passe vraiment tr\u00e8s tr\u00e8s bien).<\/span><\/p>\n<p style=\"text-align: center;\">~<\/p>\n<p style=\"font-family: Gabriola, fantasy; font-size: large; text-align: left;\"><strong><span style=\"color: #99ccff;\">Collection \u00ab\u00a0Comfort Food\u00a0\u00bb (En cours) :<\/span><\/strong><\/p>\n<p><a href=\"https:\/\/nekotsuki-studio.com\/Blog\/wp-content\/uploads\/2025\/06\/DSC01210-scaled.jpg\"><img loading=\"lazy\" decoding=\"async\" class=\"size-medium wp-image-10258 alignnone\" src=\"https:\/\/nekotsuki-studio.com\/Blog\/wp-content\/uploads\/2025\/06\/DSC01210-300x225.jpg\" alt=\"\" width=\"300\" height=\"225\" srcset=\"https:\/\/nekotsuki-studio.com\/Blog\/wp-content\/uploads\/2025\/06\/DSC01210-300x225.jpg 300w, https:\/\/nekotsuki-studio.com\/Blog\/wp-content\/uploads\/2025\/06\/DSC01210-1024x768.jpg 1024w, https:\/\/nekotsuki-studio.com\/Blog\/wp-content\/uploads\/2025\/06\/DSC01210-768x576.jpg 768w, https:\/\/nekotsuki-studio.com\/Blog\/wp-content\/uploads\/2025\/06\/DSC01210-1536x1152.jpg 1536w, https:\/\/nekotsuki-studio.com\/Blog\/wp-content\/uploads\/2025\/06\/DSC01210-2048x1536.jpg 2048w\" sizes=\"auto, (max-width: 300px) 100vw, 300px\" \/><\/a><\/p>\n<p style=\"text-align: justify;\"><span style=\"color: #ffffff;\">Petite collection de Goodies (Straps, Porte-cl\u00e9s, Magnets D\u00e9capsuleurs) repr\u00e9sentants divers \u00ab\u00a0Snacks\u00a0\u00bb, de la fameuse \u00ab\u00a0Anime Niku\u00a0\u00bb jusqu&rsquo;\u00e0 la carotte, en passant pas \u00ab\u00a0Croissant &amp; Baguette\u00a0\u00bb. La collection ne se d\u00e9veloppe plus pour le moment, mais nous nous gardons la possibilit\u00e9 de rajouter d&rsquo;autres Snacks \u00e0 l&rsquo;avenir.<\/span><\/p>\n<p style=\"text-align: center;\">~<\/p>\n<p style=\"font-family: Gabriola, fantasy; font-size: large; text-align: left;\"><strong><span style=\"color: #99ccff;\">Collection \u00ab\u00a0Magical Ponies\u00a0\u00bb (Achev\u00e9) :<\/span><\/strong><\/p>\n<p><span style=\"color: #ffffff;\"><a href=\"https:\/\/nekotsuki-studio.com\/Blog\/wp-content\/uploads\/2025\/06\/DSC01208-scaled.jpg\"><img loading=\"lazy\" decoding=\"async\" class=\"alignnone size-medium wp-image-10259\" src=\"https:\/\/nekotsuki-studio.com\/Blog\/wp-content\/uploads\/2025\/06\/DSC01208-300x225.jpg\" alt=\"\" width=\"300\" height=\"225\" srcset=\"https:\/\/nekotsuki-studio.com\/Blog\/wp-content\/uploads\/2025\/06\/DSC01208-300x225.jpg 300w, https:\/\/nekotsuki-studio.com\/Blog\/wp-content\/uploads\/2025\/06\/DSC01208-1024x768.jpg 1024w, https:\/\/nekotsuki-studio.com\/Blog\/wp-content\/uploads\/2025\/06\/DSC01208-768x576.jpg 768w, https:\/\/nekotsuki-studio.com\/Blog\/wp-content\/uploads\/2025\/06\/DSC01208-1536x1152.jpg 1536w, https:\/\/nekotsuki-studio.com\/Blog\/wp-content\/uploads\/2025\/06\/DSC01208-2048x1536.jpg 2048w\" sizes=\"auto, (max-width: 300px) 100vw, 300px\" \/><\/a><\/span><\/p>\n<p><span style=\"color: #ffffff;\">Collection originale de Porte-cl\u00e9s repr\u00e9sentant divers Poneys Magiques.<\/span><\/p>\n<p style=\"text-align: center;\">~<\/p>\n<p style=\"font-family: Gabriola, fantasy; font-size: large; text-align: left;\"><strong><span style=\"color: #99ccff;\">Projet WNK (En Stand-by) :<\/span><\/strong><\/p>\n<p style=\"text-align: justify;\"><span style=\"color: #ffffff;\">Ce projet est tr\u00e8s largement hypoth\u00e9tique, puisqu&rsquo;il s&rsquo;agit d&rsquo;une s\u00e9rie anim\u00e9e Prequel au Projet Luna Draconis Academy. Celui-ci est donc bien au chaud au fond d&rsquo;un coffre, en attendant de voir s&rsquo;il peut en sortir un jour&#8230;<\/span><\/p>\n<p style=\"text-align: center;\">~<\/p>\n<p style=\"font-family: Gabriola, fantasy; font-size: large; text-align: left;\"><strong><span style=\"color: #99ccff;\">Cat&rsquo;s in the Wind (Abandonn\u00e9) :<\/span><\/strong><\/p>\n<p style=\"text-align: justify;\"><span style=\"color: #ffffff;\">Projet de mini-s\u00e9rie anim\u00e9, qui a \u00e9t\u00e9 abandonn\u00e9 faute de financement. Il existe quand m\u00eame un Teaser ainsi que quelques Goodies d\u00e9velopp\u00e9es \u00e0 l&rsquo;\u00e9poque (Collection de Badges + un Poster).<\/span><\/p>\n<p style=\"text-align: center;\">~<\/p>\n<p style=\"font-family: Gabriola, fantasy; font-size: large; text-align: left;\"><strong><span style=\"color: #99ccff;\">Production de quelques Goodies \u00ab\u00a0Fan-Art\u00a0\u00bb :<\/span><\/strong><\/p>\n<p><a href=\"https:\/\/nekotsuki-studio.com\/Blog\/wp-content\/uploads\/2025\/01\/Sample-Goodies.jpg\"><img loading=\"lazy\" decoding=\"async\" class=\"size-medium wp-image-10151 alignnone\" src=\"https:\/\/nekotsuki-studio.com\/Blog\/wp-content\/uploads\/2025\/01\/Sample-Goodies-300x200.jpg\" alt=\"\" width=\"300\" height=\"200\" srcset=\"https:\/\/nekotsuki-studio.com\/Blog\/wp-content\/uploads\/2025\/01\/Sample-Goodies-300x200.jpg 300w, https:\/\/nekotsuki-studio.com\/Blog\/wp-content\/uploads\/2025\/01\/Sample-Goodies-1024x683.jpg 1024w, https:\/\/nekotsuki-studio.com\/Blog\/wp-content\/uploads\/2025\/01\/Sample-Goodies-768x512.jpg 768w, https:\/\/nekotsuki-studio.com\/Blog\/wp-content\/uploads\/2025\/01\/Sample-Goodies-1536x1024.jpg 1536w, https:\/\/nekotsuki-studio.com\/Blog\/wp-content\/uploads\/2025\/01\/Sample-Goodies.jpg 1620w\" sizes=\"auto, (max-width: 300px) 100vw, 300px\" \/><\/a><\/p>\n<p style=\"text-align: justify;\"><span style=\"color: #ffffff;\">Nous produisons aussi divers Goodies Fan-Art, tir\u00e9es en g\u00e9n\u00e9ral de s\u00e9ries d&rsquo;animation. Il s&rsquo;agit principalement de Straps, Porte-cl\u00e9s, Badges et un Poster Mash-Up. M\u00eame si on y peut trouver quelques s\u00e9ries tr\u00e8s connues, nous pr\u00e9f\u00e9rons souvent nous concentrer sur des s\u00e9ries un peu plus \u00ab\u00a0orphelines\u00a0\u00bb en terme de Goodies dispo sur le march\u00e9, histoire que certains fans de s\u00e9ries un peu plus obscures (genre, Dagashi Kashi ou encore Oban Star-Racers) puissent eux-aussi trouver leur bonheur.<\/span><\/p>\n","protected":false},"excerpt":{"rendered":"<p>~ Liste de projets (Achev\u00e9 \/ En cours \/ En Stand-by \/ Abandonn\u00e9) ~ Retour \u00e0 la page de pr\u00e9sentation [\u21b5] Histoires d&rsquo;y Croire (Achev\u00e9) : Il s&rsquo;agit d&rsquo;une s\u00e9rie de livre pour enfants, \u00e9cris par \u00c9milie Houssais et illustr\u00e9 &hellip; <a href=\"https:\/\/nekotsuki-studio.com\/Blog\/liste-des-projets-et-activites-diverses\/\">Continued<\/a><\/p>\n","protected":false},"author":1,"featured_media":0,"parent":0,"menu_order":0,"comment_status":"closed","ping_status":"closed","template":"","meta":{"footnotes":""},"class_list":["post-10108","page","type-page","status-publish","hentry"],"jetpack_sharing_enabled":true,"_links":{"self":[{"href":"https:\/\/nekotsuki-studio.com\/Blog\/wp-json\/wp\/v2\/pages\/10108","targetHints":{"allow":["GET"]}}],"collection":[{"href":"https:\/\/nekotsuki-studio.com\/Blog\/wp-json\/wp\/v2\/pages"}],"about":[{"href":"https:\/\/nekotsuki-studio.com\/Blog\/wp-json\/wp\/v2\/types\/page"}],"author":[{"embeddable":true,"href":"https:\/\/nekotsuki-studio.com\/Blog\/wp-json\/wp\/v2\/users\/1"}],"replies":[{"embeddable":true,"href":"https:\/\/nekotsuki-studio.com\/Blog\/wp-json\/wp\/v2\/comments?post=10108"}],"version-history":[{"count":12,"href":"https:\/\/nekotsuki-studio.com\/Blog\/wp-json\/wp\/v2\/pages\/10108\/revisions"}],"predecessor-version":[{"id":10426,"href":"https:\/\/nekotsuki-studio.com\/Blog\/wp-json\/wp\/v2\/pages\/10108\/revisions\/10426"}],"wp:attachment":[{"href":"https:\/\/nekotsuki-studio.com\/Blog\/wp-json\/wp\/v2\/media?parent=10108"}],"curies":[{"name":"wp","href":"https:\/\/api.w.org\/{rel}","templated":true}]}}