{"id":10099,"date":"2025-01-19T17:23:41","date_gmt":"2025-01-19T16:23:41","guid":{"rendered":"https:\/\/nekotsuki-studio.com\/Blog\/?page_id=10099"},"modified":"2025-02-02T20:44:46","modified_gmt":"2025-02-02T19:44:46","slug":"le-studio-nekotsuki","status":"publish","type":"page","link":"https:\/\/nekotsuki-studio.com\/Blog\/le-studio-nekotsuki\/","title":{"rendered":"Le Studio NEKOTSUKI"},"content":{"rendered":"<p style=\"text-align: justify; font-size: large;\"><a href=\"https:\/\/nekotsuki-studio.com\/Blog\/wp-content\/uploads\/2025\/01\/NekoTsuki-Presentation.png\"><img loading=\"lazy\" decoding=\"async\" class=\"aligncenter wp-image-10096 size-full\" src=\"https:\/\/nekotsuki-studio.com\/Blog\/wp-content\/uploads\/2025\/01\/NekoTsuki-Presentation.png\" alt=\"\" width=\"990\" height=\"280\" srcset=\"https:\/\/nekotsuki-studio.com\/Blog\/wp-content\/uploads\/2025\/01\/NekoTsuki-Presentation.png 990w, https:\/\/nekotsuki-studio.com\/Blog\/wp-content\/uploads\/2025\/01\/NekoTsuki-Presentation-300x85.png 300w, https:\/\/nekotsuki-studio.com\/Blog\/wp-content\/uploads\/2025\/01\/NekoTsuki-Presentation-768x217.png 768w\" sizes=\"auto, (max-width: 990px) 100vw, 990px\" \/><\/a><\/p>\n<p style=\"text-align: justify; font-size: medium;\"><span style=\"color: #ffffff;\">Le Studio NekoTsuki est une association d\u2019artistes se regroupant autour de divers projets, r\u00e9alis\u00e9s sur leur temps libre, en dehors de leurs carri\u00e8res professionnelles : Animation, illustration, auto-\u00e9dition de livre, fabrication de Goodies, etc. Dans ce cadre, nous participons \u00e0 divers salons et conventions tous les ans.<\/span><\/p>\n<table width=\"100%\" cellspacing=\"0\" cellpadding=\"4\">\n<tbody>\n<tr valign=\"top\">\n<td style=\"text-align: center;\" width=\"50%\"><strong><a href=\"https:\/\/nekotsuki-studio.com\/Blog\/liste-des-projets-et-activites-diverses\/\"><img loading=\"lazy\" decoding=\"async\" class=\"aligncenter wp-image-10137\" src=\"https:\/\/nekotsuki-studio.com\/Blog\/wp-content\/uploads\/2025\/01\/Page-Presentation-Liste-projets.png\" alt=\"\" width=\"225\" height=\"325\" srcset=\"https:\/\/nekotsuki-studio.com\/Blog\/wp-content\/uploads\/2025\/01\/Page-Presentation-Liste-projets.png 450w, https:\/\/nekotsuki-studio.com\/Blog\/wp-content\/uploads\/2025\/01\/Page-Presentation-Liste-projets-208x300.png 208w\" sizes=\"auto, (max-width: 225px) 100vw, 225px\" \/><\/a><span style=\"color: #99ccff;\"><a style=\"color: #99ccff;\" href=\"https:\/\/nekotsuki-studio.com\/Blog\/liste-des-projets-et-activites-diverses\/\">Liste des Projets [\u21b5]<\/a><\/span><\/strong><\/td>\n<td style=\"text-align: center;\" width=\"50%\"><strong><span style=\"color: #99ccff;\"><a style=\"color: #99ccff;\" href=\"https:\/\/nekotsuki-studio.com\/Blog\/liste-des-membres\/\">Liste des membres de l&rsquo;association [\u21b5]<\/a><\/span><\/strong><\/td>\n<\/tr>\n<\/tbody>\n<\/table>\n<p style=\"text-align: justify; font-size: medium;\"><span style=\"color: #ffffff;\">Mais nos activit\u00e9s ne se limitent pas \u00e0 cela.<\/span><\/p>\n<p style=\"text-align: justify; font-size: medium;\"><span style=\"color: #ffffff;\">Attach\u00e9 \u00e0 la reconnaissance de la r\u00e9elle valeur des artistes dans la soci\u00e9t\u00e9 moderne, nous discutons de divers sujets entourant principalement le monde le l\u2019animation et de la Culture Geek sur notre Forum personnel : <\/span><strong><span style=\"color: #99ccff;\"><a style=\"color: #99ccff;\" href=\"https:\/\/nekotsuki-studio.com\/Blog\/forum\/\">L\u2019Anime Agora [\u21b5]<\/a><\/span><\/strong><span style=\"color: #ffffff;\">.<\/span><\/p>\n<p style=\"text-align: justify; font-size: medium;\"><span style=\"color: #ffffff;\">Nous nous int\u00e9ressons aussi en partie \u00e0 l\u2019aspect financier de l\u2019art de l\u2019image via les sujets abord\u00e9s sur le Forum, mais aussi <\/span><strong><span style=\"color: #99ccff;\"><a style=\"color: #99ccff;\" href=\"https:\/\/nekotsuki-studio.com\/Blog\/box-office-accueil\/\">la rubrique Box Office Animation \/ VFX [\u21b5]<\/a><\/span><\/strong><span style=\"color: #ffffff;\"> (activit\u00e9 mise \u00e0 l&rsquo;arr\u00eat fin 2024, par manque de temps et de moyens).<\/span><\/p>\n<p style=\"text-align: justify; font-size: medium;\"><span style=\"color: #ffffff;\">Et pour rester dans le domaine de l\u2019illustration, nous organisons aussi p\u00e9riodiquement des <\/span><strong><span style=\"color: #99ccff;\"><a style=\"color: #99ccff;\" href=\"https:\/\/nekotsuki-studio.com\/Blog\/concours-de-dessin-hall-of-fame\/\">Concours de Dessin [\u21b5]<\/a><\/span><\/strong><span style=\"color: #ffffff;\"> (gratuits).<\/span><\/p>\n","protected":false},"excerpt":{"rendered":"<p>Le Studio NekoTsuki est une association d\u2019artistes se regroupant autour de divers projets, r\u00e9alis\u00e9s sur leur temps libre, en dehors de leurs carri\u00e8res professionnelles : Animation, illustration, auto-\u00e9dition de livre, fabrication de Goodies, etc. Dans ce cadre, nous participons \u00e0 &hellip; <a href=\"https:\/\/nekotsuki-studio.com\/Blog\/le-studio-nekotsuki\/\">Continued<\/a><\/p>\n","protected":false},"author":1,"featured_media":0,"parent":0,"menu_order":0,"comment_status":"closed","ping_status":"closed","template":"","meta":{"footnotes":""},"class_list":["post-10099","page","type-page","status-publish","hentry"],"jetpack_sharing_enabled":true,"_links":{"self":[{"href":"https:\/\/nekotsuki-studio.com\/Blog\/wp-json\/wp\/v2\/pages\/10099","targetHints":{"allow":["GET"]}}],"collection":[{"href":"https:\/\/nekotsuki-studio.com\/Blog\/wp-json\/wp\/v2\/pages"}],"about":[{"href":"https:\/\/nekotsuki-studio.com\/Blog\/wp-json\/wp\/v2\/types\/page"}],"author":[{"embeddable":true,"href":"https:\/\/nekotsuki-studio.com\/Blog\/wp-json\/wp\/v2\/users\/1"}],"replies":[{"embeddable":true,"href":"https:\/\/nekotsuki-studio.com\/Blog\/wp-json\/wp\/v2\/comments?post=10099"}],"version-history":[{"count":17,"href":"https:\/\/nekotsuki-studio.com\/Blog\/wp-json\/wp\/v2\/pages\/10099\/revisions"}],"predecessor-version":[{"id":10169,"href":"https:\/\/nekotsuki-studio.com\/Blog\/wp-json\/wp\/v2\/pages\/10099\/revisions\/10169"}],"wp:attachment":[{"href":"https:\/\/nekotsuki-studio.com\/Blog\/wp-json\/wp\/v2\/media?parent=10099"}],"curies":[{"name":"wp","href":"https:\/\/api.w.org\/{rel}","templated":true}]}}